{"id":38961,"date":"2025-11-25T09:44:02","date_gmt":"2025-11-25T01:44:02","guid":{"rendered":"https:\/\/ulpmat.com\/product\/alliage-de-molybdene-et-de-lanthane\/"},"modified":"2025-11-25T09:44:02","modified_gmt":"2025-11-25T01:44:02","slug":"alliage-de-molybdene-et-de-lanthane","status":"publish","type":"product","link":"https:\/\/ulpmat.com\/fr\/produit\/alliage-de-molybdene-et-de-lanthane\/","title":{"rendered":"Alliage de molybd\u00e8ne et de lanthane"},"content":{"rendered":"<h2><span style=\"font-size: 14pt;\">Aper\u00e7u des feuilles en alliage de molybd\u00e8ne et de lanthane<\/span><\/h2>\n<p>Les feuilles en alliage<br \/>\n<span style=\"color: #0000ff;\"><a style=\"color: #0000ff;\" href=\"https:\/\/ulpmat.com\/fr\/recherche\/?type=name&#038;keyword=Molybdenum+Lanthanum\">de molybd\u00e8ne et de lanthane<\/a><\/span><br \/>\nsont des mat\u00e9riaux m\u00e9talliques haute performance qui combinent le point de fusion \u00e9lev\u00e9 du molybd\u00e8ne avec la r\u00e9sistance \u00e0 la corrosion et la stabilit\u00e9 \u00e0 haute temp\u00e9rature du lanthane. Leur microstructure dense et uniforme et leurs excellentes propri\u00e9t\u00e9s m\u00e9caniques leur permettent d&rsquo;offrir des performances exceptionnelles dans des environnements difficiles. Elles sont largement utilis\u00e9es dans l&rsquo;a\u00e9rospatiale, les composants r\u00e9sistants \u00e0 la corrosion \u00e0 haute temp\u00e9rature, les substrats d&rsquo;appareils \u00e9lectroniques et les \u00e9quipements de recherche scientifique, offrant des solutions mat\u00e9rielles fiables et performantes pour l&rsquo;industrie et la recherche scientifique.<\/p>\n<p>Nous proposons des t\u00f4les en alliage MoLa de diff\u00e9rentes \u00e9paisseurs, largeurs et longueurs, et prenons en charge les ratios d&rsquo;alliage et les traitements de surface personnalis\u00e9s. Pour les \u00e9chantillons et les devis, notre \u00e9quipe professionnelle vous fournira une assistance technique compl\u00e8te pour votre projet. <span style=\"color: #0000ff;\"><a style=\"color: #0000ff;\" href=\"https:\/\/ulpmat.com\/fr\/contactez-nous\/\">Contactez-nous.<\/a><\/span><\/p>\n<h2><span style=\"font-size: 14pt;\">Points forts du produit<\/span><\/h2>\n<p>Haute puret\u00e9<br \/>\nExcellente r\u00e9sistance m\u00e9canique et r\u00e9sistance aux temp\u00e9ratures \u00e9lev\u00e9es<br \/>\nExcellente r\u00e9sistance \u00e0 la corrosion et \u00e0 l&rsquo;oxydation<br \/>\nComposition uniforme de l&rsquo;alliage \u00c9paisseur et dimensions<br \/>\n<span style=\"color: #0000ff;\"><a style=\"color: #0000ff;\" href=\"https:\/\/ulpmat.com\/fr\/service\/personnalisation\/\">personnalisables<\/a><\/span><\/p>\n<p>Surface lisse, facile \u00e0 <\/p>\n<h2><span style=\"font-size: 14pt;\">traiter<br \/>\nApplications des t\u00f4les en alliage de molybd\u00e8ne-lanthane<\/span><\/h2>\n<p>Composants a\u00e9rospatiaux : utilis\u00e9s dans la fabrication de pi\u00e8ces r\u00e9sistantes aux temp\u00e9ratures \u00e9lev\u00e9es et \u00e0 la corrosion.<br \/>\n\u00c9quipements scientifiques \u00e0 haute temp\u00e9rature : utilis\u00e9s comme substrat pour les dispositifs exp\u00e9rimentaux afin d&rsquo;am\u00e9liorer leur durabilit\u00e9.<br \/>\nSubstrats pour appareils \u00e9lectroniques : utilis\u00e9s comme mat\u00e9riau de support pour les appareils \u00e9lectroniques haute performance.<br \/>\nMoules industriels et composants structurels : am\u00e9liore la r\u00e9sistance \u00e0 l&rsquo;usure et \u00e0 la corrosion, prolongeant ainsi la dur\u00e9e de vie.<\/p>\n<h2><span style=\"color: #0000ff;\"><a style=\"color: #0000ff;\" href=\"https:\/\/ulpmat.com\/fr\/societe\/faq\/\"><span style=\"font-size: 14pt;\">FAQ<\/span><\/a><\/span><\/h2>\n<p>Q1 : Quelles sont les options d&#8217;emballage pour les feuilles en alliage MoLa ?<br \/>\nA1 : Des caisses en bois et des emballages sous vide sont disponibles pour garantir un transport et un stockage en toute s\u00e9curit\u00e9.<\/p>\n<p>Q2 : Les feuilles peuvent-elles \u00eatre transform\u00e9es ou personnalis\u00e9es ?<br \/>\nR2 : Oui, nous proposons des services de d\u00e9coupe, de poin\u00e7onnage, de pliage et de traitement de surface afin de r\u00e9pondre \u00e0 divers besoins industriels et de recherche.<\/p>\n<p>Q3 : Quelles pr\u00e9cautions faut-il prendre lors du stockage des feuilles en alliage MoLa ?<br \/>\nR3 : Stockez-les dans un environnement sec, ventil\u00e9 et sombre, en \u00e9vitant tout contact avec des temp\u00e9ratures \u00e9lev\u00e9es, l&rsquo;humidit\u00e9 et les gaz corrosifs.<\/p>\n<p>Q4 : Comment la puret\u00e9 et les performances du produit sont-elles garanties ?<br \/>\nA4 : Chaque lot de feuilles est soumis \u00e0 des tests rigoureux afin de garantir une puret\u00e9 \u00e9lev\u00e9e, une composition uniforme et d&rsquo;excellentes propri\u00e9t\u00e9s m\u00e9caniques. Un rapport de test complet est fourni.<\/p>\n<h2><span style=\"font-size: 14pt;\">Rapports<\/span><\/h2>\n<p>Chaque lot est accompagn\u00e9 des documents suivants :<br \/>\n<span style=\"color: #0000ff;\"><a style=\"color: #0000ff;\" href=\"https:\/\/ulpmat.com\/fr\/documents\/certificat-danalyse\/\">Certificat d&rsquo;analyse (COA)<\/a><\/span><\/p>\n<p><span style=\"color: #0000ff;\"><a style=\"color: #0000ff;\" href=\"https:\/\/ulpmat.com\/fr\/documents\/fiche-technique\/\">Fiche technique (TDS)<\/a><\/span><\/p>\n<p><span style=\"color: #0000ff;\"><a style=\"color: #0000ff;\" href=\"https:\/\/ulpmat.com\/fr\/documents\/fiche-de-donnees-de-securite\/\">Fiche de donn\u00e9es de s\u00e9curit\u00e9 (MSDS)<\/a><\/span><br \/>\nDes rapports de tests effectu\u00e9s par des tiers sont disponibles sur demande.<\/p>\n<h2><span style=\"font-size: 14pt;\">Pourquoi nous choisir ?<\/span><\/h2>\n<p>Une expertise \u00e9prouv\u00e9e : des ann\u00e9es d&rsquo;exp\u00e9rience dans la R&amp;D et la production de feuilles en alliage Mo-La ; une technologie mature et fiable.<br \/>\nUn contr\u00f4le qualit\u00e9 strict : haute puret\u00e9, composition uniforme ; chaque lot de produits est soumis \u00e0 des tests rigoureux.<br \/>\nDe solides capacit\u00e9s <span style=\"color: #0000ff;\"><a style=\"color: #0000ff;\" href=\"https:\/\/ulpmat.com\/fr\/service\/personnalisation\/\">de personnalisation<\/a><\/span><br \/>\n: prise en charge de la personnalisation de l&rsquo;\u00e9paisseur, de la taille, du traitement de surface et des proportions d&rsquo;alliage.<br \/>\nUne assistance technique compl\u00e8te : fourniture de services professionnels tout au long du processus, de la s\u00e9lection des \u00e9chantillons aux solutions de traitement et d&rsquo;application.<br \/>\nChoisissez-nous pour des t\u00f4les en alliage Mo-La haute performance et <span style=\"color: #0000ff;\"><a style=\"color: #0000ff;\" href=\"https:\/\/ulpmat.com\/fr\/service\/support-technique\/\">une assistance technique<\/a><\/span><br \/>\ncompl\u00e8te pour vos projets de recherche et industriels.<\/p>\n","protected":false},"excerpt":{"rendered":"<p>Aper\u00e7u des feuilles en alliage de molybd\u00e8ne et de lanthane Les feuilles en alliage de molybd\u00e8ne et de lanthane sont des mat\u00e9riaux m\u00e9talliques haute performance qui combinent le point de fusion \u00e9lev\u00e9 du molybd\u00e8ne avec la r\u00e9sistance \u00e0 la corrosion et la stabilit\u00e9 \u00e0 haute temp\u00e9rature du lanthane. Leur microstructure dense et uniforme et leurs [&hellip;]<\/p>\n","protected":false},"featured_media":38962,"template":"","meta":{"_acf_changed":false},"product_brand":[132],"product_cat":[394],"product_tag":[4610],"class_list":{"0":"post-38961","1":"product","2":"type-product","3":"status-publish","4":"has-post-thumbnail","6":"product_brand-ulpmat","7":"product_cat-autres-materiaux","8":"product_tag-alliage-de-molybdene-et-de-lanthane","10":"first","11":"instock","12":"shipping-taxable","13":"product-type-variable"},"acf":[],"_links":{"self":[{"href":"https:\/\/ulpmat.com\/fr\/wp-json\/wp\/v2\/product\/38961","targetHints":{"allow":["GET"]}}],"collection":[{"href":"https:\/\/ulpmat.com\/fr\/wp-json\/wp\/v2\/product"}],"about":[{"href":"https:\/\/ulpmat.com\/fr\/wp-json\/wp\/v2\/types\/product"}],"wp:featuredmedia":[{"embeddable":true,"href":"https:\/\/ulpmat.com\/fr\/wp-json\/wp\/v2\/media\/38962"}],"wp:attachment":[{"href":"https:\/\/ulpmat.com\/fr\/wp-json\/wp\/v2\/media?parent=38961"}],"wp:term":[{"taxonomy":"product_brand","embeddable":true,"href":"https:\/\/ulpmat.com\/fr\/wp-json\/wp\/v2\/product_brand?post=38961"},{"taxonomy":"product_cat","embeddable":true,"href":"https:\/\/ulpmat.com\/fr\/wp-json\/wp\/v2\/product_cat?post=38961"},{"taxonomy":"product_tag","embeddable":true,"href":"https:\/\/ulpmat.com\/fr\/wp-json\/wp\/v2\/product_tag?post=38961"}],"curies":[{"name":"wp","href":"https:\/\/api.w.org\/{rel}","templated":true}]}}