{"id":38317,"date":"2025-11-26T17:01:02","date_gmt":"2025-11-26T09:01:02","guid":{"rendered":"https:\/\/ulpmat.com\/product\/niobium-metal-3\/"},"modified":"2025-11-26T17:01:02","modified_gmt":"2025-11-26T09:01:02","slug":"niobium-metal-3","status":"publish","type":"product","link":"https:\/\/ulpmat.com\/fr\/produit\/niobium-metal-3\/","title":{"rendered":"Niobium m\u00e9tal"},"content":{"rendered":"<h2><span style=\"font-size: 14pt;\">Feuille m\u00e9tallique de niobium Pr\u00e9sentation<\/span><\/h2>\n<p>La feuille<br \/>\n<span style=\"color: #0000ff;\"><a style=\"color: #0000ff;\" href=\"https:\/\/ulpmat.com\/fr\/recherche\/?type=name&#038;keyword=Niobium+metal\">m\u00e9tallique de niobium<\/a><\/span><br \/>\nest un mat\u00e9riau m\u00e9tallique fin, hautement flexible et d&rsquo;une grande puret\u00e9, qui pr\u00e9sente une excellente r\u00e9sistance aux temp\u00e9ratures \u00e9lev\u00e9es et \u00e0 la corrosion. Elle est largement utilis\u00e9e dans les composants \u00e9lectroniques, les \u00e9quipements chimiques, les mat\u00e9riaux d&rsquo;\u00e9tanch\u00e9it\u00e9 \u00e0 haute temp\u00e9rature et les dispositifs a\u00e9rospatiaux.<\/p>\n<p>Nous proposons des feuilles de niobium de diff\u00e9rentes sp\u00e9cifications, d&rsquo;\u00e9paisseur uniforme et \u00e0 surface lisse. Des dimensions et des \u00e9paisseurs personnalis\u00e9es peuvent \u00eatre fournies pour r\u00e9pondre aux besoins des clients.<span style=\"color: #0000ff;\"><a style=\"color: #0000ff;\" href=\"https:\/\/ulpmat.com\/fr\/contactez-nous\/\"> Contactez-nous.<\/a><\/span><\/p>\n<h2><span style=\"font-size: 14pt;\">Points forts du produit<\/span><\/h2>\n<p>Niobium de haute puret\u00e9 (99,9 %)<br \/>\n\u00c9paisseur uniforme et surface lisse<br \/>\nExcellente r\u00e9sistance aux temp\u00e9ratures \u00e9lev\u00e9es<br \/>\nExcellente r\u00e9sistance \u00e0 la corrosion<br \/>\nBonne flexibilit\u00e9 et ductilit\u00e9<br \/>\nLongueur et largeur personnalisables<br \/>\nConvient aux applications industrielles et de recherche<\/p>\n<h2><span style=\"font-size: 14pt;\">Applications de la feuille m\u00e9tallique de niobium<\/span><\/h2>\n<p>Composants \u00e9lectroniques : utilis\u00e9e dans la fabrication de condensateurs, d&rsquo;\u00e9lectrodes et d&rsquo;autres dispositifs \u00e9lectroniques de pr\u00e9cision pour garantir une conductivit\u00e9 stable.<br \/>\n\u00c9quipements chimiques : utilis\u00e9 pour les conteneurs r\u00e9sistants \u00e0 la corrosion, les rev\u00eatements de tuyaux et les r\u00e9acteurs afin de prolonger la dur\u00e9e de vie des \u00e9quipements.<br \/>\nMat\u00e9riaux d&rsquo;\u00e9tanch\u00e9it\u00e9 \u00e0 haute temp\u00e9rature : utilis\u00e9 comme joint et mat\u00e9riau de protection pour une utilisation \u00e0 long terme dans des environnements \u00e0 haute temp\u00e9rature.<br \/>\nDispositifs a\u00e9rospatiaux : utilis\u00e9 dans les composants a\u00e9rospatiaux pour am\u00e9liorer la fiabilit\u00e9 et la stabilit\u00e9 dans les environnements \u00e0 haute temp\u00e9rature.<\/p>\n<h2><span style=\"color: #0000ff;\"><a style=\"color: #0000ff;\" href=\"https:\/\/ulpmat.com\/fr\/societe\/faq\/\"><span style=\"font-size: 14pt;\">FAQ<\/span><\/a><\/span><\/h2>\n<p>Q1 : Quelles sont les m\u00e9thodes d&#8217;emballage pour la feuille de niobium ?<br \/>\nR1 : Nous proposons un emballage en rouleau \u00e9tanche \u00e0 l&rsquo;humidit\u00e9, un emballage sous vide ou un emballage en carton rigide afin de garantir que le produit ne soit pas contamin\u00e9 ou oxyd\u00e9 pendant le transport et le stockage.<\/p>\n<p>Q2 : Quelles sont les options de traitement disponibles pour la feuille de niobium ?<br \/>\nR2 : Elle peut \u00eatre coup\u00e9e, estampill\u00e9e, soud\u00e9e et pli\u00e9e pour r\u00e9pondre aux besoins de diverses applications industrielles ou de recherche scientifique.<\/p>\n<p>Q3 : Quelles sont les conditions de stockage de la feuille de niobium ?<br \/>\nR3 : Veuillez la stocker dans un environnement sec, frais et bien ventil\u00e9, en \u00e9vitant l&rsquo;humidit\u00e9 et les temp\u00e9ratures \u00e9lev\u00e9es. Pour un stockage \u00e0 long terme, nous recommandons d&rsquo;utiliser un emballage anti-oxydation.<\/p>\n<p>Q4 : Quelle est la puret\u00e9 et quels sont les avantages de la feuille de niobium ?<br \/>\nR4 : Notre feuille de niobium pr\u00e9sente une puret\u00e9 pouvant atteindre 99,9 %, une \u00e9paisseur uniforme, une bonne flexibilit\u00e9, une r\u00e9sistance \u00e0 la corrosion et une r\u00e9sistance aux temp\u00e9ratures \u00e9lev\u00e9es, ce qui la rend adapt\u00e9e \u00e0 la recherche scientifique et aux applications industrielles haut de gamme.<\/p>\n<h2><span style=\"font-size: 14pt;\">Rapports<\/span><\/h2>\n<p>Chaque lot est accompagn\u00e9 des documents<br \/>\n<span style=\"color: #0000ff;\"><a style=\"color: #0000ff;\" href=\"https:\/\/ulpmat.com\/fr\/documents\/certificat-danalyse\/\"><\/a><\/span><br \/>\nsuivants :<br \/>\n<span style=\"color: #0000ff;\"><a style=\"color: #0000ff;\" href=\"https:\/\/ulpmat.com\/fr\/documents\/certificat-danalyse\/\">Certificat d&rsquo;analyse (COA)<\/a><\/span><\/p>\n<p><span style=\"color: #0000ff;\"><a style=\"color: #0000ff;\" href=\"https:\/\/ulpmat.com\/fr\/documents\/fiche-technique\/\">Fiche technique (TDS)<\/a><\/span><\/p>\n<p><span style=\"color: #0000ff;\"><a style=\"color: #0000ff;\" href=\"https:\/\/ulpmat.com\/fr\/documents\/fiche-de-donnees-de-securite\/\">Fiche de donn\u00e9es de s\u00e9curit\u00e9 (MSDS)<\/a><\/span><br \/>\nDes rapports d&rsquo;essais effectu\u00e9s par des tiers sont disponibles sur demande.<\/p>\n<h2><span style=\"font-size: 14pt;\">Pourquoi nous choisir ?<\/span><\/h2>\n<p>Mat\u00e9riau en niobium de haute puret\u00e9, qualit\u00e9 fiable et tra\u00e7able.<br \/>\n<span style=\"color: #0000ff;\"><a style=\"color: #0000ff;\" href=\"https:\/\/ulpmat.com\/fr\/service\/personnalisation\/\">Personnalisation<\/a><\/span><br \/>\nde l&rsquo;\u00e9paisseur, de la taille et de l&#8217;emballage disponible.<br \/>\nRapports d&rsquo;essai complets et certificats de conformit\u00e9 fournis.<br \/>\nR\u00e9ponse rapide aux besoins des clients, prise en charge des commandes en petites et grandes quantit\u00e9s.<br \/>\nUne \u00e9quipe <span style=\"color: #0000ff;\"><a style=\"color: #0000ff;\" href=\"https:\/\/ulpmat.com\/fr\/service\/support-technique\/\">technique<\/a><\/span><br \/>\nprofessionnelle fournit des conseils en mati\u00e8re de traitement et d&rsquo;application. Des ann\u00e9es d&rsquo;exp\u00e9rience dans l&rsquo;exportation garantissent un transport s\u00fbr et fiable.<\/p>\n","protected":false},"excerpt":{"rendered":"<p>Feuille m\u00e9tallique de niobium Pr\u00e9sentation La feuille m\u00e9tallique de niobium est un mat\u00e9riau m\u00e9tallique fin, hautement flexible et d&rsquo;une grande puret\u00e9, qui pr\u00e9sente une excellente r\u00e9sistance aux temp\u00e9ratures \u00e9lev\u00e9es et \u00e0 la corrosion. Elle est largement utilis\u00e9e dans les composants \u00e9lectroniques, les \u00e9quipements chimiques, les mat\u00e9riaux d&rsquo;\u00e9tanch\u00e9it\u00e9 \u00e0 haute temp\u00e9rature et les dispositifs a\u00e9rospatiaux. Nous [&hellip;]<\/p>\n","protected":false},"featured_media":38318,"template":"","meta":{"_acf_changed":false},"product_brand":[132],"product_cat":[394],"product_tag":[4480],"class_list":{"0":"post-38317","1":"product","2":"type-product","3":"status-publish","4":"has-post-thumbnail","6":"product_brand-ulpmat","7":"product_cat-autres-materiaux","8":"product_tag-feuille-de-metal-de-niobium","10":"first","11":"instock","12":"shipping-taxable","13":"product-type-variable"},"acf":[],"_links":{"self":[{"href":"https:\/\/ulpmat.com\/fr\/wp-json\/wp\/v2\/product\/38317","targetHints":{"allow":["GET"]}}],"collection":[{"href":"https:\/\/ulpmat.com\/fr\/wp-json\/wp\/v2\/product"}],"about":[{"href":"https:\/\/ulpmat.com\/fr\/wp-json\/wp\/v2\/types\/product"}],"wp:featuredmedia":[{"embeddable":true,"href":"https:\/\/ulpmat.com\/fr\/wp-json\/wp\/v2\/media\/38318"}],"wp:attachment":[{"href":"https:\/\/ulpmat.com\/fr\/wp-json\/wp\/v2\/media?parent=38317"}],"wp:term":[{"taxonomy":"product_brand","embeddable":true,"href":"https:\/\/ulpmat.com\/fr\/wp-json\/wp\/v2\/product_brand?post=38317"},{"taxonomy":"product_cat","embeddable":true,"href":"https:\/\/ulpmat.com\/fr\/wp-json\/wp\/v2\/product_cat?post=38317"},{"taxonomy":"product_tag","embeddable":true,"href":"https:\/\/ulpmat.com\/fr\/wp-json\/wp\/v2\/product_tag?post=38317"}],"curies":[{"name":"wp","href":"https:\/\/api.w.org\/{rel}","templated":true}]}}