{"id":38131,"date":"2025-11-26T17:01:05","date_gmt":"2025-11-26T09:01:05","guid":{"rendered":"https:\/\/ulpmat.com\/product\/pentoxyde-de-niobium-4\/"},"modified":"2025-11-26T17:01:05","modified_gmt":"2025-11-26T09:01:05","slug":"pentoxyde-de-niobium-4","status":"publish","type":"product","link":"https:\/\/ulpmat.com\/fr\/produit\/pentoxyde-de-niobium-4\/","title":{"rendered":"Pentoxyde de Niobium"},"content":{"rendered":"<h2><span style=\"font-size: 14pt;\">Pr\u00e9sentation des pastilles de pentoxyde de niobium<\/span><\/h2>\n<p><span style=\"color: #0000ff;\"><a style=\"color: #0000ff;\" href=\"https:\/\/ulpmat.com\/fr\/recherche\/?type=name&#038;keyword=Niobium+pentoxide\">Le pentoxyde de niobium<\/a><\/span><br \/>\nest un mat\u00e9riau \u00e0 base d&rsquo;oxyde de niobium de haute puret\u00e9, homog\u00e8ne et dense, qui pr\u00e9sente une excellente stabilit\u00e9 chimique et une grande r\u00e9sistance aux temp\u00e9ratures \u00e9lev\u00e9es. Il est largement utilis\u00e9 dans les mat\u00e9riaux c\u00e9ramiques, la fabrication de condensateurs, les rev\u00eatements optiques et les catalyseurs.<\/p>\n<p>Nous proposons du pentoxyde de niobium de haute puret\u00e9, avec une taille de particules uniforme et une bonne fluidit\u00e9. La taille des particules et l&#8217;emballage peuvent \u00eatre personnalis\u00e9s pour r\u00e9pondre aux besoins des clients, ce qui convient \u00e0 la recherche scientifique et \u00e0 la production industrielle. Veuillez<span style=\"color: #0000ff;\"><a style=\"color: #0000ff;\" href=\"https:\/\/ulpmat.com\/fr\/contactez-nous\/\"> contacter<\/a><\/span><br \/>\nnotre \u00e9quipe commerciale pour obtenir des conseils professionnels et une r\u00e9ponse rapide.<\/p>\n<h2><span style=\"font-size: 14pt;\">Points forts du produit<\/span><\/h2>\n<p>Haute puret\u00e9 (99,99 %)<br \/>\nTaille des particules uniforme et bonne fluidit\u00e9<br \/>\nExcellente stabilit\u00e9 chimique<br \/>\nForte stabilit\u00e9 \u00e0 haute temp\u00e9rature<br \/>\nFacile \u00e0 traiter et \u00e0 m\u00e9langer<br \/>\nTaille des particules et sp\u00e9cifications d&#8217;emballage personnalisables<br \/>\nConvient \u00e0 la recherche scientifique et \u00e0 la production industrielle<\/p>\n<h2><span style=\"font-size: 14pt;\">Applications des <\/span><span style=\"font-size: 14pt;\">pastilles <\/span><span style=\"font-size: 14pt;\">de pentoxyde de niobium<\/span><\/h2>\n<p>Mat\u00e9riaux c\u00e9ramiques : utilis\u00e9 dans la pr\u00e9paration de c\u00e9ramiques haute performance, am\u00e9liorant la r\u00e9sistance m\u00e9canique et la r\u00e9sistance \u00e0 la chaleur.<\/p>\n<p>Fabrication de condensateurs : en tant que mati\u00e8re premi\u00e8re essentielle pour les condensateurs au tantale et au niobium, am\u00e9liore les performances \u00e9lectriques. Rev\u00eatements<\/p>\n<p><span style=\"color: #0000ff;\"><a style=\"color: #0000ff;\" href=\"https:\/\/ulpmat.com\/fr\/candidature\/materiaux-optiques\/\">optiques<\/a><\/span><br \/>\n: utilis\u00e9s pour les rev\u00eatements de films minces et de dispositifs optiques, am\u00e9liorent la transmittance optique et la durabilit\u00e9.<\/p>\n<p>Catalyseurs : utilis\u00e9s dans les catalyseurs de r\u00e9actions chimiques, am\u00e9liorent l&rsquo;efficacit\u00e9 et la s\u00e9lectivit\u00e9 catalytiques.<\/p>\n<h2><span style=\"color: #0000ff;\"><a style=\"color: #0000ff;\" href=\"https:\/\/ulpmat.com\/fr\/societe\/faq\/\"><span style=\"font-size: 14pt;\">FAQ<\/span><\/a><\/span><\/h2>\n<p>Q1 : Quelles sont les options d&#8217;emballage pour les pastilles de Nb2O5 ?<\/p>\n<p>R1 : Nous proposons des sacs scell\u00e9s \u00e9tanches \u00e0 l&rsquo;humidit\u00e9, des f\u00fbts ou des emballages sous vide, qui peuvent \u00eatre personnalis\u00e9s pour r\u00e9pondre aux besoins des clients, garantissant la stabilit\u00e9 des granul\u00e9s pendant le transport et le stockage.<\/p>\n<p>Q2 : Quelles m\u00e9thodes de traitement les granul\u00e9s de Nb2O5 peuvent-ils subir ?<\/p>\n<p>R2 : Ils peuvent \u00eatre utilis\u00e9s dans des processus tels que le frittage de c\u00e9ramiques, la pr\u00e9paration de rev\u00eatements, le m\u00e9lange de poudres et la pr\u00e9paration de supports de catalyseurs.<\/p>\n<p>Q3 : Quelles sont les conditions de stockage des granul\u00e9s de Nb2O5 ?<\/p>\n<p>R3 : Veuillez les stocker dans un environnement sec, frais et bien ventil\u00e9, en \u00e9vitant l&rsquo;humidit\u00e9, les temp\u00e9ratures \u00e9lev\u00e9es ou la contamination chimique. Pour un stockage \u00e0 long terme, il est recommand\u00e9 de les sceller et de les prot\u00e9ger contre l&rsquo;humidit\u00e9.<\/p>\n<p>Q4 : Quelle est la puret\u00e9 et quels sont les avantages des granul\u00e9s de Nb2O5 ?<\/p>\n<p>R4 : Nos pastilles de Nb\u2082O\u2085 ont une puret\u00e9 de 99,99 %, une taille de particules uniforme et une grande stabilit\u00e9 chimique, ce qui les rend adapt\u00e9es aux applications de c\u00e9ramiques, de condensateurs et de mat\u00e9riaux optiques haute performance.<\/p>\n<h2><span style=\"font-size: 14pt;\">Rapports<\/span><\/h2>\n<p>Chaque lot est accompagn\u00e9 des documents suivants :<br \/>\n<span style=\"color: #0000ff;\"><a style=\"color: #0000ff;\" href=\"https:\/\/ulpmat.com\/fr\/documents\/certificat-danalyse\/\">Certificat d&rsquo;analyse (COA)<\/a><\/span><\/p>\n<p><span style=\"color: #0000ff;\"><a style=\"color: #0000ff;\" href=\"https:\/\/ulpmat.com\/fr\/documents\/fiche-technique\/\">Fiche technique (TDS)<\/a><\/span><\/p>\n<p><span style=\"color: #0000ff;\"><a style=\"color: #0000ff;\" href=\"https:\/\/ulpmat.com\/fr\/documents\/fiche-de-donnees-de-securite\/\">Fiche de donn\u00e9es de s\u00e9curit\u00e9 (MSDS)<\/a><\/span><br \/>\nDes rapports d&rsquo;essais effectu\u00e9s par des tiers sont disponibles sur demande.<\/p>\n<h2><span style=\"font-size: 14pt;\">Pourquoi nous choisir ?<\/span><\/h2>\n<p>Granul\u00e9s de Nb\u2082O\u2085 de haute puret\u00e9, qualit\u00e9 fiable et tra\u00e7able<br \/>\nTaille des particules uniforme, bonne fluidit\u00e9, facile \u00e0 traiter et \u00e0 m\u00e9langer<br \/>\nEmballage, taille des particules et sp\u00e9cifications personnalisables<br \/>\nFourniture de rapports d&rsquo;essais complets et de certificats de conformit\u00e9<br \/>\nR\u00e9ponse rapide aux besoins des clients, prise en charge de la recherche en petits lots et de l&rsquo;approvisionnement industriel \u00e0 grande \u00e9chelle<br \/>\nUne \u00e9quipe <span style=\"color: #0000ff;\"><a style=\"color: #0000ff;\" href=\"https:\/\/ulpmat.com\/fr\/service\/support-technique\/\">technique<\/a><\/span><br \/>\nprofessionnelle fournit des conseils sur les applications et les processus<\/p>\n","protected":false},"excerpt":{"rendered":"<p>Pr\u00e9sentation des pastilles de pentoxyde de niobium Le pentoxyde de niobium est un mat\u00e9riau \u00e0 base d&rsquo;oxyde de niobium de haute puret\u00e9, homog\u00e8ne et dense, qui pr\u00e9sente une excellente stabilit\u00e9 chimique et une grande r\u00e9sistance aux temp\u00e9ratures \u00e9lev\u00e9es. Il est largement utilis\u00e9 dans les mat\u00e9riaux c\u00e9ramiques, la fabrication de condensateurs, les rev\u00eatements optiques et les [&hellip;]<\/p>\n","protected":false},"featured_media":38132,"template":"","meta":{"_acf_changed":false},"product_brand":[132],"product_cat":[296],"product_tag":[4450],"class_list":{"0":"post-38131","1":"product","2":"type-product","3":"status-publish","4":"has-post-thumbnail","6":"product_brand-ulpmat","7":"product_cat-materiaux-devaporation","8":"product_tag-pastilles-de-pentoxyde-de-niobium","10":"first","11":"instock","12":"shipping-taxable","13":"product-type-variable"},"acf":[],"_links":{"self":[{"href":"https:\/\/ulpmat.com\/fr\/wp-json\/wp\/v2\/product\/38131","targetHints":{"allow":["GET"]}}],"collection":[{"href":"https:\/\/ulpmat.com\/fr\/wp-json\/wp\/v2\/product"}],"about":[{"href":"https:\/\/ulpmat.com\/fr\/wp-json\/wp\/v2\/types\/product"}],"wp:featuredmedia":[{"embeddable":true,"href":"https:\/\/ulpmat.com\/fr\/wp-json\/wp\/v2\/media\/38132"}],"wp:attachment":[{"href":"https:\/\/ulpmat.com\/fr\/wp-json\/wp\/v2\/media?parent=38131"}],"wp:term":[{"taxonomy":"product_brand","embeddable":true,"href":"https:\/\/ulpmat.com\/fr\/wp-json\/wp\/v2\/product_brand?post=38131"},{"taxonomy":"product_cat","embeddable":true,"href":"https:\/\/ulpmat.com\/fr\/wp-json\/wp\/v2\/product_cat?post=38131"},{"taxonomy":"product_tag","embeddable":true,"href":"https:\/\/ulpmat.com\/fr\/wp-json\/wp\/v2\/product_tag?post=38131"}],"curies":[{"name":"wp","href":"https:\/\/api.w.org\/{rel}","templated":true}]}}