{"id":38095,"date":"2025-11-26T17:01:06","date_gmt":"2025-11-26T09:01:06","guid":{"rendered":"https:\/\/ulpmat.com\/product\/pentoxyde-de-niobium-3\/"},"modified":"2025-11-26T17:01:06","modified_gmt":"2025-11-26T09:01:06","slug":"pentoxyde-de-niobium-3","status":"publish","type":"product","link":"https:\/\/ulpmat.com\/fr\/produit\/pentoxyde-de-niobium-3\/","title":{"rendered":"Pentoxyde de Niobium"},"content":{"rendered":"<h2><span style=\"font-size: 14pt;\">Pr\u00e9sentation de la poudre de pentoxyde de niobium<\/span><\/h2>\n<p>La poudre<br \/>\n<span style=\"color: #0000ff;\"><a style=\"color: #0000ff;\" href=\"https:\/\/ulpmat.com\/fr\/recherche\/?type=name&#038;keyword=Niobium+pentoxide\">de pentoxyde de niobium<\/a><\/span><br \/>\nest une poudre fine blanche de haute puret\u00e9, dot\u00e9e d&rsquo;une forte stabilit\u00e9 chimique et d&rsquo;une r\u00e9sistance aux temp\u00e9ratures \u00e9lev\u00e9es, largement utilis\u00e9e dans la pr\u00e9paration de mat\u00e9riaux \u00e9lectroniques, optiques et c\u00e9ramiques.<\/p>\n<p>Nous proposons une poudre de Nb\u2082O\u2085 de haute puret\u00e9, avec une taille de particules uniforme et une bonne dispersibilit\u00e9. Les sp\u00e9cifications d&#8217;emballage et de taille des particules peuvent \u00eatre personnalis\u00e9es selon les besoins des clients. Convient \u00e0 la recherche et au d\u00e9veloppement ainsi qu&rsquo;aux applications industrielles. N&rsquo;h\u00e9sitez pas \u00e0 <span style=\"color: #0000ff;\"><a style=\"color: #0000ff;\" href=\"https:\/\/ulpmat.com\/fr\/contactez-nous\/\">nous contacter.<\/a><\/span><\/p>\n<h2><span style=\"font-size: 14pt;\">Points forts du produit<\/span><\/h2>\n<p>Haute puret\u00e9 (99,99 %)<br \/>\nTaille des particules uniforme et bonne dispersibilit\u00e9<br \/>\nExcellente stabilit\u00e9 chimique<br \/>\nForte r\u00e9sistance aux temp\u00e9ratures \u00e9lev\u00e9es<br \/>\nFacile \u00e0 m\u00e9langer et \u00e0 traiter<br \/>\nTaille des particules et emballage personnalisables<br \/>\nConvient \u00e0 la recherche et \u00e0 la production industrielle<\/p>\n<h2><span style=\"font-size: 14pt;\">Applications de la poudre de pentoxyde de niobium<\/span><\/h2>\n<p>C\u00e9ramiques \u00e9lectroniques : utilis\u00e9e dans les mat\u00e9riaux c\u00e9ramiques \u00e9lectroniques haute performance pour am\u00e9liorer les performances \u00e9lectriques et la stabilit\u00e9 thermique.<\/p>\n<p>Fabrication de condensateurs : en tant que mati\u00e8re premi\u00e8re essentielle pour les condensateurs au tantale et au niobium, elle garantit la stabilit\u00e9 et la fiabilit\u00e9 des condensateurs. Films<\/p>\n<p><span style=\"color: #0000ff;\"><a style=\"color: #0000ff;\" href=\"https:\/\/ulpmat.com\/fr\/candidature\/materiaux-optiques\/\">optiques<\/a><\/span><br \/>\nminces : utilis\u00e9e pour les rev\u00eatements de films minces dans les composants optiques afin d&rsquo;am\u00e9liorer la transmission de la lumi\u00e8re et l&rsquo;uniformit\u00e9 du film.<\/p>\n<p>Mat\u00e9riaux catalytiques : en tant que support catalytique ou composant actif pour am\u00e9liorer l&rsquo;efficacit\u00e9 des r\u00e9actions chimiques.<\/p>\n<h2><span style=\"color: #0000ff;\"><a style=\"color: #0000ff;\" href=\"https:\/\/ulpmat.com\/fr\/societe\/faq\/\"><span style=\"font-size: 14pt;\">FAQ<\/span><\/a><\/span><\/h2>\n<p>Q1 : Quelles sont les options d&#8217;emballage pour la poudre de Nb2O5 ?<\/p>\n<p>A1 : Nous proposons des sacs \u00e9tanches \u00e0 l&rsquo;humidit\u00e9, des sacs sous vide et des emballages en f\u00fbts. La personnalisation est disponible pour r\u00e9pondre aux besoins sp\u00e9cifiques des clients, garantissant la stabilit\u00e9 de la poudre pendant le transport et le stockage.<\/p>\n<p>Q2 : Quelles m\u00e9thodes de traitement la poudre de Nb2O5 peut-elle subir ?<\/p>\n<p>A2 : Elle peut \u00eatre utilis\u00e9e dans le frittage de c\u00e9ramiques, les rev\u00eatements en couches minces, le m\u00e9lange de poudres et la pr\u00e9paration de catalyseurs.<\/p>\n<p>Q3 : Quelles sont les conditions de stockage de la poudre de Nb2O5 ?<\/p>\n<p>A3 : Stockez-la dans un environnement sec, frais et bien ventil\u00e9, en \u00e9vitant l&rsquo;humidit\u00e9 et les temp\u00e9ratures \u00e9lev\u00e9es. Pour un stockage \u00e0 long terme, nous recommandons d&rsquo;utiliser un emballage \u00e9tanche \u00e0 l&rsquo;humidit\u00e9.<\/p>\n<p>Q4 : Quelle est la puret\u00e9 et quels sont les avantages de la poudre de Nb2O5 ?<\/p>\n<p>R4 : Notre poudre de Nb\u2082O\u2085 pr\u00e9sente une puret\u00e9 \u2265 99,9 %, une taille de particules uniforme et une forte stabilit\u00e9 chimique, ce qui la rend adapt\u00e9e aux applications de c\u00e9ramiques, condensateurs et mat\u00e9riaux optiques haute performance.<\/p>\n<h2><span style=\"font-size: 14pt;\">Rapports<\/span><\/h2>\n<p>Chaque lot est accompagn\u00e9 des documents<br \/>\n<span style=\"color: #0000ff;\"><a style=\"color: #0000ff;\" href=\"https:\/\/ulpmat.com\/fr\/documents\/certificat-danalyse\/\"><\/a><\/span><br \/>\nsuivants :<br \/>\n<span style=\"color: #0000ff;\"><a style=\"color: #0000ff;\" href=\"https:\/\/ulpmat.com\/fr\/documents\/certificat-danalyse\/\">Certificat d&rsquo;analyse (COA)<\/a><\/span><\/p>\n<p><span style=\"color: #0000ff;\"><a style=\"color: #0000ff;\" href=\"https:\/\/ulpmat.com\/fr\/documents\/fiche-technique\/\">Fiche technique (TDS)<\/a><\/span><\/p>\n<p><a href=\"https:\/\/ulpmat.com\/fr\/documents\/fiche-de-donnees-de-securite\/\"><span style=\"color: #0000ff;\">Fiche de donn\u00e9es de s\u00e9curit\u00e9 (MSDS)<\/span><\/a><br \/>\nDes rapports d&rsquo;essais effectu\u00e9s par des tiers sont disponibles sur demande.<\/p>\n<h2><span style=\"font-size: 14pt;\">Pourquoi nous choisir ?<\/span><\/h2>\n<p>Poudre Nb\u2082O\u2085 de haute puret\u00e9, performances stables et fiables<br \/>\nTaille des particules uniforme, bonne dispersibilit\u00e9, facile \u00e0 traiter Taille des particules, conditionnement et sp\u00e9cifications<br \/>\n<span style=\"color: #0000ff;\"><a style=\"color: #0000ff;\" href=\"https:\/\/ulpmat.com\/fr\/service\/personnalisation\/\">personnalisables<\/a><\/span><\/p>\n<p>Fournit des rapports d&rsquo;essai complets et des certificats de conformit\u00e9<br \/>\nR\u00e9ponse rapide aux besoins des clients, prise en charge de la recherche en petites s\u00e9ries et de l&rsquo;approvisionnement industriel \u00e0 grande \u00e9chelle<br \/>\nUne \u00e9quipe <span style=\"color: #0000ff;\"><a style=\"color: #0000ff;\" href=\"https:\/\/ulpmat.com\/fr\/service\/support-technique\/\">technique<\/a><\/span><br \/>\nprofessionnelle fournit des conseils sur les applications et les processus<\/p>\n","protected":false},"excerpt":{"rendered":"<p>Pr\u00e9sentation de la poudre de pentoxyde de niobium La poudre de pentoxyde de niobium est une poudre fine blanche de haute puret\u00e9, dot\u00e9e d&rsquo;une forte stabilit\u00e9 chimique et d&rsquo;une r\u00e9sistance aux temp\u00e9ratures \u00e9lev\u00e9es, largement utilis\u00e9e dans la pr\u00e9paration de mat\u00e9riaux \u00e9lectroniques, optiques et c\u00e9ramiques. Nous proposons une poudre de Nb\u2082O\u2085 de haute puret\u00e9, avec une [&hellip;]<\/p>\n","protected":false},"featured_media":38096,"template":"","meta":{"_acf_changed":false},"product_brand":[132],"product_cat":[335],"product_tag":[4444],"class_list":{"0":"post-38095","1":"product","2":"type-product","3":"status-publish","4":"has-post-thumbnail","6":"product_brand-ulpmat","7":"product_cat-oxydes","8":"product_tag-pentoxyde-de-niobium-en-poudre","10":"first","11":"instock","12":"shipping-taxable","13":"product-type-variable"},"acf":[],"_links":{"self":[{"href":"https:\/\/ulpmat.com\/fr\/wp-json\/wp\/v2\/product\/38095","targetHints":{"allow":["GET"]}}],"collection":[{"href":"https:\/\/ulpmat.com\/fr\/wp-json\/wp\/v2\/product"}],"about":[{"href":"https:\/\/ulpmat.com\/fr\/wp-json\/wp\/v2\/types\/product"}],"wp:featuredmedia":[{"embeddable":true,"href":"https:\/\/ulpmat.com\/fr\/wp-json\/wp\/v2\/media\/38096"}],"wp:attachment":[{"href":"https:\/\/ulpmat.com\/fr\/wp-json\/wp\/v2\/media?parent=38095"}],"wp:term":[{"taxonomy":"product_brand","embeddable":true,"href":"https:\/\/ulpmat.com\/fr\/wp-json\/wp\/v2\/product_brand?post=38095"},{"taxonomy":"product_cat","embeddable":true,"href":"https:\/\/ulpmat.com\/fr\/wp-json\/wp\/v2\/product_cat?post=38095"},{"taxonomy":"product_tag","embeddable":true,"href":"https:\/\/ulpmat.com\/fr\/wp-json\/wp\/v2\/product_tag?post=38095"}],"curies":[{"name":"wp","href":"https:\/\/api.w.org\/{rel}","templated":true}]}}