{"id":38041,"date":"2025-11-26T17:01:06","date_gmt":"2025-11-26T09:01:06","guid":{"rendered":"https:\/\/ulpmat.com\/product\/pentoxyde-de-niobium-2\/"},"modified":"2025-11-26T17:01:06","modified_gmt":"2025-11-26T09:01:06","slug":"pentoxyde-de-niobium-2","status":"publish","type":"product","link":"https:\/\/ulpmat.com\/fr\/produit\/pentoxyde-de-niobium-2\/","title":{"rendered":"Pentoxyde de Niobium"},"content":{"rendered":"<h2><span style=\"font-size: 14pt;\">Cible de pulv\u00e9risation en pentoxyde de niobium Pr\u00e9sentation<\/span><\/h2>\n<p>Les cibles de pulv\u00e9risation<br \/>\n<span style=\"color: #0000ff;\"><a style=\"color: #0000ff;\" href=\"https:\/\/ulpmat.com\/fr\/recherche\/?type=name&#038;keyword=Niobium+pentoxide\">en pentoxyde de niobium<\/a><\/span><br \/>\nsont des mat\u00e9riaux en oxyde de niobium denses et de haute puret\u00e9 sp\u00e9cialement con\u00e7us pour les processus de d\u00e9p\u00f4t physique en phase vapeur (PVD), garantissant un d\u00e9p\u00f4t uniforme et une adh\u00e9rence \u00e9lev\u00e9e. Elles sont largement utilis\u00e9es pour les films optiques minces, les rev\u00eatements de condensateurs, les \u00e9crans tactiles et le d\u00e9p\u00f4t de films minces dans les appareils \u00e9lectroniques haute performance.<\/p>\n<p>Nous proposons une gamme vari\u00e9e de cibles de pulv\u00e9risation Nb2O5 de haute puret\u00e9 et de densit\u00e9 uniforme. Les dimensions, l&rsquo;\u00e9paisseur et la forme peuvent \u00eatre personnalis\u00e9es pour r\u00e9pondre aux besoins des clients, et conviennent \u00e0 la recherche et \u00e0 la production industrielle. N&rsquo;h\u00e9sitez pas \u00e0 <span style=\"color: #0000ff;\"><a style=\"color: #0000ff;\" href=\"https:\/\/ulpmat.com\/fr\/contactez-nous\/\">nous contacter.<\/a><\/span><\/p>\n<h2><span style=\"font-size: 14pt;\">Caract\u00e9ristiques du produit<\/span><\/h2>\n<p>Nb\u2082O\u2085 de haute puret\u00e9 99,99 %<br \/>\nDense et uniforme, haute r\u00e9sistance m\u00e9canique<br \/>\nSurface lisse, sans pores<br \/>\nAdh\u00e9rence \u00e9lev\u00e9e et d\u00e9p\u00f4t de couches minces stable<br \/>\nTailles, \u00e9paisseurs et formes personnalisables<br \/>\nServices <span style=\"color: #0000ff;\"><a style=\"color: #0000ff;\" href=\"https:\/\/ulpmat.com\/fr\/service\/collage-des-cibles\/\">de collage de cibles<\/a><\/span><br \/>\npersonnalisables<br \/>\nEfficacit\u00e9 d&rsquo;utilisation des cibles am\u00e9lior\u00e9e<br \/>\nConvient \u00e0 la recherche et aux applications industrielles PVD<\/p>\n<h2><span style=\"font-size: 14pt;\">Applications des cibles de pulv\u00e9risation en pentoxyde de niobium<\/span><\/h2>\n<p>Couches minces<br \/>\n<span style=\"color: #0000ff;\"><a style=\"color: #0000ff;\" href=\"https:\/\/ulpmat.com\/fr\/candidature\/materiaux-optiques\/\">optiques<\/a><\/span><br \/>\n: utilis\u00e9es pour le rev\u00eatement de lentilles optiques et d&rsquo;\u00e9crans, garantissant une adh\u00e9rence uniforme du film.<\/p>\n<p>Rev\u00eatement de condensateurs : am\u00e9liore les performances et la stabilit\u00e9 de la capacit\u00e9 dans la pr\u00e9paration de films de condensateurs au niobium et au tantale.<br \/>\nMat\u00e9riaux pour \u00e9crans tactiles : utilis\u00e9s pour le d\u00e9p\u00f4t de films minces conducteurs, am\u00e9liorant la sensibilit\u00e9 et la vitesse de r\u00e9ponse des \u00e9crans tactiles.<br \/>\nDispositifs \u00e9lectroniques haute performance : utilis\u00e9s dans la pr\u00e9paration de films minces pour les dispositifs micro\u00e9lectroniques, garantissant la conductivit\u00e9 et la durabilit\u00e9.<\/p>\n<h2><span style=\"color: #0000ff;\"><a style=\"color: #0000ff;\" href=\"https:\/\/ulpmat.com\/fr\/societe\/faq\/\"><span style=\"font-size: 14pt;\">FAQ<\/span><\/a><\/span><\/h2>\n<p>Q1 : Quelles sont les options d&#8217;emballage pour les cibles de pulv\u00e9risation Nb2O5 ?<br \/>\nR1 : Nous proposons des emballages \u00e9tanches \u00e0 l&rsquo;humidit\u00e9, des emballages sous vide et des bo\u00eetes rigides afin de garantir que les cibles ne soient pas contamin\u00e9es ou oxyd\u00e9es pendant le transport et le stockage.<\/p>\n<p>Q2 : Quels traitements les cibles de pulv\u00e9risation Nb2O5 peuvent-elles subir ?<br \/>\nR2 : La d\u00e9coupe, le per\u00e7age, le polissage de surface et l&rsquo;usinage sont possibles afin de s&rsquo;adapter \u00e0 diff\u00e9rents processus PVD et exigences exp\u00e9rimentales.<\/p>\n<p>Q3 : Quelles sont les conditions de stockage des cibles de pulv\u00e9risation Nb\u2082O\u2085 ?<br \/>\nA3 : Stockez-les dans un environnement sec, frais et bien ventil\u00e9, en \u00e9vitant l&rsquo;humidit\u00e9, les temp\u00e9ratures \u00e9lev\u00e9es ou la contamination chimique. Pour un stockage \u00e0 long terme, il est recommand\u00e9 d&rsquo;utiliser un gaz inerte ou un emballage herm\u00e9tique.<\/p>\n<p>Q4 : Quelle est la puret\u00e9 et quels sont les avantages des cibles de pulv\u00e9risation Nb\u2082O\u2085 ?<br \/>\nR4 : Nos cibles de pulv\u00e9risation ont une puret\u00e9 de 99,99 %, une densit\u00e9 uniforme et une forte stabilit\u00e9 thermique, ce qui garantit un d\u00e9p\u00f4t de film uniforme et une forte adh\u00e9rence, les rendant adapt\u00e9es \u00e0 la recherche et aux applications industrielles.<\/p>\n<h2><span style=\"font-size: 14pt;\">Rapports<\/span><\/h2>\n<p>Chaque lot est accompagn\u00e9 des documents<br \/>\n<span style=\"color: #0000ff;\"><a style=\"color: #0000ff;\" href=\"https:\/\/ulpmat.com\/fr\/documents\/certificat-danalyse\/\"><\/a><\/span><br \/>\nsuivants :<br \/>\n<span style=\"color: #0000ff;\"><a style=\"color: #0000ff;\" href=\"https:\/\/ulpmat.com\/fr\/documents\/certificat-danalyse\/\">Certificat d&rsquo;analyse (COA)<\/a><\/span><\/p>\n<p><span style=\"color: #0000ff;\"><a style=\"color: #0000ff;\" href=\"https:\/\/ulpmat.com\/fr\/documents\/fiche-technique\/\">Fiche technique (TDS)<\/a><\/span><\/p>\n<p><span style=\"color: #0000ff;\"><a style=\"color: #0000ff;\" href=\"https:\/\/ulpmat.com\/fr\/documents\/fiche-de-donnees-de-securite\/\">Fiche de donn\u00e9es de s\u00e9curit\u00e9 (MSDS)<\/a><\/span><br \/>\nDes rapports d&rsquo;essais effectu\u00e9s par des tiers sont disponibles sur demande.<\/p>\n<h2><span style=\"font-size: 14pt;\">Pourquoi nous choisir ?<\/span><\/h2>\n<p>Cibles de pulv\u00e9risation Nb\u2082O\u2085 de haute puret\u00e9, performances fiables et stables Tailles, \u00e9paisseurs et formes<br \/>\n<span style=\"color: #0000ff;\"><a style=\"color: #0000ff;\" href=\"https:\/\/ulpmat.com\/fr\/service\/personnalisation\/\">personnalisables<\/a><\/span><br \/>\npour r\u00e9pondre \u00e0 diff\u00e9rents processus PVD<br \/>\nFourniture de rapports d&rsquo;essai complets et de certificats de conformit\u00e9<br \/>\nR\u00e9ponse rapide aux besoins des clients, prise en charge de la recherche en petites s\u00e9ries et de l&rsquo;approvisionnement industriel en grandes s\u00e9ries<br \/>\nUne \u00e9quipe technique professionnelle fournit des conseils sur le d\u00e9p\u00f4t de films minces et leur application<br \/>\nDes ann\u00e9es d&rsquo;exp\u00e9rience dans l&rsquo;exportation, un transport s\u00fbr et fiable<\/p>\n","protected":false},"excerpt":{"rendered":"<p>Cible de pulv\u00e9risation en pentoxyde de niobium Pr\u00e9sentation Les cibles de pulv\u00e9risation en pentoxyde de niobium sont des mat\u00e9riaux en oxyde de niobium denses et de haute puret\u00e9 sp\u00e9cialement con\u00e7us pour les processus de d\u00e9p\u00f4t physique en phase vapeur (PVD), garantissant un d\u00e9p\u00f4t uniforme et une adh\u00e9rence \u00e9lev\u00e9e. Elles sont largement utilis\u00e9es pour les films [&hellip;]<\/p>\n","protected":false},"featured_media":38042,"template":"","meta":{"_acf_changed":false},"product_brand":[132],"product_cat":[449],"product_tag":[4438],"class_list":{"0":"post-38041","1":"product","2":"type-product","3":"status-publish","4":"has-post-thumbnail","6":"product_brand-ulpmat","7":"product_cat-cible-de-pulverisation-ceramique","8":"product_tag-cible-de-pulverisation-de-pentoxyde-de-niobium","10":"first","11":"instock","12":"shipping-taxable","13":"product-type-variable"},"acf":[],"_links":{"self":[{"href":"https:\/\/ulpmat.com\/fr\/wp-json\/wp\/v2\/product\/38041","targetHints":{"allow":["GET"]}}],"collection":[{"href":"https:\/\/ulpmat.com\/fr\/wp-json\/wp\/v2\/product"}],"about":[{"href":"https:\/\/ulpmat.com\/fr\/wp-json\/wp\/v2\/types\/product"}],"wp:featuredmedia":[{"embeddable":true,"href":"https:\/\/ulpmat.com\/fr\/wp-json\/wp\/v2\/media\/38042"}],"wp:attachment":[{"href":"https:\/\/ulpmat.com\/fr\/wp-json\/wp\/v2\/media?parent=38041"}],"wp:term":[{"taxonomy":"product_brand","embeddable":true,"href":"https:\/\/ulpmat.com\/fr\/wp-json\/wp\/v2\/product_brand?post=38041"},{"taxonomy":"product_cat","embeddable":true,"href":"https:\/\/ulpmat.com\/fr\/wp-json\/wp\/v2\/product_cat?post=38041"},{"taxonomy":"product_tag","embeddable":true,"href":"https:\/\/ulpmat.com\/fr\/wp-json\/wp\/v2\/product_tag?post=38041"}],"curies":[{"name":"wp","href":"https:\/\/api.w.org\/{rel}","templated":true}]}}