{"id":38017,"date":"2025-11-26T17:01:06","date_gmt":"2025-11-26T09:01:06","guid":{"rendered":"https:\/\/ulpmat.com\/product\/pentoxyde-de-niobium\/"},"modified":"2025-11-26T17:01:06","modified_gmt":"2025-11-26T09:01:06","slug":"pentoxyde-de-niobium","status":"publish","type":"product","link":"https:\/\/ulpmat.com\/fr\/produit\/pentoxyde-de-niobium\/","title":{"rendered":"Pentoxyde de Niobium"},"content":{"rendered":"<h2><span style=\"font-size: 14pt;\">Cible rotative en pentoxyde de niobium Pr\u00e9sentation<\/span><\/h2>\n<p>Les cibles rotatives<br \/>\n<span style=\"color: #0000ff;\"><a style=\"color: #0000ff;\" href=\"https:\/\/ulpmat.com\/fr\/recherche\/?type=name&#038;keyword=Niobium+pentoxide\">en pentoxyde de niobium<\/a><\/span><br \/>\nsont des mat\u00e9riaux tubulaires en oxyde de niobium de haute puret\u00e9 et haute densit\u00e9 sp\u00e9cialement con\u00e7us pour les processus de d\u00e9p\u00f4t physique en phase vapeur (PVD), garantissant un d\u00e9p\u00f4t uniforme du film et une utilisation optimale de la cible. Elles sont largement utilis\u00e9es dans les films optiques minces, les rev\u00eatements de condensateurs, les \u00e9crans tactiles et le d\u00e9p\u00f4t de films minces pour les appareils \u00e9lectroniques haute performance.<\/p>\n<p>Nous proposons des cibles rotatives en Nb\u2082O\u2085 de haute puret\u00e9, personnalisables en termes de diam\u00e8tre, de longueur et d&rsquo;\u00e9paisseur de paroi afin de r\u00e9pondre aux besoins des clients. Elles pr\u00e9sentent une surface lisse, dense et uniforme, adapt\u00e9e \u00e0 la recherche et \u00e0 la production industrielle. <span style=\"color: #0000ff;\"><a style=\"color: #0000ff;\" href=\"https:\/\/ulpmat.com\/fr\/contactez-nous\/\">Contactez-nous.<\/a><\/span><\/p>\n<h2><span style=\"font-size: 14pt;\">Points forts du produit<\/span><\/h2>\n<p>Nb\u2082O\u2085 de haute puret\u00e9 99,99 %<br \/>\nConception tubulaire pour une meilleure utilisation de la cible<br \/>\nDense et uniforme, haute r\u00e9sistance m\u00e9canique<br \/>\nSurface lisse, sans pores<br \/>\nDiam\u00e8tre, longueur et \u00e9paisseur de paroi personnalisables<br \/>\nExcellentes performances de d\u00e9p\u00f4t de couches minces<br \/>\nServices de collage de cibles disponibles<br \/>\nConvient \u00e0 la recherche et aux applications industrielles de PVD<\/p>\n<h2><span style=\"font-size: 14pt;\">Applications des cibles rotatives en pentoxyde de niobium<\/span><\/h2>\n<p>Couches minces<br \/>\n<span style=\"color: #0000ff;\"><a style=\"color: #0000ff;\" href=\"https:\/\/ulpmat.com\/fr\/candidature\/materiaux-optiques\/\">optiques<\/a><\/span><br \/>\n: utilis\u00e9es pour le rev\u00eatement des lentilles optiques et des \u00e9crans, garantissant une adh\u00e9rence uniforme du film.<\/p>\n<p>Rev\u00eatement de condensateurs : am\u00e9liore les performances et la stabilit\u00e9 de la capacit\u00e9 dans la pr\u00e9paration de films pour condensateurs au niobium et au tantale.<\/p>\n<p>Mat\u00e9riaux pour \u00e9crans tactiles : utilis\u00e9s pour le d\u00e9p\u00f4t de films minces conducteurs, am\u00e9liorant la sensibilit\u00e9 et la vitesse de r\u00e9ponse des \u00e9crans tactiles.<\/p>\n<p>Dispositifs \u00e9lectroniques haute performance : utilis\u00e9s dans la pr\u00e9paration de films minces pour dispositifs micro\u00e9lectroniques, garantissant la conductivit\u00e9 et la durabilit\u00e9.<\/p>\n<h2><span style=\"font-size: 14pt; color: #0000ff;\"><a style=\"color: #0000ff;\" href=\"https:\/\/ulpmat.com\/fr\/societe\/faq\/\">FAQ<\/a><\/span><\/h2>\n<p>Q1 : Quelles sont les options d&#8217;emballage pour les cibles Nb2O5 ?<\/p>\n<p>R1 : Nous proposons des emballages \u00e9tanches \u00e0 l&rsquo;humidit\u00e9, des emballages sous vide et des emballages rigides, qui peuvent \u00eatre personnalis\u00e9s selon les besoins des clients afin de garantir que le mat\u00e9riau cible ne soit pas contamin\u00e9 ou oxyd\u00e9 pendant le transport et le stockage.<\/p>\n<p>Q2 : Quels traitements peuvent \u00eatre effectu\u00e9s sur les cibles Nb2O5 ?<\/p>\n<p>R2 : La d\u00e9coupe, le per\u00e7age, le polissage de surface et l&rsquo;usinage sont possibles afin de r\u00e9pondre aux diff\u00e9rents processus PVD et besoins de recherche.<\/p>\n<p>Q3 : Quelles sont les conditions de stockage des cibles Nb2O5 ?<\/p>\n<p>A3 : Stockez-les dans un environnement sec, frais et bien ventil\u00e9, en \u00e9vitant l&rsquo;humidit\u00e9, les temp\u00e9ratures \u00e9lev\u00e9es et la contamination chimique. Pour un stockage \u00e0 long terme, il est recommand\u00e9 d&rsquo;utiliser un gaz inerte ou un emballage scell\u00e9.<\/p>\n<p>Q4 : Quelle est la puret\u00e9 et quels sont les avantages des cibles rotatives Nb2O5 ?<\/p>\n<p>A4 : Nos cibles rotatives ont une puret\u00e9 \u2265 99,9 %, une densit\u00e9 uniforme et une stabilit\u00e9 thermique \u00e9lev\u00e9e, ce qui permet d&rsquo;am\u00e9liorer l&rsquo;utilisation des cibles et la qualit\u00e9 des films, les rendant adapt\u00e9es \u00e0 la recherche scientifique et aux applications industrielles.<\/p>\n<h2><span style=\"font-size: 14pt;\">Rapports<\/span><\/h2>\n<p>Chaque lot est accompagn\u00e9 des documents<br \/>\n<span style=\"color: #0000ff;\"><a style=\"color: #0000ff;\" href=\"https:\/\/ulpmat.com\/fr\/documents\/certificat-danalyse\/\"><\/a><\/span><br \/>\nsuivants :<br \/>\n<span style=\"color: #0000ff;\"><a style=\"color: #0000ff;\" href=\"https:\/\/ulpmat.com\/fr\/documents\/certificat-danalyse\/\">Certificat d&rsquo;analyse (COA)<\/a><\/span><\/p>\n<p><span style=\"color: #0000ff;\"><a style=\"color: #0000ff;\" href=\"https:\/\/ulpmat.com\/fr\/documents\/fiche-technique\/\">Fiche technique (TDS)<\/a><\/span><\/p>\n<p><span style=\"color: #0000ff;\"><a style=\"color: #0000ff;\" href=\"https:\/\/ulpmat.com\/fr\/documents\/fiche-de-donnees-de-securite\/\">Fiche de donn\u00e9es de s\u00e9curit\u00e9 (MSDS)<\/a><\/span><br \/>\nDes rapports d&rsquo;essais effectu\u00e9s par des tiers sont disponibles sur demande.<\/p>\n<h2><span style=\"font-size: 14pt;\">Pourquoi nous choisir ?<\/span><\/h2>\n<p>Cibles tubulaires Nb2O5 de haute puret\u00e9, performances stables et fiables Diam\u00e8tre, longueur, \u00e9paisseur de paroi et traitement de surface<br \/>\n<span style=\"color: #0000ff;\"><a style=\"color: #0000ff;\" href=\"https:\/\/ulpmat.com\/fr\/service\/personnalisation\/\">personnalisables<\/a><\/span><\/p>\n<p>Fourniture de rapports d&rsquo;essai complets et de certificats de conformit\u00e9<br \/>\nR\u00e9ponse rapide aux besoins des clients, prise en charge de l&rsquo;approvisionnement en petits lots pour la recherche scientifique et de l&rsquo;approvisionnement en grands lots pour l&rsquo;utilisation industrielle<br \/>\nUne \u00e9quipe technique professionnelle fournit des conseils sur le d\u00e9p\u00f4t de couches minces et les processus<br \/>\nDes ann\u00e9es d&rsquo;exp\u00e9rience dans l&rsquo;exportation, un transport s\u00fbr et fiable<\/p>\n","protected":false},"excerpt":{"rendered":"<p>Cible rotative en pentoxyde de niobium Pr\u00e9sentation Les cibles rotatives en pentoxyde de niobium sont des mat\u00e9riaux tubulaires en oxyde de niobium de haute puret\u00e9 et haute densit\u00e9 sp\u00e9cialement con\u00e7us pour les processus de d\u00e9p\u00f4t physique en phase vapeur (PVD), garantissant un d\u00e9p\u00f4t uniforme du film et une utilisation optimale de la cible. Elles sont [&hellip;]<\/p>\n","protected":false},"featured_media":38018,"template":"","meta":{"_acf_changed":false},"product_brand":[132],"product_cat":[449,464],"product_tag":[4432],"class_list":{"0":"post-38017","1":"product","2":"type-product","3":"status-publish","4":"has-post-thumbnail","6":"product_brand-ulpmat","7":"product_cat-cible-de-pulverisation-ceramique","8":"product_cat-cibles-rotatives","9":"product_tag-cible-rotative-en-pentoxyde-de-niobium","11":"first","12":"instock","13":"shipping-taxable","14":"product-type-variable"},"acf":[],"_links":{"self":[{"href":"https:\/\/ulpmat.com\/fr\/wp-json\/wp\/v2\/product\/38017","targetHints":{"allow":["GET"]}}],"collection":[{"href":"https:\/\/ulpmat.com\/fr\/wp-json\/wp\/v2\/product"}],"about":[{"href":"https:\/\/ulpmat.com\/fr\/wp-json\/wp\/v2\/types\/product"}],"wp:featuredmedia":[{"embeddable":true,"href":"https:\/\/ulpmat.com\/fr\/wp-json\/wp\/v2\/media\/38018"}],"wp:attachment":[{"href":"https:\/\/ulpmat.com\/fr\/wp-json\/wp\/v2\/media?parent=38017"}],"wp:term":[{"taxonomy":"product_brand","embeddable":true,"href":"https:\/\/ulpmat.com\/fr\/wp-json\/wp\/v2\/product_brand?post=38017"},{"taxonomy":"product_cat","embeddable":true,"href":"https:\/\/ulpmat.com\/fr\/wp-json\/wp\/v2\/product_cat?post=38017"},{"taxonomy":"product_tag","embeddable":true,"href":"https:\/\/ulpmat.com\/fr\/wp-json\/wp\/v2\/product_tag?post=38017"}],"curies":[{"name":"wp","href":"https:\/\/api.w.org\/{rel}","templated":true}]}}