{"id":37771,"date":"2025-11-26T17:01:09","date_gmt":"2025-11-26T09:01:09","guid":{"rendered":"https:\/\/ulpmat.com\/product\/oxyde-de-niobium\/"},"modified":"2025-11-26T17:01:09","modified_gmt":"2025-11-26T09:01:09","slug":"oxyde-de-niobium","status":"publish","type":"product","link":"https:\/\/ulpmat.com\/fr\/produit\/oxyde-de-niobium\/","title":{"rendered":"Oxyde de Niobium"},"content":{"rendered":"<h2><span style=\"font-size: 14pt;\">Pr\u00e9sentation des cibles rotatives en oxyde de niobium<\/span><\/h2>\n<p>Les cibles rotatives<br \/>\n<span style=\"color: #0000ff;\"><a style=\"color: #0000ff;\" href=\"https:\/\/ulpmat.com\/fr\/recherche\/?type=name&#038;keyword=Niobium+oxide\">en oxyde de niobium<\/a><\/span><br \/>\nsont des cibles de pulv\u00e9risation tournantes \u00e0 base de c\u00e9ramiques d&rsquo;oxyde de niobium. Elles poss\u00e8dent une grande stabilit\u00e9, d&rsquo;excellentes propri\u00e9t\u00e9s optiques et une st\u0153chiom\u00e9trie hautement contr\u00f4lable. Elles sont couramment utilis\u00e9es dans le d\u00e9p\u00f4t de films minces transparents, de films \u00e9lectriquement fonctionnels et de rev\u00eatements hautement r\u00e9sistants \u00e0 la corrosion. Elles sont principalement utilis\u00e9es pour pr\u00e9parer des films conducteurs transparents, des films d&rsquo;interf\u00e9rence optique, des couches barri\u00e8res et des films protecteurs fonctionnels.<\/p>\n<p>Nous pouvons produire des cibles rotatives en oxyde de niobium avec diff\u00e9rentes formulations (NbO, NbO\u2082, Nb\u2082O\u2085, etc.), permettant la personnalisation de divers diam\u00e8tres, longueurs et \u00e9paisseurs de paroi. Ces cibles pr\u00e9sentent une grande uniformit\u00e9, une densit\u00e9 \u00e9lev\u00e9e et une excellente r\u00e9sistance m\u00e9canique. Les cibles peuvent \u00eatre associ\u00e9es \u00e0 des fonds de panier \u00e0 haute conductivit\u00e9 thermique et utilisent des proc\u00e9d\u00e9s de soudage par diffusion ou de soudage sous vide pouss\u00e9, ce qui les rend adapt\u00e9es aux syst\u00e8mes de pulv\u00e9risation par rotation \u00e0 dur\u00e9e de vie moyenne \u00e0 longue. <span style=\"color: #0000ff;\"><a style=\"color: #0000ff;\" href=\"https:\/\/ulpmat.com\/fr\/contactez-nous\/\">Contactez-nous<\/a><\/span><br \/>\npour conna\u00eetre les formulations chimiques des cibles rotatives NbOx.<\/p>\n<h2><span style=\"font-size: 14pt;\">Points forts du produit<\/span><\/h2>\n<p>St\u0153chiom\u00e9trie stable de l&rsquo;oxyde<br \/>\nHaute densit\u00e9 et excellente r\u00e9sistance m\u00e9canique<br \/>\nCompatible avec les \u00e9quipements de pulv\u00e9risation par magn\u00e9tron rotatif courants<br \/>\nPrise en charge de la personnalisation de plusieurs phases NbOx<br \/>\nLongue dur\u00e9e de vie et performances de gravure uniformes<br \/>\nHaute r\u00e9sistance de la plaque arri\u00e8re et excellente dissipation thermique<br \/>\nService de soudage des cibles<br \/>\nFaible taux de particules, adapt\u00e9 aux films minces \u00e0 exigences \u00e9lev\u00e9es<\/p>\n<h2><span style=\"font-size: 14pt;\">Applications des cibles rotatives en oxyde de niobium<\/span><\/h2>\n<p>Films minces optiques transparents : utilis\u00e9s pour pr\u00e9parer des couches d&rsquo;interf\u00e9rence optique stables et \u00e0 indice de r\u00e9fraction \u00e9lev\u00e9.<br \/>\nFilms barri\u00e8res pour dispositifs \u00e9lectroniques : utilis\u00e9s comme mat\u00e9riaux anti-diffusion ou de modulation \u00e9lectrique dans les structures des composants.<br \/>\nRev\u00eatements d\u00e9coratifs et protecteurs : utilis\u00e9s pour former des films r\u00e9sistants \u00e0 l&rsquo;usure, \u00e0 la corrosion et hautement adh\u00e9sifs. Films minces pour l&rsquo;industrie<br \/>\n<span style=\"color: #0000ff;\"><a style=\"color: #0000ff;\" href=\"https:\/\/ulpmat.com\/fr\/candidature\/solaire-photovoltaique\/\">solaire<\/a><\/span><br \/>\net photovolta\u00efque : utilis\u00e9s pour la modulation optique, les films filtrants ou la fabrication de structures \u00e0 couches fonctionnelles.<\/p>\n<h2><span style=\"color: #0000ff;\"><a style=\"color: #0000ff;\" href=\"https:\/\/ulpmat.com\/fr\/societe\/faq\/\"><span style=\"font-size: 14pt;\">FAQ<\/span><\/a><\/span><\/h2>\n<p>Q1 : Quelle m\u00e9thode d&#8217;emballage est g\u00e9n\u00e9ralement utilis\u00e9e pour les cibles tubulaires NbOx ?<br \/>\nR1 : Chaque cible tubulaire est emball\u00e9e dans un emballage multicouche antichoc, scell\u00e9e dans un sac propre et plac\u00e9e dans une bo\u00eete renforc\u00e9e d\u00e9di\u00e9e afin de garantir que la structure ne se d\u00e9forme pas et que la surface ne soit pas contamin\u00e9e pendant le transport.<\/p>\n<p>Q2 : Quelles sont les technologies de traitement disponibles pour les cibles rotatives en oxyde de niobium ?<br \/>\nR2 : Nous proposons des processus de rectification de pr\u00e9cision, d&rsquo;usinage des faces d&rsquo;extr\u00e9mit\u00e9, de soudage des plaques arri\u00e8re, de polissage de surface et de frittage personnalis\u00e9s pour les cibles dans diff\u00e9rents \u00e9tats d&rsquo;oxydation.<\/p>\n<p>Q3 : Comment les cibles doivent-elles \u00eatre stock\u00e9es correctement ?<br \/>\nR3 : Il est recommand\u00e9 de les stocker dans un environnement sec, \u00e0 temp\u00e9rature ambiante, \u00e0 l&rsquo;abri de la lumi\u00e8re et de l&rsquo;humidit\u00e9, afin de maintenir un \u00e9tat d&rsquo;oxydation stable et la propret\u00e9 de la surface.<\/p>\n<p>Q4 : Quel niveau de puret\u00e9 les cibles NbOx peuvent-elles atteindre ?<br \/>\nA4 : Nous pouvons fournir des mati\u00e8res premi\u00e8res d&rsquo;oxyde de niobium d&rsquo;une puret\u00e9 \u2265 99,9 % et fournir, sur demande, des rapports de contr\u00f4le st\u0153chiom\u00e9trique pour diff\u00e9rentes proportions de NbO, NbO\u2082 et Nb\u2082O\u2085.<\/p>\n<h2><span style=\"font-size: 14pt;\">Rapports<\/span><\/h2>\n<p>Chaque lot est accompagn\u00e9 des documents suivants :<br \/>\n<span style=\"color: #0000ff;\"><a style=\"color: #0000ff;\" href=\"https:\/\/ulpmat.com\/fr\/documents\/certificat-danalyse\/\">Certificat d&rsquo;analyse (COA)<\/a><\/span><\/p>\n<p><span style=\"color: #0000ff;\"><a style=\"color: #0000ff;\" href=\"https:\/\/ulpmat.com\/fr\/documents\/fiche-technique\/\">Fiche technique (TDS)<\/a><\/span><\/p>\n<p><span style=\"color: #0000ff;\"><a style=\"color: #0000ff;\" href=\"https:\/\/ulpmat.com\/fr\/documents\/fiche-de-donnees-de-securite\/\">Fiche de donn\u00e9es de s\u00e9curit\u00e9 (MSDS)<\/a><\/span><br \/>\nDes rapports d&rsquo;essais effectu\u00e9s par des tiers sont disponibles sur demande.<\/p>\n<h2><span style=\"font-size: 14pt;\">Pourquoi nous choisir ?<\/span><\/h2>\n<p>Sp\u00e9cialis\u00e9s dans les cibles de pulv\u00e9risation et les cibles tubulaires en oxyde m\u00e9tallique r\u00e9fractaire<br \/>\nPrise en charge d&rsquo;un service complet, de la R&amp;D \u00e0 la production en s\u00e9rie<br \/>\nFormulations contr\u00f4lables et structures stables, adapt\u00e9es \u00e0 la pr\u00e9paration de films minces \u00e0 haute coh\u00e9rence<br \/>\nPersonnalisation flexible disponible pour diff\u00e9rentes tailles, phases et structures de fond de panier<br \/>\nUn ensemble complet d&rsquo;\u00e9quipements de test garantit une qualit\u00e9 transparente et tra\u00e7able des cibles<br \/>\nVaste exp\u00e9rience en mati\u00e8re d&rsquo;exp\u00e9dition internationale, avec un emballage s\u00fbr et fiable<br \/>\nUne \u00e9quipe technique professionnelle fournit des conseils sur les param\u00e8tres de pulv\u00e9risation et la s\u00e9lection des mat\u00e9riaux<\/p>\n","protected":false},"excerpt":{"rendered":"<p>Pr\u00e9sentation des cibles rotatives en oxyde de niobium Les cibles rotatives en oxyde de niobium sont des cibles de pulv\u00e9risation tournantes \u00e0 base de c\u00e9ramiques d&rsquo;oxyde de niobium. Elles poss\u00e8dent une grande stabilit\u00e9, d&rsquo;excellentes propri\u00e9t\u00e9s optiques et une st\u0153chiom\u00e9trie hautement contr\u00f4lable. Elles sont couramment utilis\u00e9es dans le d\u00e9p\u00f4t de films minces transparents, de films \u00e9lectriquement [&hellip;]<\/p>\n","protected":false},"featured_media":37772,"template":"","meta":{"_acf_changed":false},"product_brand":[132],"product_cat":[449,464],"product_tag":[4360],"class_list":{"0":"post-37771","1":"product","2":"type-product","3":"status-publish","4":"has-post-thumbnail","6":"product_brand-ulpmat","7":"product_cat-cible-de-pulverisation-ceramique","8":"product_cat-cibles-rotatives","9":"product_tag-cible-rotative-en-oxyde-de-niobium","11":"first","12":"instock","13":"shipping-taxable","14":"product-type-variable"},"acf":[],"_links":{"self":[{"href":"https:\/\/ulpmat.com\/fr\/wp-json\/wp\/v2\/product\/37771","targetHints":{"allow":["GET"]}}],"collection":[{"href":"https:\/\/ulpmat.com\/fr\/wp-json\/wp\/v2\/product"}],"about":[{"href":"https:\/\/ulpmat.com\/fr\/wp-json\/wp\/v2\/types\/product"}],"wp:featuredmedia":[{"embeddable":true,"href":"https:\/\/ulpmat.com\/fr\/wp-json\/wp\/v2\/media\/37772"}],"wp:attachment":[{"href":"https:\/\/ulpmat.com\/fr\/wp-json\/wp\/v2\/media?parent=37771"}],"wp:term":[{"taxonomy":"product_brand","embeddable":true,"href":"https:\/\/ulpmat.com\/fr\/wp-json\/wp\/v2\/product_brand?post=37771"},{"taxonomy":"product_cat","embeddable":true,"href":"https:\/\/ulpmat.com\/fr\/wp-json\/wp\/v2\/product_cat?post=37771"},{"taxonomy":"product_tag","embeddable":true,"href":"https:\/\/ulpmat.com\/fr\/wp-json\/wp\/v2\/product_tag?post=37771"}],"curies":[{"name":"wp","href":"https:\/\/api.w.org\/{rel}","templated":true}]}}