{"id":37459,"date":"2025-11-28T15:05:19","date_gmt":"2025-11-28T07:05:19","guid":{"rendered":"https:\/\/ulpmat.com\/product\/zirconium-metal-4\/"},"modified":"2025-11-28T15:05:19","modified_gmt":"2025-11-28T07:05:19","slug":"zirconium-metal-4","status":"publish","type":"product","link":"https:\/\/ulpmat.com\/fr\/produit\/zirconium-metal-4\/","title":{"rendered":"Zirconium m\u00e9tal"},"content":{"rendered":"<h2><span style=\"font-size: 14pt;\">Pr\u00e9sentation de la feuille m\u00e9tallique en zirconium<\/span><\/h2>\n<p>La feuille<br \/>\n<span style=\"color: #0000ff;\"><a style=\"color: #0000ff;\" href=\"https:\/\/ulpmat.com\/fr\/recherche\/?type=name&#038;keyword=Zirconium+metal\">m\u00e9tallique en zirconium<\/a><\/span><br \/>\nest un mat\u00e9riau m\u00e9tallique haute performance et haute puret\u00e9 largement utilis\u00e9 dans la fabrication de pointe, les environnements \u00e0 haute temp\u00e9rature et les applications de films minces de pr\u00e9cision. Avec des niveaux de puret\u00e9 pouvant atteindre 99,99 %, une excellente stabilit\u00e9 m\u00e9canique et une \u00e9paisseur uniforme, la feuille de zirconium offre des performances fiables et constantes dans les processus industriels exigeants.<\/p>\n<p>Nous proposons des feuilles de zirconium de diff\u00e9rentes \u00e9paisseurs, largeurs et formats, et prenons en charge la d\u00e9coupe sur mesure, le contr\u00f4le pr\u00e9cis de l&rsquo;\u00e9paisseur et les emballages sp\u00e9ciaux. <span style=\"color: #0000ff;\"><a style=\"color: #0000ff;\" href=\"https:\/\/ulpmat.com\/fr\/service\/support-technique\/\">Une assistance technique<\/a><\/span><br \/>\net <span style=\"color: #0000ff;\"><a style=\"color: #0000ff;\" href=\"https:\/\/ulpmat.com\/fr\/service\/service-apres-vente\/\">un service apr\u00e8s-vente<\/a><\/span><br \/>\nsont disponibles \u00e0 tout moment. N&rsquo;h\u00e9sitez pas \u00e0 <span style=\"color: #0000ff;\"><a style=\"color: #0000ff;\" href=\"https:\/\/ulpmat.com\/fr\/contactez-nous\/\">nous contacter<\/a><\/span><br \/>\npour toute question relative \u00e0 l&rsquo;application ou au traitement.<\/p>\n<h2><span style=\"font-size: 14pt;\">Caract\u00e9ristiques du produit<\/span><\/h2>\n<p>Haute puret\u00e9 : 99,99 %<br \/>\n\u00c9paisseur uniforme et surface lisse<br \/>\nHaute r\u00e9sistance, r\u00e9sistance \u00e0 la corrosion et stabilit\u00e9 \u00e0 haute temp\u00e9rature<br \/>\n\u00c9paisseur, largeur et emballage personnalis\u00e9s disponibles<br \/>\nConvient \u00e0 la m\u00e9tallurgie, \u00e0 l&rsquo;\u00e9lectronique, aux processus chimiques et \u00e0 la fabrication de films minces<\/p>\n<h2><span style=\"font-size: 14pt;\">Applications de la feuille m\u00e9tallique de zirconium<\/span><\/h2>\n<p>M\u00e9tallurgie : utilis\u00e9e pour le d\u00e9veloppement d&rsquo;alliages \u00e0 haute temp\u00e9rature, les mat\u00e9riaux de structure r\u00e9sistants \u00e0 la corrosion et les applications de qualit\u00e9 nucl\u00e9aire.<br \/>\n\u00c9lectronique et semi-conducteurs : id\u00e9al pour les composants d&rsquo;\u00e9lectrodes, les substrats de d\u00e9p\u00f4t de couches minces et les couches conductrices de pr\u00e9cision.<br \/>\nIndustrie chimique : utilis\u00e9 comme rev\u00eatement r\u00e9sistant \u00e0 la corrosion, mat\u00e9riau de r\u00e9action et couche protectrice dans les environnements chimiques agressifs.<br \/>\n<span style=\"color: #0000ff;\"><a style=\"color: #0000ff;\" href=\"https:\/\/ulpmat.com\/fr\/candidature\/materiaux-optiques\/\">Optique<\/a><\/span><br \/>\net rev\u00eatements : convient aux rev\u00eatements r\u00e9fl\u00e9chissants, aux composants optiques et aux films d&rsquo;am\u00e9lioration de surface.<\/p>\n<h2><span style=\"color: #0000ff;\"><a style=\"color: #0000ff;\" href=\"https:\/\/ulpmat.com\/fr\/societe\/faq\/\"><span style=\"font-size: 14pt;\">FAQ<\/span><\/a><\/span><\/h2>\n<p>Q1 : Quelles sont les \u00e9paisseurs disponibles pour la feuille de zirconium ?<br \/>\nA1 : Nous proposons des \u00e9paisseurs allant de 0,01 mm \u00e0 1 mm, avec un contr\u00f4le de tol\u00e9rance personnalis\u00e9 disponible sur demande.<\/p>\n<p>Q2 : La feuille de zirconium peut-elle r\u00e9sister \u00e0 un traitement \u00e0 haute temp\u00e9rature ?<br \/>\nA2 : Oui. La feuille de zirconium pr\u00e9sente une excellente stabilit\u00e9 thermique et une excellente r\u00e9sistance \u00e0 l&rsquo;oxydation, ce qui la rend adapt\u00e9e aux alliages \u00e0 haute temp\u00e9rature et aux processus de couche mince.<\/p>\n<p>Q3 : Comment la feuille de zirconium doit-elle \u00eatre stock\u00e9e ?<br \/>\nR3 : Stockez-la dans un r\u00e9cipient sec et herm\u00e9tique, \u00e0 l&rsquo;abri de l&rsquo;humidit\u00e9, des acides et des agents oxydants afin d&rsquo;\u00e9viter l&rsquo;oxydation de la surface.<\/p>\n<p>Q4 : La feuille de zirconium peut-elle \u00eatre d\u00e9coup\u00e9e en formes personnalis\u00e9es ?<br \/>\nR4 : Absolument. Nous proposons des services de d\u00e9coupe de pr\u00e9cision, de mise en forme au laser et de dimensions personnalis\u00e9es adapt\u00e9es \u00e0 vos \u00e9quipements et \u00e0 vos besoins.<\/p>\n<h2><span style=\"font-size: 14pt;\">Rapports<\/span><\/h2>\n<p>Chaque lot est accompagn\u00e9 des documents suivants :<br \/>\n<span style=\"color: #0000ff;\"><a style=\"color: #0000ff;\" href=\"https:\/\/ulpmat.com\/fr\/documents\/certificat-danalyse\/\">Certificat d&rsquo;analyse (COA)<\/a><\/span><\/p>\n<p><span style=\"color: #0000ff;\"><a style=\"color: #0000ff;\" href=\"https:\/\/ulpmat.com\/fr\/documents\/fiche-technique\/\">Fiche technique (TDS)<\/a><\/span><\/p>\n<p><span style=\"color: #0000ff;\"><a style=\"color: #0000ff;\" href=\"https:\/\/ulpmat.com\/fr\/documents\/fiche-de-donnees-de-securite\/\">Fiche de donn\u00e9es de s\u00e9curit\u00e9 (MSDS)<\/a><\/span><br \/>\nDes rapports d&rsquo;essais effectu\u00e9s par des tiers sont disponibles sur demande.<\/p>\n<h2><span style=\"font-size: 14pt;\">Pourquoi nous choisir ?<\/span><\/h2>\n<p>Haute puret\u00e9, performances stables : un contr\u00f4le strict des impuret\u00e9s garantit un comportement constant du mat\u00e9riau dans des conditions exigeantes.<br \/>\n<span style=\"color: #0000ff;\"><a style=\"color: #0000ff;\" href=\"https:\/\/ulpmat.com\/fr\/service\/personnalisation\/\">Personnalisation<\/a><\/span><br \/>\ncompl\u00e8te disponible : l&rsquo;\u00e9paisseur, la largeur, le format et l&#8217;emballage peuvent \u00eatre adapt\u00e9s \u00e0 vos besoins pr\u00e9cis.<br \/>\nAssistance technique professionnelle : conseils sur le choix des mat\u00e9riaux, les conditions de traitement et l&rsquo;optimisation des performances.<br \/>\nAssurance qualit\u00e9 fiable : chaque lot est fourni avec un COA, une MSDS et prend en charge les tests effectu\u00e9s par des tiers.<br \/>\nLivraison rapide et stable : une cha\u00eene d&rsquo;approvisionnement et un syst\u00e8me d&rsquo;inventaire robustes garantissent une exp\u00e9dition rapide dans le monde entier.<\/p>\n","protected":false},"excerpt":{"rendered":"<p>Pr\u00e9sentation de la feuille m\u00e9tallique en zirconium La feuille m\u00e9tallique en zirconium est un mat\u00e9riau m\u00e9tallique haute performance et haute puret\u00e9 largement utilis\u00e9 dans la fabrication de pointe, les environnements \u00e0 haute temp\u00e9rature et les applications de films minces de pr\u00e9cision. Avec des niveaux de puret\u00e9 pouvant atteindre 99,99 %, une excellente stabilit\u00e9 m\u00e9canique et [&hellip;]<\/p>\n","protected":false},"featured_media":37460,"template":"","meta":{"_acf_changed":false},"product_brand":[132],"product_cat":[394],"product_tag":[4288],"class_list":{"0":"post-37459","1":"product","2":"type-product","3":"status-publish","4":"has-post-thumbnail","6":"product_brand-ulpmat","7":"product_cat-autres-materiaux","8":"product_tag-feuille-de-metal-de-zirconium","10":"first","11":"instock","12":"shipping-taxable","13":"product-type-variable"},"acf":[],"_links":{"self":[{"href":"https:\/\/ulpmat.com\/fr\/wp-json\/wp\/v2\/product\/37459","targetHints":{"allow":["GET"]}}],"collection":[{"href":"https:\/\/ulpmat.com\/fr\/wp-json\/wp\/v2\/product"}],"about":[{"href":"https:\/\/ulpmat.com\/fr\/wp-json\/wp\/v2\/types\/product"}],"wp:featuredmedia":[{"embeddable":true,"href":"https:\/\/ulpmat.com\/fr\/wp-json\/wp\/v2\/media\/37460"}],"wp:attachment":[{"href":"https:\/\/ulpmat.com\/fr\/wp-json\/wp\/v2\/media?parent=37459"}],"wp:term":[{"taxonomy":"product_brand","embeddable":true,"href":"https:\/\/ulpmat.com\/fr\/wp-json\/wp\/v2\/product_brand?post=37459"},{"taxonomy":"product_cat","embeddable":true,"href":"https:\/\/ulpmat.com\/fr\/wp-json\/wp\/v2\/product_cat?post=37459"},{"taxonomy":"product_tag","embeddable":true,"href":"https:\/\/ulpmat.com\/fr\/wp-json\/wp\/v2\/product_tag?post=37459"}],"curies":[{"name":"wp","href":"https:\/\/api.w.org\/{rel}","templated":true}]}}