{"id":37429,"date":"2025-11-28T15:05:20","date_gmt":"2025-11-28T07:05:20","guid":{"rendered":"https:\/\/ulpmat.com\/product\/zirconium-metal-3\/"},"modified":"2025-11-28T15:05:20","modified_gmt":"2025-11-28T07:05:20","slug":"zirconium-metal-3","status":"publish","type":"product","link":"https:\/\/ulpmat.com\/fr\/produit\/zirconium-metal-3\/","title":{"rendered":"Zirconium m\u00e9tal"},"content":{"rendered":"<h2><span style=\"font-size: 14pt;\">Pr\u00e9sentation de la poudre m\u00e9tallique de zirconium<\/span><\/h2>\n<p>La poudre<br \/>\n<span style=\"color: #0000ff;\"><a style=\"color: #0000ff;\" href=\"https:\/\/ulpmat.com\/fr\/recherche\/?type=name&#038;keyword=Zirconium+metal\">m\u00e9tallique de zirconium<\/a><\/span><br \/>\nest un mat\u00e9riau m\u00e9tallique de haute puret\u00e9 con\u00e7u pour la fabrication de pointe, les alliages \u00e0 haute temp\u00e9rature, les r\u00e9actions chimiques et le d\u00e9p\u00f4t de couches minces. Avec une puret\u00e9 pouvant atteindre 99,9 %, une taille de particules fine et uniforme, ainsi qu&rsquo;une excellente r\u00e9activit\u00e9 et stabilit\u00e9, la poudre de zirconium garantit des performances constantes dans divers processus industriels avec des niveaux d&rsquo;impuret\u00e9s extr\u00eamement faibles.<\/p>\n<p>Nous proposons de la poudre de zirconium dans plusieurs gammes de tailles de particules, allant du micron au poudre fine personnalis\u00e9e. La taille des particules, la forme d&#8217;emballage et les sp\u00e9cifications peuvent toutes \u00eatre adapt\u00e9es aux besoins des clients. <span style=\"color: #0000ff;\"><a style=\"color: #0000ff;\" href=\"https:\/\/ulpmat.com\/fr\/service\/support-technique\/\">Une assistance technique<\/a><\/span><br \/>\net un service <span style=\"color: #0000ff;\"><a style=\"color: #0000ff;\" href=\"https:\/\/ulpmat.com\/fr\/service\/service-apres-vente\/\">apr\u00e8s-vente<\/a><\/span><br \/>\nsont disponibles \u00e0 tout moment. N&rsquo;h\u00e9sitez pas \u00e0 <span style=\"color: #0000ff;\"><a style=\"color: #0000ff;\" href=\"https:\/\/ulpmat.com\/fr\/contactez-nous\/\">nous contacter<\/a><\/span><br \/>\npour toute question relative \u00e0 une application ou \u00e0 un processus.<\/p>\n<h2><span style=\"font-size: 14pt;\">Points forts du produit<\/span><\/h2>\n<p>Haute puret\u00e9<br \/>\nTaille fine des particules, grande uniformit\u00e9<br \/>\nDistribution des particules et formes d&#8217;emballage personnalisables<br \/>\nConvient \u00e0 la m\u00e9tallurgie, \u00e0 l&rsquo;\u00e9lectronique, aux produits chimiques, \u00e0 la fabrication additive et aux processus de couches minces<\/p>\n<h2><span style=\"font-size: 14pt;\">Applications de la poudre de zirconium<\/span><\/h2>\n<p>M\u00e9tallurgie des poudres : utilis\u00e9e pour la production d&rsquo;alliages haute performance, de composants r\u00e9sistants \u00e0 la corrosion et de mat\u00e9riaux pour l&rsquo;industrie nucl\u00e9aire.<br \/>\n\u00c9lectronique et semi-conducteurs : appliqu\u00e9e dans les p\u00e2tes conductrices, les mat\u00e9riaux d&rsquo;\u00e9lectrodes et le d\u00e9p\u00f4t de couches minces fonctionnelles.<br \/>\nChimie : sert de mati\u00e8re premi\u00e8re r\u00e9active, de catalyseur ou d&rsquo;agent r\u00e9ducteur pour des r\u00e9actions chimiques sp\u00e9cialis\u00e9es.<br \/>\n<span style=\"color: #0000ff;\"><a style=\"color: #0000ff;\" href=\"https:\/\/ulpmat.com\/fr\/candidature\/materiaux-optiques\/\">Optique<\/a><\/span><br \/>\net rev\u00eatements : utilis\u00e9e pour les rev\u00eatements \u00e0 haute r\u00e9flectivit\u00e9, les couches protectrices et la fabrication de couches minces de pr\u00e9cision.<\/p>\n<h2><span style=\"font-size: 14pt;\">FAQ<\/span><\/h2>\n<p>Q1 : Quelles sont les options d&#8217;emballage pour la poudre de zirconium ?<br \/>\nR1 : Nous proposons des bouteilles scell\u00e9es, des sacs antistatiques, des emballages sous vide et des emballages remplis d&rsquo;azote. Des options d&#8217;emballage personnalis\u00e9es sont disponibles.<\/p>\n<p>Q2 : La poudre de zirconium peut-elle r\u00e9sister \u00e0 un traitement \u00e0 haute temp\u00e9rature ?<br \/>\nR2 : Oui. La poudre de zirconium pr\u00e9sente une excellente r\u00e9sistance aux temp\u00e9ratures \u00e9lev\u00e9es et convient aux processus d&rsquo;alliage, de frittage et de d\u00e9p\u00f4t de couches minces. Veuillez la manipuler avec pr\u00e9caution en raison de sa r\u00e9activit\u00e9 sous forme fine.<\/p>\n<p>Q3 : Comment la poudre de zirconium doit-elle \u00eatre stock\u00e9e ?<br \/>\nR3 : Stockez-la dans un environnement sec, scell\u00e9 et \u00e0 faible humidit\u00e9. \u00c9vitez toute exposition \u00e0 des acides forts, des oxydants ou de l&rsquo;humidit\u00e9, et \u00e9loignez-la de toute source d&rsquo;inflammation.<\/p>\n<p>Q4 : La taille des particules est-elle personnalisable ?<br \/>\nR4 : Oui. Nous proposons une large gamme d&rsquo;options de taille de particules, de quelques microm\u00e8tres \u00e0 plusieurs centaines de microm\u00e8tres, et pouvons personnaliser le produit en fonction des besoins de votre application.<\/p>\n<h2><span style=\"font-size: 14pt;\">Rapports<\/span><\/h2>\n<p>Chaque lot est fourni avec :<br \/>\n<span style=\"color: #0000ff;\"><a style=\"color: #0000ff;\" href=\"https:\/\/ulpmat.com\/fr\/documents\/certificat-danalyse\/\">Certificat d&rsquo;analyse (COA)<\/a><\/span><\/p>\n<p><span style=\"color: #0000ff;\"><a style=\"color: #0000ff;\" href=\"https:\/\/ulpmat.com\/fr\/documents\/fiche-technique\/\">Fiche technique (TDS)<\/a><\/span><\/p>\n<p><span style=\"color: #0000ff;\"><a style=\"color: #0000ff;\" href=\"https:\/\/ulpmat.com\/fr\/documents\/fiche-de-donnees-de-securite\/\">Fiche de donn\u00e9es de s\u00e9curit\u00e9 (MSDS)<\/a><\/span><br \/>\nDes rapports d&rsquo;essais effectu\u00e9s par des tiers sont disponibles sur demande.<\/p>\n<h2><span style=\"font-size: 14pt;\">Pourquoi nous choisir ?<\/span><\/h2>\n<p>Haute puret\u00e9 garantie : des proc\u00e9dures strictes de contr\u00f4le des impuret\u00e9s garantissent des performances stables et fiables dans les applications exigeantes.<br \/>\nPersonnalisation compl\u00e8te : la taille des particules, l&#8217;emballage et les sp\u00e9cifications du produit peuvent \u00eatre adapt\u00e9s \u00e0 vos besoins pr\u00e9cis.<br \/>\nAssistance technique professionnelle : nous fournissons des conseils sur le choix des mat\u00e9riaux, des recommandations d&rsquo;utilisation et une assistance apr\u00e8s-vente compl\u00e8te.<br \/>\nAssurance qualit\u00e9 fiable : chaque lot est livr\u00e9 avec un COA et une MSDS, et peut faire l&rsquo;objet d&rsquo;une v\u00e9rification par un tiers.<br \/>\nLivraison rapide Une cha\u00eene d&rsquo;approvisionnement robuste et une gestion flexible des stocks garantissent une exp\u00e9dition rapide et un approvisionnement stable.<\/p>\n","protected":false},"excerpt":{"rendered":"<p>Pr\u00e9sentation de la poudre m\u00e9tallique de zirconium La poudre m\u00e9tallique de zirconium est un mat\u00e9riau m\u00e9tallique de haute puret\u00e9 con\u00e7u pour la fabrication de pointe, les alliages \u00e0 haute temp\u00e9rature, les r\u00e9actions chimiques et le d\u00e9p\u00f4t de couches minces. Avec une puret\u00e9 pouvant atteindre 99,9 %, une taille de particules fine et uniforme, ainsi qu&rsquo;une [&hellip;]<\/p>\n","protected":false},"featured_media":37430,"template":"","meta":{"_acf_changed":false},"product_brand":[132],"product_cat":[276],"product_tag":[4282],"class_list":{"0":"post-37429","1":"product","2":"type-product","3":"status-publish","4":"has-post-thumbnail","6":"product_brand-ulpmat","7":"product_cat-metaux-purs-et-alliages","8":"product_tag-poudre-de-zirconium-metallique","10":"first","11":"instock","12":"shipping-taxable","13":"product-type-variable"},"acf":[],"_links":{"self":[{"href":"https:\/\/ulpmat.com\/fr\/wp-json\/wp\/v2\/product\/37429","targetHints":{"allow":["GET"]}}],"collection":[{"href":"https:\/\/ulpmat.com\/fr\/wp-json\/wp\/v2\/product"}],"about":[{"href":"https:\/\/ulpmat.com\/fr\/wp-json\/wp\/v2\/types\/product"}],"wp:featuredmedia":[{"embeddable":true,"href":"https:\/\/ulpmat.com\/fr\/wp-json\/wp\/v2\/media\/37430"}],"wp:attachment":[{"href":"https:\/\/ulpmat.com\/fr\/wp-json\/wp\/v2\/media?parent=37429"}],"wp:term":[{"taxonomy":"product_brand","embeddable":true,"href":"https:\/\/ulpmat.com\/fr\/wp-json\/wp\/v2\/product_brand?post=37429"},{"taxonomy":"product_cat","embeddable":true,"href":"https:\/\/ulpmat.com\/fr\/wp-json\/wp\/v2\/product_cat?post=37429"},{"taxonomy":"product_tag","embeddable":true,"href":"https:\/\/ulpmat.com\/fr\/wp-json\/wp\/v2\/product_tag?post=37429"}],"curies":[{"name":"wp","href":"https:\/\/api.w.org\/{rel}","templated":true}]}}