{"id":37261,"date":"2025-11-28T15:05:23","date_gmt":"2025-11-28T07:05:23","guid":{"rendered":"https:\/\/ulpmat.com\/product\/borure-de-zirconium\/"},"modified":"2025-11-28T15:05:23","modified_gmt":"2025-11-28T07:05:23","slug":"borure-de-zirconium","status":"publish","type":"product","link":"https:\/\/ulpmat.com\/fr\/produit\/borure-de-zirconium\/","title":{"rendered":"Borure de zirconium"},"content":{"rendered":"<h2><span style=\"font-size: 14pt;\">Pr\u00e9sentation des cibles de pulv\u00e9risation en borure de zirconium<\/span><\/h2>\n<p>Les cibles de pulv\u00e9risation<br \/>\n<span style=\"color: #0000ff;\"><a style=\"color: #0000ff;\" href=\"https:\/\/ulpmat.com\/fr\/recherche\/?type=name&#038;keyword=Zirconium+boride\">en borure de zirconium<\/a><\/span><br \/>\nsont des mat\u00e9riaux c\u00e9ramiques techniques con\u00e7us pour le d\u00e9p\u00f4t de films minces haute performance dans des environnements difficiles. Les cibles ZrB\u2082 offrent une grande puret\u00e9, une excellente conductivit\u00e9 \u00e9lectrique et une stabilit\u00e9 thermique sup\u00e9rieure, permettant la pr\u00e9paration de rev\u00eatements denses, uniformes et tr\u00e8s durs pour une large gamme d&rsquo;applications.<\/p>\n<p>Nos cibles de pulv\u00e9risation ZrB\u2082 sont fabriqu\u00e9es \u00e0 l&rsquo;aide de proc\u00e9d\u00e9s avanc\u00e9s de pressage \u00e0 chaud ou de liaison SPS, garantissant une excellente r\u00e9sistance m\u00e9canique, une faible porosit\u00e9 et des performances de d\u00e9p\u00f4t fiables. Nous proposons une vari\u00e9t\u00e9 de formes personnalis\u00e9es, notamment des types plans, rotatifs, li\u00e9s et \u00e0 plaque d&rsquo;appui, afin de r\u00e9pondre aux besoins des syst\u00e8mes de rev\u00eatement \u00e0 l&rsquo;\u00e9chelle industrielle et de R&amp;D.<\/p>\n<h2><span style=\"font-size: 14pt;\">Points forts du produit<\/span><\/h2>\n<p>Haute puret\u00e9<br \/>\nFaible porosit\u00e9 et haute densit\u00e9<br \/>\nHaute stabilit\u00e9 thermique et chimique<br \/>\nConvient au pulv\u00e9risation haute puissance et aux conditions de pr\u00e9paration de films extr\u00eamement minces<br \/>\nExcellente conductivit\u00e9 \u00e9lectrique<br \/>\nDimensions enti\u00e8rement personnalisables<br \/>\nStructure et m\u00e9thodes de liaison personnalisables<\/p>\n<h2><span style=\"font-size: 14pt;\">Applications des cibles de pulv\u00e9risation ZrB\u2082<\/span><\/h2>\n<p>Rev\u00eatements durs protecteurs : utilis\u00e9s dans les outils de coupe, les composants r\u00e9sistants \u00e0 l&rsquo;usure et les pi\u00e8ces a\u00e9rospatiales.<br \/>\nFilms c\u00e9ramiques fonctionnels : conviennent aux couches c\u00e9ramiques r\u00e9sistantes \u00e0 la corrosion, conductrices et \u00e0 haute temp\u00e9rature.<br \/>\nMicro\u00e9lectronique et capteurs : pour les composants c\u00e9ramiques \u00e0 haute conductivit\u00e9 et les couches barri\u00e8res. Films<br \/>\n<span style=\"color: #0000ff;\"><a style=\"color: #0000ff;\" href=\"https:\/\/ulpmat.com\/fr\/candidature\/materiaux-optiques\/\">optiques<\/a><\/span><br \/>\nminces : permet d&rsquo;obtenir des rev\u00eatements durables et tr\u00e8s stables pour les syst\u00e8mes optiques infrarouges et \u00e0 haute \u00e9nergie.<\/p>\n<h2><span style=\"color: #0000ff;\"><a style=\"color: #0000ff;\" href=\"https:\/\/ulpmat.com\/fr\/societe\/faq\/\"><span style=\"font-size: 14pt;\">FAQ<\/span><\/a><\/span><\/h2>\n<p>Q1 : Quelles formes et dimensions de cibles de pulv\u00e9risation ZrB2 proposez-vous ?<br \/>\nA1 : Nous proposons des disques plans, des plaques plates, des cibles \u00e0 gradins et des cibles tubulaires rotatives, qui peuvent \u00eatre coll\u00e9es sur des plaques de support en cuivre ou en aluminium.<\/p>\n<p>Q2 : Les cibles ZrB2 sont-elles adapt\u00e9es \u00e0 la pulv\u00e9risation \u00e0 haute puissance ?<br \/>\nR2 : Oui. Leur conductivit\u00e9 thermique \u00e9lev\u00e9e et leur excellente r\u00e9sistance c\u00e9ramique permettent un fonctionnement stable \u00e0 une puissance de pulv\u00e9risation \u00e9lev\u00e9e.<\/p>\n<p>Q3 : Comment les cibles de pulv\u00e9risation ZrB2 doivent-elles \u00eatre stock\u00e9es ?<br \/>\nR3 : Stockez-les dans un environnement sec et herm\u00e9tique. \u00c9vitez l&rsquo;humidit\u00e9 et les fluctuations de temp\u00e9rature afin d&#8217;emp\u00eacher l&rsquo;oxydation de la surface.<\/p>\n<p>Q4 : La puret\u00e9 ou la densit\u00e9 peuvent-elles \u00eatre personnalis\u00e9es ?<br \/>\nR4 : Oui, nous pouvons fournir des degr\u00e9s de puret\u00e9 ajustables, une optimisation de la densit\u00e9 et des processus de frittage personnalis\u00e9s en fonction des exigences de performance.<\/p>\n<h2><span style=\"font-size: 14pt;\">Rapports<\/span><\/h2>\n<p>Chaque lot est fourni avec :<br \/>\n<span style=\"color: #0000ff;\"><a style=\"color: #0000ff;\" href=\"https:\/\/ulpmat.com\/fr\/documents\/certificat-danalyse\/\">Certificat d&rsquo;analyse (COA)<\/a><\/span><\/p>\n<p><span style=\"color: #0000ff;\"><a style=\"color: #0000ff;\" href=\"https:\/\/ulpmat.com\/fr\/documents\/fiche-technique\/\">Fiche technique (TDS)<\/a><\/span><\/p>\n<p><span style=\"color: #0000ff;\"><a style=\"color: #0000ff;\" href=\"https:\/\/ulpmat.com\/fr\/documents\/fiche-de-donnees-de-securite\/\">Fiche de donn\u00e9es de s\u00e9curit\u00e9 (MSDS)<\/a><\/span><br \/>\nDes rapports d&rsquo;essais effectu\u00e9s par des tiers sont disponibles sur demande.<\/p>\n<h2><span style=\"font-size: 14pt;\">Pourquoi choisir nos cibles de pulv\u00e9risation ZrB2 ?<\/span><\/h2>\n<p>Qualit\u00e9 stable du film : la faible formation de particules et la structure haute densit\u00e9 de la cible garantissent un d\u00e9p\u00f4t uniforme.<br \/>\nProduction personnalis\u00e9e : une production personnalis\u00e9e est disponible pour s&rsquo;adapter \u00e0 diff\u00e9rents \u00e9quipements de rev\u00eatement et sc\u00e9narios d&rsquo;application.<br \/>\nAssistance technique : assistance pour les param\u00e8tres de pulv\u00e9risation, les m\u00e9thodes de liaison et l&rsquo;optimisation du rev\u00eatement.<br \/>\nContr\u00f4le qualit\u00e9 strict : chaque cible est soumise \u00e0 des tests de puret\u00e9, de densit\u00e9, d&rsquo;uniformit\u00e9 et de microstructure.<br \/>\nApprovisionnement fiable et livraison rapide : une cha\u00eene d&rsquo;approvisionnement en mat\u00e9riaux stable et des capacit\u00e9s de production efficaces.<\/p>\n","protected":false},"excerpt":{"rendered":"<p>Pr\u00e9sentation des cibles de pulv\u00e9risation en borure de zirconium Les cibles de pulv\u00e9risation en borure de zirconium sont des mat\u00e9riaux c\u00e9ramiques techniques con\u00e7us pour le d\u00e9p\u00f4t de films minces haute performance dans des environnements difficiles. Les cibles ZrB\u2082 offrent une grande puret\u00e9, une excellente conductivit\u00e9 \u00e9lectrique et une stabilit\u00e9 thermique sup\u00e9rieure, permettant la pr\u00e9paration de [&hellip;]<\/p>\n","protected":false},"featured_media":37262,"template":"","meta":{"_acf_changed":false},"product_brand":[132],"product_cat":[449],"product_tag":[4246],"class_list":{"0":"post-37261","1":"product","2":"type-product","3":"status-publish","4":"has-post-thumbnail","6":"product_brand-ulpmat","7":"product_cat-cible-de-pulverisation-ceramique","8":"product_tag-cible-de-pulverisation-cathodique-en-borure-de-zirconium","10":"first","11":"instock","12":"shipping-taxable","13":"product-type-variable"},"acf":[],"_links":{"self":[{"href":"https:\/\/ulpmat.com\/fr\/wp-json\/wp\/v2\/product\/37261","targetHints":{"allow":["GET"]}}],"collection":[{"href":"https:\/\/ulpmat.com\/fr\/wp-json\/wp\/v2\/product"}],"about":[{"href":"https:\/\/ulpmat.com\/fr\/wp-json\/wp\/v2\/types\/product"}],"wp:featuredmedia":[{"embeddable":true,"href":"https:\/\/ulpmat.com\/fr\/wp-json\/wp\/v2\/media\/37262"}],"wp:attachment":[{"href":"https:\/\/ulpmat.com\/fr\/wp-json\/wp\/v2\/media?parent=37261"}],"wp:term":[{"taxonomy":"product_brand","embeddable":true,"href":"https:\/\/ulpmat.com\/fr\/wp-json\/wp\/v2\/product_brand?post=37261"},{"taxonomy":"product_cat","embeddable":true,"href":"https:\/\/ulpmat.com\/fr\/wp-json\/wp\/v2\/product_cat?post=37261"},{"taxonomy":"product_tag","embeddable":true,"href":"https:\/\/ulpmat.com\/fr\/wp-json\/wp\/v2\/product_tag?post=37261"}],"curies":[{"name":"wp","href":"https:\/\/api.w.org\/{rel}","templated":true}]}}