{"id":37171,"date":"2025-11-28T15:05:25","date_gmt":"2025-11-28T07:05:25","guid":{"rendered":"https:\/\/ulpmat.com\/product\/carbure-de-zirconium\/"},"modified":"2025-11-28T15:05:25","modified_gmt":"2025-11-28T07:05:25","slug":"carbure-de-zirconium","status":"publish","type":"product","link":"https:\/\/ulpmat.com\/fr\/produit\/carbure-de-zirconium\/","title":{"rendered":"Carbure de zirconium"},"content":{"rendered":"<h2><span style=\"font-size: 14pt;\">Pr\u00e9sentation des cibles de pulv\u00e9risation en carbure de zirconium<\/span><\/h2>\n<p>Les cibles de pulv\u00e9risation<br \/>\n<span style=\"color: #0000ff;\"><a style=\"color: #0000ff;\" href=\"https:\/\/ulpmat.com\/fr\/recherche\/?type=name&#038;keyword=Zirconium+Carbide\">en carbure de zirconium<\/a><\/span><br \/>\nsont des mat\u00e9riaux c\u00e9ramiques-m\u00e9talliques avanc\u00e9s con\u00e7us pour le d\u00e9p\u00f4t de couches minces haute performance. Gr\u00e2ce \u00e0 leur excellente stabilit\u00e9 thermique, leur grande duret\u00e9 et leur bonne conductivit\u00e9 \u00e9lectrique, les cibles en ZrC permettent d&rsquo;obtenir des rev\u00eatements uniformes, denses et adh\u00e9rents dans les syst\u00e8mes PVD industriels et de recherche.<\/p>\n<p>Nos cibles ZrC sont fabriqu\u00e9es par pressage \u00e0 chaud ou frittage par plasma \u00e0 \u00e9tincelles (SPS) afin d&rsquo;obtenir une densit\u00e9 \u00e9lev\u00e9e, une faible porosit\u00e9 et une forte int\u00e9grit\u00e9 m\u00e9canique. Une grande vari\u00e9t\u00e9 de formes (planaires, rotatives, coll\u00e9es et g\u00e9om\u00e9tries personnalis\u00e9es) est disponible pour r\u00e9pondre aux diverses exigences des \u00e9quipements de rev\u00eatement sous vide.<\/p>\n<h2><span style=\"font-size: 14pt;\">Caract\u00e9ristiques du produit<\/span><\/h2>\n<p>Haute puret\u00e9<br \/>\nFaible teneur en impuret\u00e9s<br \/>\nHaute densit\u00e9<br \/>\nFaible porosit\u00e9<br \/>\nBonne conductivit\u00e9 \u00e9lectrique<br \/>\nCompatible avec les proc\u00e9d\u00e9s de pulv\u00e9risation magn\u00e9tron DC et RF.<br \/>\nFormes et dimensions personnalisables<br \/>\nCibles planes, rotatives, \u00e0 gradins ou coll\u00e9es disponibles avec des options de montage sur mesure.<\/p>\n<h2><span style=\"font-size: 14pt;\">Applications des cibles de pulv\u00e9risation ZrC<\/span><\/h2>\n<p>Rev\u00eatements durs : utilis\u00e9s pour les surfaces r\u00e9sistantes \u00e0 l&rsquo;usure, \u00e0 l&rsquo;\u00e9rosion et aux temp\u00e9ratures \u00e9lev\u00e9es.<br \/>\nFilms c\u00e9ramiques fonctionnels : id\u00e9aux pour les rev\u00eatements conducteurs, r\u00e9fractaires et \u00e0 haute duret\u00e9.<br \/>\nMicro\u00e9lectronique et capteurs : adapt\u00e9s aux barri\u00e8res de diffusion, aux couches conductrices et aux composants \u00e9lectroniques \u00e0 haute temp\u00e9rature. Rev\u00eatements<br \/>\n<span style=\"color: #0000ff;\"><a style=\"color: #0000ff;\" href=\"https:\/\/ulpmat.com\/fr\/candidature\/materiaux-optiques\/\">optiques<\/a><\/span><br \/>\net infrarouges : permettent d&rsquo;obtenir des films durables et hautement performants pour les applications dans le spectre infrarouge et visible.<\/p>\n<h2><span style=\"color: #0000ff;\"><a style=\"color: #0000ff;\" href=\"https:\/\/ulpmat.com\/fr\/societe\/faq\/\"><span style=\"font-size: 14pt;\">FAQ<\/span><\/a><\/span><\/h2>\n<p>Q1 : Quelles formes et quels formats sont disponibles pour les cibles en ZrC ?<br \/>\nR1 : Nous fournissons des disques plans, des plaques, des cibles \u00e0 gradins, des tubes rotatifs et des cibles coll\u00e9es avec des plaques de support en Cu ou Al. Des g\u00e9om\u00e9tries personnalis\u00e9es peuvent \u00e9galement \u00eatre con\u00e7ues.<\/p>\n<p>Q2 : Les cibles ZrC peuvent-elles fonctionner sous pulv\u00e9risation \u00e0 haute puissance ?<br \/>\nR2 : Oui. Leur excellente conductivit\u00e9 thermique, leur duret\u00e9 et leur int\u00e9grit\u00e9 m\u00e9canique permettent un d\u00e9p\u00f4t stable dans des conditions de haute puissance.<\/p>\n<p>Q3 : Comment les cibles en ZrC doivent-elles \u00eatre stock\u00e9es ?<br \/>\nR3 : Conservez-les dans un environnement sec et herm\u00e9tique. \u00c9vitez l&rsquo;humidit\u00e9 et les gaz corrosifs afin d&#8217;emp\u00eacher l&rsquo;oxydation de la surface.<\/p>\n<p>Q4 : La composition ou la densit\u00e9 de l&rsquo;alliage sont-elles ajustables ?<br \/>\nR4 : Le ZrC est g\u00e9n\u00e9ralement une c\u00e9ramique st\u0153chiom\u00e9trique, mais la densit\u00e9, l&rsquo;\u00e9paisseur et les m\u00e9thodes de liaison peuvent \u00eatre personnalis\u00e9es pour votre syst\u00e8me de pulv\u00e9risation.<\/p>\n<h2><span style=\"font-size: 14pt;\">Rapports<\/span><\/h2>\n<p>Chaque lot est fourni avec :<br \/>\n<span style=\"color: #0000ff;\"><a style=\"color: #0000ff;\" href=\"https:\/\/ulpmat.com\/fr\/service\/analyse-chimique\/\">Certificat d&rsquo;analyse (COA)<\/a><\/span><\/p>\n<p><span style=\"color: #0000ff;\"><a style=\"color: #0000ff;\" href=\"https:\/\/ulpmat.com\/fr\/documents\/fiche-technique\/\">Fiche technique (TDS)<\/a><\/span><\/p>\n<p><span style=\"color: #0000ff;\"><a style=\"color: #0000ff;\" href=\"https:\/\/ulpmat.com\/fr\/documents\/fiche-de-donnees-de-securite\/\">Fiche de donn\u00e9es de s\u00e9curit\u00e9 (MSDS)<\/a><\/span><br \/>\nRapports d&rsquo;essais effectu\u00e9s par des tiers disponibles sur demande<\/p>\n<h2><span style=\"font-size: 14pt;\">Pourquoi choisir nos cibles de pulv\u00e9risation ZrC ?<\/span><\/h2>\n<p>Qualit\u00e9 constante du film : faible g\u00e9n\u00e9ration de particules et \u00e9rosion uniforme pour des rev\u00eatements lisses et denses.<br \/>\nFabrication sur mesure : formes, \u00e9paisseurs et collage personnalis\u00e9s pour s&rsquo;adapter \u00e0 votre \u00e9quipement de d\u00e9p\u00f4t.<br \/>\n<span style=\"color: #0000ff;\"><a style=\"color: #0000ff;\" href=\"https:\/\/ulpmat.com\/fr\/service\/support-technique\/\">Assistance technique :<\/a><\/span><br \/>\nconseils sur les param\u00e8tres de pulv\u00e9risation, l&rsquo;installation des cibles et l&rsquo;optimisation des films minces.<br \/>\nAssurance qualit\u00e9 : chaque cible est test\u00e9e pour v\u00e9rifier sa puret\u00e9, sa densit\u00e9, sa microstructure et ses propri\u00e9t\u00e9s \u00e9lectriques.<br \/>\nApprovisionnement et livraison fiables : une production et un stock stables garantissent une livraison rapide pour les besoins de la R&amp;D et de la production.<\/p>\n","protected":false},"excerpt":{"rendered":"<p>Pr\u00e9sentation des cibles de pulv\u00e9risation en carbure de zirconium Les cibles de pulv\u00e9risation en carbure de zirconium sont des mat\u00e9riaux c\u00e9ramiques-m\u00e9talliques avanc\u00e9s con\u00e7us pour le d\u00e9p\u00f4t de couches minces haute performance. Gr\u00e2ce \u00e0 leur excellente stabilit\u00e9 thermique, leur grande duret\u00e9 et leur bonne conductivit\u00e9 \u00e9lectrique, les cibles en ZrC permettent d&rsquo;obtenir des rev\u00eatements uniformes, denses [&hellip;]<\/p>\n","protected":false},"featured_media":37172,"template":"","meta":{"_acf_changed":false},"product_brand":[132],"product_cat":[449],"product_tag":[4228],"class_list":{"0":"post-37171","1":"product","2":"type-product","3":"status-publish","4":"has-post-thumbnail","6":"product_brand-ulpmat","7":"product_cat-cible-de-pulverisation-ceramique","8":"product_tag-cible-de-pulverisation-en-carbure-de-zirconium","10":"first","11":"instock","12":"shipping-taxable","13":"product-type-variable"},"acf":[],"_links":{"self":[{"href":"https:\/\/ulpmat.com\/fr\/wp-json\/wp\/v2\/product\/37171","targetHints":{"allow":["GET"]}}],"collection":[{"href":"https:\/\/ulpmat.com\/fr\/wp-json\/wp\/v2\/product"}],"about":[{"href":"https:\/\/ulpmat.com\/fr\/wp-json\/wp\/v2\/types\/product"}],"wp:featuredmedia":[{"embeddable":true,"href":"https:\/\/ulpmat.com\/fr\/wp-json\/wp\/v2\/media\/37172"}],"wp:attachment":[{"href":"https:\/\/ulpmat.com\/fr\/wp-json\/wp\/v2\/media?parent=37171"}],"wp:term":[{"taxonomy":"product_brand","embeddable":true,"href":"https:\/\/ulpmat.com\/fr\/wp-json\/wp\/v2\/product_brand?post=37171"},{"taxonomy":"product_cat","embeddable":true,"href":"https:\/\/ulpmat.com\/fr\/wp-json\/wp\/v2\/product_cat?post=37171"},{"taxonomy":"product_tag","embeddable":true,"href":"https:\/\/ulpmat.com\/fr\/wp-json\/wp\/v2\/product_tag?post=37171"}],"curies":[{"name":"wp","href":"https:\/\/api.w.org\/{rel}","templated":true}]}}