{"id":36110,"date":"2025-12-03T11:12:06","date_gmt":"2025-12-03T03:12:06","guid":{"rendered":"https:\/\/ulpmat.com\/product\/aluminate-dyttrium-oxyde-dyttrium-et-daluminium-yag\/"},"modified":"2025-12-03T11:12:06","modified_gmt":"2025-12-03T03:12:06","slug":"aluminate-dyttrium-oxyde-dyttrium-et-daluminium-yag","status":"publish","type":"product","link":"https:\/\/ulpmat.com\/fr\/produit\/aluminate-dyttrium-oxyde-dyttrium-et-daluminium-yag\/","title":{"rendered":"Aluminate d&rsquo;yttrium (oxyde d&rsquo;yttrium et d&rsquo;aluminium) (YAG)"},"content":{"rendered":"<h2><span style=\"font-size: 14pt;\">Pr\u00e9sentation de la poudre d&rsquo;oxyde d&rsquo;yttrium et d&rsquo;aluminium<\/span><\/h2>\n<p>La poudre<br \/>\n<span style=\"color: #0000ff;\"><a style=\"color: #0000ff;\" href=\"https:\/\/ulpmat.com\/fr\/recherche\/?type=name&#038;keyword=Yttrium+Aluminum+Oxide\">d&rsquo;oxyde d&rsquo;yttrium et d&rsquo;aluminium<\/a><\/span><br \/>\nest une poudre de grenat d&rsquo;yttrium et d&rsquo;aluminium de haute puret\u00e9 largement utilis\u00e9e dans la pr\u00e9paration de mat\u00e9riaux laser, de c\u00e9ramiques et de dispositifs <span style=\"color: #0000ff;\"><a style=\"color: #0000ff;\" href=\"https:\/\/ulpmat.com\/fr\/candidature\/materiaux-optiques\/\">optiques<\/a><\/span><br \/>\n.<\/p>\n<p>Nous proposons la poudre Y3Al5O12 en diff\u00e9rentes tailles de particules et degr\u00e9s de puret\u00e9 afin de r\u00e9pondre aux divers besoins de la recherche scientifique et des applications industrielles. N&rsquo;h\u00e9sitez pas \u00e0 <span style=\"color: #0000ff;\"><a style=\"color: #0000ff;\" href=\"https:\/\/ulpmat.com\/fr\/contactez-nous\/\">nous contacter<\/a><\/span><br \/>\n\u00e0 tout moment pour obtenir des informations d\u00e9taill\u00e9es et des solutions <span style=\"color: #0000ff;\"><a style=\"color: #0000ff;\" href=\"https:\/\/ulpmat.com\/fr\/service\/personnalisation\/\">personnalis\u00e9es<\/a><\/span><br \/>\n.<\/p>\n<h2><span style=\"font-size: 14pt;\">Points forts du produit<\/span><\/h2>\n<p>Haute puret\u00e9, faible teneur en impuret\u00e9s<br \/>\nTaille des particules uniforme, forte contr\u00f4labilit\u00e9<br \/>\nExcellente stabilit\u00e9 thermique<br \/>\nTransparence optique exceptionnelle<br \/>\nBonnes propri\u00e9t\u00e9s m\u00e9caniques<br \/>\nApplicable aux dispositifs de haute pr\u00e9cision<br \/>\nApprovisionnement \u00e0 long terme et livraison rapide<\/p>\n<h2><span style=\"font-size: 14pt;\">Applications de la poudre d&rsquo;oxyde d&rsquo;yttrium-aluminium<\/span><\/h2>\n<p>Mat\u00e9riaux laser : utilis\u00e9 comme milieu amplificateur dans les lasers \u00e0 \u00e9tat solide pour am\u00e9liorer l&rsquo;efficacit\u00e9 de sortie du laser.<br \/>\nC\u00e9ramiques haute performance : en tant que composant de mat\u00e9riaux c\u00e9ramiques, pour am\u00e9liorer la r\u00e9sistance m\u00e9canique et la r\u00e9sistance \u00e0 l&rsquo;usure. Mat\u00e9riaux<br \/>\n<span style=\"color: #0000ff;\"><a style=\"color: #0000ff;\" href=\"https:\/\/ulpmat.com\/fr\/candidature\/materiaux-optiques\/\">optiques<\/a><\/span><br \/>\n: utilis\u00e9 dans les lentilles optiques, les fen\u00eatres laser et les fibres optiques pour am\u00e9liorer la transmittance optique.<br \/>\nC\u00e9ramiques \u00e9lectroniques : utilis\u00e9 dans les c\u00e9ramiques \u00e9lectroniques haute fr\u00e9quence et les dispositifs micro\u00e9lectroniques pour am\u00e9liorer les performances \u00e9lectriques et la fiabilit\u00e9.<\/p>\n<h2><span style=\"color: #0000ff;\"><a style=\"color: #0000ff;\" href=\"https:\/\/ulpmat.com\/fr\/societe\/faq\/\"><span style=\"font-size: 14pt;\">FAQ<\/span><\/a><\/span><\/h2>\n<p>Q1 : La poudre d&rsquo;aluminate d&rsquo;yttrium est-elle adapt\u00e9e aux applications laser ?<br \/>\nR1 : Oui, notre poudre est de haute puret\u00e9 et pr\u00e9sente une taille de particules uniforme, ce qui la rend id\u00e9ale comme mat\u00e9riau de gain pour les lasers \u00e0 \u00e9tat solide.<\/p>\n<p>Q2 : Quelle est la r\u00e9sistance \u00e0 haute temp\u00e9rature de la poudre d&rsquo;aluminate d&rsquo;yttrium ?<br \/>\nR2 : Cette poudre pr\u00e9sente une excellente stabilit\u00e9 thermique et peut supporter des processus de traitement et de frittage \u00e0 haute temp\u00e9rature tout en conservant des propri\u00e9t\u00e9s mat\u00e9rielles stables.<\/p>\n<p>Q3 : Quelles sont les exigences en mati\u00e8re de stockage et de transport de la poudre ?<br \/>\nR3 : Elle doit \u00eatre stock\u00e9e dans un endroit sec, ventil\u00e9 et frais, \u00e0 l&rsquo;abri de l&rsquo;humidit\u00e9 et des temp\u00e9ratures \u00e9lev\u00e9es. Un emballage r\u00e9sistant aux chocs et \u00e0 l&rsquo;humidit\u00e9 doit \u00eatre utilis\u00e9 pour le transport.<\/p>\n<p>Q4 : La taille des particules de la poudre Y3Al5O12 peut-elle \u00eatre personnalis\u00e9e ?<br \/>\nR4 : Oui, nous pouvons fournir des poudres avec diff\u00e9rentes gammes de tailles de particules en fonction des besoins des clients, de l&rsquo;\u00e9chelle du micron \u00e0 celle du nanom\u00e8tre.<\/p>\n<h2><span style=\"font-size: 14pt;\">Rapports<\/span><\/h2>\n<p>Chaque lot est fourni avec :<br \/>\n<span style=\"color: #0000ff;\"><a style=\"color: #0000ff;\" href=\"https:\/\/ulpmat.com\/fr\/documents\/certificat-danalyse\/\"><u>Certificat d&rsquo;analyse (COA)<\/u><\/a><\/span><\/p>\n<p><span style=\"color: #0000ff;\"><a style=\"color: #0000ff;\" href=\"https:\/\/ulpmat.com\/fr\/documents\/fiche-technique\/\"><u>Fiche technique (TDS)<\/u><\/a><\/span><\/p>\n<p><span style=\"color: #0000ff;\"><a style=\"color: #0000ff;\" href=\"https:\/\/ulpmat.com\/fr\/documents\/fiche-de-donnees-de-securite\/\"><u>Fiche de donn\u00e9es de s\u00e9curit\u00e9 (MSDS)<\/u><\/a><\/span><br \/>\nRapports d&rsquo;essais effectu\u00e9s par des tiers disponibles sur demande<\/p>\n<h2><span style=\"font-size: 14pt;\">Pourquoi nous choisir ?<\/span><\/h2>\n<p>Nous sommes sp\u00e9cialis\u00e9s dans la production de poudre Y3Al5O12 de haute puret\u00e9 et haute performance. Notre contr\u00f4le qualit\u00e9 rigoureux et notre vaste exp\u00e9rience dans la production sur mesure garantissent des produits stables et fiables qui r\u00e9pondent \u00e0 divers besoins industriels et de recherche.<\/p>\n","protected":false},"excerpt":{"rendered":"<p>Pr\u00e9sentation de la poudre d&rsquo;oxyde d&rsquo;yttrium et d&rsquo;aluminium La poudre d&rsquo;oxyde d&rsquo;yttrium et d&rsquo;aluminium est une poudre de grenat d&rsquo;yttrium et d&rsquo;aluminium de haute puret\u00e9 largement utilis\u00e9e dans la pr\u00e9paration de mat\u00e9riaux laser, de c\u00e9ramiques et de dispositifs optiques . Nous proposons la poudre Y3Al5O12 en diff\u00e9rentes tailles de particules et degr\u00e9s de puret\u00e9 afin [&hellip;]<\/p>\n","protected":false},"featured_media":36111,"template":"","meta":{"_acf_changed":false},"product_brand":[132],"product_cat":[314],"product_tag":[3965],"class_list":{"0":"post-36110","1":"product","2":"type-product","3":"status-publish","4":"has-post-thumbnail","6":"product_brand-ulpmat","7":"product_cat-materiaux-a-base-de-terres-rares","8":"product_tag-poudre-daluminate-dyttrium-oxyde-dyttrium-et-daluminium-yag","10":"first","11":"instock","12":"shipping-taxable","13":"product-type-variable"},"acf":[],"_links":{"self":[{"href":"https:\/\/ulpmat.com\/fr\/wp-json\/wp\/v2\/product\/36110","targetHints":{"allow":["GET"]}}],"collection":[{"href":"https:\/\/ulpmat.com\/fr\/wp-json\/wp\/v2\/product"}],"about":[{"href":"https:\/\/ulpmat.com\/fr\/wp-json\/wp\/v2\/types\/product"}],"wp:featuredmedia":[{"embeddable":true,"href":"https:\/\/ulpmat.com\/fr\/wp-json\/wp\/v2\/media\/36111"}],"wp:attachment":[{"href":"https:\/\/ulpmat.com\/fr\/wp-json\/wp\/v2\/media?parent=36110"}],"wp:term":[{"taxonomy":"product_brand","embeddable":true,"href":"https:\/\/ulpmat.com\/fr\/wp-json\/wp\/v2\/product_brand?post=36110"},{"taxonomy":"product_cat","embeddable":true,"href":"https:\/\/ulpmat.com\/fr\/wp-json\/wp\/v2\/product_cat?post=36110"},{"taxonomy":"product_tag","embeddable":true,"href":"https:\/\/ulpmat.com\/fr\/wp-json\/wp\/v2\/product_tag?post=36110"}],"curies":[{"name":"wp","href":"https:\/\/api.w.org\/{rel}","templated":true}]}}