{"id":36032,"date":"2025-12-03T11:12:06","date_gmt":"2025-12-03T03:12:06","guid":{"rendered":"https:\/\/ulpmat.com\/product\/borure-dyttrium\/"},"modified":"2025-12-03T11:12:06","modified_gmt":"2025-12-03T03:12:06","slug":"borure-dyttrium","status":"publish","type":"product","link":"https:\/\/ulpmat.com\/fr\/produit\/borure-dyttrium\/","title":{"rendered":"Borure d&rsquo;Yttrium"},"content":{"rendered":"<h2><span style=\"font-size: 14pt;\">Pr\u00e9sentation de la poudre de borure d&rsquo;yttrium<\/span><\/h2>\n<p>La poudre<br \/>\n<span style=\"color: #0000ff;\"><a style=\"color: #0000ff;\" href=\"https:\/\/ulpmat.com\/fr\/recherche\/?type=name&#038;keyword=Yttrium+Boride\">de borure d&rsquo;yttrium<\/a><\/span><br \/>\nest une poudre de borure m\u00e9tallique de haute puret\u00e9 largement utilis\u00e9e dans les carbures c\u00e9ment\u00e9s, les mat\u00e9riaux \u00e9lectroniques et les mat\u00e9riaux structurels \u00e0 haute temp\u00e9rature.<\/p>\n<p>Nous proposons de la poudre de borure d&rsquo;yttrium dans diff\u00e9rentes tailles de particules et diff\u00e9rents degr\u00e9s de puret\u00e9 afin de r\u00e9pondre aux besoins de la recherche et des applications industrielles. <span style=\"color: #0000ff;\"><a style=\"color: #0000ff;\" href=\"https:\/\/ulpmat.com\/fr\/contactez-nous\/\">Contactez-nous<\/a><\/span><br \/>\npour obtenir des solutions <span style=\"color: #0000ff;\"><a style=\"color: #0000ff;\" href=\"https:\/\/ulpmat.com\/fr\/service\/personnalisation\/\">personnalis\u00e9es<\/a><\/span><br \/>\net <span style=\"color: #0000ff;\"><a style=\"color: #0000ff;\" href=\"https:\/\/ulpmat.com\/fr\/service\/support-technique\/\">une assistance technique.<\/a><\/span><\/p>\n<h2><span style=\"font-size: 14pt;\">Caract\u00e9ristiques du produit<\/span><\/h2>\n<p>Haute puret\u00e9, faible teneur en impuret\u00e9s<br \/>\nExcellente duret\u00e9 et r\u00e9sistance \u00e0 l&rsquo;usure<br \/>\nBonne stabilit\u00e9 thermique<br \/>\nTaille et morphologie des particules personnalisables<br \/>\nExcellente stabilit\u00e9 chimique<br \/>\nApprovisionnement \u00e0 long terme, qualit\u00e9 fiable<br \/>\nFacile \u00e0 traiter et \u00e0 utiliser<\/p>\n<h2><span style=\"font-size: 14pt;\">Applications de la poudre de borure d&rsquo;yttrium<\/span><\/h2>\n<p>Mat\u00e9riaux en carbure c\u00e9ment\u00e9 : utilis\u00e9s dans la fabrication d&rsquo;outils de coupe et d&rsquo;instruments de coupe r\u00e9sistants \u00e0 l&rsquo;usure afin d&rsquo;am\u00e9liorer leur duret\u00e9 et leur durabilit\u00e9.<br \/>\nMat\u00e9riaux \u00e9lectroniques : utilis\u00e9s comme mat\u00e9riaux conducteurs ou isolants dans les composants \u00e9lectroniques haute performance.<br \/>\nMat\u00e9riaux structurels haute temp\u00e9rature : adapt\u00e9s aux composants structurels dans des environnements \u00e0 haute temp\u00e9rature, garantissant des propri\u00e9t\u00e9s m\u00e9caniques stables.<br \/>\nSupport de catalyseur : utilis\u00e9 comme support de catalyseur pour am\u00e9liorer l&rsquo;efficacit\u00e9 et la s\u00e9lectivit\u00e9 de la r\u00e9action catalytique.<\/p>\n<h2><span style=\"color: #0000ff;\"><a style=\"color: #0000ff;\" href=\"https:\/\/ulpmat.com\/fr\/societe\/faq\/\"><span style=\"font-size: 14pt;\">FAQ<\/span><\/a><\/span><\/h2>\n<p>Q1 : Quelle est la puret\u00e9 de la poudre de borure d&rsquo;yttrium ?<br \/>\nR1 : Notre poudre de borure d&rsquo;yttrium affiche une puret\u00e9 sup\u00e9rieure \u00e0 99,9 %, ce qui la rend adapt\u00e9e \u00e0 la recherche scientifique de haute pr\u00e9cision et aux applications industrielles.<\/p>\n<p>Q2 : La taille des particules de notre poudre de borure d&rsquo;yttrium peut-elle \u00eatre personnalis\u00e9e ?<br \/>\nR2 : Oui, nous proposons une gamme de tailles de particules allant du microm\u00e8tre au nanom\u00e8tre afin de r\u00e9pondre \u00e0 diverses exigences de processus.<\/p>\n<p>Q3 : Quel est le format d&#8217;emballage de la poudre ?<br \/>\nR3 : Nous utilisons des emballages r\u00e9sistants \u00e0 l&rsquo;humidit\u00e9 et aux chocs, g\u00e9n\u00e9ralement des sacs sous vide et des cartons renforc\u00e9s, afin de garantir l&rsquo;int\u00e9grit\u00e9 de la poudre pendant le transport.<\/p>\n<p>Q4 : Comment la poudre de borure d&rsquo;yttrium doit-elle \u00eatre stock\u00e9e ?<br \/>\nR4 : Elle doit \u00eatre stock\u00e9e dans un environnement sec, frais et bien ventil\u00e9, en \u00e9vitant les temp\u00e9ratures \u00e9lev\u00e9es et l&rsquo;humidit\u00e9 afin de maintenir la stabilit\u00e9 \u00e0 long terme des performances de la poudre.<\/p>\n<h2><span style=\"font-size: 14pt;\">Rapports<\/span><\/h2>\n<p>Chaque lot est fourni avec :<br \/>\n<span style=\"color: #0000ff;\"><a style=\"color: #0000ff;\" href=\"https:\/\/ulpmat.com\/fr\/documents\/certificat-danalyse\/\"><u>Certificat d&rsquo;analyse (COA)<\/u><\/a><\/span><\/p>\n<p><span style=\"color: #0000ff;\"><a style=\"color: #0000ff;\" href=\"https:\/\/ulpmat.com\/fr\/documents\/fiche-technique\/\"><u>Fiche technique (TDS)<\/u><\/a><\/span><\/p>\n<p><span style=\"color: #0000ff;\"><a style=\"color: #0000ff;\" href=\"https:\/\/ulpmat.com\/fr\/documents\/fiche-de-donnees-de-securite\/\"><u>Fiche de donn\u00e9es de s\u00e9curit\u00e9 (MSDS)<\/u><\/a><\/span><br \/>\nRapports d&rsquo;essais effectu\u00e9s par des tiers disponibles sur demande<\/p>\n<h2><span style=\"font-size: 14pt;\">Pourquoi nous choisir ?<\/span><\/h2>\n<p>Nous sommes sp\u00e9cialis\u00e9s dans la production de poudre de borure d&rsquo;yttrium de haute puret\u00e9, avec un contr\u00f4le qualit\u00e9 strict et des services personnalis\u00e9s afin de garantir des performances stables et fiables, r\u00e9pondant aux divers besoins de la recherche scientifique et de l&rsquo;industrie.<\/p>\n","protected":false},"excerpt":{"rendered":"<p>Pr\u00e9sentation de la poudre de borure d&rsquo;yttrium La poudre de borure d&rsquo;yttrium est une poudre de borure m\u00e9tallique de haute puret\u00e9 largement utilis\u00e9e dans les carbures c\u00e9ment\u00e9s, les mat\u00e9riaux \u00e9lectroniques et les mat\u00e9riaux structurels \u00e0 haute temp\u00e9rature. Nous proposons de la poudre de borure d&rsquo;yttrium dans diff\u00e9rentes tailles de particules et diff\u00e9rents degr\u00e9s de puret\u00e9 [&hellip;]<\/p>\n","protected":false},"featured_media":36033,"template":"","meta":{"_acf_changed":false},"product_brand":[132],"product_cat":[314,710],"product_tag":[3947],"class_list":{"0":"post-36032","1":"product","2":"type-product","3":"status-publish","4":"has-post-thumbnail","6":"product_brand-ulpmat","7":"product_cat-materiaux-a-base-de-terres-rares","8":"product_cat-materiaux-refractaires","9":"product_tag-poudre-de-borure-dyttrium","11":"first","12":"instock","13":"shipping-taxable","14":"product-type-variable"},"acf":[],"_links":{"self":[{"href":"https:\/\/ulpmat.com\/fr\/wp-json\/wp\/v2\/product\/36032","targetHints":{"allow":["GET"]}}],"collection":[{"href":"https:\/\/ulpmat.com\/fr\/wp-json\/wp\/v2\/product"}],"about":[{"href":"https:\/\/ulpmat.com\/fr\/wp-json\/wp\/v2\/types\/product"}],"wp:featuredmedia":[{"embeddable":true,"href":"https:\/\/ulpmat.com\/fr\/wp-json\/wp\/v2\/media\/36033"}],"wp:attachment":[{"href":"https:\/\/ulpmat.com\/fr\/wp-json\/wp\/v2\/media?parent=36032"}],"wp:term":[{"taxonomy":"product_brand","embeddable":true,"href":"https:\/\/ulpmat.com\/fr\/wp-json\/wp\/v2\/product_brand?post=36032"},{"taxonomy":"product_cat","embeddable":true,"href":"https:\/\/ulpmat.com\/fr\/wp-json\/wp\/v2\/product_cat?post=36032"},{"taxonomy":"product_tag","embeddable":true,"href":"https:\/\/ulpmat.com\/fr\/wp-json\/wp\/v2\/product_tag?post=36032"}],"curies":[{"name":"wp","href":"https:\/\/api.w.org\/{rel}","templated":true}]}}