{"id":35762,"date":"2025-12-03T11:12:09","date_gmt":"2025-12-03T03:12:09","guid":{"rendered":"https:\/\/ulpmat.com\/product\/vanadate-dyttrium\/"},"modified":"2025-12-03T11:12:09","modified_gmt":"2025-12-03T03:12:09","slug":"vanadate-dyttrium","status":"publish","type":"product","link":"https:\/\/ulpmat.com\/fr\/produit\/vanadate-dyttrium\/","title":{"rendered":"Vanadate d&rsquo;yttrium"},"content":{"rendered":"<h2><span style=\"font-size: 14pt;\">Pr\u00e9sentation de la poudre de vanadate d&rsquo;yttrium<\/span><\/h2>\n<p>La poudre<br \/>\n<span style=\"color: #0000ff;\"><a style=\"color: #0000ff;\" href=\"https:\/\/ulpmat.com\/fr\/recherche\/?type=name&#038;keyword=Yttrium+vanadate\">de vanadate d&rsquo;yttrium<\/a><\/span><br \/>\nest un mat\u00e9riau de vanadate d&rsquo;yttrium de haute puret\u00e9 largement utilis\u00e9 dans la pr\u00e9paration de cristaux laser, de c\u00e9ramiques optiques et de mat\u00e9riaux fluorescents.<\/p>\n<p>Nous proposons des poudres YVO4 de diff\u00e9rentes tailles de particules et puret\u00e9s pour r\u00e9pondre aux besoins de la recherche scientifique et de la pr\u00e9paration industrielle. Veuillez <span style=\"color: #0000ff;\"><a style=\"color: #0000ff;\" href=\"https:\/\/ulpmat.com\/fr\/contactez-nous\/\">nous contacter<\/a><\/span><br \/>\npour des solutions personnalis\u00e9es.<\/p>\n<h2><span style=\"font-size: 14pt;\">Points forts du produit<\/span><\/h2>\n<p>Haute puret\u00e9, faible teneur en impuret\u00e9s<br \/>\nTaille de particules uniforme et contr\u00f4lable<br \/>\nExcellente stabilit\u00e9 thermique<br \/>\nChimiquement stable<br \/>\nFacile \u00e0 transformer en mat\u00e9riaux optiques et c\u00e9ramiques<br \/>\nApprovisionnement \u00e0 long terme, qualit\u00e9 fiable<br \/>\nEmballage et sp\u00e9cifications personnalisables disponibles<\/p>\n<h2><span style=\"font-size: 14pt;\">Applications de la poudre de vanadate d&rsquo;yttrium<\/span><\/h2>\n<p>Cristaux laser : utilis\u00e9s dans la fabrication de lasers pour am\u00e9liorer le rendement et la stabilit\u00e9 de la sortie. C\u00e9ramiques<br \/>\n<span style=\"color: #0000ff;\"><a style=\"color: #0000ff;\" href=\"https:\/\/ulpmat.com\/fr\/candidature\/materiaux-optiques\/\">optiques<\/a><\/span><br \/>\n: utilis\u00e9es dans les c\u00e9ramiques optiques haute performance pour am\u00e9liorer la transmittance et l&rsquo;uniformit\u00e9.<br \/>\nMat\u00e9riaux fluorescents : utilis\u00e9s pour pr\u00e9parer des phosphores \u00e0 haute luminosit\u00e9, am\u00e9liorant l&rsquo;intensit\u00e9 lumineuse.<br \/>\nMat\u00e9riaux de recherche scientifique : fournit des mati\u00e8res premi\u00e8res de haute puret\u00e9 pour la recherche et le d\u00e9veloppement de mat\u00e9riaux optiques et c\u00e9ramiques.<\/p>\n<h2><span style=\"color: #0000ff;\"><a style=\"color: #0000ff;\" href=\"https:\/\/ulpmat.com\/fr\/societe\/faq\/\"><span style=\"font-size: 14pt;\">FAQ<\/span><\/a><\/span><\/h2>\n<p>Q1 : Quelle est la plage de puret\u00e9 de la poudre YVO4 ?<br \/>\nA1 : La puret\u00e9 de notre poudre peut atteindre plus de 99,9 %, ce qui garantit des performances stables pour la recherche scientifique et les applications industrielles.<\/p>\n<p>Q2 : La taille des particules de la poudre peut-elle \u00eatre ajust\u00e9e ?<br \/>\nA2 : Nous pouvons fournir diff\u00e9rentes tailles de particules pour r\u00e9pondre \u00e0 diff\u00e9rentes exigences de traitement.<\/p>\n<p>Q3 : Comment la poudre YVO4 doit-elle \u00eatre stock\u00e9e ?<br \/>\nA3 : Elle doit \u00eatre stock\u00e9e dans un environnement sec, frais et herm\u00e9tique, \u00e0 l&rsquo;abri de l&rsquo;humidit\u00e9, de la lumi\u00e8re et des temp\u00e9ratures \u00e9lev\u00e9es afin de pr\u00e9server ses performances.<\/p>\n<p>Q4 : Quelles sont les options d&#8217;emballage pour la poudre ?<br \/>\nA4 : Elle est g\u00e9n\u00e9ralement conditionn\u00e9e dans des sacs \u00e9tanches \u00e0 l&rsquo;humidit\u00e9 ou des bouteilles en plastique, compl\u00e9t\u00e9s par des bo\u00eetes en carton renforc\u00e9es pour le transport afin de garantir l&rsquo;int\u00e9grit\u00e9 de la poudre.<\/p>\n<h2><span style=\"font-size: 14pt;\">Rapports<\/span><\/h2>\n<p>Chaque lot est fourni avec :<br \/>\n<span style=\"color: #0000ff;\"><a style=\"color: #0000ff;\" href=\"https:\/\/ulpmat.com\/fr\/documents\/certificat-danalyse\/\"><u>Certificat d&rsquo;analyse (COA)<\/u><\/a><\/span><\/p>\n<p><span style=\"color: #0000ff;\"><a style=\"color: #0000ff;\" href=\"https:\/\/ulpmat.com\/fr\/documents\/fiche-technique\/\"><u>Fiche technique (TDS)<\/u><\/a><\/span><\/p>\n<p><span style=\"color: #0000ff;\"><a style=\"color: #0000ff;\" href=\"https:\/\/ulpmat.com\/fr\/documents\/fiche-de-donnees-de-securite\/\"><u>Fiche de donn\u00e9es de s\u00e9curit\u00e9 (MSDS)<\/u><\/a><\/span><br \/>\nRapports d&rsquo;essais effectu\u00e9s par des tiers disponibles sur demande<\/p>\n<h2><span style=\"font-size: 14pt;\">Pourquoi nous choisir ?<\/span><\/h2>\n<p>Nous sommes sp\u00e9cialis\u00e9s dans la production de poudre YVO4 de haute puret\u00e9, avec une gestion stricte de la qualit\u00e9 et des services personnalis\u00e9s afin de garantir des performances stables et fiables de la poudre, r\u00e9pondant aux besoins de la recherche scientifique et des applications industrielles.<\/p>\n","protected":false},"excerpt":{"rendered":"<p>Pr\u00e9sentation de la poudre de vanadate d&rsquo;yttrium La poudre de vanadate d&rsquo;yttrium est un mat\u00e9riau de vanadate d&rsquo;yttrium de haute puret\u00e9 largement utilis\u00e9 dans la pr\u00e9paration de cristaux laser, de c\u00e9ramiques optiques et de mat\u00e9riaux fluorescents. Nous proposons des poudres YVO4 de diff\u00e9rentes tailles de particules et puret\u00e9s pour r\u00e9pondre aux besoins de la recherche [&hellip;]<\/p>\n","protected":false},"featured_media":35764,"template":"","meta":{"_acf_changed":false},"product_brand":[132],"product_cat":[314],"product_tag":[3881],"class_list":{"0":"post-35762","1":"product","2":"type-product","3":"status-publish","4":"has-post-thumbnail","6":"product_brand-ulpmat","7":"product_cat-materiaux-a-base-de-terres-rares","8":"product_tag-poudre-de-vanadate-dyttrium","10":"first","11":"instock","12":"shipping-taxable","13":"product-type-variable"},"acf":[],"_links":{"self":[{"href":"https:\/\/ulpmat.com\/fr\/wp-json\/wp\/v2\/product\/35762","targetHints":{"allow":["GET"]}}],"collection":[{"href":"https:\/\/ulpmat.com\/fr\/wp-json\/wp\/v2\/product"}],"about":[{"href":"https:\/\/ulpmat.com\/fr\/wp-json\/wp\/v2\/types\/product"}],"wp:featuredmedia":[{"embeddable":true,"href":"https:\/\/ulpmat.com\/fr\/wp-json\/wp\/v2\/media\/35764"}],"wp:attachment":[{"href":"https:\/\/ulpmat.com\/fr\/wp-json\/wp\/v2\/media?parent=35762"}],"wp:term":[{"taxonomy":"product_brand","embeddable":true,"href":"https:\/\/ulpmat.com\/fr\/wp-json\/wp\/v2\/product_brand?post=35762"},{"taxonomy":"product_cat","embeddable":true,"href":"https:\/\/ulpmat.com\/fr\/wp-json\/wp\/v2\/product_cat?post=35762"},{"taxonomy":"product_tag","embeddable":true,"href":"https:\/\/ulpmat.com\/fr\/wp-json\/wp\/v2\/product_tag?post=35762"}],"curies":[{"name":"wp","href":"https:\/\/api.w.org\/{rel}","templated":true}]}}