{"id":35690,"date":"2025-12-03T11:12:10","date_gmt":"2025-12-03T03:12:10","guid":{"rendered":"https:\/\/ulpmat.com\/product\/zircone-stabilisee-a-lyttrium-ysz-2\/"},"modified":"2025-12-03T11:12:10","modified_gmt":"2025-12-03T03:12:10","slug":"zircone-stabilisee-a-lyttrium-ysz-2","status":"publish","type":"product","link":"https:\/\/ulpmat.com\/fr\/produit\/zircone-stabilisee-a-lyttrium-ysz-2\/","title":{"rendered":"Zircone stabilis\u00e9e \u00e0 l&rsquo;yttrium (YSZ)"},"content":{"rendered":"<h2><span style=\"font-size: 14pt;\">\u00a0Poudre de zircone stabilis\u00e9e \u00e0 l&rsquo;yttrium Pr\u00e9sentation<\/span><\/h2>\n<p>La poudre<br \/>\n<span style=\"color: #0000ff;\"><a style=\"color: #0000ff;\" href=\"https:\/\/ulpmat.com\/fr\/recherche\/?type=name&#038;keyword=Yttria-Stabilized+Zirconia\">de zircone stabilis\u00e9e \u00e0 l&rsquo;yttrium<\/a><\/span><br \/>\nest une poudre composite d&rsquo;oxyde de terre rare de haute puret\u00e9 largement utilis\u00e9e dans la pr\u00e9paration de c\u00e9ramiques, de mat\u00e9riaux optiques et de rev\u00eatements haute temp\u00e9rature.<\/p>\n<p>Nous proposons des poudres Y2O3-ZrO2 de haute puret\u00e9 dans diff\u00e9rentes sp\u00e9cifications et diff\u00e9rents ratios afin de r\u00e9pondre aux besoins de la recherche scientifique et des applications industrielles. Qu&rsquo;il s&rsquo;agisse de la pr\u00e9paration de c\u00e9ramiques, du d\u00e9p\u00f4t de rev\u00eatements ou du d\u00e9veloppement de mat\u00e9riaux, nous pouvons fournir <span style=\"color: #0000ff;\"><a style=\"color: #0000ff;\" href=\"https:\/\/ulpmat.com\/fr\/service\/support-technique\/\">une assistance technique<\/a><\/span><br \/>\npersonnalis\u00e9e et des solutions professionnelles. Veuillez <span style=\"color: #0000ff;\"><a style=\"color: #0000ff;\" href=\"https:\/\/ulpmat.com\/fr\/contactez-nous\/\">nous contacter<\/a><\/span><br \/>\npour obtenir un devis et des informations d\u00e9taill\u00e9es.<\/p>\n<h2><span style=\"font-size: 14pt;\">Points forts du produit<\/span><\/h2>\n<p>Haute puret\u00e9, faible teneur en impuret\u00e9s<br \/>\nTaille des particules uniforme et contr\u00f4lable<br \/>\nForte stabilit\u00e9 chimique<br \/>\nExcellente stabilit\u00e9 thermique<br \/>\nFacile \u00e0 traiter et \u00e0 fritter<br \/>\nGrande coh\u00e9rence entre les lots<br \/>\nRatios et sp\u00e9cifications personnalisables<\/p>\n<h2><span style=\"font-size: 14pt;\">Applications de la poudre de zircone stabilis\u00e9e \u00e0 l&rsquo;yttria<\/span><\/h2>\n<p>C\u00e9ramiques haute performance : utilis\u00e9es pour fabriquer des mat\u00e9riaux c\u00e9ramiques r\u00e9sistants aux temp\u00e9ratures \u00e9lev\u00e9es et \u00e0 l&rsquo;usure. Mat\u00e9riaux<br \/>\n<span style=\"color: #0000ff;\"><a style=\"color: #0000ff;\" href=\"https:\/\/ulpmat.com\/fr\/candidature\/materiaux-optiques\/\">optiques<\/a><\/span><br \/>\n: utilis\u00e9s dans les c\u00e9ramiques transparentes et les rev\u00eatements optiques pour am\u00e9liorer les performances optiques.<br \/>\nRev\u00eatements haute temp\u00e9rature : utilis\u00e9s pour recouvrir les \u00e9quipements haute temp\u00e9rature afin d&rsquo;am\u00e9liorer leur r\u00e9sistance \u00e0 la chaleur et \u00e0 l&rsquo;usure.<br \/>\nMat\u00e9riaux de recherche : fourniture de poudres de haute puret\u00e9 \u00e0 particules contr\u00f4lables pour la recherche sur les mat\u00e9riaux.<\/p>\n<h2><span style=\"color: #0000ff;\"><a style=\"color: #0000ff;\" href=\"https:\/\/ulpmat.com\/fr\/societe\/faq\/\"><span style=\"font-size: 14pt;\">FAQ<\/span><\/a><\/span><\/h2>\n<p>Q1 : Quelle est la stabilit\u00e9 chimique de la poudre ?<br \/>\nA1 : La poudre pr\u00e9sente une bonne stabilit\u00e9 chimique, r\u00e9siste aux environnements acides et alcalins et peut supporter des processus de frittage \u00e0 haute temp\u00e9rature.<\/p>\n<p>Q2 : Comment la poudre doit-elle \u00eatre stock\u00e9e pour conserver ses performances ?<br \/>\nA2 : Elle doit \u00eatre stock\u00e9e dans un environnement sec, frais et herm\u00e9tique, \u00e0 l&rsquo;abri de l&rsquo;humidit\u00e9, des temp\u00e9ratures \u00e9lev\u00e9es et de la lumi\u00e8re directe du soleil.<\/p>\n<p>Q3 : Comment la poudre doit-elle \u00eatre stock\u00e9e ?<br \/>\nR3 : Elle doit \u00eatre stock\u00e9e dans un environnement sec, frais et herm\u00e9tique, \u00e0 l&rsquo;abri de l&rsquo;humidit\u00e9, des temp\u00e9ratures \u00e9lev\u00e9es et de l&rsquo;exposition \u00e0 la lumi\u00e8re afin de pr\u00e9server ses performances.<\/p>\n<p>Q4 : La poudre est-elle facile \u00e0 traiter et \u00e0 frittage ?<br \/>\nR4 : Oui, les particules de poudre sont uniformes, faciles \u00e0 presser, \u00e0 frittage et \u00e0 former, et peuvent r\u00e9pondre aux exigences du traitement des c\u00e9ramiques et des rev\u00eatements.<\/p>\n<h2><span style=\"font-size: 14pt;\">Rapports<\/span><\/h2>\n<p>Chaque lot est fourni avec :<br \/>\n<span style=\"color: #0000ff;\"><a style=\"color: #0000ff;\" href=\"https:\/\/ulpmat.com\/fr\/documents\/certificat-danalyse\/\"><u>Certificat d&rsquo;analyse (COA)<\/u><\/a><\/span><\/p>\n<p><span style=\"color: #0000ff;\"><a style=\"color: #0000ff;\" href=\"https:\/\/ulpmat.com\/fr\/documents\/fiche-technique\/\"><u>Fiche technique (TDS)<\/u><\/a><\/span><\/p>\n<p><span style=\"color: #0000ff;\"><a style=\"color: #0000ff;\" href=\"https:\/\/ulpmat.com\/fr\/documents\/fiche-de-donnees-de-securite\/\"><u>Fiche de donn\u00e9es de s\u00e9curit\u00e9 (MSDS)<\/u><\/a><\/span><br \/>\nRapports d&rsquo;essais effectu\u00e9s par des tiers disponibles sur demande<\/p>\n<h2><span style=\"font-size: 14pt;\">Pourquoi nous choisir ?<\/span><\/h2>\n<p>Nous sommes sp\u00e9cialis\u00e9s dans la production de poudre Y2O3-ZrO2 de haute puret\u00e9, avec une gestion stricte de la qualit\u00e9 et des services personnalis\u00e9s afin de garantir des performances stables et fiables de la poudre, r\u00e9pondant aux besoins de la recherche scientifique et de l&rsquo;industrie.<\/p>\n","protected":false},"excerpt":{"rendered":"<p>\u00a0Poudre de zircone stabilis\u00e9e \u00e0 l&rsquo;yttrium Pr\u00e9sentation La poudre de zircone stabilis\u00e9e \u00e0 l&rsquo;yttrium est une poudre composite d&rsquo;oxyde de terre rare de haute puret\u00e9 largement utilis\u00e9e dans la pr\u00e9paration de c\u00e9ramiques, de mat\u00e9riaux optiques et de rev\u00eatements haute temp\u00e9rature. Nous proposons des poudres Y2O3-ZrO2 de haute puret\u00e9 dans diff\u00e9rentes sp\u00e9cifications et diff\u00e9rents ratios afin [&hellip;]<\/p>\n","protected":false},"featured_media":35691,"template":"","meta":{"_acf_changed":false},"product_brand":[132],"product_cat":[314,335],"product_tag":[3869],"class_list":{"0":"post-35690","1":"product","2":"type-product","3":"status-publish","4":"has-post-thumbnail","6":"product_brand-ulpmat","7":"product_cat-materiaux-a-base-de-terres-rares","8":"product_cat-oxydes","9":"product_tag-poudre-de-zircone-stabilisee-a-lyttrium-ysz","11":"first","12":"instock","13":"shipping-taxable","14":"product-type-variable"},"acf":[],"_links":{"self":[{"href":"https:\/\/ulpmat.com\/fr\/wp-json\/wp\/v2\/product\/35690","targetHints":{"allow":["GET"]}}],"collection":[{"href":"https:\/\/ulpmat.com\/fr\/wp-json\/wp\/v2\/product"}],"about":[{"href":"https:\/\/ulpmat.com\/fr\/wp-json\/wp\/v2\/types\/product"}],"wp:featuredmedia":[{"embeddable":true,"href":"https:\/\/ulpmat.com\/fr\/wp-json\/wp\/v2\/media\/35691"}],"wp:attachment":[{"href":"https:\/\/ulpmat.com\/fr\/wp-json\/wp\/v2\/media?parent=35690"}],"wp:term":[{"taxonomy":"product_brand","embeddable":true,"href":"https:\/\/ulpmat.com\/fr\/wp-json\/wp\/v2\/product_brand?post=35690"},{"taxonomy":"product_cat","embeddable":true,"href":"https:\/\/ulpmat.com\/fr\/wp-json\/wp\/v2\/product_cat?post=35690"},{"taxonomy":"product_tag","embeddable":true,"href":"https:\/\/ulpmat.com\/fr\/wp-json\/wp\/v2\/product_tag?post=35690"}],"curies":[{"name":"wp","href":"https:\/\/api.w.org\/{rel}","templated":true}]}}