{"id":35600,"date":"2025-12-03T11:12:10","date_gmt":"2025-12-03T03:12:10","guid":{"rendered":"https:\/\/ulpmat.com\/product\/zircone-stabilisee-a-lyttrium-ysz\/"},"modified":"2025-12-03T11:12:10","modified_gmt":"2025-12-03T03:12:10","slug":"zircone-stabilisee-a-lyttrium-ysz","status":"publish","type":"product","link":"https:\/\/ulpmat.com\/fr\/produit\/zircone-stabilisee-a-lyttrium-ysz\/","title":{"rendered":"Zircone stabilis\u00e9e \u00e0 l&rsquo;yttrium (YSZ)"},"content":{"rendered":"<h2><span style=\"font-size: 14pt;\">Cibles de pulv\u00e9risation en zircone stabilis\u00e9e \u00e0 l&rsquo;yttria Pr\u00e9sentation<\/span><\/h2>\n<p>Les cibles de pulv\u00e9risation<br \/>\n<span style=\"color: #0000ff;\"><a style=\"color: #0000ff;\" href=\"https:\/\/ulpmat.com\/fr\/recherche\/?type=name&#038;keyword=Yttria-Stabilized+Zirconia\">en zircone stabilis\u00e9e \u00e0 l&rsquo;yttria<\/a><\/span><br \/>\nsont des mat\u00e9riaux composites \u00e0 base d&rsquo;oxydes de terres rares de haute puret\u00e9 largement utilis\u00e9s dans la pr\u00e9paration de films optiques minces, de rev\u00eatements c\u00e9ramiques et de mat\u00e9riaux fonctionnels.<\/p>\n<p>Nous proposons des cibles de pulv\u00e9risation Y2O3-ZrO2 de diff\u00e9rentes tailles, proportions et degr\u00e9s de puret\u00e9, adapt\u00e9es \u00e0 la recherche et \u00e0 la pr\u00e9paration industrielle de films minces. Que ce soit pour les rev\u00eatements c\u00e9ramiques, les films optiques ou le d\u00e9veloppement de mat\u00e9riaux fonctionnels, nous fournissons des services personnalis\u00e9s et une assistance technique. <span style=\"color: #0000ff;\"><a style=\"color: #0000ff;\" href=\"https:\/\/ulpmat.com\/fr\/contactez-nous\/\">Contactez-nous<\/a><\/span><br \/>\npour obtenir des solutions et des devis.<\/p>\n<h2><span style=\"font-size: 14pt;\">Points forts du produit<\/span><\/h2>\n<p>Haute puret\u00e9, faible teneur en impuret\u00e9s<br \/>\nDensit\u00e9 uniforme, structure dense<br \/>\nForte stabilit\u00e9 chimique<br \/>\nExcellente stabilit\u00e9 thermique<br \/>\nFacile \u00e0 utiliser dans le processus de pulv\u00e9risation sous vide<br \/>\nGrande coh\u00e9rence entre les lots<br \/>\nPlaques de liaison et de support en option<br \/>\nTailles et proportions personnalisables<\/p>\n<h2><span style=\"font-size: 14pt;\">Applications des cibles de pulv\u00e9risation en zircone stabilis\u00e9e \u00e0 l&rsquo;yttria<\/span><\/h2>\n<p>Pr\u00e9paration de films<br \/>\n<span style=\"color: #0000ff;\"><a style=\"color: #0000ff;\" href=\"https:\/\/ulpmat.com\/fr\/candidature\/materiaux-optiques\/\">optiques<\/a><\/span><br \/>\nminces : utilis\u00e9es pour pr\u00e9parer des films optiques \u00e0 haute transmittance et haute stabilit\u00e9.<br \/>\nRev\u00eatements c\u00e9ramiques : am\u00e9liore la r\u00e9sistance \u00e0 l&rsquo;usure et la stabilit\u00e9 thermique des surfaces c\u00e9ramiques.<br \/>\nD\u00e9p\u00f4t de mat\u00e9riaux fonctionnels : utilis\u00e9 pour la pr\u00e9paration de films minces dans les dispositifs \u00e9lectroniques et opto\u00e9lectroniques.<br \/>\nMat\u00e9riaux de recherche scientifique : fournit des cibles de pulv\u00e9risation uniformes et de haute puret\u00e9 pour la recherche en science des mat\u00e9riaux.<\/p>\n<h2><span style=\"color: #0000ff;\"><a style=\"color: #0000ff;\" href=\"https:\/\/ulpmat.com\/fr\/societe\/faq\/\"><span style=\"font-size: 14pt;\">FAQ<\/span><\/a><\/span><\/h2>\n<p>Q1 : Le rapport Y2O3-ZrO2 de la cible peut-il \u00eatre personnalis\u00e9 ?<br \/>\nR1 : Oui, nous pouvons fournir diff\u00e9rents rapports Y2O3-ZrO2 en fonction des besoins des clients afin de r\u00e9pondre \u00e0 diff\u00e9rentes exigences en mati\u00e8re de performances des films minces.<\/p>\n<p>Q2 : \u00c0 quels proc\u00e9d\u00e9s de pulv\u00e9risation les cibles sont-elles adapt\u00e9es ?<br \/>\nR2 : Elles conviennent \u00e0 divers proc\u00e9d\u00e9s de pulv\u00e9risation, notamment la pulv\u00e9risation DC, RF et magn\u00e9tron.<\/p>\n<p>Q3 : Comment la densit\u00e9 et la compacit\u00e9 de la cible sont-elles garanties ?<br \/>\nR3 : La cible est soumise \u00e0 un frittage \u00e0 haute temp\u00e9rature et \u00e0 un contr\u00f4le qualit\u00e9 strict, ce qui lui conf\u00e8re une densit\u00e9 uniforme et une structure compacte, garantissant sa stabilit\u00e9 pendant le processus de pulv\u00e9risation.<\/p>\n<p>Q4 : La taille et la forme de la cible peuvent-elles \u00eatre personnalis\u00e9es ?<br \/>\nR4 : Nous pouvons fournir des cibles rondes, carr\u00e9es et de forme irr\u00e9guli\u00e8re. Les tailles sont personnalis\u00e9es en fonction des exigences du client afin de s&rsquo;adapter \u00e0 diff\u00e9rents \u00e9quipements de pulv\u00e9risation.<\/p>\n<h2><span style=\"font-size: 14pt;\">Rapports<\/span><\/h2>\n<p>Chaque lot est fourni avec :<br \/>\n<span style=\"color: #0000ff;\"><a style=\"color: #0000ff;\" href=\"https:\/\/ulpmat.com\/fr\/documents\/certificat-danalyse\/\"><u>Certificat d&rsquo;analyse (COA)<\/u><\/a><\/span><\/p>\n<p><span style=\"color: #0000ff;\"><a style=\"color: #0000ff;\" href=\"https:\/\/ulpmat.com\/fr\/documents\/fiche-technique\/\"><u>Fiche technique (TDS)<\/u><\/a><\/span><\/p>\n<p><span style=\"color: #0000ff;\"><a style=\"color: #0000ff;\" href=\"https:\/\/ulpmat.com\/fr\/documents\/fiche-de-donnees-de-securite\/\"><u>Fiche de donn\u00e9es de s\u00e9curit\u00e9 (MSDS)<\/u><\/a><\/span><br \/>\nRapports d&rsquo;essais effectu\u00e9s par des tiers disponibles sur demande<\/p>\n<h2><span style=\"font-size: 14pt;\">Pourquoi nous choisir ?<\/span><\/h2>\n<p>Nous sommes sp\u00e9cialis\u00e9s dans la production de cibles de pulv\u00e9risation Y2O3-ZrO2 de haute puret\u00e9, avec un contr\u00f4le qualit\u00e9 strict, fournissant des services personnalis\u00e9s et une assistance technique pour garantir des performances stables et r\u00e9pondre aux besoins de la recherche scientifique et de la pr\u00e9paration industrielle de films minces.<\/p>\n","protected":false},"excerpt":{"rendered":"<p>Cibles de pulv\u00e9risation en zircone stabilis\u00e9e \u00e0 l&rsquo;yttria Pr\u00e9sentation Les cibles de pulv\u00e9risation en zircone stabilis\u00e9e \u00e0 l&rsquo;yttria sont des mat\u00e9riaux composites \u00e0 base d&rsquo;oxydes de terres rares de haute puret\u00e9 largement utilis\u00e9s dans la pr\u00e9paration de films optiques minces, de rev\u00eatements c\u00e9ramiques et de mat\u00e9riaux fonctionnels. Nous proposons des cibles de pulv\u00e9risation Y2O3-ZrO2 de [&hellip;]<\/p>\n","protected":false},"featured_media":35601,"template":"","meta":{"_acf_changed":false},"product_brand":[132],"product_cat":[449],"product_tag":[3863],"class_list":{"0":"post-35600","1":"product","2":"type-product","3":"status-publish","4":"has-post-thumbnail","6":"product_brand-ulpmat","7":"product_cat-cible-de-pulverisation-ceramique","8":"product_tag-cible-de-pulverisation-de-zircone-stabilisee-a-lyttrium-ysz","10":"first","11":"instock","12":"shipping-taxable","13":"product-type-variable"},"acf":[],"_links":{"self":[{"href":"https:\/\/ulpmat.com\/fr\/wp-json\/wp\/v2\/product\/35600","targetHints":{"allow":["GET"]}}],"collection":[{"href":"https:\/\/ulpmat.com\/fr\/wp-json\/wp\/v2\/product"}],"about":[{"href":"https:\/\/ulpmat.com\/fr\/wp-json\/wp\/v2\/types\/product"}],"wp:featuredmedia":[{"embeddable":true,"href":"https:\/\/ulpmat.com\/fr\/wp-json\/wp\/v2\/media\/35601"}],"wp:attachment":[{"href":"https:\/\/ulpmat.com\/fr\/wp-json\/wp\/v2\/media?parent=35600"}],"wp:term":[{"taxonomy":"product_brand","embeddable":true,"href":"https:\/\/ulpmat.com\/fr\/wp-json\/wp\/v2\/product_brand?post=35600"},{"taxonomy":"product_cat","embeddable":true,"href":"https:\/\/ulpmat.com\/fr\/wp-json\/wp\/v2\/product_cat?post=35600"},{"taxonomy":"product_tag","embeddable":true,"href":"https:\/\/ulpmat.com\/fr\/wp-json\/wp\/v2\/product_tag?post=35600"}],"curies":[{"name":"wp","href":"https:\/\/api.w.org\/{rel}","templated":true}]}}