{"id":35399,"date":"2025-12-03T11:12:15","date_gmt":"2025-12-03T03:12:15","guid":{"rendered":"https:\/\/ulpmat.com\/product\/aluminate-de-strontium-oxyde-de-strontium-et-daluminium-3\/"},"modified":"2025-12-03T11:12:15","modified_gmt":"2025-12-03T03:12:15","slug":"aluminate-de-strontium-oxyde-de-strontium-et-daluminium-3","status":"publish","type":"product","link":"https:\/\/ulpmat.com\/fr\/produit\/aluminate-de-strontium-oxyde-de-strontium-et-daluminium-3\/","title":{"rendered":"Aluminate de strontium (oxyde de strontium et d&rsquo;aluminium)"},"content":{"rendered":"<h2><span style=\"font-size: 14pt;\">Cibles de pulv\u00e9risation en oxyde d&rsquo;aluminium et de strontium Pr\u00e9sentation<\/span><\/h2>\n<p>Les cibles de pulv\u00e9risation<br \/>\n<span style=\"color: #0000ff;\"><a style=\"color: #0000ff;\" href=\"https:\/\/ulpmat.com\/fr\/recherche\/?type=name&#038;keyword=Strontium+Aluminum+Oxide\">en oxyde d&rsquo;aluminium et de strontium<\/a><\/span><br \/>\nsont des mat\u00e9riaux fonctionnels utilis\u00e9s pour pr\u00e9parer des films minces d&rsquo;oxyde hautement stables, adapt\u00e9s aux dispositifs opto\u00e9lectroniques, aux structures isolantes et \u00e0 la recherche sur les mat\u00e9riaux.<\/p>\n<p>Nous proposons des cibles de pulv\u00e9risation Sr4Al2O7 de haute puret\u00e9 et haute densit\u00e9, avec des options de personnalisation disponibles. Nos technologies de moulage et de frittage garantissent des structures de cibles denses, un arc \u00e9lectrique minimal pendant le d\u00e9p\u00f4t du film et une d\u00e9charge stable. Nous pouvons \u00e9galement fournir des recommandations en fonction de la puissance de l&rsquo;\u00e9quipement du client et des exigences de d\u00e9p\u00f4t. N&rsquo;h\u00e9sitez pas \u00e0 <span style=\"color: #0000ff;\"><a style=\"color: #0000ff;\" href=\"https:\/\/ulpmat.com\/fr\/contactez-nous\/\">nous contacter<\/a><\/span><br \/>\nsi vous avez besoin <span style=\"color: #0000ff;\"><a style=\"color: #0000ff;\" href=\"https:\/\/ulpmat.com\/fr\/service\/support-technique\/\">d&rsquo;une assistance technique.<\/a><\/span><\/p>\n<h2><span style=\"font-size: 14pt;\">Points forts du produit<\/span><\/h2>\n<p>Structure haute densit\u00e9<br \/>\nPuret\u00e9 contr\u00f4lable, faible teneur en impuret\u00e9s<br \/>\nBonne stabilit\u00e9 de d\u00e9charge Traitement<br \/>\n<span style=\"color: #0000ff;\"><a style=\"color: #0000ff;\" href=\"https:\/\/ulpmat.com\/fr\/service\/personnalisation\/\">personnalisable<\/a><\/span><br \/>\ndisponible<br \/>\nPlusieurs tailles pour s&rsquo;adapter \u00e0 diff\u00e9rentes cavit\u00e9s<br \/>\nExcellente uniformit\u00e9 du film<br \/>\nLimite sup\u00e9rieure contr\u00f4lable pour la plan\u00e9it\u00e9 de la surface<br \/>\n<span style=\"color: #0000ff;\"><a style=\"color: #0000ff;\" href=\"https:\/\/ulpmat.com\/fr\/service\/collage-des-cibles\/\">Prise en charge du collage des cibles<\/a><\/span><br \/>\nEmballage robuste, transport s\u00fbr<\/p>\n<h2><span style=\"font-size: 14pt;\">Applications des cibles de pulv\u00e9risation en oxyde d&rsquo;aluminium et de strontium<\/span><\/h2>\n<p>Peuvent \u00eatre utilis\u00e9es pour la pulv\u00e9risation de films <span style=\"color: #0000ff;\"><a style=\"color: #0000ff;\" href=\"https:\/\/ulpmat.com\/fr\/candidature\/materiaux-optiques\/\">optiques<\/a><\/span><br \/>\nminces, am\u00e9liorant la stabilit\u00e9 du film et la transmission de la lumi\u00e8re.<br \/>\nConviennent \u00e0 la pr\u00e9paration de films minces isolants, am\u00e9liorant la r\u00e9sistance \u00e0 la rupture des dispositifs.<br \/>\nUtilis\u00e9 dans le d\u00e9veloppement d&rsquo;oxydes fonctionnels pour construire des syst\u00e8mes complexes \u00e0 couches minces.<br \/>\nUtilis\u00e9 dans de nouveaux mat\u00e9riaux d&rsquo;affichage, des structures de d\u00e9tection ou des projets d&rsquo;exploration de mat\u00e9riaux en laboratoire.<\/p>\n<h2><span style=\"color: #0000ff;\"><a style=\"color: #0000ff;\" href=\"https:\/\/ulpmat.com\/fr\/societe\/faq\/\"><span style=\"font-size: 14pt;\">FAQ<\/span><\/a><\/span><\/h2>\n<p>Q1 : Y a-t-il des exigences en mati\u00e8re de puissance de pulv\u00e9risation pour les cibles Sr4Al2O7 ?<br \/>\nA1 : Afin de garantir la qualit\u00e9 du film, il est recommand\u00e9 de d\u00e9marrer l&rsquo;arc \u00e0 une puissance faible \u00e0 moyenne, puis d&rsquo;augmenter progressivement la puissance pour \u00e9viter une concentration de contraintes qui pourrait causer des dommages localis\u00e9s \u00e0 la cible.<\/p>\n<p>Q2 : Ces cibles Sr4Al2O7 sont-elles sujettes \u00e0 la fissuration ?<br \/>\nA2 : Nous r\u00e9duisons la contrainte interne de la cible en optimisant la taille des particules de poudre, les param\u00e8tres de frittage et les processus de refroidissement, r\u00e9duisant ainsi le risque de fissuration.<\/p>\n<p>Q3 : La cible peut-elle \u00eatre soud\u00e9e \u00e0 une plaque arri\u00e8re m\u00e9tallique ?<br \/>\nR3 : Des m\u00e9thodes de soudage de plaque arri\u00e8re appropri\u00e9es, notamment le brasage m\u00e9tallique ou le soudage par diffusion, peuvent \u00eatre s\u00e9lectionn\u00e9es en fonction de l&rsquo;\u00e9quipement du client afin d&rsquo;am\u00e9liorer la dissipation thermique et la stabilit\u00e9 m\u00e9canique.<\/p>\n<p>Q4 : Comment d\u00e9terminer si la cible doit \u00eatre remplac\u00e9e ?<br \/>\nR4 : Lorsque la surface de la cible pr\u00e9sente des rainures profondes sur les bords, une usure in\u00e9gale ou une d\u00e9charge anormale, elle doit \u00eatre remplac\u00e9e rapidement afin de garantir la qualit\u00e9 du film et la s\u00e9curit\u00e9 du d\u00e9p\u00f4t.<\/p>\n<h2><span style=\"font-size: 14pt;\">Rapports<\/span><\/h2>\n<p>Chaque lot est fourni avec :<br \/>\n<span style=\"color: #0000ff;\"><a style=\"color: #0000ff;\" href=\"https:\/\/ulpmat.com\/fr\/documents\/certificat-danalyse\/\"><u>Certificat d&rsquo;analyse (COA)<\/u><\/a><\/span><\/p>\n<p><span style=\"color: #0000ff;\"><a style=\"color: #0000ff;\" href=\"https:\/\/ulpmat.com\/fr\/documents\/fiche-technique\/\"><u>Fiche technique (TDS)<\/u><\/a><\/span><\/p>\n<p><span style=\"color: #0000ff;\"><a style=\"color: #0000ff;\" href=\"https:\/\/ulpmat.com\/fr\/documents\/fiche-de-donnees-de-securite\/\"><u>Fiche de donn\u00e9es de s\u00e9curit\u00e9 (MSDS)<\/u><\/a><\/span><br \/>\nRapports d&rsquo;essais effectu\u00e9s par des tiers disponibles sur demande<\/p>\n<h2><span style=\"font-size: 14pt;\">Pourquoi nous choisir ?<\/span><\/h2>\n<p>Nous disposons d&rsquo;une technologie de contr\u00f4le des poudres, de proc\u00e9d\u00e9s de frittage et de capacit\u00e9s de finition \u00e9prouv\u00e9s dans la fabrication de cibles en oxyde, ce qui garantit que les cibles Sr4Al2O7 pr\u00e9sentent une excellente densit\u00e9, uniformit\u00e9 et stabilit\u00e9, offrant aux clients des performances de d\u00e9p\u00f4t de couches minces constantes. Nous proposons une personnalisation rapide, des conseils techniques, un emballage professionnel et une exp\u00e9dition dans le monde entier. Nous pouvons ajuster les param\u00e8tres des cibles en fonction des diff\u00e9rentes marques d&rsquo;\u00e9quipements et des exigences des processus, offrant ainsi une garantie fiable pour vos exp\u00e9riences et votre production. Que ce soit pour les instituts de recherche ou les clients industriels, nous pouvons fournir une qualit\u00e9 de produit et des services professionnels \u00e0 long terme, stables et reproductibles.<\/p>\n","protected":false},"excerpt":{"rendered":"<p>Cibles de pulv\u00e9risation en oxyde d&rsquo;aluminium et de strontium Pr\u00e9sentation Les cibles de pulv\u00e9risation en oxyde d&rsquo;aluminium et de strontium sont des mat\u00e9riaux fonctionnels utilis\u00e9s pour pr\u00e9parer des films minces d&rsquo;oxyde hautement stables, adapt\u00e9s aux dispositifs opto\u00e9lectroniques, aux structures isolantes et \u00e0 la recherche sur les mat\u00e9riaux. Nous proposons des cibles de pulv\u00e9risation Sr4Al2O7 de [&hellip;]<\/p>\n","protected":false},"featured_media":35400,"template":"","meta":{"_acf_changed":false},"product_brand":[132],"product_cat":[449],"product_tag":[3821],"class_list":{"0":"post-35399","1":"product","2":"type-product","3":"status-publish","4":"has-post-thumbnail","6":"product_brand-ulpmat","7":"product_cat-cible-de-pulverisation-ceramique","8":"product_tag-cible-de-pulverisation-de-laluminate-de-strontium-oxyde-daluminium-et-de-strontium","10":"first","11":"instock","12":"shipping-taxable","13":"product-type-variable"},"acf":[],"_links":{"self":[{"href":"https:\/\/ulpmat.com\/fr\/wp-json\/wp\/v2\/product\/35399","targetHints":{"allow":["GET"]}}],"collection":[{"href":"https:\/\/ulpmat.com\/fr\/wp-json\/wp\/v2\/product"}],"about":[{"href":"https:\/\/ulpmat.com\/fr\/wp-json\/wp\/v2\/types\/product"}],"wp:featuredmedia":[{"embeddable":true,"href":"https:\/\/ulpmat.com\/fr\/wp-json\/wp\/v2\/media\/35400"}],"wp:attachment":[{"href":"https:\/\/ulpmat.com\/fr\/wp-json\/wp\/v2\/media?parent=35399"}],"wp:term":[{"taxonomy":"product_brand","embeddable":true,"href":"https:\/\/ulpmat.com\/fr\/wp-json\/wp\/v2\/product_brand?post=35399"},{"taxonomy":"product_cat","embeddable":true,"href":"https:\/\/ulpmat.com\/fr\/wp-json\/wp\/v2\/product_cat?post=35399"},{"taxonomy":"product_tag","embeddable":true,"href":"https:\/\/ulpmat.com\/fr\/wp-json\/wp\/v2\/product_tag?post=35399"}],"curies":[{"name":"wp","href":"https:\/\/api.w.org\/{rel}","templated":true}]}}