{"id":35375,"date":"2025-12-03T11:12:16","date_gmt":"2025-12-03T03:12:16","guid":{"rendered":"https:\/\/ulpmat.com\/product\/aluminate-de-strontium-oxyde-de-strontium-et-daluminium-2\/"},"modified":"2025-12-03T11:12:16","modified_gmt":"2025-12-03T03:12:16","slug":"aluminate-de-strontium-oxyde-de-strontium-et-daluminium-2","status":"publish","type":"product","link":"https:\/\/ulpmat.com\/fr\/produit\/aluminate-de-strontium-oxyde-de-strontium-et-daluminium-2\/","title":{"rendered":"Aluminate de strontium (oxyde de strontium et d&rsquo;aluminium)"},"content":{"rendered":"<h2><span style=\"font-size: 14pt;\">Pr\u00e9sentation de la poudre d&rsquo;oxyde d&rsquo;aluminium et de strontium<\/span><\/h2>\n<p>La poudre d&rsquo;oxyde<br \/>\n<span style=\"color: #0000ff;\"><a style=\"color: #0000ff;\" href=\"https:\/\/ulpmat.com\/fr\/recherche\/?type=name&#038;keyword=Strontium+Aluminum\">d&rsquo;aluminium et de strontium<\/a><\/span><br \/>\nest un mat\u00e9riau composite \u00e0 structure stable couramment utilis\u00e9 comme mat\u00e9riau de base dans les mat\u00e9riaux luminescents, les additifs c\u00e9ramiques et les films minces \u00e0 fonction optique.<\/p>\n<p>Nous proposons des poudres d&rsquo;oxyde d&rsquo;aluminium et de strontium de diff\u00e9rents degr\u00e9s de puret\u00e9, avec diff\u00e9rentes distributions granulom\u00e9triques et une excellente stabilit\u00e9. Notre \u00e9quipe peut vous conseiller sur la formulation, le choix de l&#8217;emballage et l&rsquo;exp\u00e9dition afin de garantir la qualit\u00e9 stable de la poudre avant son utilisation. <span style=\"color: #0000ff;\"><a style=\"color: #0000ff;\" href=\"https:\/\/ulpmat.com\/fr\/contactez-nous\/\">Contactez-nous<\/a><\/span><br \/>\nsi vous avez besoin d&rsquo;aide pour choisir un produit.<\/p>\n<h2><span style=\"font-size: 14pt;\">Caract\u00e9ristiques du produit<\/span><\/h2>\n<p>Granulom\u00e9trie uniforme, faible agglom\u00e9ration<br \/>\nBonne stabilit\u00e9 thermique<br \/>\nPuret\u00e9 ajustable, faible teneur en impuret\u00e9s<br \/>\nAdaptable \u00e0 divers proc\u00e9d\u00e9s de fabrication<br \/>\nExcellentes caract\u00e9ristiques de r\u00e9ponse optique<br \/>\nCoh\u00e9rence fiable des lots<br \/>\nContr\u00f4le pr\u00e9cis de la taille des particules disponible<br \/>\nPoudres personnalis\u00e9es pour des applications sp\u00e9ciales prises en charge<\/p>\n<h2><span style=\"font-size: 14pt;\">Applications de la poudre d&rsquo;oxyde d&rsquo;aluminium et de strontium<\/span><\/h2>\n<p>Utilis\u00e9e dans les syst\u00e8mes de mat\u00e9riaux luminescents pour am\u00e9liorer la luminosit\u00e9 et la stabilit\u00e9.<br \/>\nComme composant de renforcement structurel dans les formulations c\u00e9ramiques pour am\u00e9liorer les propri\u00e9t\u00e9s m\u00e9caniques.<br \/>\nConvient comme pr\u00e9curseur en poudre pour les rev\u00eatements de composants optiques.<br \/>\nUtilis\u00e9 dans la recherche comme mat\u00e9riau de base pour les oxydes fonctionnels dans divers projets exp\u00e9rimentaux.<\/p>\n<h2><span style=\"color: #0000ff;\"><a style=\"color: #0000ff;\" href=\"https:\/\/ulpmat.com\/fr\/societe\/faq\/\"><span style=\"font-size: 14pt;\">FAQ<\/span><\/a><\/span><\/h2>\n<p>Q1 : La poudre d&rsquo;oxyde d&rsquo;aluminium et de strontium n\u00e9cessite-t-elle un stockage particulier ?<br \/>\nA1 : Pour \u00e9viter l&rsquo;absorption d&rsquo;humidit\u00e9 ou l&rsquo;adsorption d&rsquo;impuret\u00e9s, il est recommand\u00e9 de stocker la poudre dans un r\u00e9cipient herm\u00e9tique dans un environnement sec, \u00e0 l&rsquo;abri de l&rsquo;humidit\u00e9 \u00e9lev\u00e9e et des produits chimiques volatils.<\/p>\n<p>Q2 : Quelle est la plage de temp\u00e9rature de frittage typique pour la poudre ?<br \/>\nR2 : La temp\u00e9rature sp\u00e9cifique d\u00e9pend de la taille des particules et de la puret\u00e9, mais une plage de temp\u00e9rature moyenne \u00e0 \u00e9lev\u00e9e est g\u00e9n\u00e9ralement n\u00e9cessaire pour obtenir une bonne densit\u00e9. Des profils de frittage recommand\u00e9s peuvent \u00eatre fournis en fonction de l&rsquo;application.<\/p>\n<p>Q3 : La poudre peut-elle \u00eatre utilis\u00e9e pour la pr\u00e9paration de c\u00e9ramiques \u00e0 haute transparence ?<br \/>\nR3 : Oui, mais il convient de choisir une taille de particules plus fine et un niveau d&rsquo;impuret\u00e9s plus faible afin d&rsquo;\u00e9viter que la diffusion de la lumi\u00e8re n&rsquo;affecte la transparence.<\/p>\n<p>Q4 : Cette poudre peut-elle \u00eatre m\u00e9lang\u00e9e \u00e0 d&rsquo;autres oxydes m\u00e9talliques ?<br \/>\nA4 : Oui, elle est compatible avec de nombreux oxydes et peut \u00eatre utilis\u00e9e dans des mat\u00e9riaux composites ou des syst\u00e8mes modifi\u00e9s.<\/p>\n<h2><span style=\"font-size: 14pt;\">Rapports<\/span><\/h2>\n<p>Chaque lot est fourni avec :<br \/>\n<span style=\"color: #0000ff;\"><a style=\"color: #0000ff;\" href=\"https:\/\/ulpmat.com\/fr\/documents\/certificat-danalyse\/\"><u>Certificat d&rsquo;analyse (COA)<\/u><\/a><\/span><\/p>\n<p><span style=\"color: #0000ff;\"><a style=\"color: #0000ff;\" href=\"https:\/\/ulpmat.com\/fr\/documents\/fiche-technique\/\"><u>Fiche technique (TDS)<\/u><\/a><\/span><\/p>\n<p><span style=\"color: #0000ff;\"><a style=\"color: #0000ff;\" href=\"https:\/\/ulpmat.com\/fr\/documents\/fiche-de-donnees-de-securite\/\"><u>Fiche de donn\u00e9es de s\u00e9curit\u00e9 (MSDS)<\/u><\/a><\/span><br \/>\nRapports d&rsquo;essais effectu\u00e9s par des tiers disponibles sur demande<\/p>\n<h2><span style=\"font-size: 14pt;\">Pourquoi nous choisir ?<\/span><\/h2>\n<p>Nous nous concentrons depuis longtemps sur la production et l&rsquo;optimisation des poudres d&rsquo;oxydes inorganiques, en maintenant un contr\u00f4le strict sur la puret\u00e9 de la poudre, la morphologie des particules, les performances de dispersion et la stabilit\u00e9 des lots. Cela garantit que notre poudre d&rsquo;oxyde d&rsquo;aluminium et de strontium pr\u00e9sente une excellente compatibilit\u00e9 avec divers processus. Nous offrons une personnalisation flexible des sp\u00e9cifications, une assistance technique professionnelle, un emballage fiable et une cha\u00eene d&rsquo;approvisionnement mondiale stable, fournissant une qualit\u00e9 de mat\u00e9riau constante \u00e0 nos clients industriels et chercheurs.<\/p>\n","protected":false},"excerpt":{"rendered":"<p>Pr\u00e9sentation de la poudre d&rsquo;oxyde d&rsquo;aluminium et de strontium La poudre d&rsquo;oxyde d&rsquo;aluminium et de strontium est un mat\u00e9riau composite \u00e0 structure stable couramment utilis\u00e9 comme mat\u00e9riau de base dans les mat\u00e9riaux luminescents, les additifs c\u00e9ramiques et les films minces \u00e0 fonction optique. Nous proposons des poudres d&rsquo;oxyde d&rsquo;aluminium et de strontium de diff\u00e9rents degr\u00e9s [&hellip;]<\/p>\n","protected":false},"featured_media":35376,"template":"","meta":{"_acf_changed":false},"product_brand":[132],"product_cat":[1184],"product_tag":[3827],"class_list":{"0":"post-35375","1":"product","2":"type-product","3":"status-publish","4":"has-post-thumbnail","6":"product_brand-ulpmat","7":"product_cat-autres-acides","8":"product_tag-aluminate-de-strontium-oxyde-de-strontium-et-daluminium-en-poudre","10":"first","11":"instock","12":"shipping-taxable","13":"product-type-variable"},"acf":[],"_links":{"self":[{"href":"https:\/\/ulpmat.com\/fr\/wp-json\/wp\/v2\/product\/35375","targetHints":{"allow":["GET"]}}],"collection":[{"href":"https:\/\/ulpmat.com\/fr\/wp-json\/wp\/v2\/product"}],"about":[{"href":"https:\/\/ulpmat.com\/fr\/wp-json\/wp\/v2\/types\/product"}],"wp:featuredmedia":[{"embeddable":true,"href":"https:\/\/ulpmat.com\/fr\/wp-json\/wp\/v2\/media\/35376"}],"wp:attachment":[{"href":"https:\/\/ulpmat.com\/fr\/wp-json\/wp\/v2\/media?parent=35375"}],"wp:term":[{"taxonomy":"product_brand","embeddable":true,"href":"https:\/\/ulpmat.com\/fr\/wp-json\/wp\/v2\/product_brand?post=35375"},{"taxonomy":"product_cat","embeddable":true,"href":"https:\/\/ulpmat.com\/fr\/wp-json\/wp\/v2\/product_cat?post=35375"},{"taxonomy":"product_tag","embeddable":true,"href":"https:\/\/ulpmat.com\/fr\/wp-json\/wp\/v2\/product_tag?post=35375"}],"curies":[{"name":"wp","href":"https:\/\/api.w.org\/{rel}","templated":true}]}}