{"id":35285,"date":"2025-12-03T11:12:17","date_gmt":"2025-12-03T03:12:17","guid":{"rendered":"https:\/\/ulpmat.com\/product\/carbonate-de-strontium\/"},"modified":"2025-12-03T11:12:17","modified_gmt":"2025-12-03T03:12:17","slug":"carbonate-de-strontium","status":"publish","type":"product","link":"https:\/\/ulpmat.com\/fr\/produit\/carbonate-de-strontium\/","title":{"rendered":"Carbonate de strontium"},"content":{"rendered":"<h2><span style=\"font-size: 14pt;\">Pr\u00e9sentation de la poudre de carbonate de strontium<\/span><\/h2>\n<p>La poudre<br \/>\n<span style=\"color: #0000ff;\"><a style=\"color: #0000ff;\" href=\"https:\/\/ulpmat.com\/fr\/recherche\/?type=name&#038;keyword=Strontium+Carbonate\">de carbonate de strontium<\/a><\/span><br \/>\nest un carbonate de haute puret\u00e9 largement utilis\u00e9 dans la fabrication de c\u00e9ramiques, de verre, de mat\u00e9riaux \u00e9lectroniques et de pigments.<\/p>\n<p>Nous proposons de la poudre de carbonate de strontium dans diff\u00e9rentes tailles de particules, degr\u00e9s de puret\u00e9 et sp\u00e9cifications d&#8217;emballage, adapt\u00e9s \u00e0 la recherche et \u00e0 la production industrielle. La poudre est stable, facilement dispersable et peut \u00eatre personnalis\u00e9e en termes de production et d&#8217;emballage afin de r\u00e9pondre aux besoins des clients. Veuillez <span style=\"color: #0000ff;\"><a style=\"color: #0000ff;\" href=\"https:\/\/ulpmat.com\/fr\/contactez-nous\/\">nous contacter<\/a><\/span><br \/>\npour obtenir les param\u00e8tres techniques ou un devis.<\/p>\n<h2><span style=\"font-size: 14pt;\">Points forts du produit<\/span><\/h2>\n<p>Haute puret\u00e9<br \/>\nTaille des particules uniforme et bonne dispersibilit\u00e9<br \/>\nChimiquement stable<br \/>\nPeut \u00eatre transform\u00e9 en diff\u00e9rentes tailles de particules<br \/>\nFaible teneur en impuret\u00e9s<br \/>\nConditionnement personnalis\u00e9 disponible<br \/>\nFacilement soluble dans les solutions acides<br \/>\nR\u00e9pond aux exigences de la recherche et des applications industrielles<\/p>\n<h2><span style=\"font-size: 14pt;\">Applications de la poudre de carbonate de strontium<\/span><\/h2>\n<p>Utilis\u00e9 dans l&rsquo;industrie c\u00e9ramique pour am\u00e9liorer la densit\u00e9 et la r\u00e9sistance \u00e0 la chaleur des mat\u00e9riaux.<br \/>\nUtilis\u00e9 comme source de strontium dans les mat\u00e9riaux \u00e9lectroniques pour am\u00e9liorer les indicateurs de performance.<br \/>\nUtilis\u00e9 dans la production de pigments pour fabriquer des mat\u00e9riaux fluorescents ou luminescents.<br \/>\nUtilis\u00e9 comme r\u00e9actif de carbonate de strontium dans les exp\u00e9riences chimiques pour les \u00e9tudes de r\u00e9action.<\/p>\n<h2><span style=\"font-size: 14pt;\">FAQ<\/span><\/h2>\n<p>Q1 : La poudre de carbonate de strontium est-elle hygroscopique ?<br \/>\nA1 : Ce produit pr\u00e9sente une bonne stabilit\u00e9, mais il est tout de m\u00eame recommand\u00e9 de le stocker dans un environnement sec et d&rsquo;\u00e9viter une humidit\u00e9 prolong\u00e9e.<\/p>\n<p>Q2 : Pouvez-vous fournir diff\u00e9rentes tailles de particules ?<br \/>\nR2 : Oui, nous pouvons fournir diff\u00e9rentes tailles de particules, de micro \u00e0 moyenne, afin de r\u00e9pondre \u00e0 divers besoins d&rsquo;application.<\/p>\n<p>Q3 : Le produit est-il adapt\u00e9 \u00e0 une utilisation en laboratoire et \u00e0 une utilisation industrielle ?<br \/>\nR3 : Oui, ce produit est adapt\u00e9 aux exp\u00e9riences de recherche scientifique et \u00e0 la production industrielle \u00e0 grande \u00e9chelle.<\/p>\n<p>Q4 : L&#8217;emballage est-il personnalis\u00e9 ?<br \/>\nR4 : Oui, nous pouvons fournir des emballages de petite ou grande taille selon les besoins des clients, \u00e9quip\u00e9s de joints \u00e9tanches \u00e0 l&rsquo;humidit\u00e9.<\/p>\n<h2><span style=\"font-size: 14pt;\">Rapports<\/span><\/h2>\n<p>Chaque lot est fourni avec :<br \/>\n<span style=\"color: #0000ff;\"><a style=\"color: #0000ff;\" href=\"https:\/\/ulpmat.com\/fr\/documents\/certificat-danalyse\/\"><u>Certificat d&rsquo;analyse (COA)<\/u><\/a><\/span><\/p>\n<p><span style=\"color: #0000ff;\"><a style=\"color: #0000ff;\" href=\"https:\/\/ulpmat.com\/fr\/documents\/fiche-technique\/\"><u>Fiche technique (TDS)<\/u><\/a><\/span><\/p>\n<p><span style=\"color: #0000ff;\"><a style=\"color: #0000ff;\" href=\"https:\/\/ulpmat.com\/fr\/documents\/fiche-de-donnees-de-securite\/\"><u>Fiche de donn\u00e9es de s\u00e9curit\u00e9 (MSDS)<\/u><\/a><\/span><br \/>\nRapports d&rsquo;essais effectu\u00e9s par des tiers disponibles sur demande<\/p>\n<h2><span style=\"font-size: 14pt;\">Pourquoi nous choisir ?<\/span><\/h2>\n<p>Nous disposons d&rsquo;une technologie de production de carbonate de strontium \u00e9prouv\u00e9e et d&rsquo;un syst\u00e8me de contr\u00f4le qualit\u00e9 strict afin de garantir la puret\u00e9 de la poudre, l&rsquo;uniformit\u00e9 des particules et la stabilit\u00e9 chimique. Gr\u00e2ce \u00e0 nos services de personnalisation flexibles et \u00e0 notre assistance client\u00e8le professionnelle, nous pouvons fournir une poudre de carbonate de strontium fiable et de haute qualit\u00e9 aux utilisateurs scientifiques et industriels, garantissant ainsi le bon d\u00e9roulement des exp\u00e9riences et de la production.<\/p>\n","protected":false},"excerpt":{"rendered":"<p>Pr\u00e9sentation de la poudre de carbonate de strontium La poudre de carbonate de strontium est un carbonate de haute puret\u00e9 largement utilis\u00e9 dans la fabrication de c\u00e9ramiques, de verre, de mat\u00e9riaux \u00e9lectroniques et de pigments. Nous proposons de la poudre de carbonate de strontium dans diff\u00e9rentes tailles de particules, degr\u00e9s de puret\u00e9 et sp\u00e9cifications d&#8217;emballage, [&hellip;]<\/p>\n","protected":false},"featured_media":35286,"template":"","meta":{"_acf_changed":false},"product_brand":[132],"product_cat":[1184],"product_tag":[3803],"class_list":{"0":"post-35285","1":"product","2":"type-product","3":"status-publish","4":"has-post-thumbnail","6":"product_brand-ulpmat","7":"product_cat-autres-acides","8":"product_tag-carbonate-de-strontium-en-poudre","10":"first","11":"instock","12":"shipping-taxable","13":"product-type-variable"},"acf":[],"_links":{"self":[{"href":"https:\/\/ulpmat.com\/fr\/wp-json\/wp\/v2\/product\/35285","targetHints":{"allow":["GET"]}}],"collection":[{"href":"https:\/\/ulpmat.com\/fr\/wp-json\/wp\/v2\/product"}],"about":[{"href":"https:\/\/ulpmat.com\/fr\/wp-json\/wp\/v2\/types\/product"}],"wp:featuredmedia":[{"embeddable":true,"href":"https:\/\/ulpmat.com\/fr\/wp-json\/wp\/v2\/media\/35286"}],"wp:attachment":[{"href":"https:\/\/ulpmat.com\/fr\/wp-json\/wp\/v2\/media?parent=35285"}],"wp:term":[{"taxonomy":"product_brand","embeddable":true,"href":"https:\/\/ulpmat.com\/fr\/wp-json\/wp\/v2\/product_brand?post=35285"},{"taxonomy":"product_cat","embeddable":true,"href":"https:\/\/ulpmat.com\/fr\/wp-json\/wp\/v2\/product_cat?post=35285"},{"taxonomy":"product_tag","embeddable":true,"href":"https:\/\/ulpmat.com\/fr\/wp-json\/wp\/v2\/product_tag?post=35285"}],"curies":[{"name":"wp","href":"https:\/\/api.w.org\/{rel}","templated":true}]}}