{"id":35243,"date":"2025-12-03T11:12:17","date_gmt":"2025-12-03T03:12:17","guid":{"rendered":"https:\/\/ulpmat.com\/product\/ferrite-de-strontium-2\/"},"modified":"2025-12-03T11:12:17","modified_gmt":"2025-12-03T03:12:17","slug":"ferrite-de-strontium-2","status":"publish","type":"product","link":"https:\/\/ulpmat.com\/fr\/produit\/ferrite-de-strontium-2\/","title":{"rendered":"Ferrite de strontium"},"content":{"rendered":"<h2><span style=\"font-size: 14pt;\">Pr\u00e9sentation de la poudre de ferrite de strontium<\/span><\/h2>\n<p>La poudre<br \/>\n<span style=\"color: #0000ff;\"><a style=\"color: #0000ff;\" href=\"https:\/\/ulpmat.com\/fr\/recherche\/?type=name&#038;keyword=Strontium+Ferrite\">de ferrite de strontium<\/a><\/span><br \/>\nest un mat\u00e9riau magn\u00e9tique permanent haute performance largement utilis\u00e9 dans la fabrication de composants magn\u00e9tiques et de mat\u00e9riaux d&rsquo;enregistrement magn\u00e9tique.<\/p>\n<p>Nous proposons une poudre de ferrite de strontium de haute puret\u00e9 et tr\u00e8s homog\u00e8ne, adapt\u00e9e \u00e0 la recherche, aux applications industrielles et \u00e0 la production de dispositifs magn\u00e9tiques. Nous proposons diff\u00e9rentes tailles de particules et diff\u00e9rents formats d&#8217;emballage afin de r\u00e9pondre \u00e0 divers besoins d&rsquo;application. Veuillez <span style=\"color: #0000ff;\"><a style=\"color: #0000ff;\" href=\"https:\/\/ulpmat.com\/fr\/contactez-nous\/\">nous contacter<\/a><\/span><br \/>\npour obtenir des \u00e9chantillons et des informations techniques.<\/p>\n<h2><span style=\"font-size: 14pt;\">Caract\u00e9ristiques du produit<\/span><\/h2>\n<p>Propri\u00e9t\u00e9s magn\u00e9tiques \u00e9lev\u00e9es<br \/>\nPropri\u00e9t\u00e9s chimiques stables<br \/>\nHaute puret\u00e9<br \/>\nDistribution uniforme des particules<br \/>\nParticules de taille personnalisable<br \/>\nBonne stabilit\u00e9 thermique<br \/>\nFacile \u00e0 mouler et \u00e0 fritter<br \/>\nConvient \u00e0 diverses applications magn\u00e9tiques<\/p>\n<h2><span style=\"font-size: 14pt;\">Applications de la poudre de ferrite de strontium<\/span><\/h2>\n<p>Fabrication de mat\u00e9riaux magn\u00e9tiques permanents pour moteurs et capteurs.<br \/>\nUtilisation dans les supports d&rsquo;enregistrement magn\u00e9tiques pour augmenter la densit\u00e9 de stockage des donn\u00e9es.<br \/>\nUtilisation comme poudre magn\u00e9tique fonctionnelle dans les \u00e9quipements de s\u00e9paration magn\u00e9tique.<br \/>\nUtilisation comme mati\u00e8re premi\u00e8re de base pour la recherche sur les mat\u00e9riaux magn\u00e9tiques dans le cadre d&rsquo;exp\u00e9riences scientifiques.<\/p>\n<h2><span style=\"color: #0000ff;\"><a style=\"color: #0000ff;\" href=\"https:\/\/ulpmat.com\/fr\/societe\/faq\/\"><span style=\"font-size: 14pt;\">FAQ<\/span><\/a><\/span><\/h2>\n<p>Q1 : La poudre de ferrite de strontium est-elle r\u00e9sistante \u00e0 la chaleur ?<br \/>\nA1 : Ce produit conserve des propri\u00e9t\u00e9s magn\u00e9tiques stables \u00e0 haute temp\u00e9rature et convient aux processus de frittage \u00e0 haute temp\u00e9rature.<\/p>\n<p>Q2 : Pouvez-vous fournir des poudres de taille nanom\u00e9trique ?<br \/>\nA2 : Nous pouvons fournir des poudres de diff\u00e9rentes tailles de particules, du nanom\u00e8tre au micron, afin de r\u00e9pondre \u00e0 diff\u00e9rents besoins d&rsquo;application.<\/p>\n<p>Q3 : Comment dois-je stocker la poudre pour \u00e9viter l&rsquo;humidit\u00e9 ou l&rsquo;oxydation ?<br \/>\nR3 : Nous recommandons de la conserver dans un environnement sec et d&rsquo;\u00e9viter toute exposition prolong\u00e9e \u00e0 l&rsquo;air humide.<\/p>\n<p>Q4 : Quelles sont les options d&#8217;emballage disponibles ?<br \/>\nR4 : Nous proposons des emballages de petite taille, des emballages industriels de grande taille et des emballages \u00e9tanches \u00e0 l&rsquo;humidit\u00e9. La personnalisation est \u00e9galement possible.<\/p>\n<h2><span style=\"font-size: 14pt;\">Rapports<\/span><\/h2>\n<p>Chaque lot est fourni avec :<br \/>\n<a href=\"https:\/\/ulpmat.com\/fr\/documents\/certificat-danalyse\/\"><u><span style=\"color: #0000ff;\">Certificat d&rsquo;analyse (COA)<\/span><\/u><\/a><\/p>\n<p><span style=\"color: #0000ff;\"><a style=\"color: #0000ff;\" href=\"https:\/\/ulpmat.com\/fr\/documents\/fiche-technique\/\"><u>Fiche technique (TDS)<\/u><\/a><\/span><\/p>\n<p><span style=\"color: #0000ff;\"><a style=\"color: #0000ff;\" href=\"https:\/\/ulpmat.com\/fr\/documents\/fiche-de-donnees-de-securite\/\"><u>Fiche de donn\u00e9es de s\u00e9curit\u00e9 (MSDS)<\/u><\/a><\/span><br \/>\nRapports d&rsquo;essais effectu\u00e9s par des tiers disponibles sur demande<\/p>\n<h2><span style=\"font-size: 14pt;\">Pourquoi nous choisir ?<\/span><\/h2>\n<p>Nous disposons d&rsquo;une technologie de production de poudre de ferrite de strontium \u00e9prouv\u00e9e et d&rsquo;un syst\u00e8me de gestion de la qualit\u00e9 rigoureux, garantissant la stabilit\u00e9 magn\u00e9tique, la taille uniforme des particules et la haute puret\u00e9 de nos produits. Gr\u00e2ce \u00e0 des services de personnalisation flexibles et \u00e0 une assistance technique professionnelle, nous fournissons des solutions mat\u00e9rielles fiables aux clients du secteur de la recherche et de l&rsquo;industrie, facilitant ainsi le d\u00e9veloppement harmonieux d&rsquo;applications et de produits magn\u00e9tiques.<\/p>\n","protected":false},"excerpt":{"rendered":"<p>Pr\u00e9sentation de la poudre de ferrite de strontium La poudre de ferrite de strontium est un mat\u00e9riau magn\u00e9tique permanent haute performance largement utilis\u00e9 dans la fabrication de composants magn\u00e9tiques et de mat\u00e9riaux d&rsquo;enregistrement magn\u00e9tique. Nous proposons une poudre de ferrite de strontium de haute puret\u00e9 et tr\u00e8s homog\u00e8ne, adapt\u00e9e \u00e0 la recherche, aux applications industrielles [&hellip;]<\/p>\n","protected":false},"featured_media":35244,"template":"","meta":{"_acf_changed":false},"product_brand":[132],"product_cat":[1184],"product_tag":[3791],"class_list":{"0":"post-35243","1":"product","2":"type-product","3":"status-publish","4":"has-post-thumbnail","6":"product_brand-ulpmat","7":"product_cat-autres-acides","8":"product_tag-poudre-de-ferrite-de-strontium","10":"first","11":"instock","12":"shipping-taxable","13":"product-type-variable"},"acf":[],"_links":{"self":[{"href":"https:\/\/ulpmat.com\/fr\/wp-json\/wp\/v2\/product\/35243","targetHints":{"allow":["GET"]}}],"collection":[{"href":"https:\/\/ulpmat.com\/fr\/wp-json\/wp\/v2\/product"}],"about":[{"href":"https:\/\/ulpmat.com\/fr\/wp-json\/wp\/v2\/types\/product"}],"wp:featuredmedia":[{"embeddable":true,"href":"https:\/\/ulpmat.com\/fr\/wp-json\/wp\/v2\/media\/35244"}],"wp:attachment":[{"href":"https:\/\/ulpmat.com\/fr\/wp-json\/wp\/v2\/media?parent=35243"}],"wp:term":[{"taxonomy":"product_brand","embeddable":true,"href":"https:\/\/ulpmat.com\/fr\/wp-json\/wp\/v2\/product_brand?post=35243"},{"taxonomy":"product_cat","embeddable":true,"href":"https:\/\/ulpmat.com\/fr\/wp-json\/wp\/v2\/product_cat?post=35243"},{"taxonomy":"product_tag","embeddable":true,"href":"https:\/\/ulpmat.com\/fr\/wp-json\/wp\/v2\/product_tag?post=35243"}],"curies":[{"name":"wp","href":"https:\/\/api.w.org\/{rel}","templated":true}]}}