{"id":35219,"date":"2025-12-03T11:12:17","date_gmt":"2025-12-03T03:12:17","guid":{"rendered":"https:\/\/ulpmat.com\/product\/ferrite-de-strontium\/"},"modified":"2025-12-03T11:12:17","modified_gmt":"2025-12-03T03:12:17","slug":"ferrite-de-strontium","status":"publish","type":"product","link":"https:\/\/ulpmat.com\/fr\/produit\/ferrite-de-strontium\/","title":{"rendered":"Ferrite de strontium"},"content":{"rendered":"<h2><span style=\"font-size: 14pt;\">Cible de pulv\u00e9risation en ferrite de strontium Pr\u00e9sentation<\/span><\/h2>\n<p>Les cibles de pulv\u00e9risation<br \/>\n<span style=\"color: #0000ff;\"><a style=\"color: #0000ff;\" href=\"https:\/\/ulpmat.com\/fr\/recherche\/?type=name&#038;keyword=Strontium+Ferrite\">en ferrite de strontium<\/a><\/span><br \/>\nsont des mat\u00e9riaux magn\u00e9tiques haute performance utilis\u00e9s pour la fabrication de dispositifs magn\u00e9tiques \u00e0 couche mince et de composants \u00e9lectroniques.<\/p>\n<p>Nous proposons des cibles de pulv\u00e9risation en ferrite de strontium \u00e0 haute densit\u00e9 et haute uniformit\u00e9, adapt\u00e9es au d\u00e9p\u00f4t magn\u00e9tique de couches minces, aux capteurs et aux exp\u00e9riences de recherche scientifique. Les dimensions et les formes peuvent \u00eatre personnalis\u00e9es pour r\u00e9pondre aux besoins des clients, garantissant ainsi l&rsquo;uniformit\u00e9 de la pulv\u00e9risation et les performances du film. <span style=\"color: #0000ff;\"><a style=\"color: #0000ff;\" href=\"https:\/\/ulpmat.com\/fr\/contactez-nous\/\">Contactez-nous<\/a><\/span><br \/>\npour obtenir des \u00e9chantillons.<\/p>\n<h2><span style=\"font-size: 14pt;\">Points forts du produit<\/span><\/h2>\n<p>Haute stabilit\u00e9 magn\u00e9tique<br \/>\nExcellente stabilit\u00e9 thermique<br \/>\nHaute densit\u00e9 et structure uniforme<br \/>\nTailles et formes personnalis\u00e9es disponibles<br \/>\nPulv\u00e9risation et d\u00e9p\u00f4t de film faciles<br \/>\nHaute puret\u00e9, faible teneur en impuret\u00e9s<br \/>\nStabilit\u00e9 de stockage \u00e0 long terme<br \/>\nLiaison de cible en option<br \/>\nConvient \u00e0 diverses applications \u00e9lectroniques et magn\u00e9tiques<\/p>\n<h2><span style=\"font-size: 14pt;\">Applications des cibles de pulv\u00e9risation en ferrite de strontium<\/span><\/h2>\n<p>Utilis\u00e9es pour la fabrication de films minces magn\u00e9tiques afin d&rsquo;am\u00e9liorer les performances des dispositifs.<br \/>\nConviennent aux capteurs magn\u00e9tiques et aux dispositifs de stockage magn\u00e9tique.<br \/>\nUtilis\u00e9es pour la fabrication de films magn\u00e9tiques fonctionnels dans le cadre d&rsquo;exp\u00e9riences de recherche scientifique.<br \/>\nApplications dans la fonctionnalisation de surface des dispositifs \u00e9lectroniques magn\u00e9tiques.<\/p>\n<h2><span style=\"color: #0000ff;\"><a style=\"color: #0000ff;\" href=\"https:\/\/ulpmat.com\/fr\/societe\/faq\/\"><span style=\"font-size: 14pt;\">FAQ<\/span><\/a><\/span><\/h2>\n<p>Q1 : Quels proc\u00e9d\u00e9s de pulv\u00e9risation conviennent \u00e0 cette cible de pulv\u00e9risation ?<br \/>\nA1 : Ce produit convient \u00e0 la pulv\u00e9risation CC et RF, produisant une excellente uniformit\u00e9 du film.<\/p>\n<p>Q2 : Pouvez-vous personnaliser l&rsquo;\u00e9paisseur ou le diam\u00e8tre ?<br \/>\nR2 : Nous pouvons fournir diff\u00e9rents diam\u00e8tres, \u00e9paisseurs et formes pour r\u00e9pondre aux besoins de divers \u00e9quipements.<\/p>\n<p>Q3 : Quelles pr\u00e9cautions faut-il prendre lors du stockage ?<br \/>\nR3 : Il est recommand\u00e9 de le stocker dans un r\u00e9cipient herm\u00e9tique dans un environnement sec, en \u00e9vitant l&rsquo;humidit\u00e9 et l&rsquo;exposition prolong\u00e9e \u00e0 la lumi\u00e8re.<\/p>\n<p>Q4 : Comment la puret\u00e9 du mat\u00e9riau cible est-elle garantie ?<br \/>\nR4 : Nous utilisons des mati\u00e8res premi\u00e8res de haute puret\u00e9 et contr\u00f4lons strictement le processus de production et la teneur en impuret\u00e9s afin de garantir des normes de puret\u00e9 \u00e9lev\u00e9es.<\/p>\n<h2><span style=\"font-size: 14pt;\">Rapports<\/span><\/h2>\n<p>Chaque lot est fourni avec :<br \/>\n<span style=\"color: #0000ff;\"><a style=\"color: #0000ff;\" href=\"https:\/\/ulpmat.com\/fr\/documents\/certificat-danalyse\/\"><u>Certificat d&rsquo;analyse (COA)<\/u><\/a><\/span><\/p>\n<p><span style=\"color: #0000ff;\"><a style=\"color: #0000ff;\" href=\"https:\/\/ulpmat.com\/fr\/documents\/fiche-technique\/\"><u>Fiche technique (TDS)<\/u><\/a><\/span><\/p>\n<p><span style=\"color: #0000ff;\"><a style=\"color: #0000ff;\" href=\"https:\/\/ulpmat.com\/fr\/documents\/fiche-de-donnees-de-securite\/\"><u>Fiche de donn\u00e9es de s\u00e9curit\u00e9 (MSDS)<\/u><\/a><\/span><br \/>\nRapports d&rsquo;essais effectu\u00e9s par des tiers disponibles sur demande<\/p>\n<h2><span style=\"font-size: 14pt;\">Pourquoi nous choisir ?<\/span><\/h2>\n<p>Nous disposons d&rsquo;une technologie avanc\u00e9e de pr\u00e9paration des cibles de pulv\u00e9risation et d&rsquo;un syst\u00e8me de gestion de la qualit\u00e9 rigoureux, garantissant une densit\u00e9 \u00e9lev\u00e9e, une structure uniforme et une stabilit\u00e9 magn\u00e9tique. Gr\u00e2ce \u00e0 une personnalisation flexible et \u00e0 des services techniques professionnels, nous fournissons \u00e0 nos clients des solutions fiables et performantes en mati\u00e8re de cibles de pulv\u00e9risation magn\u00e9tique afin de faciliter la mise en \u0153uvre de la recherche scientifique et des applications industrielles.<\/p>\n","protected":false},"excerpt":{"rendered":"<p>Cible de pulv\u00e9risation en ferrite de strontium Pr\u00e9sentation Les cibles de pulv\u00e9risation en ferrite de strontium sont des mat\u00e9riaux magn\u00e9tiques haute performance utilis\u00e9s pour la fabrication de dispositifs magn\u00e9tiques \u00e0 couche mince et de composants \u00e9lectroniques. Nous proposons des cibles de pulv\u00e9risation en ferrite de strontium \u00e0 haute densit\u00e9 et haute uniformit\u00e9, adapt\u00e9es au d\u00e9p\u00f4t [&hellip;]<\/p>\n","protected":false},"featured_media":35220,"template":"","meta":{"_acf_changed":false},"product_brand":[132],"product_cat":[449],"product_tag":[3785],"class_list":{"0":"post-35219","1":"product","2":"type-product","3":"status-publish","4":"has-post-thumbnail","6":"product_brand-ulpmat","7":"product_cat-cible-de-pulverisation-ceramique","8":"product_tag-cible-de-pulverisation-de-ferrite-de-strontium","10":"first","11":"instock","12":"shipping-taxable","13":"product-type-variable"},"acf":[],"_links":{"self":[{"href":"https:\/\/ulpmat.com\/fr\/wp-json\/wp\/v2\/product\/35219","targetHints":{"allow":["GET"]}}],"collection":[{"href":"https:\/\/ulpmat.com\/fr\/wp-json\/wp\/v2\/product"}],"about":[{"href":"https:\/\/ulpmat.com\/fr\/wp-json\/wp\/v2\/types\/product"}],"wp:featuredmedia":[{"embeddable":true,"href":"https:\/\/ulpmat.com\/fr\/wp-json\/wp\/v2\/media\/35220"}],"wp:attachment":[{"href":"https:\/\/ulpmat.com\/fr\/wp-json\/wp\/v2\/media?parent=35219"}],"wp:term":[{"taxonomy":"product_brand","embeddable":true,"href":"https:\/\/ulpmat.com\/fr\/wp-json\/wp\/v2\/product_brand?post=35219"},{"taxonomy":"product_cat","embeddable":true,"href":"https:\/\/ulpmat.com\/fr\/wp-json\/wp\/v2\/product_cat?post=35219"},{"taxonomy":"product_tag","embeddable":true,"href":"https:\/\/ulpmat.com\/fr\/wp-json\/wp\/v2\/product_tag?post=35219"}],"curies":[{"name":"wp","href":"https:\/\/api.w.org\/{rel}","templated":true}]}}