{"id":34965,"date":"2025-12-09T15:51:06","date_gmt":"2025-12-09T07:51:06","guid":{"rendered":"https:\/\/ulpmat.com\/product\/carbonate-de-rubidium\/"},"modified":"2025-12-09T15:51:06","modified_gmt":"2025-12-09T07:51:06","slug":"carbonate-de-rubidium","status":"publish","type":"product","link":"https:\/\/ulpmat.com\/fr\/produit\/carbonate-de-rubidium\/","title":{"rendered":"Carbonate de rubidium"},"content":{"rendered":"<h2><span style=\"font-size: 14pt;\">Pr\u00e9sentation de la poudre de carbonate de rubidium<\/span><\/h2>\n<p>La poudre <span style=\"color: #0000ff;\"><a style=\"color: #0000ff;\" href=\"https:\/\/ulpmat.com\/fr\/recherche\/?type=name&#038;keyword=rubidium+carbonate\">de carbonate de rubidium<\/a><\/span><br \/>\nde haute puret\u00e9, caract\u00e9ris\u00e9e par une grande puret\u00e9, une excellente stabilit\u00e9 et une forte solubilit\u00e9, est une mati\u00e8re premi\u00e8re essentielle pour la R&amp;D et la production dans les domaines de l&rsquo;opto\u00e9lectronique, de la catalyse, du verre sp\u00e9cial et autres.<\/p>\n<p>Nous proposons de la poudre de carbonate de rubidium dans plusieurs puret\u00e9s et sp\u00e9cifications, avec la possibilit\u00e9 de personnaliser la taille des particules et l&#8217;emballage. Pour obtenir des \u00e9chantillons, des devis ou des renseignements techniques, n&rsquo;h\u00e9sitez pas \u00e0 <span style=\"color: #0000ff;\"><a style=\"color: #0000ff;\" href=\"https:\/\/ulpmat.com\/fr\/contactez-nous\/\">nous contacter<\/a><\/span><br \/>\n\u00e0 tout moment.<\/p>\n<h2><span style=\"font-size: 14pt;\">Points forts du produit<\/span><\/h2>\n<p>Puret\u00e9 ultra-\u00e9lev\u00e9e<br \/>\nTaille des particules uniforme et contr\u00f4lable<br \/>\nExcellente solubilit\u00e9 dans l&rsquo;eau et r\u00e9activit\u00e9<br \/>\nEmballage herm\u00e9tique strictement \u00e9tanche \u00e0 l&rsquo;humidit\u00e9<br \/>\n<span style=\"color: #0000ff;\"><a style=\"color: #0000ff;\" href=\"https:\/\/ulpmat.com\/fr\/service\/support-technique\/\">Assistance technique<\/a><\/span><br \/>\nprofessionnelle fournie<\/p>\n<h2><span style=\"font-size: 14pt;\">Applications de la poudre de carbonate de rubidium<\/span><\/h2>\n<p>Verre <span style=\"color: #0000ff;\"><a style=\"color: #0000ff;\" href=\"https:\/\/ulpmat.com\/fr\/candidature\/materiaux-optiques\/\">optique<\/a><\/span><br \/>\nsp\u00e9cial : utilis\u00e9 pour fabriquer du verre optique haute performance \u00e0 indice de r\u00e9fraction \u00e9lev\u00e9 et faible dispersion.<br \/>\nMat\u00e9riaux photovolta\u00efques et opto\u00e9lectroniques : sert de mat\u00e9riau de dopage cl\u00e9 pour les nouveaux dispositifs opto\u00e9lectroniques tels que les cellules solaires en p\u00e9rovskite.<br \/>\nCatalyseurs de synth\u00e8se organique : fonctionne comme un catalyseur efficace dans diverses r\u00e9actions catalys\u00e9es par des alcalis.<br \/>\nFabrication de c\u00e9ramiques \u00e9lectroniques : am\u00e9liore les performances de frittage et les propri\u00e9t\u00e9s di\u00e9lectriques des mat\u00e9riaux c\u00e9ramiques.<\/p>\n<h2><span style=\"color: #0000ff;\"><a style=\"color: #0000ff;\" href=\"https:\/\/ulpmat.com\/fr\/societe\/faq\/\"><span style=\"font-size: 14pt;\">FAQ<\/span><\/a><\/span><\/h2>\n<p>Q1 : Quelle est la puret\u00e9 typique du produit ?<br \/>\nA1 : Nous fournissons syst\u00e9matiquement un degr\u00e9 de puret\u00e9 de 99,9 % et pouvons proposer des solutions de puret\u00e9 personnalis\u00e9es en fonction des besoins des clients.<\/p>\n<p>Q2 : Comment le produit doit-il \u00eatre stock\u00e9 ?<br \/>\nR2 : Ce produit absorbe facilement l&rsquo;humidit\u00e9. Conservez-le dans un r\u00e9cipient herm\u00e9tique, dans un environnement sec, frais et sombre. Apr\u00e8s ouverture, prot\u00e9gez-le avec un gaz inerte et utilisez-le rapidement.<\/p>\n<p>Q3 : Des \u00e9chantillons peuvent-ils \u00eatre fournis \u00e0 des fins de test ?<br \/>\nR3 : Oui, nous invitons les nouveaux clients \u00e0 demander des \u00e9chantillons pour \u00e9valuation. Veuillez contacter notre \u00e9quipe commerciale pour conna\u00eetre les conditions sp\u00e9cifiques.<\/p>\n<p>Q4 : Proposez-vous une production personnalis\u00e9e ?<br \/>\nR4 : Oui. Nous pouvons personnaliser la production en fonction de vos exigences sp\u00e9cifiques en mati\u00e8re de taille des particules, de puret\u00e9, de morphologie cristalline et d&#8217;emballage.<\/p>\n<h2><span style=\"font-size: 14pt;\">Rapport<\/span><\/h2>\n<p>Chaque lot est fourni avec :<br \/>\n<span style=\"color: #0000ff;\"><a style=\"color: #0000ff;\" href=\"https:\/\/ulpmat.com\/fr\/documents\/certificat-danalyse\/\"><u>Certificat d&rsquo;analyse (COA)<\/u><\/a><\/span><\/p>\n<p><span style=\"color: #0000ff;\"><a style=\"color: #0000ff;\" href=\"https:\/\/ulpmat.com\/fr\/documents\/fiche-technique\/\"><u>Fiche technique (TDS)<\/u><\/a><\/span><\/p>\n<p><span style=\"color: #0000ff;\"><a style=\"color: #0000ff;\" href=\"https:\/\/ulpmat.com\/fr\/documents\/fiche-de-donnees-de-securite\/\"><u>Fiche de donn\u00e9es de s\u00e9curit\u00e9 (MSDS)<\/u><\/a><\/span><br \/>\nRapports d&rsquo;essais effectu\u00e9s par des tiers disponibles sur demande<\/p>\n<h2><span style=\"font-size: 14pt;\">Pourquoi nous choisir ?<\/span><\/h2>\n<p>Gr\u00e2ce \u00e0 notre approvisionnement stable en produits de haute puret\u00e9, \u00e0 notre assistance technique professionnelle et \u00e0 nos services de personnalisation flexibles, nous sommes votre partenaire de confiance pour les compos\u00e9s de rubidium.<\/p>\n","protected":false},"excerpt":{"rendered":"<p>Pr\u00e9sentation de la poudre de carbonate de rubidium La poudre de carbonate de rubidium de haute puret\u00e9, caract\u00e9ris\u00e9e par une grande puret\u00e9, une excellente stabilit\u00e9 et une forte solubilit\u00e9, est une mati\u00e8re premi\u00e8re essentielle pour la R&amp;D et la production dans les domaines de l&rsquo;opto\u00e9lectronique, de la catalyse, du verre sp\u00e9cial et autres. Nous proposons [&hellip;]<\/p>\n","protected":false},"featured_media":34966,"template":"","meta":{"_acf_changed":false},"product_brand":[132],"product_cat":[1184],"product_tag":[3719],"class_list":{"0":"post-34965","1":"product","2":"type-product","3":"status-publish","4":"has-post-thumbnail","6":"product_brand-ulpmat","7":"product_cat-autres-acides","8":"product_tag-carbonate-de-rubidium-en-poudre","10":"first","11":"instock","12":"shipping-taxable","13":"product-type-variable"},"acf":[],"_links":{"self":[{"href":"https:\/\/ulpmat.com\/fr\/wp-json\/wp\/v2\/product\/34965","targetHints":{"allow":["GET"]}}],"collection":[{"href":"https:\/\/ulpmat.com\/fr\/wp-json\/wp\/v2\/product"}],"about":[{"href":"https:\/\/ulpmat.com\/fr\/wp-json\/wp\/v2\/types\/product"}],"wp:featuredmedia":[{"embeddable":true,"href":"https:\/\/ulpmat.com\/fr\/wp-json\/wp\/v2\/media\/34966"}],"wp:attachment":[{"href":"https:\/\/ulpmat.com\/fr\/wp-json\/wp\/v2\/media?parent=34965"}],"wp:term":[{"taxonomy":"product_brand","embeddable":true,"href":"https:\/\/ulpmat.com\/fr\/wp-json\/wp\/v2\/product_brand?post=34965"},{"taxonomy":"product_cat","embeddable":true,"href":"https:\/\/ulpmat.com\/fr\/wp-json\/wp\/v2\/product_cat?post=34965"},{"taxonomy":"product_tag","embeddable":true,"href":"https:\/\/ulpmat.com\/fr\/wp-json\/wp\/v2\/product_tag?post=34965"}],"curies":[{"name":"wp","href":"https:\/\/api.w.org\/{rel}","templated":true}]}}