{"id":34839,"date":"2025-12-09T15:51:08","date_gmt":"2025-12-09T07:51:08","guid":{"rendered":"https:\/\/ulpmat.com\/product\/selenium-metal-3\/"},"modified":"2025-12-09T15:51:08","modified_gmt":"2025-12-09T07:51:08","slug":"selenium-metal-3","status":"publish","type":"product","link":"https:\/\/ulpmat.com\/fr\/produit\/selenium-metal-3\/","title":{"rendered":"S\u00e9l\u00e9nium m\u00e9tal"},"content":{"rendered":"<h2><span style=\"font-size: 14pt;\">Granul\u00e9s de s\u00e9l\u00e9nium m\u00e9tallique Pr\u00e9sentation<\/span><\/h2>\n<p>Les granul\u00e9s<br \/>\n<span style=\"color: #0000ff;\"><a style=\"color: #0000ff;\" href=\"https:\/\/ulpmat.com\/fr\/recherche\/?type=name&#038;keyword=Selenium+metal\">de s\u00e9l\u00e9nium m\u00e9tallique<\/a><\/span><br \/>\nsont un mat\u00e9riau semi-conducteur non m\u00e9tallique essentiel, g\u00e9n\u00e9ralement de couleur grise \u00e0 noire. Ils pr\u00e9sentent des propri\u00e9t\u00e9s opto\u00e9lectroniques uniques, avec une conductivit\u00e9 qui augmente consid\u00e9rablement sous l&rsquo;effet de la lumi\u00e8re (effet photoconducteur). Le s\u00e9l\u00e9nium partage les m\u00eames caract\u00e9ristiques chimiques que le soufre et sert de mati\u00e8re premi\u00e8re de base pour la production de divers s\u00e9l\u00e9niures et mat\u00e9riaux fonctionnels. Il trouve de nombreuses applications dans les secteurs de l&rsquo;\u00e9lectronique, <span style=\"color: #0000ff;\"><a style=\"color: #0000ff;\" href=\"https:\/\/ulpmat.com\/fr\/candidature\/materiaux-optiques\/\">de l&rsquo;optique,<\/a><\/span><br \/>\nde la m\u00e9tallurgie et de la sant\u00e9.<\/p>\n<p>Nous proposons des granul\u00e9s de s\u00e9l\u00e9nium m\u00e9tallique gris et noirs de diff\u00e9rentes puret\u00e9s et tailles de particules. <span style=\"color: #0000ff;\"><a style=\"color: #0000ff;\" href=\"https:\/\/ulpmat.com\/fr\/contactez-nous\/\">Contactez-nous<\/a><\/span><br \/>\npour des solutions personnalis\u00e9es.<\/p>\n<h2><span style=\"font-size: 14pt;\">Points forts des <\/span><span style=\"font-size: 14pt;\">granul\u00e9s <\/span><span style=\"font-size: 14pt;\">de <\/span><span style=\"font-size: 14pt;\">s\u00e9l\u00e9nium m\u00e9tallique<\/span><\/h2>\n<p>Plusieurs formes disponibles<br \/>\nPlusieurs degr\u00e9s de puret\u00e9<br \/>\nPropri\u00e9t\u00e9s opto\u00e9lectroniques uniques<br \/>\nContr\u00f4le qualit\u00e9 strict, lots homog\u00e8nes<br \/>\nEmballage professionnel prot\u00e9geant de la lumi\u00e8re<\/p>\n<h2><span style=\"font-size: 14pt;\">Applications des granul\u00e9s de s\u00e9l\u00e9nium m\u00e9tallique<\/span><\/h2>\n<p>Opto\u00e9lectronique et<span style=\"color: #0000ff;\"><a style=\"color: #0000ff;\" href=\"https:\/\/ulpmat.com\/fr\/candidature\/materiaux-semi-conducteurs\/\"> semi-conducteurs :<\/a><\/span><br \/>\nutilis\u00e9 dans la fabrication des premi\u00e8res cellules photovolta\u00efques au s\u00e9l\u00e9nium, des redresseurs au s\u00e9l\u00e9nium et de certains dispositifs semi-conducteurs sp\u00e9cialis\u00e9s.<br \/>\nIndustrie du verre : utilis\u00e9 comme d\u00e9colorant pour \u00e9liminer les teintes vertes dans le verre ou comme colorant pour la production de verre rubis.<br \/>\nM\u00e9tallurgie et alliages : utilis\u00e9 comme additif pour am\u00e9liorer l&rsquo;usinabilit\u00e9 de l&rsquo;acier inoxydable et des alliages de cuivre.<\/p>\n<h2><span style=\"color: #0000ff;\"><a style=\"color: #0000ff;\" href=\"https:\/\/ulpmat.com\/fr\/societe\/faq\/\"><span style=\"font-size: 14pt;\">FAQ<\/span><\/a><\/span><\/h2>\n<p>Q1 : Les granul\u00e9s de s\u00e9l\u00e9nium sont-ils toxiques ? Quelles pr\u00e9cautions faut-il prendre lors de la manipulation et du stockage ?<br \/>\nR1 : Oui, la plupart des \u00e9l\u00e9ments et compos\u00e9s du s\u00e9l\u00e9nium sont toxiques. L&rsquo;inhalation de poussi\u00e8re ou l&rsquo;ingestion accidentelle est nocive. Portez toujours des masques et des gants de protection lors de la manipulation et travaillez dans des zones bien ventil\u00e9es. Conservez-les dans des r\u00e9cipients herm\u00e9tiques et opaques, dans un endroit frais et sec, \u00e0 l&rsquo;\u00e9cart des acides, des agents oxydants puissants et des denr\u00e9es alimentaires.<\/p>\n<p>Q2 : Quelle est la diff\u00e9rence entre le s\u00e9l\u00e9nium gris et le s\u00e9l\u00e9nium amorphe noir ? Comment choisir ?<br \/>\nR2 : Le s\u00e9l\u00e9nium gris est une forme cristalline stable avec un \u00e9clat m\u00e9tallique et des propri\u00e9t\u00e9s semi-conductrices. Le s\u00e9l\u00e9nium amorphe noir se pr\u00e9sente g\u00e9n\u00e9ralement sous forme de poudre ou de verre et pr\u00e9sente une r\u00e9activit\u00e9 chimique plus \u00e9lev\u00e9e. Le choix d\u00e9pend de votre processus : le gris est pr\u00e9f\u00e9rable pour des performances photovolta\u00efques stables, tandis que le s\u00e9l\u00e9nium amorphe noir peut \u00eatre plus adapt\u00e9 comme pr\u00e9curseur pour la synth\u00e8se par r\u00e9action chimique.<\/p>\n<p>Q3 : Dans le domaine photovolta\u00efque, dans quel type de cellule solaire le s\u00e9l\u00e9nium est-il principalement utilis\u00e9 aujourd&rsquo;hui ?<br \/>\nA3 : Actuellement, le s\u00e9l\u00e9nium est une mati\u00e8re premi\u00e8re essentielle pour les cellules solaires \u00e0 couche mince en cuivre, indium, gallium et s\u00e9l\u00e9nium (CIGS). Ces cellules offrent un rendement de conversion \u00e9lev\u00e9, une excellente r\u00e9ponse \u00e0 la faible luminosit\u00e9 et un potentiel de co\u00fbt, ce qui en fait une orientation importante pour la technologie photovolta\u00efque de nouvelle g\u00e9n\u00e9ration.<\/p>\n<p>Q4 : Comment d\u00e9terminer la puret\u00e9 et la taille des particules requises lors de la commande ?<br \/>\nA4 : Cela d\u00e9pend principalement de votre application finale. Par exemple, la d\u00e9coloration dans l&rsquo;industrie du verre n\u00e9cessite g\u00e9n\u00e9ralement du s\u00e9l\u00e9nium de qualit\u00e9 industrielle d&rsquo;une puret\u00e9 sup\u00e9rieure \u00e0 99,5 %, tandis que la synth\u00e8se de mat\u00e9riaux semi-conducteurs de haute puret\u00e9 exige du s\u00e9l\u00e9nium d&rsquo;une puret\u00e9 ultra-\u00e9lev\u00e9e sup\u00e9rieure \u00e0 99,999 %, avec des tailles de particules sp\u00e9cifiques pour contr\u00f4ler la r\u00e9activit\u00e9. Notre \u00e9quipe technique et commerciale peut vous aider \u00e0 faire votre choix.<\/p>\n<h2><span style=\"font-size: 14pt;\">Rapport<\/span><\/h2>\n<p>Chaque lot est accompagn\u00e9 des documents suivants :<br \/>\n<span style=\"color: #0000ff;\"><a style=\"color: #0000ff;\" href=\"https:\/\/ulpmat.com\/fr\/documents\/certificat-danalyse\/\"><u>Certificat d&rsquo;analyse (COA)<\/u><\/a><\/span><\/p>\n<p><span style=\"color: #0000ff;\"><a style=\"color: #0000ff;\" href=\"https:\/\/ulpmat.com\/fr\/documents\/fiche-technique\/\"><u>Fiche technique (TDS)<\/u><\/a><\/span><\/p>\n<p><span style=\"color: #0000ff;\"><a style=\"color: #0000ff;\" href=\"https:\/\/ulpmat.com\/fr\/documents\/fiche-de-donnees-de-securite\/\"><u>Fiche de donn\u00e9es de s\u00e9curit\u00e9 (MSDS)<\/u><\/a><\/span><br \/>\nRapports d&rsquo;essais effectu\u00e9s par des tiers disponibles sur demande<\/p>\n<h2><span style=\"font-size: 14pt;\">Pourquoi nous choisir ?<\/span><\/h2>\n<p>Forts de notre expertise approfondie dans le domaine des mat\u00e9riaux \u00e0 base de s\u00e9l\u00e9nium, nous proposons une gamme compl\u00e8te de produits, du s\u00e9l\u00e9nium de qualit\u00e9 industrielle au s\u00e9l\u00e9nium de tr\u00e8s haute puret\u00e9. Notre assistance technique professionnelle vous garantit de b\u00e9n\u00e9ficier de la solution la mieux adapt\u00e9e \u00e0 vos besoins.<\/p>\n","protected":false},"excerpt":{"rendered":"<p>Granul\u00e9s de s\u00e9l\u00e9nium m\u00e9tallique Pr\u00e9sentation Les granul\u00e9s de s\u00e9l\u00e9nium m\u00e9tallique sont un mat\u00e9riau semi-conducteur non m\u00e9tallique essentiel, g\u00e9n\u00e9ralement de couleur grise \u00e0 noire. Ils pr\u00e9sentent des propri\u00e9t\u00e9s opto\u00e9lectroniques uniques, avec une conductivit\u00e9 qui augmente consid\u00e9rablement sous l&rsquo;effet de la lumi\u00e8re (effet photoconducteur). Le s\u00e9l\u00e9nium partage les m\u00eames caract\u00e9ristiques chimiques que le soufre et sert de [&hellip;]<\/p>\n","protected":false},"featured_media":34840,"template":"","meta":{"_acf_changed":false},"product_brand":[132],"product_cat":[296],"product_tag":[3683],"class_list":{"0":"post-34839","1":"product","2":"type-product","3":"status-publish","4":"has-post-thumbnail","6":"product_brand-ulpmat","7":"product_cat-materiaux-devaporation","8":"product_tag-selenium-metal-granules","10":"first","11":"instock","12":"shipping-taxable","13":"product-type-variable"},"acf":[],"_links":{"self":[{"href":"https:\/\/ulpmat.com\/fr\/wp-json\/wp\/v2\/product\/34839","targetHints":{"allow":["GET"]}}],"collection":[{"href":"https:\/\/ulpmat.com\/fr\/wp-json\/wp\/v2\/product"}],"about":[{"href":"https:\/\/ulpmat.com\/fr\/wp-json\/wp\/v2\/types\/product"}],"wp:featuredmedia":[{"embeddable":true,"href":"https:\/\/ulpmat.com\/fr\/wp-json\/wp\/v2\/media\/34840"}],"wp:attachment":[{"href":"https:\/\/ulpmat.com\/fr\/wp-json\/wp\/v2\/media?parent=34839"}],"wp:term":[{"taxonomy":"product_brand","embeddable":true,"href":"https:\/\/ulpmat.com\/fr\/wp-json\/wp\/v2\/product_brand?post=34839"},{"taxonomy":"product_cat","embeddable":true,"href":"https:\/\/ulpmat.com\/fr\/wp-json\/wp\/v2\/product_cat?post=34839"},{"taxonomy":"product_tag","embeddable":true,"href":"https:\/\/ulpmat.com\/fr\/wp-json\/wp\/v2\/product_tag?post=34839"}],"curies":[{"name":"wp","href":"https:\/\/api.w.org\/{rel}","templated":true}]}}