{"id":34821,"date":"2025-12-09T15:51:08","date_gmt":"2025-12-09T07:51:08","guid":{"rendered":"https:\/\/ulpmat.com\/product\/selenium-metal-2\/"},"modified":"2025-12-09T15:51:08","modified_gmt":"2025-12-09T07:51:08","slug":"selenium-metal-2","status":"publish","type":"product","link":"https:\/\/ulpmat.com\/fr\/produit\/selenium-metal-2\/","title":{"rendered":"S\u00e9l\u00e9nium m\u00e9tal"},"content":{"rendered":"<h2><span style=\"font-size: 14pt;\">Barres de s\u00e9l\u00e9nium m\u00e9tallique Pr\u00e9sentation<\/span><\/h2>\n<p>Les barres<br \/>\n<a href=\"https:\/\/ulpmat.com\/fr\/recherche\/?type=name&#038;keyword=Selenium+metal\"><span style=\"color: #0000ff;\">de s\u00e9l\u00e9nium m\u00e9tallique<\/span><\/a><br \/>\nsont des mat\u00e9riaux solides en forme de barre fabriqu\u00e9s \u00e0 partir de s\u00e9l\u00e9nium de haute puret\u00e9, qui se pr\u00e9sentent g\u00e9n\u00e9ralement sous la forme de cristaux hexagonaux gris avec un \u00e9clat m\u00e9tallique. Elles poss\u00e8dent des propri\u00e9t\u00e9s opto\u00e9lectroniques uniques, notamment la photoconductivit\u00e9, des effets thermo\u00e9lectriques \u00e9lev\u00e9s et des caract\u00e9ristiques de redressement, ce qui en fait un mat\u00e9riau de base essentiel dans la fabrication de dispositifs \u00e0 semi-conducteurs, le d\u00e9p\u00f4t de couches minces et les applications optiques sp\u00e9cialis\u00e9es.<\/p>\n<p>Nous proposons des tiges de s\u00e9l\u00e9nium de haute puret\u00e9 dans diff\u00e9rents diam\u00e8tres et longueurs, et acceptons les commandes de taille standard ainsi que l&rsquo;usinage sur mesure. <span style=\"color: #0000ff;\"><a style=\"color: #0000ff;\" href=\"https:\/\/ulpmat.com\/fr\/recherche\/?type=name&#038;keyword=Selenium+metal\">Contactez-nous<\/a><\/span><br \/>\npour obtenir une liste d\u00e9taill\u00e9e des sp\u00e9cifications.<\/p>\n<h2><span style=\"font-size: 14pt;\">Points forts du produit<\/span><\/h2>\n<p>Forme de haute puret\u00e9<br \/>\nPerformances opto\u00e9lectroniques sup\u00e9rieures<br \/>\nHaute efficacit\u00e9 d&rsquo;\u00e9vaporation<br \/>\nStructure cristalline bien d\u00e9finie<br \/>\nDimensions personnalisables<\/p>\n<h2><span style=\"font-size: 14pt;\">Applications des tiges de s\u00e9l\u00e9nium m\u00e9tallique<\/span><\/h2>\n<p>Rev\u00eatement par \u00e9vaporation thermique sous vide : sert de source d&rsquo;\u00e9vaporation pour le d\u00e9p\u00f4t de films fonctionnels de s\u00e9l\u00e9nium ou de s\u00e9l\u00e9niure sur des substrats. Dispositifs<br \/>\n<span style=\"color: #0000ff;\"><a style=\"color: #0000ff;\" href=\"https:\/\/ulpmat.com\/fr\/candidature\/materiaux-semi-conducteurs\/\">semi-conducteurs<\/a><\/span><br \/>\net redresseurs : utilis\u00e9s comme mat\u00e9riau de base dans la fabrication des premiers redresseurs au s\u00e9l\u00e9nium, des photor\u00e9sistances et d&rsquo;autres dispositifs semi-conducteurs sp\u00e9cialis\u00e9s.<br \/>\nMat\u00e9riaux optiques infrarouges : utilis\u00e9s dans la production de composants optiques tels que des fen\u00eatres et des lentilles qui transmettent des longueurs d&rsquo;onde infrarouges sp\u00e9cifiques.<br \/>\nMat\u00e9riaux de conversion thermo\u00e9lectrique : utilise son effet thermo\u00e9lectrique pour fabriquer des dispositifs de production d&rsquo;\u00e9nergie thermo\u00e9lectrique qui convertissent directement l&rsquo;\u00e9nergie thermique en \u00e9nergie \u00e9lectrique.<\/p>\n<h2><span style=\"color: #0000ff;\"><a style=\"color: #0000ff;\" href=\"https:\/\/ulpmat.com\/fr\/societe\/faq\/\"><span style=\"font-size: 14pt;\">FAQ<\/span><\/a><\/span><\/h2>\n<p>Q1 : Quelles sont les principales diff\u00e9rences d&rsquo;application entre les tiges de s\u00e9l\u00e9nium et les granul\u00e9s de s\u00e9l\u00e9nium ?<br \/>\nR1 : Les principales diff\u00e9rences r\u00e9sident dans les m\u00e9thodes d&rsquo;utilisation et les formes de puret\u00e9. Les tiges de s\u00e9l\u00e9nium sont des mat\u00e9riaux solides en vrac, g\u00e9n\u00e9ralement caract\u00e9ris\u00e9s par une puret\u00e9 extr\u00eamement \u00e9lev\u00e9e et des structures denses. Elles sont principalement utilis\u00e9es pour le rev\u00eatement par \u00e9vaporation sous vide (comme tiges sources d&rsquo;\u00e9vaporation) ou directement usin\u00e9es en composants optiques\/\u00e9lectriques. Les granul\u00e9s de s\u00e9l\u00e9nium, en revanche, sont plus pratiques \u00e0 peser et \u00e0 m\u00e9langer, et sont couramment utilis\u00e9s comme additifs d&rsquo;alliages, dans la synth\u00e8se chimique ou pour la pr\u00e9paration de boues.<\/p>\n<p>Q2 : Quelles pr\u00e9cautions faut-il prendre lors de l&rsquo;utilisation de barres de s\u00e9l\u00e9nium pour le rev\u00eatement par \u00e9vaporation sous vide ?<br \/>\nR2 : Deux points essentiels doivent \u00eatre pris en compte : premi\u00e8rement, le pr\u00e9traitement de la surface : nettoyer la surface de la barre pour \u00e9liminer les oxydes avant l&rsquo;\u00e9vaporation. Deuxi\u00e8mement, le contr\u00f4le pr\u00e9cis des param\u00e8tres d&rsquo;\u00e9vaporation : le s\u00e9l\u00e9nium a une temp\u00e9rature d&rsquo;\u00e9vaporation relativement basse (environ 350 \u00b0C). R\u00e9gler soigneusement les niveaux de courant et de vide pour \u00e9viter la pulv\u00e9risation ou la d\u00e9composition, afin de garantir la qualit\u00e9 du film.<\/p>\n<p>Q3 : Quelles sont les exigences de s\u00e9curit\u00e9 particuli\u00e8res qui s&rsquo;appliquent au stockage et \u00e0 la manipulation des tiges de s\u00e9l\u00e9nium ?<br \/>\nA3 : Bien que les tiges de s\u00e9l\u00e9nium soient stables, le s\u00e9l\u00e9nium lui-m\u00eame et ses vapeurs sont toxiques. Stockez-les dans un endroit herm\u00e9tique, \u00e0 l&rsquo;abri de la lumi\u00e8re et au sec. La manipulation (en particulier la d\u00e9coupe, le broyage ou le chauffage pour l&rsquo;\u00e9vaporation) doit se faire dans des zones bien ventil\u00e9es ou sous des syst\u00e8mes d&rsquo;extraction locaux afin d&rsquo;\u00e9viter l&rsquo;inhalation de poussi\u00e8res ou de vapeurs. Portez un \u00e9quipement de protection individuelle.<\/p>\n<p>Q4 : Les tiges de s\u00e9l\u00e9nium peuvent-elles \u00eatre personnalis\u00e9es selon des dimensions ou des niveaux de puret\u00e9 sp\u00e9cifiques en fonction des exigences de nos \u00e9quipements ?<br \/>\nA4 : La personnalisation est possible. Nous pouvons adapter les tiges de s\u00e9l\u00e9nium \u00e0 diff\u00e9rents diam\u00e8tres, longueurs et puret\u00e9s (par exemple, puret\u00e9 ultra-\u00e9lev\u00e9e 6N) en fonction des dimensions du creuset de votre \u00e9quipement de rev\u00eatement ou des sp\u00e9cifications de conception de votre appareil. Veuillez fournir des exigences techniques d\u00e9taill\u00e9es pour l&rsquo;\u00e9valuation et les solutions de traitement.<\/p>\n<h2><span style=\"font-size: 14pt;\">Rapport<\/span><\/h2>\n<p>Chaque lot est fourni avec :<br \/>\n<span style=\"color: #0000ff;\"><a style=\"color: #0000ff;\" href=\"https:\/\/ulpmat.com\/fr\/documents\/certificat-danalyse\/\"><u>Certificat d&rsquo;analyse (COA)<\/u><\/a><\/span><\/p>\n<p><span style=\"color: #0000ff;\"><a style=\"color: #0000ff;\" href=\"https:\/\/ulpmat.com\/fr\/documents\/fiche-technique\/\"><u>Fiche technique (TDS)<\/u><\/a><\/span><\/p>\n<p><span style=\"color: #0000ff;\"><a style=\"color: #0000ff;\" href=\"https:\/\/ulpmat.com\/fr\/documents\/fiche-de-donnees-de-securite\/\"><u>Fiche de donn\u00e9es de s\u00e9curit\u00e9 (MSDS)<\/u><\/a><\/span><br \/>\nRapports d&rsquo;essais par des tiers disponibles sur demande<\/p>\n<h2><span style=\"font-size: 14pt;\">Pourquoi nous choisir ?<\/span><\/h2>\n<p>Gr\u00e2ce \u00e0 notre expertise approfondie dans le domaine des mat\u00e9riaux \u00e9l\u00e9mentaires de haute puret\u00e9, nous fournissons des tiges de s\u00e9l\u00e9nium aux sp\u00e9cifications pr\u00e9cises et aux performances stables. Nos capacit\u00e9s de traitement personnalis\u00e9es professionnelles font de nous un partenaire fiable pour vos processus de R&amp;D et de production.<\/p>\n","protected":false},"excerpt":{"rendered":"<p>Barres de s\u00e9l\u00e9nium m\u00e9tallique Pr\u00e9sentation Les barres de s\u00e9l\u00e9nium m\u00e9tallique sont des mat\u00e9riaux solides en forme de barre fabriqu\u00e9s \u00e0 partir de s\u00e9l\u00e9nium de haute puret\u00e9, qui se pr\u00e9sentent g\u00e9n\u00e9ralement sous la forme de cristaux hexagonaux gris avec un \u00e9clat m\u00e9tallique. Elles poss\u00e8dent des propri\u00e9t\u00e9s opto\u00e9lectroniques uniques, notamment la photoconductivit\u00e9, des effets thermo\u00e9lectriques \u00e9lev\u00e9s et [&hellip;]<\/p>\n","protected":false},"featured_media":34822,"template":"","meta":{"_acf_changed":false},"product_brand":[132],"product_cat":[394],"product_tag":[3677],"class_list":{"0":"post-34821","1":"product","2":"type-product","3":"status-publish","4":"has-post-thumbnail","6":"product_brand-ulpmat","7":"product_cat-autres-materiaux","8":"product_tag-tige-en-metal-de-selenium","10":"first","11":"instock","12":"shipping-taxable","13":"product-type-variable"},"acf":[],"_links":{"self":[{"href":"https:\/\/ulpmat.com\/fr\/wp-json\/wp\/v2\/product\/34821","targetHints":{"allow":["GET"]}}],"collection":[{"href":"https:\/\/ulpmat.com\/fr\/wp-json\/wp\/v2\/product"}],"about":[{"href":"https:\/\/ulpmat.com\/fr\/wp-json\/wp\/v2\/types\/product"}],"wp:featuredmedia":[{"embeddable":true,"href":"https:\/\/ulpmat.com\/fr\/wp-json\/wp\/v2\/media\/34822"}],"wp:attachment":[{"href":"https:\/\/ulpmat.com\/fr\/wp-json\/wp\/v2\/media?parent=34821"}],"wp:term":[{"taxonomy":"product_brand","embeddable":true,"href":"https:\/\/ulpmat.com\/fr\/wp-json\/wp\/v2\/product_brand?post=34821"},{"taxonomy":"product_cat","embeddable":true,"href":"https:\/\/ulpmat.com\/fr\/wp-json\/wp\/v2\/product_cat?post=34821"},{"taxonomy":"product_tag","embeddable":true,"href":"https:\/\/ulpmat.com\/fr\/wp-json\/wp\/v2\/product_tag?post=34821"}],"curies":[{"name":"wp","href":"https:\/\/api.w.org\/{rel}","templated":true}]}}