{"id":34527,"date":"2025-12-09T15:51:11","date_gmt":"2025-12-09T07:51:11","guid":{"rendered":"https:\/\/ulpmat.com\/product\/gallium-metal-2\/"},"modified":"2025-12-09T15:51:11","modified_gmt":"2025-12-09T07:51:11","slug":"gallium-metal-2","status":"publish","type":"product","link":"https:\/\/ulpmat.com\/fr\/produit\/gallium-metal-2\/","title":{"rendered":"Gallium m\u00e9tal"},"content":{"rendered":"<h2><span style=\"font-size: 14pt;\">Pr\u00e9sentation des granul\u00e9s de gallium m\u00e9tallique<\/span><\/h2>\n<p><span style=\"color: #0000ff;\"><a style=\"color: #0000ff;\" href=\"https:\/\/ulpmat.com\/fr\/recherche\/?type=name&#038;keyword=Gallium\">Le gallium<\/a><\/span><br \/>\nest un m\u00e9tal unique \u00e0 bas point de fusion dont le symbole chimique est Ga et le num\u00e9ro atomique 31. \u00c0 temp\u00e9rature ambiante (sup\u00e9rieure \u00e0 29,76 \u00b0C), il se pr\u00e9sente sous la forme d&rsquo;un liquide blanc argent\u00e9, tandis qu&rsquo;en dessous de son point de fusion, il devient un solide blanc bleut\u00e9. Caract\u00e9ris\u00e9 par son point de fusion bas, son point d&rsquo;\u00e9bullition \u00e9lev\u00e9, sa faible toxicit\u00e9 et sa conductivit\u00e9 \u00e9lectrique et thermique exceptionnelle, il est consid\u00e9r\u00e9 comme la \u00ab colonne vert\u00e9brale de l&rsquo;industrie \u00e9lectronique \u00bb. M\u00e9tal rare et dispers\u00e9, le gallium est une mati\u00e8re premi\u00e8re indispensable \u00e0 la fabrication de semi-conducteurs de troisi\u00e8me g\u00e9n\u00e9ration (tels que le nitrure de gallium et l&rsquo;ars\u00e9niure de gallium). Il trouve de nombreuses applications dans l&rsquo;opto\u00e9lectronique haut de gamme, les dispositifs radiofr\u00e9quence et les domaines technologiques de pointe.<\/p>\n<p>Nous proposons des produits \u00e0 base de gallium m\u00e9tallique sous diff\u00e9rentes formes et degr\u00e9s de puret\u00e9, avec des options d&#8217;emballage flexibles et des possibilit\u00e9s de personnalisation pour r\u00e9pondre \u00e0 vos besoins en mati\u00e8re de recherche ou de production. Pour toute question technique, n&rsquo;h\u00e9sitez pas \u00e0 <span style=\"color: #0000ff;\"><a style=\"color: #0000ff;\" href=\"https:\/\/ulpmat.com\/fr\/contactez-nous\/\">nous contacter<\/a><\/span><br \/>\n\u00e0 tout moment.<\/p>\n<h2><span style=\"font-size: 14pt;\">Caract\u00e9ristiques du produit <\/span><span style=\"font-size: 14pt;\">Granul\u00e9s <\/span><span style=\"font-size: 14pt;\">de <\/span><span style=\"font-size: 14pt;\">gallium m\u00e9tallique<\/span><\/h2>\n<p>Options ultra-hautes puret\u00e9s disponibles<br \/>\nPoint de fusion unique (environ 29,8 \u00b0C)<br \/>\nConductivit\u00e9 \u00e9lectrique et thermique exceptionnelle<br \/>\nFormes flexibles (particules solides, liquide personnalis\u00e9)<br \/>\nEmballage professionnel et r\u00e9sistant \u00e0 la corrosion<\/p>\n<h2><span style=\"font-size: 14pt;\">Applications des granul\u00e9s de gallium m\u00e9tallique<\/span><\/h2>\n<p><span style=\"color: #0000ff;\"><a style=\"color: #0000ff;\" href=\"https:\/\/ulpmat.com\/fr\/candidature\/materiaux-semi-conducteurs\/\">Semi-conducteurs<\/a><\/span><br \/>\net micro\u00e9lectronique : utilis\u00e9 dans la synth\u00e8se de mat\u00e9riaux semi-conducteurs de troisi\u00e8me g\u00e9n\u00e9ration tels que l&rsquo;ars\u00e9niure de gallium (GaAs) et le nitrure de gallium (GaN), la fabrication de puces RF, de dispositifs de puissance et de LED.<br \/>\n<span style=\"color: #0000ff;\"><a style=\"color: #0000ff;\" href=\"https:\/\/ulpmat.com\/fr\/candidature\/materiaux-optiques\/\">Opto\u00e9lectronique<\/a><\/span><br \/>\net \u00e9crans : sert de mati\u00e8re premi\u00e8re essentielle pour la production de micro-LED, de diodes laser et de cellules solaires \u00e0 haut rendement.<br \/>\nMat\u00e9riaux fonctionnels avanc\u00e9s : pr\u00e9paration d&rsquo;alliages m\u00e9talliques liquides \u00e0 base de gallium pour l&rsquo;\u00e9lectronique flexible, les circuits d\u00e9formables et les mat\u00e9riaux d&rsquo;interface thermique.<br \/>\nAlliages sp\u00e9ciaux et additifs : comme additifs d&rsquo;alliage pour les m\u00e9taux tels que l&rsquo;aluminium et le magn\u00e9sium afin d&rsquo;am\u00e9liorer les propri\u00e9t\u00e9s m\u00e9caniques ou de traitement.<br \/>\nRecherche et exploration de pointe : fournit des sources de gallium de haute puret\u00e9 pour les nouveaux mat\u00e9riaux bidimensionnels (par exemple, le GaSe), la recherche sur les nanoparticules et les applications biom\u00e9dicales.<\/p>\n<h2><span style=\"font-size: 14pt;\">FAQ sur <\/span><span style=\"font-size: 14pt;\">les granul\u00e9s de gallium m\u00e9tallique<\/span><\/h2>\n<p>Q1 : Comment les granul\u00e9s de gallium m\u00e9tallique doivent-ils \u00eatre stock\u00e9s ?<br \/>\nR1 : Dans des r\u00e9cipients en plastique herm\u00e9tiques, dans un endroit frais et sombre. Le gallium mouille le verre et peut le fracturer. Il reste liquide \u00e0 temp\u00e9rature ambiante et n\u00e9cessite des r\u00e9cipients en plastique herm\u00e9tiques sp\u00e9cifiques pour \u00e9viter l&rsquo;oxydation.<\/p>\n<p>Q2 : En quoi le gallium et le silicium diff\u00e8rent-ils dans les applications semi-conductrices ?<br \/>\nR2 : Ils offrent des propri\u00e9t\u00e9s compl\u00e9mentaires. Le silicium domine les circuits int\u00e9gr\u00e9s \u00e0 grande \u00e9chelle ; les compos\u00e9s de gallium (par exemple, GaAs, GaN) excellent dans les domaines des hautes fr\u00e9quences, des hautes vitesses, des hautes puissances et de l&rsquo;opto\u00e9lectronique (par exemple, 5G RF, charge rapide, LED).<\/p>\n<p>Q3 : Pourquoi le gallium de haute puret\u00e9 est-il plus cher ?<br \/>\nA3 : Raret\u00e9 et difficult\u00e9s de purification. Le gallium est un m\u00e9tal rare qui ne se trouve pas sous forme de gisements ind\u00e9pendants, mais qui est principalement extrait en quantit\u00e9s infimes \u00e0 partir de sous-produits tels que la bauxite. Le raffinage de haute puret\u00e9 (par exemple, puret\u00e9 6N+) implique des processus complexes et co\u00fbteux.<\/p>\n<p>Q4 : Le gallium est-il exp\u00e9di\u00e9 sous forme solide ou liquide ?<br \/>\nA4 : G\u00e9n\u00e9ralement sous forme solide. Les particules de gallium restent solides en dessous de 29,8 \u00b0C (84,6 \u00b0F), ce qui facilite leur transport en toute s\u00e9curit\u00e9. Elles peuvent \u00eatre fondues selon les besoins avant utilisation. Des solutions d&#8217;emballage liquide dans des conditions sp\u00e9cifiques sont \u00e9galement disponibles.<\/p>\n<h2><span style=\"font-size: 14pt;\">Rapport<\/span><\/h2>\n<p>Chaque lot est fourni avec :<br \/>\n<span style=\"color: #0000ff;\"><a style=\"color: #0000ff;\" href=\"https:\/\/ulpmat.com\/fr\/documents\/certificat-danalyse\/\"><u>Certificat d&rsquo;analyse (COA)<\/u><\/a><\/span><\/p>\n<p><span style=\"color: #0000ff;\"><a style=\"color: #0000ff;\" href=\"https:\/\/ulpmat.com\/fr\/documents\/fiche-technique\/\"><u>Fiche technique (TDS)<\/u><\/a><\/span><\/p>\n<p><span style=\"color: #0000ff;\"><a style=\"color: #0000ff;\" href=\"https:\/\/ulpmat.com\/fr\/documents\/fiche-de-donnees-de-securite\/\"><u>Fiche de donn\u00e9es de s\u00e9curit\u00e9 (MSDS)<\/u><\/a><\/span><br \/>\nRapports d&rsquo;essais effectu\u00e9s par des tiers disponibles sur demande<\/p>\n<h2><span style=\"font-size: 14pt;\">Pourquoi nous choisir ?<\/span><\/h2>\n<p>Gr\u00e2ce \u00e0 notre expertise approfondie dans le domaine des m\u00e9taux rares strat\u00e9giques, \u00e0 nos cha\u00eenes d&rsquo;approvisionnement fiables en produits de haute puret\u00e9 et \u00e0 notre assistance technique professionnelle, nous nous engageons \u00e0 \u00eatre votre partenaire de confiance dans la recherche et le d\u00e9veloppement ainsi que dans la fabrication de mat\u00e9riaux haut de gamme.<\/p>\n","protected":false},"excerpt":{"rendered":"<p>Pr\u00e9sentation des granul\u00e9s de gallium m\u00e9tallique Le gallium est un m\u00e9tal unique \u00e0 bas point de fusion dont le symbole chimique est Ga et le num\u00e9ro atomique 31. \u00c0 temp\u00e9rature ambiante (sup\u00e9rieure \u00e0 29,76 \u00b0C), il se pr\u00e9sente sous la forme d&rsquo;un liquide blanc argent\u00e9, tandis qu&rsquo;en dessous de son point de fusion, il devient [&hellip;]<\/p>\n","protected":false},"featured_media":34528,"template":"","meta":{"_acf_changed":false},"product_brand":[132],"product_cat":[296],"product_tag":[3623],"class_list":{"0":"post-34527","1":"product","2":"type-product","3":"status-publish","4":"has-post-thumbnail","6":"product_brand-ulpmat","7":"product_cat-materiaux-devaporation","8":"product_tag-gallium-metal-granules","10":"first","11":"instock","12":"shipping-taxable","13":"product-type-variable"},"acf":[],"_links":{"self":[{"href":"https:\/\/ulpmat.com\/fr\/wp-json\/wp\/v2\/product\/34527","targetHints":{"allow":["GET"]}}],"collection":[{"href":"https:\/\/ulpmat.com\/fr\/wp-json\/wp\/v2\/product"}],"about":[{"href":"https:\/\/ulpmat.com\/fr\/wp-json\/wp\/v2\/types\/product"}],"wp:featuredmedia":[{"embeddable":true,"href":"https:\/\/ulpmat.com\/fr\/wp-json\/wp\/v2\/media\/34528"}],"wp:attachment":[{"href":"https:\/\/ulpmat.com\/fr\/wp-json\/wp\/v2\/media?parent=34527"}],"wp:term":[{"taxonomy":"product_brand","embeddable":true,"href":"https:\/\/ulpmat.com\/fr\/wp-json\/wp\/v2\/product_brand?post=34527"},{"taxonomy":"product_cat","embeddable":true,"href":"https:\/\/ulpmat.com\/fr\/wp-json\/wp\/v2\/product_cat?post=34527"},{"taxonomy":"product_tag","embeddable":true,"href":"https:\/\/ulpmat.com\/fr\/wp-json\/wp\/v2\/product_tag?post=34527"}],"curies":[{"name":"wp","href":"https:\/\/api.w.org\/{rel}","templated":true}]}}