{"id":34293,"date":"2025-12-09T15:51:14","date_gmt":"2025-12-09T07:51:14","guid":{"rendered":"https:\/\/ulpmat.com\/product\/seleniure-de-gallium-6\/"},"modified":"2025-12-09T15:51:14","modified_gmt":"2025-12-09T07:51:14","slug":"seleniure-de-gallium-6","status":"publish","type":"product","link":"https:\/\/ulpmat.com\/fr\/produit\/seleniure-de-gallium-6\/","title":{"rendered":"S\u00e9l\u00e9niure de gallium"},"content":{"rendered":"<h2><span style=\"font-size: 14pt;\">Pr\u00e9sentation des granul\u00e9s de s\u00e9l\u00e9niure de gallium<\/span><\/h2>\n<p>Les granul\u00e9s<br \/>\n<span style=\"color: #0000ff;\"><a style=\"color: #0000ff;\" href=\"https:\/\/ulpmat.com\/fr\/recherche\/?type=name&#038;keyword=Gallium+selenide\">de s\u00e9l\u00e9niure de gallium<\/a><\/span><br \/>\nsont un mat\u00e9riau semi-conducteur compos\u00e9 III-VI essentiel, qui se pr\u00e9sente g\u00e9n\u00e9ralement sous forme de particules cristallines noires ou gris fonc\u00e9. Ils poss\u00e8dent une bande interdite directe mod\u00e9r\u00e9e d&rsquo;environ 1,8 \u00e0 2,0 eV, pr\u00e9sentent une excellente r\u00e9activit\u00e9 dans le spectre visible \u00e0 proche infrarouge et d\u00e9montrent des propri\u00e9t\u00e9s photoconductrices et photor\u00e9fractives uniques. Ce mat\u00e9riau chimiquement stable est un composant de base essentiel pour la fabrication de dispositifs opto\u00e9lectroniques infrarouges, de mat\u00e9riaux photovolta\u00efques et d&rsquo;\u00e9l\u00e9ments optiques non lin\u00e9aires.<\/p>\n<p>Nous proposons une gamme compl\u00e8te de produits \u00e0 base de granules de Ga2Se3 de haute puret\u00e9. Notre portefeuille couvre plusieurs degr\u00e9s de puret\u00e9, du niveau standard au niveau ultra-\u00e9lev\u00e9, afin de r\u00e9pondre \u00e0 diverses exigences, de la recherche fondamentale \u00e0 la fabrication de dispositifs haut de gamme. Plusieurs sp\u00e9cifications de taille de particules sont disponibles, accompagn\u00e9es d&rsquo;un emballage flexible, professionnel et \u00e9tanche \u00e0 l&rsquo;humidit\u00e9, allant d&rsquo;\u00e9chantillons de l&rsquo;ordre du gramme \u00e0 des lots de l&rsquo;ordre du kilogramme, garantissant un approvisionnement fiable pour vos besoins en mati\u00e8re de recherche et de production.<span style=\"color: #0000ff;\"><a style=\"color: #0000ff;\" href=\"https:\/\/ulpmat.com\/fr\/contactez-nous\/\"> Contactez-nous<\/a><\/span><br \/>\npour obtenir des \u00e9chantillons.<\/p>\n<h2><span style=\"font-size: 14pt;\">Points forts des granul\u00e9s<\/span><span style=\"font-size: 14pt;\"> de s\u00e9l\u00e9niure de gallium<\/span><\/h2>\n<p>Mat\u00e9riau <span style=\"color: #0000ff;\"><a style=\"color: #0000ff;\" href=\"https:\/\/ulpmat.com\/fr\/candidature\/materiaux-semi-conducteurs\/\">semi-conducteur<\/a><\/span><br \/>\nde haute puret\u00e9<br \/>\nBande interdite directe mod\u00e9r\u00e9e<br \/>\nExcellentes propri\u00e9t\u00e9s photoconductrices<br \/>\nBonne stabilit\u00e9 chimique et thermique<br \/>\nPlusieurs tailles de particules et options d&#8217;emballage<\/p>\n<h2><span style=\"font-size: 14pt;\">Applications des granul\u00e9s de s\u00e9l\u00e9niure de gallium<\/span><\/h2>\n<p>Dispositifs opto\u00e9lectroniques infrarouges : utilis\u00e9s dans la fabrication de d\u00e9tecteurs infrarouges, de photor\u00e9sistances et de dispositifs \u00e9lectroluminescents r\u00e9agissant aux signaux lumineux dans le proche infrarouge.<br \/>\nPhotovolta\u00efque et photoconversion : sert de mat\u00e9riau de couche absorbante pour le d\u00e9veloppement de nouvelles cellules solaires \u00e0 couche mince et de cellules photo\u00e9lectrochimiques.<br \/>\nMat\u00e9riaux pour m\u00e9moires \u00e0 changement de phase : utilis\u00e9s comme mat\u00e9riaux candidats pour la recherche de nouvelles technologies de m\u00e9moire \u00e0 changement de phase, tirant parti de la diff\u00e9rence de r\u00e9sistance entre les \u00e9tats cristallin et amorphe.<br \/>\nOptique non lin\u00e9aire : utilis\u00e9 comme mat\u00e9riau cristallin ou \u00e0 couche mince pour la fabrication de dispositifs <span style=\"color: #0000ff;\"><a style=\"color: #0000ff;\" href=\"https:\/\/ulpmat.com\/fr\/candidature\/materiaux-optiques\/\">optiques<\/a><\/span><br \/>\nnon lin\u00e9aires tels que les doubleurs de fr\u00e9quence optique et les oscillateurs param\u00e9triques.<\/p>\n<h2><span style=\"color: #0000ff;\"><a style=\"color: #0000ff;\" href=\"https:\/\/ulpmat.com\/fr\/societe\/faq\/\"><span style=\"font-size: 14pt;\">FAQ<\/span><\/a><\/span><\/h2>\n<p>Q1 : Qu&rsquo;est-ce qui distingue le Ga2Se3 des mat\u00e9riaux GaAs ?<br \/>\nA1 : Ils diff\u00e8rent par leur composition et leur bande interdite. Le Ga\u2082Se\u2083 est un s\u00e9l\u00e9niure avec une bande interdite plus \u00e9troite, principalement utilis\u00e9 pour l&rsquo;opto\u00e9lectronique infrarouge. Le GaAs est un ars\u00e9niure \u00e0 haute mobilit\u00e9 \u00e9lectronique, qui sert de mat\u00e9riau principal pour les lasers micro-ondes et infrarouges \u00e0 haute fr\u00e9quence.<\/p>\n<p>Q2 : Quels sont les principaux avantages de ce mat\u00e9riau ?<br \/>\nR2 : Bande interdite directe et forte absorption de la lumi\u00e8re. Il convertit efficacement l&rsquo;\u00e9nergie lumineuse en signaux \u00e9lectriques ou en \u00e9mission lumineuse, ce qui le rend tr\u00e8s adapt\u00e9 aux photod\u00e9tecteurs et aux dispositifs \u00e9lectroluminescents.<\/p>\n<p>Q3 : Quelles pr\u00e9cautions de s\u00e9curit\u00e9 doivent \u00eatre prises lors de son utilisation ?<br \/>\nA3 : Les s\u00e9l\u00e9niures sont toxiques et n\u00e9cessitent une manipulation standardis\u00e9e. \u00c9vitez d&rsquo;inhaler ou d&rsquo;ing\u00e9rer de la poussi\u00e8re. Portez un \u00e9quipement de protection et travaillez dans un endroit bien ventil\u00e9.<\/p>\n<p>Q4 : Quel est son niveau de prix ?<br \/>\nA4 : Il est class\u00e9 comme un mat\u00e9riau sp\u00e9cialis\u00e9 de grande valeur. En raison du co\u00fbt du s\u00e9l\u00e9nium et du processus de pr\u00e9paration \u00e0 haute puret\u00e9, son prix d\u00e9passe celui des mat\u00e9riaux semi-conducteurs courants. Cependant, ses performances restent irrempla\u00e7ables dans certaines applications sp\u00e9cifiques.<\/p>\n<h2><span style=\"font-size: 14pt;\">Rapport<\/span><\/h2>\n<p>Chaque lot est fourni avec :<br \/>\n<span style=\"color: #0000ff;\"><a style=\"color: #0000ff;\" href=\"https:\/\/ulpmat.com\/fr\/documents\/certificat-danalyse\/\"><u>Certificat d&rsquo;analyse (COA)<\/u><\/a><\/span><\/p>\n<p><span style=\"color: #0000ff;\"><a style=\"color: #0000ff;\" href=\"https:\/\/ulpmat.com\/fr\/documents\/fiche-technique\/\"><u>Fiche technique (TDS)<\/u><\/a><\/span><\/p>\n<p><span style=\"color: #0000ff;\"><a style=\"color: #0000ff;\" href=\"https:\/\/ulpmat.com\/fr\/documents\/fiche-de-donnees-de-securite\/\"><u>Fiche de donn\u00e9es de s\u00e9curit\u00e9 (MSDS)<\/u><\/a><\/span><br \/>\nRapports d&rsquo;essais effectu\u00e9s par des tiers disponibles sur demande<\/p>\n<h2><span style=\"font-size: 14pt;\">Pourquoi nous choisir ?<\/span><\/h2>\n<p>Nous sommes sp\u00e9cialis\u00e9s dans la fourniture de mat\u00e9riaux semi-conducteurs sp\u00e9ciaux de haute puret\u00e9 et aux performances stables. Notre expertise en mati\u00e8re d&rsquo;applications soutient votre exploration et votre innovation \u00e0 la pointe de l&rsquo;opto\u00e9lectronique.<\/p>\n","protected":false},"excerpt":{"rendered":"<p>Pr\u00e9sentation des granul\u00e9s de s\u00e9l\u00e9niure de gallium Les granul\u00e9s de s\u00e9l\u00e9niure de gallium sont un mat\u00e9riau semi-conducteur compos\u00e9 III-VI essentiel, qui se pr\u00e9sente g\u00e9n\u00e9ralement sous forme de particules cristallines noires ou gris fonc\u00e9. Ils poss\u00e8dent une bande interdite directe mod\u00e9r\u00e9e d&rsquo;environ 1,8 \u00e0 2,0 eV, pr\u00e9sentent une excellente r\u00e9activit\u00e9 dans le spectre visible \u00e0 proche [&hellip;]<\/p>\n","protected":false},"featured_media":34294,"template":"","meta":{"_acf_changed":false},"product_brand":[132],"product_cat":[296],"product_tag":[3503],"class_list":{"0":"post-34293","1":"product","2":"type-product","3":"status-publish","4":"has-post-thumbnail","6":"product_brand-ulpmat","7":"product_cat-materiaux-devaporation","8":"product_tag-granules-de-seleniure-de-gallium","10":"first","11":"instock","12":"shipping-taxable","13":"product-type-variable"},"acf":[],"_links":{"self":[{"href":"https:\/\/ulpmat.com\/fr\/wp-json\/wp\/v2\/product\/34293","targetHints":{"allow":["GET"]}}],"collection":[{"href":"https:\/\/ulpmat.com\/fr\/wp-json\/wp\/v2\/product"}],"about":[{"href":"https:\/\/ulpmat.com\/fr\/wp-json\/wp\/v2\/types\/product"}],"wp:featuredmedia":[{"embeddable":true,"href":"https:\/\/ulpmat.com\/fr\/wp-json\/wp\/v2\/media\/34294"}],"wp:attachment":[{"href":"https:\/\/ulpmat.com\/fr\/wp-json\/wp\/v2\/media?parent=34293"}],"wp:term":[{"taxonomy":"product_brand","embeddable":true,"href":"https:\/\/ulpmat.com\/fr\/wp-json\/wp\/v2\/product_brand?post=34293"},{"taxonomy":"product_cat","embeddable":true,"href":"https:\/\/ulpmat.com\/fr\/wp-json\/wp\/v2\/product_cat?post=34293"},{"taxonomy":"product_tag","embeddable":true,"href":"https:\/\/ulpmat.com\/fr\/wp-json\/wp\/v2\/product_tag?post=34293"}],"curies":[{"name":"wp","href":"https:\/\/api.w.org\/{rel}","templated":true}]}}