{"id":34251,"date":"2025-12-09T15:51:14","date_gmt":"2025-12-09T07:51:14","guid":{"rendered":"https:\/\/ulpmat.com\/product\/seleniure-de-gallium-4\/"},"modified":"2025-12-09T15:51:14","modified_gmt":"2025-12-09T07:51:14","slug":"seleniure-de-gallium-4","status":"publish","type":"product","link":"https:\/\/ulpmat.com\/fr\/produit\/seleniure-de-gallium-4\/","title":{"rendered":"S\u00e9l\u00e9niure de gallium"},"content":{"rendered":"<h2><span style=\"font-size: 14pt;\">Cibles de pulv\u00e9risation en s\u00e9l\u00e9niure de gallium &#8211; Pr\u00e9sentation<\/span><\/h2>\n<p>Les cibles de pulv\u00e9risation<br \/>\n<span style=\"color: #0000ff;\"><a style=\"color: #0000ff;\" href=\"https:\/\/ulpmat.com\/fr\/recherche\/?type=name&#038;keyword=Gallium+selenide\">en s\u00e9l\u00e9niure de gallium<\/a><\/span><br \/>\nsont des cibles c\u00e9ramiques fonctionnelles fabriqu\u00e9es \u00e0 partir de poudre ou de lingots de s\u00e9l\u00e9niure de gallium de haute puret\u00e9, gr\u00e2ce \u00e0 des processus avanc\u00e9s de formage et de frittage. Ce mat\u00e9riau pr\u00e9sente une bande interdite directe mod\u00e9r\u00e9e et des propri\u00e9t\u00e9s opto\u00e9lectroniques uniques. Il sert de mat\u00e9riau de base pour le d\u00e9p\u00f4t de films de s\u00e9l\u00e9niure de gallium dans les processus de d\u00e9p\u00f4t physique en phase vapeur (PVD). Les films fabriqu\u00e9s \u00e0 l&rsquo;aide de cette cible sont essentiels \u00e0 la fabrication de dispositifs opto\u00e9lectroniques avanc\u00e9s, de composants de d\u00e9tection infrarouge et de nouveaux rev\u00eatements fonctionnels.<\/p>\n<p>Nous proposons des cibles de pulv\u00e9risation en c\u00e9ramique de s\u00e9l\u00e9niure de gallium de diff\u00e9rentes puret\u00e9s et dimensions, ainsi que des services <span style=\"color: #0000ff;\"><a style=\"color: #0000ff;\" href=\"https:\/\/ulpmat.com\/fr\/service\/collage-des-cibles\/\">de<\/a><\/span><br \/>\n<span style=\"color: #0000ff;\"><a style=\"color: #0000ff;\" href=\"https:\/\/ulpmat.com\/fr\/service\/collage-des-cibles\/\">collage<\/a><\/span><br \/>\n. <span style=\"color: #0000ff;\"><a style=\"color: #0000ff;\" href=\"https:\/\/ulpmat.com\/fr\/contactez-nous\/\">Contactez-nous<\/a><\/span><br \/>\npour plus de d\u00e9tails.<\/p>\n<h2><span style=\"font-size: 14pt;\">Points forts du produit<\/span><\/h2>\n<p>Haute puret\u00e9 avec une st\u0153chiom\u00e9trie pr\u00e9cise<br \/>\nHaute densit\u00e9, faible porosit\u00e9<br \/>\nExcellente uniformit\u00e9 de d\u00e9p\u00f4t du film<br \/>\nPlusieurs options de taille disponibles<br \/>\nCollage professionnel de la plaque de support fourni<\/p>\n<h2><span style=\"font-size: 14pt;\">Applications des cibles de pulv\u00e9risation en s\u00e9l\u00e9niure de gallium<\/span><\/h2>\n<p>Dispositifs<br \/>\n<span style=\"color: #0000ff;\"><a style=\"color: #0000ff;\" href=\"https:\/\/ulpmat.com\/fr\/candidature\/materiaux-optiques\/\">opto\u00e9lectroniques<\/a><\/span><br \/>\net cellules solaires : d\u00e9pose des couches absorbantes de cellules solaires \u00e0 couche mince ou des couches fonctionnelles de photod\u00e9tecteurs pour une conversion photovolta\u00efque \u00e0 haut rendement.<br \/>\nTechnologie infrarouge et d\u00e9tecteurs : pr\u00e9paration de mat\u00e9riaux sensibles en couches minces pour les d\u00e9tecteurs infrarouges et les capteurs d&rsquo;imagerie thermique.<br \/>\nRev\u00eatements fonctionnels et ing\u00e9nierie des surfaces : rev\u00eatements de protection r\u00e9sistants \u00e0 l&rsquo;usure, \u00e0 la corrosion ou sp\u00e9cialis\u00e9s sur le plan optique.<br \/>\nMat\u00e9riaux de pointe et recherche scientifique : mat\u00e9riau de base en couches minces pour la R&amp;D dans le domaine des nouveaux dispositifs \u00e0 semi-conducteurs, des mat\u00e9riaux \u00e0 changement de phase et des mat\u00e9riaux de faible dimension.<\/p>\n<h2><span style=\"color: #0000ff;\"><a style=\"color: #0000ff;\" href=\"https:\/\/ulpmat.com\/fr\/societe\/faq\/\"><span style=\"font-size: 14pt;\">FAQ<\/span><\/a><\/span><\/h2>\n<p>Q1 : Qu&rsquo;est-ce qui distingue les cibles en s\u00e9l\u00e9niure de gallium des cibles en ars\u00e9niure de gallium ?<br \/>\nA1 : Elles diff\u00e8rent par leur composition mat\u00e9rielle et leurs performances. Le s\u00e9l\u00e9niure de gallium a une bande interdite mod\u00e9r\u00e9e, ce qui le rend particuli\u00e8rement adapt\u00e9 \u00e0 l&rsquo;opto\u00e9lectronique infrarouge ; l&rsquo;ars\u00e9niure de gallium pr\u00e9sente une mobilit\u00e9 \u00e9lectronique \u00e9lev\u00e9e, ce qui en fait le mat\u00e9riau le plus couramment utilis\u00e9 pour les applications micro-ondes et laser \u00e0 haute fr\u00e9quence.<\/p>\n<p>Q2 : Comment choisir la puret\u00e9 de la cible ?<br \/>\nR2 : Cela d\u00e9pend des performances requises pour le film mince. Pour la R&amp;D de base, une puret\u00e9 de 4N (99,99 %) est suffisante ; pour la fabrication de dispositifs haute performance, une puret\u00e9 de 5N (99,999 %) ou sup\u00e9rieure est recommand\u00e9e.<\/p>\n<p>Q3 : Les cibles contiennent du s\u00e9l\u00e9nium. Sont-elles s\u00fbres ?<br \/>\nR3 : Les cibles \u00e0 l&rsquo;\u00e9tat solide sont stables, mais doivent \u00eatre manipul\u00e9es avec pr\u00e9caution. \u00c9vitez d&rsquo;inhaler la poussi\u00e8re g\u00e9n\u00e9r\u00e9e lors du traitement et portez des \u00e9quipements de protection pendant l&rsquo;utilisation. Reportez-vous \u00e0 la fiche de donn\u00e9es de s\u00e9curit\u00e9 (FDS) pour conna\u00eetre les consignes sp\u00e9cifiques.<\/p>\n<p>Q4 : Comment entretenir et stocker la cible ?<br \/>\nR4 : Scellez-la pour \u00e9viter toute humidit\u00e9. Manipulez-la avec pr\u00e9caution lors de son retrait et de sa mise en place. Stockez-la dans un environnement sec. \u00c9vitez de contaminer la surface de la cible pendant son utilisation. Manipulez-la avec pr\u00e9caution pour \u00e9viter de fissurer le mat\u00e9riau c\u00e9ramique fragile.<\/p>\n<h2><span style=\"font-size: 14pt;\">Rapport<\/span><\/h2>\n<p>Chaque lot est fourni avec :<br \/>\n<span style=\"color: #0000ff;\"><a style=\"color: #0000ff;\" href=\"https:\/\/ulpmat.com\/fr\/documents\/certificat-danalyse\/\"><u>Certificat d&rsquo;analyse (COA)<\/u><\/a><\/span><\/p>\n<p><span style=\"color: #0000ff;\"><a style=\"color: #0000ff;\" href=\"https:\/\/ulpmat.com\/fr\/documents\/fiche-technique\/\"><u>Fiche technique (TDS)<\/u><\/a><\/span><\/p>\n<p><a href=\"https:\/\/ulpmat.com\/fr\/documents\/fiche-de-donnees-de-securite\/\"><u><span style=\"color: #0000ff;\">Fiche de donn\u00e9es de s\u00e9curit\u00e9 (MSDS)<\/span><\/u><\/a><br \/>\nRapports d&rsquo;essais effectu\u00e9s par des tiers disponibles sur demande<\/p>\n<h2><span style=\"font-size: 14pt;\">Pourquoi nous choisir ?<\/span><\/h2>\n<p>Forts de notre expertise dans le domaine des cibles en semi-conducteurs compos\u00e9s, nous fournissons des cibles en s\u00e9l\u00e9niure de gallium hautement stables, personnalisables et de haute qualit\u00e9, ainsi qu&rsquo;une assistance technique fiable.<\/p>\n","protected":false},"excerpt":{"rendered":"<p>Cibles de pulv\u00e9risation en s\u00e9l\u00e9niure de gallium &#8211; Pr\u00e9sentation Les cibles de pulv\u00e9risation en s\u00e9l\u00e9niure de gallium sont des cibles c\u00e9ramiques fonctionnelles fabriqu\u00e9es \u00e0 partir de poudre ou de lingots de s\u00e9l\u00e9niure de gallium de haute puret\u00e9, gr\u00e2ce \u00e0 des processus avanc\u00e9s de formage et de frittage. Ce mat\u00e9riau pr\u00e9sente une bande interdite directe mod\u00e9r\u00e9e [&hellip;]<\/p>\n","protected":false},"featured_media":34252,"template":"","meta":{"_acf_changed":false},"product_brand":[132],"product_cat":[449],"product_tag":[3491],"class_list":{"0":"post-34251","1":"product","2":"type-product","3":"status-publish","4":"has-post-thumbnail","6":"product_brand-ulpmat","7":"product_cat-cible-de-pulverisation-ceramique","8":"product_tag-cible-de-pulverisation-de-seleniure-de-gallium","10":"first","11":"instock","12":"shipping-taxable","13":"product-type-variable"},"acf":[],"_links":{"self":[{"href":"https:\/\/ulpmat.com\/fr\/wp-json\/wp\/v2\/product\/34251","targetHints":{"allow":["GET"]}}],"collection":[{"href":"https:\/\/ulpmat.com\/fr\/wp-json\/wp\/v2\/product"}],"about":[{"href":"https:\/\/ulpmat.com\/fr\/wp-json\/wp\/v2\/types\/product"}],"wp:featuredmedia":[{"embeddable":true,"href":"https:\/\/ulpmat.com\/fr\/wp-json\/wp\/v2\/media\/34252"}],"wp:attachment":[{"href":"https:\/\/ulpmat.com\/fr\/wp-json\/wp\/v2\/media?parent=34251"}],"wp:term":[{"taxonomy":"product_brand","embeddable":true,"href":"https:\/\/ulpmat.com\/fr\/wp-json\/wp\/v2\/product_brand?post=34251"},{"taxonomy":"product_cat","embeddable":true,"href":"https:\/\/ulpmat.com\/fr\/wp-json\/wp\/v2\/product_cat?post=34251"},{"taxonomy":"product_tag","embeddable":true,"href":"https:\/\/ulpmat.com\/fr\/wp-json\/wp\/v2\/product_tag?post=34251"}],"curies":[{"name":"wp","href":"https:\/\/api.w.org\/{rel}","templated":true}]}}