{"id":34233,"date":"2025-12-09T15:51:14","date_gmt":"2025-12-09T07:51:14","guid":{"rendered":"https:\/\/ulpmat.com\/product\/tellurure-de-gallium-5\/"},"modified":"2025-12-09T15:51:14","modified_gmt":"2025-12-09T07:51:14","slug":"tellurure-de-gallium-5","status":"publish","type":"product","link":"https:\/\/ulpmat.com\/fr\/produit\/tellurure-de-gallium-5\/","title":{"rendered":"Tellurure de gallium"},"content":{"rendered":"<h2><span style=\"font-size: 14pt;\">Pr\u00e9sentation des granul\u00e9s de tellurure de gallium<\/span><\/h2>\n<p>Les granul\u00e9s<br \/>\n<span style=\"color: #0000ff;\"><a style=\"color: #0000ff;\" href=\"https:\/\/ulpmat.com\/fr\/recherche\/?type=name&#038;keyword=Gallium+telluride\">de tellurure de gallium<\/a><\/span><br \/>\nsont un mat\u00e9riau semi-conducteur compos\u00e9 III-VI compos\u00e9 de gallium et de tellure, dont la formule chimique est Ga\u2082Te\u2083. Le produit se pr\u00e9sente g\u00e9n\u00e9ralement sous forme de particules gris-noir \u00e0 l&rsquo;\u00e9clat m\u00e9tallique ou de mat\u00e9riau en vrac. Il poss\u00e8de une bande interdite \u00e9troite (environ 0,7 \u00e0 1,7 eV) et pr\u00e9sente des propri\u00e9t\u00e9s thermo\u00e9lectriques, des caract\u00e9ristiques optiques infrarouges et un comportement de changement de phase uniques. Il sert de mati\u00e8re premi\u00e8re essentielle pour la fabrication de d\u00e9tecteurs infrarouges moyens \u00e0 lointains, de convertisseurs thermo\u00e9lectriques \u00e0 haut rendement et de nouveaux mat\u00e9riaux de stockage \u00e0 changement de phase.<\/p>\n<p>Nous proposons des granul\u00e9s de Ga2Te3 de haute puret\u00e9 dans plusieurs degr\u00e9s de puret\u00e9 et sp\u00e9cifications de taille de particules, avec un conditionnement personnalis\u00e9 professionnel disponible. <span style=\"color: #0000ff;\"><a style=\"color: #0000ff;\" href=\"https:\/\/ulpmat.com\/fr\/contactez-nous\/\">Contactez-nous<\/a><\/span><br \/>\npour obtenir des \u00e9chantillons.<\/p>\n<h2><span style=\"font-size: 14pt;\">Points forts du produit<\/span><\/h2>\n<p>Mat\u00e9riau <span style=\"color: #0000ff;\"><a style=\"color: #0000ff;\" href=\"https:\/\/ulpmat.com\/fr\/candidature\/materiaux-semi-conducteurs\/\">semi-conducteur<\/a><\/span><br \/>\nde haute puret\u00e9<br \/>\nBande interdite \u00e9troite et propri\u00e9t\u00e9s infrarouges<br \/>\nExcellentes performances thermo\u00e9lectriques<br \/>\nPotentiel en tant que mat\u00e9riau \u00e0 changement de phase<br \/>\nPropri\u00e9t\u00e9s chimiques stables<\/p>\n<h2><span style=\"font-size: 14pt;\">Applications des granul\u00e9s de tellurure de gallium<\/span><\/h2>\n<p>D\u00e9tection infrarouge et optique : mat\u00e9riau utilis\u00e9 pour la fabrication de photod\u00e9tecteurs, de capteurs et de composants optiques infrarouges dans le spectre infrarouge moyen \u00e0 lointain.<br \/>\nDispositifs de conversion thermo\u00e9lectrique : mat\u00e9riau thermo\u00e9lectrique de base utilis\u00e9 pour la fabrication de modules d&rsquo;alimentation thermo\u00e9lectriques qui convertissent directement la chaleur industrielle r\u00e9siduelle en \u00e9lectricit\u00e9.<br \/>\nMat\u00e9riaux pour m\u00e9moires \u00e0 changement de phase : utilis\u00e9s dans la recherche sur les m\u00e9moires \u00e0 changement de phase (PCM) de nouvelle g\u00e9n\u00e9ration, tirant parti de leur transition r\u00e9versible rapide entre les \u00e9tats cristallin et amorphe pour le stockage des donn\u00e9es. Recherche sur les dispositifs<br \/>\n<span style=\"color: #0000ff;\"><a style=\"color: #0000ff;\" href=\"https:\/\/ulpmat.com\/fr\/candidature\/materiaux-semi-conducteurs\/\">semi-conducteurs<\/a><\/span><br \/>\n: en tant que semi-conducteur \u00e0 bande interdite \u00e9troite, utilis\u00e9 dans la recherche fondamentale en physique et l&rsquo;exploration de nouveaux dispositifs \u00e9lectroniques \u00e0 haute vitesse.<\/p>\n<h2><span style=\"color: #0000ff;\"><a style=\"color: #0000ff;\" href=\"https:\/\/ulpmat.com\/fr\/societe\/faq\/\"><span style=\"font-size: 14pt;\">FAQ<\/span><\/a><\/span><\/h2>\n<p>Q1 : Comment les granul\u00e9s de Ga2Te3 doivent-ils \u00eatre stock\u00e9s ?<br \/>\nR1 : Conservez-les dans des r\u00e9cipients herm\u00e9tiques, secs et prot\u00e9g\u00e9s de la lumi\u00e8re. Conservez-les dans une atmosph\u00e8re inerte ou sous vide, strictement isol\u00e9s de l&rsquo;air et de l&rsquo;humidit\u00e9 afin d&rsquo;\u00e9viter toute oxydation.<\/p>\n<p>Q2 : Son utilisation est-elle sans danger ?<br \/>\nR2 : Les compos\u00e9s du tellure sont toxiques et n\u00e9cessitent des mesures de protection. Portez un \u00e9quipement de protection lors de la manipulation, travaillez dans un endroit bien ventil\u00e9 et \u00e9vitez toute inhalation ou tout contact avec la peau.<\/p>\n<p>Q3 : Comment choisir la puret\u00e9 ?<br \/>\nR3 : Cela d\u00e9pend de l&rsquo;application finale. Pour la recherche fondamentale, une puret\u00e9 de 4N (99,99 %) est suffisante ; pour la fabrication de dispositifs haute performance, une puret\u00e9 de 5N (99,999 %) ou sup\u00e9rieure est recommand\u00e9e.<\/p>\n<p>Q4 : Quels sont ses principaux avantages ?<br \/>\nR4 : Une bande interdite \u00e9troite et un facteur de m\u00e9rite thermo\u00e9lectrique \u00e9lev\u00e9. Il r\u00e9agit efficacement \u00e0 la lumi\u00e8re infrarouge et convertit efficacement l&rsquo;\u00e9nergie thermique en \u00e9lectricit\u00e9, offrant des performances exceptionnelles dans des applications sp\u00e9cifiques.<\/p>\n<h2><span style=\"font-size: 14pt;\">Rapport<\/span><\/h2>\n<p>Chaque lot est fourni avec :<br \/>\n<span style=\"color: #0000ff;\"><a style=\"color: #0000ff;\" href=\"https:\/\/ulpmat.com\/fr\/documents\/certificat-danalyse\/\"><u>Certificat d&rsquo;analyse (COA)<\/u><\/a><\/span><\/p>\n<p><span style=\"color: #0000ff;\"><a style=\"color: #0000ff;\" href=\"https:\/\/ulpmat.com\/fr\/documents\/fiche-technique\/\"><u>Fiche technique (TDS)<\/u><\/a><\/span><\/p>\n<p><span style=\"color: #0000ff;\"><a style=\"color: #0000ff;\" href=\"https:\/\/ulpmat.com\/fr\/documents\/fiche-de-donnees-de-securite\/\"><u>Fiche de donn\u00e9es de s\u00e9curit\u00e9 (MSDS)<\/u><\/a><\/span><br \/>\nRapports d&rsquo;essais effectu\u00e9s par des tiers disponibles sur demande<\/p>\n<h2><span style=\"font-size: 14pt;\">Pourquoi nous choisir ?<\/span><\/h2>\n<p>Nous sommes sp\u00e9cialis\u00e9s dans les mat\u00e9riaux semi-conducteurs sp\u00e9ciaux tels que les tellurures, et vous fournissons des produits Ga\u2082Te\u2083 fiables et de haute puret\u00e9, ainsi qu&rsquo;une assistance experte.<\/p>\n","protected":false},"excerpt":{"rendered":"<p>Pr\u00e9sentation des granul\u00e9s de tellurure de gallium Les granul\u00e9s de tellurure de gallium sont un mat\u00e9riau semi-conducteur compos\u00e9 III-VI compos\u00e9 de gallium et de tellure, dont la formule chimique est Ga\u2082Te\u2083. Le produit se pr\u00e9sente g\u00e9n\u00e9ralement sous forme de particules gris-noir \u00e0 l&rsquo;\u00e9clat m\u00e9tallique ou de mat\u00e9riau en vrac. Il poss\u00e8de une bande interdite \u00e9troite [&hellip;]<\/p>\n","protected":false},"featured_media":34234,"template":"","meta":{"_acf_changed":false},"product_brand":[],"product_cat":[296],"product_tag":[3485],"class_list":{"0":"post-34233","1":"product","2":"type-product","3":"status-publish","4":"has-post-thumbnail","6":"product_cat-materiaux-devaporation","7":"product_tag-granules-de-tellurure-de-gallium","9":"first","10":"instock","11":"shipping-taxable","12":"product-type-variable"},"acf":[],"_links":{"self":[{"href":"https:\/\/ulpmat.com\/fr\/wp-json\/wp\/v2\/product\/34233","targetHints":{"allow":["GET"]}}],"collection":[{"href":"https:\/\/ulpmat.com\/fr\/wp-json\/wp\/v2\/product"}],"about":[{"href":"https:\/\/ulpmat.com\/fr\/wp-json\/wp\/v2\/types\/product"}],"wp:featuredmedia":[{"embeddable":true,"href":"https:\/\/ulpmat.com\/fr\/wp-json\/wp\/v2\/media\/34234"}],"wp:attachment":[{"href":"https:\/\/ulpmat.com\/fr\/wp-json\/wp\/v2\/media?parent=34233"}],"wp:term":[{"taxonomy":"product_brand","embeddable":true,"href":"https:\/\/ulpmat.com\/fr\/wp-json\/wp\/v2\/product_brand?post=34233"},{"taxonomy":"product_cat","embeddable":true,"href":"https:\/\/ulpmat.com\/fr\/wp-json\/wp\/v2\/product_cat?post=34233"},{"taxonomy":"product_tag","embeddable":true,"href":"https:\/\/ulpmat.com\/fr\/wp-json\/wp\/v2\/product_tag?post=34233"}],"curies":[{"name":"wp","href":"https:\/\/api.w.org\/{rel}","templated":true}]}}