{"id":34141,"date":"2025-12-09T15:51:15","date_gmt":"2025-12-09T07:51:15","guid":{"rendered":"https:\/\/ulpmat.com\/product\/fluorure-de-gallium\/"},"modified":"2025-12-09T15:51:15","modified_gmt":"2025-12-09T07:51:15","slug":"fluorure-de-gallium","status":"publish","type":"product","link":"https:\/\/ulpmat.com\/fr\/produit\/fluorure-de-gallium\/","title":{"rendered":"Fluorure de gallium"},"content":{"rendered":"<h2><span style=\"font-size: 14pt;\">Pr\u00e9sentation de la poudre de fluorure de gallium<\/span><\/h2>\n<p><span style=\"color: #0000ff;\"><a style=\"color: #0000ff;\" href=\"https:\/\/ulpmat.com\/fr\/recherche\/?type=name&#038;keyword=Gallium+fluoride\">Le fluorure de gallium<\/a><\/span><br \/>\nest un fluorure inorganique de haute puret\u00e9 dont la formule chimique est GaF\u2083. Il se pr\u00e9sente sous forme de poudre cristalline blanche dans des conditions normales. Caract\u00e9ris\u00e9 par son point de fusion \u00e9lev\u00e9, sa stabilit\u00e9 chimique et ses propri\u00e9t\u00e9s corrosives envers le verre et le quartz, il sert de source de fluor essentielle et de mat\u00e9riau pr\u00e9curseur pour la production de verre optique sp\u00e9cialis\u00e9 et la synth\u00e8se de films <span style=\"color: #0000ff;\"><a style=\"color: #0000ff;\" href=\"https:\/\/ulpmat.com\/fr\/candidature\/materiaux-semi-conducteurs\/\">semi-conducteurs<\/a><\/span><br \/>\n\u00e0 large bande interdite (par exemple, Ga\u2082O\u2083).<\/p>\n<p>Nous proposons une poudre de trifluorure de gallium anhydre de haute qualit\u00e9 dans plusieurs sp\u00e9cifications de puret\u00e9 et de taille de particules, conditionn\u00e9e dans un emballage professionnel \u00e9tanche \u00e0 l&rsquo;humidit\u00e9. <span style=\"color: #0000ff;\"><a style=\"color: #0000ff;\" href=\"https:\/\/ulpmat.com\/fr\/contactez-nous\/\">Contactez-nous<\/a><\/span><br \/>\npour obtenir des \u00e9chantillons.<\/p>\n<h2><span style=\"font-size: 14pt;\">Points forts du produit<\/span><\/h2>\n<p>Puret\u00e9 ultra-\u00e9lev\u00e9e<br \/>\nExcellente stabilit\u00e9 thermique et chimique<br \/>\nPr\u00e9curseur essentiel pour les mat\u00e9riaux semi-conducteurs<br \/>\nPropri\u00e9t\u00e9s de gravure uniques (capable de graver le verre)<br \/>\nEmballage herm\u00e9tique rigoureux r\u00e9sistant \u00e0 l&rsquo;humidit\u00e9<\/p>\n<h2><span style=\"font-size: 14pt;\">Applications de la poudre de trifluorure de gallium<\/span><\/h2>\n<p><span style=\"color: #0000ff;\"><a style=\"color: #0000ff;\" href=\"https:\/\/ulpmat.com\/fr\/candidature\/materiaux-semi-conducteurs\/\">Semi-conducteurs<\/a><\/span><br \/>\net d\u00e9p\u00f4t de couches minces : sert de source de fluor ou de pr\u00e9curseur pour les films semi-conducteurs haute performance via des techniques telles que le d\u00e9p\u00f4t de couches atomiques.<br \/>\nMat\u00e9riaux optiques sp\u00e9ciaux : utilis\u00e9 pour fabriquer des verres fluor\u00e9s ayant des propri\u00e9t\u00e9s optiques sp\u00e9cifiques et comme mat\u00e9riaux de substrat pour les lasers \u00e0 fibre.<br \/>\nTraitement chimique et catalyse : fonctionne comme catalyseur acide de Lewis ou r\u00e9actif dans des r\u00e9actions de synth\u00e8se organique sp\u00e9cifiques.<\/p>\n<h2><span style=\"color: #0000ff;\"><a style=\"color: #0000ff;\" href=\"https:\/\/ulpmat.com\/fr\/societe\/faq\/\"><span style=\"font-size: 14pt;\">FAQ<\/span><\/a><\/span><\/h2>\n<p>Q1 : Le trifluorure de gallium est-il s\u00fbr \u00e0 utiliser ?<br \/>\nA1 : Il est irritant. Manipulez-le avec des \u00e9quipements de protection, en \u00e9vitant d&rsquo;inhaler la poussi\u00e8re ou tout contact avec la peau\/les yeux.<\/p>\n<p>Q2 : Comment la poudre de trifluorure de gallium doit-elle \u00eatre stock\u00e9e ?<br \/>\nR2 : Stocker dans un r\u00e9cipient herm\u00e9tique et \u00e9tanche \u00e0 l&rsquo;humidit\u00e9, dans un environnement sec, afin de pr\u00e9server sa stabilit\u00e9 et sa puret\u00e9.<\/p>\n<p>Q3 : Quelles sont les principales utilisations du trifluorure de gallium ?<br \/>\nR3 : Il sert principalement de pr\u00e9curseur pour les semi-conducteurs et dans la production de verre optique sp\u00e9cialis\u00e9.<\/p>\n<p>Q4 : Faut-il choisir la poudre de fluorure de gallium anhydre ou hydrat\u00e9e ?<br \/>\nR4 : La forme anhydre est pr\u00e9f\u00e9rable pour les processus de semi-conducteurs de pr\u00e9cision ; la forme hydrat\u00e9e peut \u00eatre utilis\u00e9e pour certaines catalyse ou r\u00e9actions.<\/p>\n<h2><span style=\"font-size: 14pt;\">Rapport<\/span><\/h2>\n<p>Chaque lot est fourni avec :<br \/>\n<span style=\"color: #0000ff;\"><a style=\"color: #0000ff;\" href=\"https:\/\/ulpmat.com\/fr\/documents\/certificat-danalyse\/\"><u>Certificat d&rsquo;analyse (COA)<\/u><\/a><\/span><\/p>\n<p><span style=\"color: #0000ff;\"><a style=\"color: #0000ff;\" href=\"https:\/\/ulpmat.com\/fr\/documents\/fiche-technique\/\"><u>Fiche technique (TDS)<\/u><\/a><\/span><\/p>\n<p><span style=\"color: #0000ff;\"><a style=\"color: #0000ff;\" href=\"https:\/\/ulpmat.com\/fr\/documents\/fiche-de-donnees-de-securite\/\"><u>Fiche de donn\u00e9es de s\u00e9curit\u00e9 (MSDS)<\/u><\/a><\/span><br \/>\nRapports d&rsquo;essais effectu\u00e9s par des tiers disponibles sur demande<\/p>\n<h2><span style=\"font-size: 14pt;\">Pourquoi nous choisir ?<\/span><\/h2>\n<p>Nous fournissons des produits chimiques sp\u00e9ciaux stables et de haute puret\u00e9, destin\u00e9s \u00e0 r\u00e9pondre \u00e0 vos exigences \u00e9lev\u00e9es en mati\u00e8re de fabrication avanc\u00e9e et de R&amp;D.<\/p>\n","protected":false},"excerpt":{"rendered":"<p>Pr\u00e9sentation de la poudre de fluorure de gallium Le fluorure de gallium est un fluorure inorganique de haute puret\u00e9 dont la formule chimique est GaF\u2083. Il se pr\u00e9sente sous forme de poudre cristalline blanche dans des conditions normales. Caract\u00e9ris\u00e9 par son point de fusion \u00e9lev\u00e9, sa stabilit\u00e9 chimique et ses propri\u00e9t\u00e9s corrosives envers le verre [&hellip;]<\/p>\n","protected":false},"featured_media":34142,"template":"","meta":{"_acf_changed":false},"product_brand":[132],"product_cat":[313],"product_tag":[3563],"class_list":{"0":"post-34141","1":"product","2":"type-product","3":"status-publish","4":"has-post-thumbnail","6":"product_brand-ulpmat","7":"product_cat-materiaux-halogenes","8":"product_tag-poudre-de-fluorure-de-gallium","10":"first","11":"instock","12":"shipping-taxable","13":"product-type-variable"},"acf":[],"_links":{"self":[{"href":"https:\/\/ulpmat.com\/fr\/wp-json\/wp\/v2\/product\/34141","targetHints":{"allow":["GET"]}}],"collection":[{"href":"https:\/\/ulpmat.com\/fr\/wp-json\/wp\/v2\/product"}],"about":[{"href":"https:\/\/ulpmat.com\/fr\/wp-json\/wp\/v2\/types\/product"}],"wp:featuredmedia":[{"embeddable":true,"href":"https:\/\/ulpmat.com\/fr\/wp-json\/wp\/v2\/media\/34142"}],"wp:attachment":[{"href":"https:\/\/ulpmat.com\/fr\/wp-json\/wp\/v2\/media?parent=34141"}],"wp:term":[{"taxonomy":"product_brand","embeddable":true,"href":"https:\/\/ulpmat.com\/fr\/wp-json\/wp\/v2\/product_brand?post=34141"},{"taxonomy":"product_cat","embeddable":true,"href":"https:\/\/ulpmat.com\/fr\/wp-json\/wp\/v2\/product_cat?post=34141"},{"taxonomy":"product_tag","embeddable":true,"href":"https:\/\/ulpmat.com\/fr\/wp-json\/wp\/v2\/product_tag?post=34141"}],"curies":[{"name":"wp","href":"https:\/\/api.w.org\/{rel}","templated":true}]}}