{"id":34111,"date":"2025-12-09T15:51:16","date_gmt":"2025-12-09T07:51:16","guid":{"rendered":"https:\/\/ulpmat.com\/product\/nitrure-de-gallium-4\/"},"modified":"2025-12-09T15:51:16","modified_gmt":"2025-12-09T07:51:16","slug":"nitrure-de-gallium-4","status":"publish","type":"product","link":"https:\/\/ulpmat.com\/fr\/produit\/nitrure-de-gallium-4\/","title":{"rendered":"Nitrure de gallium"},"content":{"rendered":"<h2><span style=\"font-size: 14pt;\">Pr\u00e9sentation des granul\u00e9s de nitrure de gallium<\/span><\/h2>\n<p><span style=\"color: #0000ff;\"><a style=\"color: #0000ff;\" href=\"https:\/\/ulpmat.com\/fr\/recherche\/?type=name&#038;keyword=Gallium+nitride\">Le nitrure de gallium<\/a><\/span><br \/>\nest un mat\u00e9riau semi-conducteur \u00e0 large bande interdite de troisi\u00e8me g\u00e9n\u00e9ration dont la formule chimique est GaN. Il se pr\u00e9sente sous forme de particules cristallines gris-noir dans des conditions normales et se caract\u00e9rise par une large bande interdite directe d&rsquo;environ 3,4 eV, une conductivit\u00e9 thermique exceptionnellement \u00e9lev\u00e9e, une vitesse de d\u00e9rive \u00e9lectronique satur\u00e9e et un champ \u00e9lectrique de claquage. Mat\u00e9riau de base essentiel \u00e0 la fabrication de dispositifs opto\u00e9lectroniques \u00e0 haut rendement, de composants RF haute fr\u00e9quence\/haute puissance et de syst\u00e8mes \u00e9lectroniques de puissance de nouvelle g\u00e9n\u00e9ration, il est consid\u00e9r\u00e9 comme le mat\u00e9riau \u00ab phare \u00bb qui sous-tend les communications informatiques, la conversion d&rsquo;\u00e9nergie et l&rsquo;\u00e9clairage intelligent de demain.<\/p>\n<p>Nous proposons des granul\u00e9s de nitrure de gallium de haute qualit\u00e9 dans plusieurs degr\u00e9s de puret\u00e9, tailles de particules et types de conductivit\u00e9. <span style=\"color: #0000ff;\"><a style=\"color: #0000ff;\" href=\"https:\/\/ulpmat.com\/fr\/contactez-nous\/\">Contactez-nous<\/a><\/span><br \/>\npour obtenir des solutions personnalis\u00e9es.<\/p>\n<h2><span style=\"font-size: 14pt;\">Points forts du produit<\/span><\/h2>\n<p>Semi-conducteur \u00e0 large bande interdite (~3,4 eV)<br \/>\nMobilit\u00e9 \u00e9lectronique et vitesse de saturation ultra-\u00e9lev\u00e9es<br \/>\nExcellente stabilit\u00e9 thermique et chimique<br \/>\nForte intensit\u00e9 de champ \u00e9lectrique de claquage<br \/>\nHaute efficacit\u00e9 de luminescence \u00e0 bande interdite directe<\/p>\n<h2><span style=\"font-size: 14pt;\">Applications des granul\u00e9s de nitrure de gallium<\/span><\/h2>\n<p>Opto\u00e9lectronique et \u00e9clairage \u00e0 semi-conducteurs : sert de mat\u00e9riau de substrat \u00e9pitaxial pour la fabrication de LED bleues\/vertes\/blanches \u00e0 haut rendement, de diodes laser et de puces LED UV.<br \/>\nCommunications RF et micro-ondes : utilis\u00e9 dans les amplificateurs de puissance RF haute puissance et \u00e0 haut rendement pour les stations de base de communication 5G\/6G, les communications par satellite et les syst\u00e8mes radar.<br \/>\n\u00c9lectronique de puissance et recharge rapide : utilis\u00e9 dans la fabrication de dispositifs de conversion de puissance compacts et \u00e0 haut rendement largement utilis\u00e9s dans les v\u00e9hicules \u00e0 \u00e9nergie nouvelle, les alimentations \u00e9lectriques des centres de donn\u00e9es et les chargeurs rapides GaN.<br \/>\nSubstrats pour dispositifs semi-conducteurs : sert de mat\u00e9riau de substrat pour l&rsquo;\u00e9pitaxie homog\u00e8ne afin de d\u00e9velopper des couches \u00e9pitaxiales GaN de haute qualit\u00e9 pour la fabrication de dispositifs \u00e9lectroniques haute performance.<\/p>\n<h2><span style=\"color: #0000ff;\"><a style=\"color: #0000ff;\" href=\"https:\/\/ulpmat.com\/fr\/societe\/faq\/\"><span style=\"font-size: 14pt;\">FAQ<\/span><\/a><\/span><\/h2>\n<p>Q1 : Quelles sont les principales diff\u00e9rences entre les particules GaN et SiC ?<br \/>\nR1 : Le GaN offre une plus grande mobilit\u00e9 des \u00e9lectrons, ce qui le rend plus adapt\u00e9 aux applications \u00e0 haute fr\u00e9quence (par exemple, la 5G RF) ; le SiC offre une conductivit\u00e9 thermique sup\u00e9rieure, ce qui le rend plus adapt\u00e9 aux applications \u00e9lectriques \u00e0 tr\u00e8s haute tension (par exemple, les moteurs principaux des v\u00e9hicules \u00e9lectriques).<\/p>\n<p>Q2 : Quel niveau de puret\u00e9 est requis pour les particules de GaN ?<br \/>\nR2 : Cela d\u00e9pend de l&rsquo;application. La croissance \u00e9pitaxiale haut de gamme n\u00e9cessite g\u00e9n\u00e9ralement une puret\u00e9 de 5N (99,999 %) ou plus ; certaines utilisations de frittage ou d&rsquo;additifs peuvent accepter une puret\u00e9 de 4N (99,99 %).<\/p>\n<p>Q3 : Comment le produit doit-il \u00eatre stock\u00e9 ?<br \/>\nA3 : Conservez-le dans un r\u00e9cipient herm\u00e9tique \u00e0 temp\u00e9rature ambiante dans un environnement sec. \u00c9vitez tout contact avec des produits chimiques corrosifs tels que les acides ou les alcalis afin de pr\u00e9venir l&rsquo;oxydation et la contamination.<\/p>\n<p>Q4 : Pourquoi le GaN est-il relativement cher ?<br \/>\nA4 : Les principales raisons sont la grande difficult\u00e9, les obstacles techniques importants et la consommation d&rsquo;\u00e9nergie consid\u00e9rable li\u00e9s \u00e0 la production de monocristaux de haute qualit\u00e9. De plus, l&rsquo;\u00e9chelle industrielle actuelle reste relativement petite par rapport aux mat\u00e9riaux traditionnels tels que le silicium.<\/p>\n<h2><span style=\"font-size: 14pt;\">Rapport<\/span><\/h2>\n<p>Chaque lot est fourni avec :<br \/>\n<span style=\"color: #0000ff;\"><a style=\"color: #0000ff;\" href=\"https:\/\/ulpmat.com\/fr\/documents\/certificat-danalyse\/\"><u>Certificat d&rsquo;analyse (COA)<\/u><\/a><\/span><\/p>\n<p><span style=\"color: #0000ff;\"><a style=\"color: #0000ff;\" href=\"https:\/\/ulpmat.com\/fr\/documents\/fiche-technique\/\"><u>Fiche technique (TDS)<\/u><\/a><\/span><\/p>\n<p><span style=\"color: #0000ff;\"><a style=\"color: #0000ff;\" href=\"https:\/\/ulpmat.com\/fr\/documents\/fiche-de-donnees-de-securite\/\"><u>Fiche de donn\u00e9es de s\u00e9curit\u00e9 (MSDS)<\/u><\/a><\/span><br \/>\nRapports d&rsquo;essais effectu\u00e9s par des tiers disponibles sur demande<\/p>\n<h2><span style=\"font-size: 14pt;\">Pourquoi nous choisir ?<\/span><\/h2>\n<p>Forts de notre expertise technique approfondie dans le domaine des mat\u00e9riaux semi-conducteurs de troisi\u00e8me g\u00e9n\u00e9ration, nous vous fournissons des particules de GaN fiables et hautement performantes dans une gamme compl\u00e8te de sp\u00e9cifications, ainsi qu&rsquo;une assistance technique professionnelle pour la s\u00e9lection.<\/p>\n","protected":false},"excerpt":{"rendered":"<p>Pr\u00e9sentation des granul\u00e9s de nitrure de gallium Le nitrure de gallium est un mat\u00e9riau semi-conducteur \u00e0 large bande interdite de troisi\u00e8me g\u00e9n\u00e9ration dont la formule chimique est GaN. Il se pr\u00e9sente sous forme de particules cristallines gris-noir dans des conditions normales et se caract\u00e9rise par une large bande interdite directe d&rsquo;environ 3,4 eV, une conductivit\u00e9 [&hellip;]<\/p>\n","protected":false},"featured_media":34082,"template":"","meta":{"_acf_changed":false},"product_brand":[132],"product_cat":[296],"product_tag":[3551],"class_list":{"0":"post-34111","1":"product","2":"type-product","3":"status-publish","4":"has-post-thumbnail","6":"product_brand-ulpmat","7":"product_cat-materiaux-devaporation","8":"product_tag-granules-de-nitrure-de-gallium","10":"first","11":"instock","12":"shipping-taxable","13":"product-type-variable"},"acf":[],"_links":{"self":[{"href":"https:\/\/ulpmat.com\/fr\/wp-json\/wp\/v2\/product\/34111","targetHints":{"allow":["GET"]}}],"collection":[{"href":"https:\/\/ulpmat.com\/fr\/wp-json\/wp\/v2\/product"}],"about":[{"href":"https:\/\/ulpmat.com\/fr\/wp-json\/wp\/v2\/types\/product"}],"wp:featuredmedia":[{"embeddable":true,"href":"https:\/\/ulpmat.com\/fr\/wp-json\/wp\/v2\/media\/34082"}],"wp:attachment":[{"href":"https:\/\/ulpmat.com\/fr\/wp-json\/wp\/v2\/media?parent=34111"}],"wp:term":[{"taxonomy":"product_brand","embeddable":true,"href":"https:\/\/ulpmat.com\/fr\/wp-json\/wp\/v2\/product_brand?post=34111"},{"taxonomy":"product_cat","embeddable":true,"href":"https:\/\/ulpmat.com\/fr\/wp-json\/wp\/v2\/product_cat?post=34111"},{"taxonomy":"product_tag","embeddable":true,"href":"https:\/\/ulpmat.com\/fr\/wp-json\/wp\/v2\/product_tag?post=34111"}],"curies":[{"name":"wp","href":"https:\/\/api.w.org\/{rel}","templated":true}]}}