{"id":34009,"date":"2025-12-09T15:51:19","date_gmt":"2025-12-09T07:51:19","guid":{"rendered":"https:\/\/ulpmat.com\/product\/nitrure-de-gallium\/"},"modified":"2025-12-09T15:51:19","modified_gmt":"2025-12-09T07:51:19","slug":"nitrure-de-gallium","status":"publish","type":"product","link":"https:\/\/ulpmat.com\/fr\/produit\/nitrure-de-gallium\/","title":{"rendered":"Nitrure de gallium"},"content":{"rendered":"<h2><span style=\"font-size: 14pt;\">Pr\u00e9sentation des plaquettes en nitrure de gallium<\/span><\/h2>\n<p>Les plaquettes<br \/>\n<span style=\"color: #0000ff;\"><a style=\"color: #0000ff;\" href=\"https:\/\/ulpmat.com\/fr\/recherche\/?type=name&#038;keyword=Gallium+nitride\">en nitrure de gallium<\/a><\/span><br \/>\nsont des disques de substrat standardis\u00e9s fabriqu\u00e9s \u00e0 partir de monocristaux de nitrure de gallium de haute puret\u00e9, d\u00e9coup\u00e9s, meul\u00e9s et polis avec pr\u00e9cision. Mat\u00e9riau de base essentiel pour les semi-conducteurs \u00e0 large bande interdite de troisi\u00e8me g\u00e9n\u00e9ration, elles h\u00e9ritent parfaitement des caract\u00e9ristiques du GaN : haute fr\u00e9quence, haute efficacit\u00e9, haute tension et haute temp\u00e9rature. Ils constituent un mod\u00e8le cristallin id\u00e9al pour la croissance de films \u00e9pitaxiaux GaN de haute qualit\u00e9 et servent de base physique \u00e0 la fabrication de tous les dispositifs opto\u00e9lectroniques et \u00e9lectroniques de puissance GaN haut de gamme.<\/p>\n<p>Nous proposons des substrats monocristallins GaN et des plaquettes \u00e9pitaxiales de diff\u00e9rentes tailles, orientations cristallines, \u00e9paisseurs et types de conductivit\u00e9. <span style=\"color: #0000ff;\"><a style=\"color: #0000ff;\" href=\"https:\/\/ulpmat.com\/fr\/contactez-nous\/\">Contactez-nous<\/a><\/span><br \/>\npour obtenir des solutions personnalis\u00e9es.<\/p>\n<h2><span style=\"font-size: 14pt;\">Points forts du produit<\/span><\/h2>\n<p>Substrat semi-conducteur \u00e0 large bande interdite de troisi\u00e8me g\u00e9n\u00e9ration<br \/>\nDensit\u00e9 de d\u00e9fauts de dislocation extr\u00eamement faible<br \/>\nConductivit\u00e9 thermique \u00e9lev\u00e9e et excellente stabilit\u00e9 chimique<br \/>\nTechnologie de plaquettes de grande taille<br \/>\nPlusieurs orientations cristallines et options de r\u00e9sistivit\u00e9 disponibles<\/p>\n<h2><span style=\"font-size: 14pt;\">Applications des plaquettes GaN<\/span><\/h2>\n<p>Opto\u00e9lectronique et affichage : sert de substrat \u00e9pitaxial pour la croissance de la couche \u00e9pitaxiale centrale dans les LED bleues\/vertes\/blanches, les diodes laser (LD) et les puces d&rsquo;affichage Micro-LED.<br \/>\nCommunications RF et micro-ondes : utilis\u00e9 pour fabriquer des puces RF haute fr\u00e9quence et haute puissance et des amplificateurs de puissance pour les stations de base de communication 5G\/6G, les communications par satellite et les syst\u00e8mes radar.<br \/>\n\u00c9lectronique de puissance : en tant que substrats pour la fabrication de dispositifs \u00e9lectroniques de puissance \u00e0 haut rendement et \u00e0 haute densit\u00e9 de puissance utilis\u00e9s dans les v\u00e9hicules \u00e0 \u00e9nergie nouvelle, les centres de donn\u00e9es et les applications de recharge rapide.<br \/>\nDomaines \u00e9mergents et pionniers : pour le d\u00e9veloppement de d\u00e9tecteurs UV, de capteurs haute temp\u00e9rature, de dispositifs de communication quantique et de circuits int\u00e9gr\u00e9s de puissance \u00e0 haut rendement de nouvelle g\u00e9n\u00e9ration.<\/p>\n<h2><span style=\"font-size: 14pt;\">FAQ<\/span><\/h2>\n<p>Q1 : Qu&rsquo;est-ce qui distingue les plaquettes de GaN des plaquettes de SiC ?<br \/>\nR1 : Elles diff\u00e8rent par leurs syst\u00e8mes de mat\u00e9riaux et leurs applications principales. Les plaquettes GaN offrent une plus grande mobilit\u00e9 des \u00e9lectrons, ce qui les rend id\u00e9ales pour les dispositifs RF et opto\u00e9lectroniques \u00e0 haute fr\u00e9quence ; les plaquettes SiC offrent une conductivit\u00e9 thermique sup\u00e9rieure, ce qui les rend prioritaires pour les dispositifs de puissance \u00e0 tr\u00e8s haute tension.<\/p>\n<p>Q2 : Pourquoi les plaquettes \u00e9pitaxiales GaN-sur-Si sont-elles plus courantes ?<br \/>\nR2 : Les principales raisons sont les avantages en termes de co\u00fbt et de taille. La croissance \u00e9pitaxiale du GaN sur des substrats de silicium peu co\u00fbteux permet de fabriquer des dispositifs \u00e0 plus grande \u00e9chelle et \u00e0 moindre co\u00fbt, m\u00eame si la qualit\u00e9 cristalline est inf\u00e9rieure \u00e0 celle de l&rsquo;homo\u00e9pitaxie GaN sur GaN.<\/p>\n<p>Q3 : Pourquoi les plaquettes GaN sont-elles si ch\u00e8res ?<br \/>\nR3 : Principalement en raison des d\u00e9fis extr\u00eames que pose leur fabrication. Les monocristaux de GaN de haute qualit\u00e9 doivent \u00eatre d\u00e9velopp\u00e9s \u00e0 haute temp\u00e9rature et sous haute pression, ce qui pr\u00e9sente des obstacles techniques importants, une consommation d&rsquo;\u00e9nergie \u00e9lev\u00e9e et des taux de rendement faibles, ce qui entra\u00eene des co\u00fbts bien sup\u00e9rieurs \u00e0 ceux des substrats en silicium.<\/p>\n<p>Q4 : Comment les plaquettes doivent-elles \u00eatre stock\u00e9es et manipul\u00e9es ?<br \/>\nA4 : Elles doivent \u00eatre stock\u00e9es et manipul\u00e9es dans des bateaux \u00e0 plaquettes sp\u00e9cialis\u00e9s dans des environnements ultra-propres. Leur manipulation n\u00e9cessite un soin extr\u00eame afin d&rsquo;\u00e9viter tout dommage aux bords et toute contamination de la surface, car elles sont fragiles et exigent des normes de propret\u00e9 exceptionnellement \u00e9lev\u00e9es.<\/p>\n<h2><span style=\"font-size: 14pt;\">Rapport<\/span><\/h2>\n<p>Chaque lot est fourni avec :<br \/>\n<span style=\"color: #0000ff;\"><a style=\"color: #0000ff;\" href=\"https:\/\/ulpmat.com\/fr\/documents\/certificat-danalyse\/\"><u>Certificat d&rsquo;analyse (COA)<\/u><\/a><\/span><\/p>\n<p><span style=\"color: #0000ff;\"><a style=\"color: #0000ff;\" href=\"https:\/\/ulpmat.com\/fr\/documents\/fiche-technique\/\"><u>Fiche technique (TDS)<\/u><\/a><\/span><\/p>\n<p><span style=\"color: #0000ff;\"><a style=\"color: #0000ff;\" href=\"https:\/\/ulpmat.com\/fr\/documents\/fiche-de-donnees-de-securite\/\"><u>Fiche de donn\u00e9es de s\u00e9curit\u00e9 (MSDS)<\/u><\/a><\/span><br \/>\nRapports d&rsquo;essais effectu\u00e9s par des tiers disponibles sur demande<\/p>\n<h2><span style=\"font-size: 14pt;\">Pourquoi nous choisir ?<\/span><\/h2>\n<p>Forts de notre expertise technique approfondie dans le domaine des mat\u00e9riaux semi-conducteurs \u00e0 large bande interdite, nous fournissons des substrats GaN de haute qualit\u00e9 et haute performance, ainsi que des solutions \u00e9pitaxiales professionnelles et fiables.<\/p>\n","protected":false},"excerpt":{"rendered":"<p>Pr\u00e9sentation des plaquettes en nitrure de gallium Les plaquettes en nitrure de gallium sont des disques de substrat standardis\u00e9s fabriqu\u00e9s \u00e0 partir de monocristaux de nitrure de gallium de haute puret\u00e9, d\u00e9coup\u00e9s, meul\u00e9s et polis avec pr\u00e9cision. Mat\u00e9riau de base essentiel pour les semi-conducteurs \u00e0 large bande interdite de troisi\u00e8me g\u00e9n\u00e9ration, elles h\u00e9ritent parfaitement des [&hellip;]<\/p>\n","protected":false},"featured_media":34010,"template":"","meta":{"_acf_changed":false},"product_brand":[],"product_cat":[394],"product_tag":[3533],"class_list":{"0":"post-34009","1":"product","2":"type-product","3":"status-publish","4":"has-post-thumbnail","6":"product_cat-autres-materiaux","7":"product_tag-plaque-de-nitrure-de-gallium","9":"first","10":"instock","11":"shipping-taxable","12":"product-type-variable"},"acf":[],"_links":{"self":[{"href":"https:\/\/ulpmat.com\/fr\/wp-json\/wp\/v2\/product\/34009","targetHints":{"allow":["GET"]}}],"collection":[{"href":"https:\/\/ulpmat.com\/fr\/wp-json\/wp\/v2\/product"}],"about":[{"href":"https:\/\/ulpmat.com\/fr\/wp-json\/wp\/v2\/types\/product"}],"wp:featuredmedia":[{"embeddable":true,"href":"https:\/\/ulpmat.com\/fr\/wp-json\/wp\/v2\/media\/34010"}],"wp:attachment":[{"href":"https:\/\/ulpmat.com\/fr\/wp-json\/wp\/v2\/media?parent=34009"}],"wp:term":[{"taxonomy":"product_brand","embeddable":true,"href":"https:\/\/ulpmat.com\/fr\/wp-json\/wp\/v2\/product_brand?post=34009"},{"taxonomy":"product_cat","embeddable":true,"href":"https:\/\/ulpmat.com\/fr\/wp-json\/wp\/v2\/product_cat?post=34009"},{"taxonomy":"product_tag","embeddable":true,"href":"https:\/\/ulpmat.com\/fr\/wp-json\/wp\/v2\/product_tag?post=34009"}],"curies":[{"name":"wp","href":"https:\/\/api.w.org\/{rel}","templated":true}]}}