{"id":33991,"date":"2025-12-09T15:51:19","date_gmt":"2025-12-09T07:51:19","guid":{"rendered":"https:\/\/ulpmat.com\/product\/phosphure-de-gallium-3\/"},"modified":"2025-12-09T15:51:19","modified_gmt":"2025-12-09T07:51:19","slug":"phosphure-de-gallium-3","status":"publish","type":"product","link":"https:\/\/ulpmat.com\/fr\/produit\/phosphure-de-gallium-3\/","title":{"rendered":"Phosphure de gallium"},"content":{"rendered":"<h2><span style=\"font-size: 14pt;\">Pr\u00e9sentation des granules de phosphure de gallium<\/span><\/h2>\n<p><span style=\"color: #0000ff;\"><a style=\"color: #0000ff;\" href=\"https:\/\/ulpmat.com\/fr\/recherche\/?type=name&#038;keyword=Gallium+phosphide\">Le phosphure de gallium<\/a><\/span><br \/>\nest un mat\u00e9riau semi-conducteur compos\u00e9 III-V \u00e0 bande interdite indirecte, repr\u00e9sent\u00e9 par la formule chimique GaP. Le produit se pr\u00e9sente g\u00e9n\u00e9ralement sous forme de particules cristallines jaunes ou jaune orang\u00e9 avec une largeur de bande interdite d&rsquo;environ 2,26 eV. R\u00e9put\u00e9 pour sa luminescence dans le spectre visible, sa grande mobilit\u00e9 \u00e9lectronique et son exceptionnelle stabilit\u00e9 chimique, il sert de mat\u00e9riau de base classique pour la fabrication d&rsquo;\u00e9metteurs de lumi\u00e8re visible traditionnels, de dispositifs \u00e9lectroniques \u00e0 grande vitesse et de mat\u00e9riaux optiques sp\u00e9cialis\u00e9s.<\/p>\n<p>Nous proposons des granul\u00e9s de phosphure de gallium de haute qualit\u00e9 dans plusieurs degr\u00e9s de puret\u00e9, tailles de particules et types de dopage. <span style=\"color: #0000ff;\"><a style=\"color: #0000ff;\" href=\"https:\/\/ulpmat.com\/fr\/contactez-nous\/\">Contactez-nous<\/a><\/span><br \/>\npour obtenir des \u00e9chantillons.<\/p>\n<h2><span style=\"font-size: 14pt;\">Points forts du produit<\/span><\/h2>\n<p>Mat\u00e9riau semi-conducteur \u00e0 bande interdite indirecte<br \/>\nPropri\u00e9t\u00e9s d&rsquo;\u00e9mission de lumi\u00e8re visible<br \/>\nHaute mobilit\u00e9 \u00e9lectronique<br \/>\nExcellente stabilit\u00e9 chimique et thermique<br \/>\nSyst\u00e8me de mat\u00e9riaux mature et fiable<\/p>\n<h2><span style=\"font-size: 14pt;\">Applications des granul\u00e9s GaP<\/span><\/h2>\n<p>Dispositifs opto\u00e9lectroniques traditionnels : utilis\u00e9s dans la fabrication des LED rouges et vertes de premi\u00e8re g\u00e9n\u00e9ration et des photod\u00e9tecteurs.<br \/>\nTechnologie d&rsquo;affichage et de r\u00e9tro\u00e9clairage : sert de matrice ou de mat\u00e9riau phosphorescent dans certains \u00e9crans num\u00e9riques et modules de r\u00e9tro\u00e9clairage.<br \/>\nDispositifs \u00e9lectroniques \u00e0 haute vitesse : fabrication de certains transistors haute fr\u00e9quence et composants micro-ondes, tirant parti de sa haute mobilit\u00e9 \u00e9lectronique.<br \/>\nAdditifs pour mat\u00e9riaux sp\u00e9ciaux : utilis\u00e9s comme dopants ou modificateurs dans la pr\u00e9paration de verre ou de c\u00e9ramiques fonctionnelles ayant des propri\u00e9t\u00e9s sp\u00e9cifiques.<\/p>\n<h2><span style=\"color: #0000ff;\"><a style=\"color: #0000ff;\" href=\"https:\/\/ulpmat.com\/fr\/societe\/faq\/\"><span style=\"font-size: 14pt;\">FAQ<\/span><\/a><\/span><\/h2>\n<p>Q1 : Quelles sont les principales diff\u00e9rences entre le GaP et le GaAs ?<br \/>\nR1 : Ils diff\u00e8rent par le type de bande interdite et la couleur d&rsquo;\u00e9mission lumineuse. Le GaP a une bande interdite indirecte et est principalement utilis\u00e9 pour l&rsquo;\u00e9mission de lumi\u00e8re visible ; le GaAs a une bande interdite directe et est principalement utilis\u00e9 pour les dispositifs opto\u00e9lectroniques infrarouges et les circuits \u00e0 haute vitesse.<\/p>\n<p>Q2 : Pourquoi les granules de GaP sont-ils jaunes ou jaune orang\u00e9 ?<br \/>\nR2 : Cela est d\u00e9termin\u00e9 par la largeur de sa bande interdite, qui est d&rsquo;environ 2,26 eV. La longueur d&rsquo;onde des photons correspondant \u00e0 cette \u00e9nergie se situe pr\u00e9cis\u00e9ment dans la r\u00e9gion jaune-vert de la lumi\u00e8re visible.<\/p>\n<p>Q3 : Quelles sont les principales applications du GaP ?<br \/>\nA3 : Traditionnellement, il est principalement utilis\u00e9 pour fabriquer des LED \u00e0 lumi\u00e8re visible dans des couleurs telles que le rouge, le vert et le jaune. Il est d\u00e9sormais \u00e9galement utilis\u00e9 dans certains dispositifs \u00e9lectroniques \u00e0 haute vitesse et mat\u00e9riaux sp\u00e9ciaux.<\/p>\n<p>Q4 : Quelles pr\u00e9cautions faut-il prendre lors de son utilisation ?<br \/>\nR4 : Conservez-le dans un endroit sec et herm\u00e9tique et \u00e9vitez d&rsquo;inhaler la poussi\u00e8re. Respectez les protocoles de s\u00e9curit\u00e9 chimique lors de la manipulation.<\/p>\n<h2><span style=\"font-size: 14pt;\">Rapport<\/span><\/h2>\n<p>Chaque lot est fourni avec :<br \/>\n<span style=\"color: #0000ff;\"><a style=\"color: #0000ff;\" href=\"https:\/\/ulpmat.com\/fr\/documents\/certificat-danalyse\/\"><u>Certificat d&rsquo;analyse (COA)<\/u><\/a><\/span><\/p>\n<p><span style=\"color: #0000ff;\"><a style=\"color: #0000ff;\" href=\"https:\/\/ulpmat.com\/fr\/documents\/fiche-technique\/\"><u>Fiche technique (TDS)<\/u><\/a><\/span><\/p>\n<p><span style=\"color: #0000ff;\"><a style=\"color: #0000ff;\" href=\"https:\/\/ulpmat.com\/fr\/documents\/fiche-de-donnees-de-securite\/\"><u>Fiche de donn\u00e9es de s\u00e9curit\u00e9 (MSDS)<\/u><\/a><\/span><br \/>\nRapports d&rsquo;essais effectu\u00e9s par des tiers disponibles sur demande<\/p>\n<h2><span style=\"font-size: 14pt;\">Pourquoi nous choisir ?<\/span><\/h2>\n<p>Nous poss\u00e9dons une vaste expertise dans les mat\u00e9riaux semi-conducteurs classiques tels que les phosphures, ce qui nous permet de fournir des produits GaP d&rsquo;une qualit\u00e9 constante et d&rsquo;une performance fiable.<\/p>\n","protected":false},"excerpt":{"rendered":"<p>Pr\u00e9sentation des granules de phosphure de gallium Le phosphure de gallium est un mat\u00e9riau semi-conducteur compos\u00e9 III-V \u00e0 bande interdite indirecte, repr\u00e9sent\u00e9 par la formule chimique GaP. Le produit se pr\u00e9sente g\u00e9n\u00e9ralement sous forme de particules cristallines jaunes ou jaune orang\u00e9 avec une largeur de bande interdite d&rsquo;environ 2,26 eV. R\u00e9put\u00e9 pour sa luminescence dans [&hellip;]<\/p>\n","protected":false},"featured_media":33992,"template":"","meta":{"_acf_changed":false},"product_brand":[132],"product_cat":[296],"product_tag":[3527],"class_list":{"0":"post-33991","1":"product","2":"type-product","3":"status-publish","4":"has-post-thumbnail","6":"product_brand-ulpmat","7":"product_cat-materiaux-devaporation","8":"product_tag-granules-de-phosphure-de-gallium","10":"first","11":"instock","12":"shipping-taxable","13":"product-type-variable"},"acf":[],"_links":{"self":[{"href":"https:\/\/ulpmat.com\/fr\/wp-json\/wp\/v2\/product\/33991","targetHints":{"allow":["GET"]}}],"collection":[{"href":"https:\/\/ulpmat.com\/fr\/wp-json\/wp\/v2\/product"}],"about":[{"href":"https:\/\/ulpmat.com\/fr\/wp-json\/wp\/v2\/types\/product"}],"wp:featuredmedia":[{"embeddable":true,"href":"https:\/\/ulpmat.com\/fr\/wp-json\/wp\/v2\/media\/33992"}],"wp:attachment":[{"href":"https:\/\/ulpmat.com\/fr\/wp-json\/wp\/v2\/media?parent=33991"}],"wp:term":[{"taxonomy":"product_brand","embeddable":true,"href":"https:\/\/ulpmat.com\/fr\/wp-json\/wp\/v2\/product_brand?post=33991"},{"taxonomy":"product_cat","embeddable":true,"href":"https:\/\/ulpmat.com\/fr\/wp-json\/wp\/v2\/product_cat?post=33991"},{"taxonomy":"product_tag","embeddable":true,"href":"https:\/\/ulpmat.com\/fr\/wp-json\/wp\/v2\/product_tag?post=33991"}],"curies":[{"name":"wp","href":"https:\/\/api.w.org\/{rel}","templated":true}]}}