{"id":33769,"date":"2025-12-12T13:25:51","date_gmt":"2025-12-12T05:25:51","guid":{"rendered":"https:\/\/ulpmat.com\/product\/zinc-metal-5\/"},"modified":"2025-12-12T13:25:51","modified_gmt":"2025-12-12T05:25:51","slug":"zinc-metal-5","status":"publish","type":"product","link":"https:\/\/ulpmat.com\/fr\/produit\/zinc-metal-5\/","title":{"rendered":"Zinc m\u00e9tal"},"content":{"rendered":"<h2><span style=\"font-size: 14pt;\">Granul\u00e9s de zinc m\u00e9tallique Pr\u00e9sentation<\/span><\/h2>\n<p>Les granul\u00e9s<br \/>\n<span style=\"color: #0000ff;\"><a style=\"color: #0000ff;\" href=\"https:\/\/ulpmat.com\/fr\/recherche\/?type=name&#038;keyword=Zinc+metal\">de zinc m\u00e9tallique<\/a><\/span><br \/>\nsont une poudre de zinc m\u00e9tallique de haute puret\u00e9 largement utilis\u00e9e dans les industries \u00e9lectronique, chimique et des batteries. En raison de leur excellente conductivit\u00e9 \u00e9lectrique et de leur r\u00e9sistance \u00e0 la corrosion, les particules de Zn sont largement utilis\u00e9es dans la fabrication d&rsquo;alliages, de mat\u00e9riaux d&rsquo;anodes pour batteries, dans la galvanoplastie et la catalyse, ce qui en fait un mat\u00e9riau cl\u00e9 indispensable dans l&rsquo;industrie moderne.<\/p>\n<p>Nous proposons des granul\u00e9s de zinc m\u00e9tallique de haute puret\u00e9, personnalis\u00e9s pour r\u00e9pondre aux besoins des clients en termes de tailles de particules et d&rsquo;exigences de qualit\u00e9. Que vous ayez besoin d&rsquo;achats en vrac ou de sp\u00e9cifications particuli\u00e8res, nous pouvons produire et livrer selon vos exigences sp\u00e9cifiques, vous garantissant ainsi les meilleurs produits et services. N&rsquo;h\u00e9sitez pas \u00e0 <span style=\"color: #0000ff;\"><a style=\"color: #0000ff;\" href=\"https:\/\/ulpmat.com\/fr\/contactez-nous\/\">nous contacter.<\/a><\/span><\/p>\n<h2><span style=\"font-size: 14pt;\">Points forts du produit<\/span><\/h2>\n<p>Haute puret\u00e9<br \/>\nExcellente conductivit\u00e9 \u00e9lectrique<br \/>\nForte r\u00e9sistance \u00e0 la corrosion<br \/>\nGrande stabilit\u00e9, longue dur\u00e9e de vie<br \/>\nTaille des particules personnalisable<br \/>\nConvient \u00e0 de nombreux domaines industriels<br \/>\nRespectueux de l&rsquo;environnement, conforme aux normes industrielles<\/p>\n<h2><span style=\"font-size: 14pt;\">Applications des granul\u00e9s de zinc m\u00e9tallique<\/span><\/h2>\n<p>Mat\u00e9riaux pour batteries : peuvent \u00eatre utilis\u00e9s dans les mat\u00e9riaux d&rsquo;anode des batteries pour aider \u00e0 am\u00e9liorer la densit\u00e9 \u00e9nerg\u00e9tique et la dur\u00e9e de vie des batteries, largement utilis\u00e9s dans les batteries lithium-ion et nickel-m\u00e9tal hydrure.<br \/>\nFabrication d&rsquo;alliages : en tant que composant d&rsquo;alliage important, peut \u00eatre utilis\u00e9 pour produire des alliages de cuivre, des alliages d&rsquo;aluminium, etc., am\u00e9liorant la r\u00e9sistance et la r\u00e9sistance \u00e0 l&rsquo;usure des alliages afin de r\u00e9pondre aux exigences \u00e9lev\u00e9es des applications industrielles.<br \/>\nGalvanoplastie : les granul\u00e9s de Zn sont largement utilis\u00e9s dans l&rsquo;industrie de la galvanoplastie. En tant que mat\u00e9riaux de galvanoplastie, ils peuvent am\u00e9liorer l&rsquo;adh\u00e9rence et la r\u00e9sistance \u00e0 la corrosion de la couche galvanis\u00e9e.<br \/>\nCatalyseurs : les granul\u00e9s de Zn agissent comme catalyseurs ou adjuvants catalytiques dans les r\u00e9actions catalytiques, jouant un r\u00f4le particuli\u00e8rement important dans les industries p\u00e9trochimique et pharmaceutique.<\/p>\n<h2><span style=\"color: #0000ff;\"><a style=\"color: #0000ff;\" href=\"https:\/\/ulpmat.com\/fr\/societe\/faq\/\"><span style=\"font-size: 14pt;\">FAQ<\/span><\/a><\/span><\/h2>\n<p>Q1 : Quelle est la puret\u00e9 de nos granul\u00e9s de Zn ?<br \/>\nA1 : Nos granul\u00e9s de Zn peuvent atteindre une puret\u00e9 de 99,99 %, ce qui nous permet de r\u00e9pondre aux besoins des applications haut de gamme et de fournir des mat\u00e9riaux de haute qualit\u00e9 pour les batteries, les alliages, etc.<\/p>\n<p>Q2 : \u00c0 quels domaines les granul\u00e9s de Zn sont-ils adapt\u00e9s ?<br \/>\nR2 : Les granul\u00e9s de Zn sont largement utilis\u00e9s dans de nombreuses industries telles que les batteries, les alliages, les catalyseurs et la galvanoplastie, en particulier dans les domaines exigeants de l&rsquo;\u00e9lectronique et de la fabrication de produits chimiques.<\/p>\n<p>Q3 : La taille des particules des granul\u00e9s de Zn peut-elle \u00eatre personnalis\u00e9e ?<br \/>\nR3 : Oui, nous pouvons personnaliser la taille des particules des granul\u00e9s de Zn en fonction des besoins des clients afin de r\u00e9pondre aux exigences de diff\u00e9rents sc\u00e9narios d&rsquo;application.<\/p>\n<p>Q4 : Quelles sont les conditions de stockage et de transport des granul\u00e9s de zinc ?<br \/>\nA4 : Les granul\u00e9s de zinc doivent \u00eatre stock\u00e9s dans un environnement sec et frais, \u00e0 l&rsquo;abri de l&rsquo;humidit\u00e9 et des temp\u00e9ratures \u00e9lev\u00e9es, afin de garantir la stabilit\u00e9 de leurs performances. Le contact avec des substances acides doit \u00eatre \u00e9vit\u00e9 pendant le transport.<\/p>\n<h2><span style=\"font-size: 14pt;\">Rapports<\/span><\/h2>\n<p>Chaque lot est fourni avec :<br \/>\n<span style=\"color: #0000ff;\"><a style=\"color: #0000ff;\" href=\"https:\/\/ulpmat.com\/fr\/documents\/certificat-danalyse\/\"><u>Certificat d&rsquo;analyse (COA)<\/u><\/a><\/span><\/p>\n<p><span style=\"color: #0000ff;\"><a style=\"color: #0000ff;\" href=\"https:\/\/ulpmat.com\/fr\/documents\/fiche-technique\/\"><u>Fiche technique (TDS)<\/u><\/a><\/span><\/p>\n<p><span style=\"color: #0000ff;\"><a style=\"color: #0000ff;\" href=\"https:\/\/ulpmat.com\/fr\/documents\/fiche-de-donnees-de-securite\/\"><u>Fiche de donn\u00e9es de s\u00e9curit\u00e9 (MSDS)<\/u><\/a><\/span><br \/>\nRapports d&rsquo;essais effectu\u00e9s par des tiers disponibles sur demande<\/p>\n<h2><span style=\"font-size: 14pt;\">Pourquoi nous choisir ?<\/span><\/h2>\n<p>En nous choisissant, vous b\u00e9n\u00e9ficierez de pastilles de zinc m\u00e9tallique de haute puret\u00e9 et haute performance pour r\u00e9pondre aux besoins de diverses applications. Nous mettons l&rsquo;accent sur la qualit\u00e9 des produits, la personnalisation des clients et le service professionnel, et nous nous engageons \u00e0 fournir \u00e0 nos clients des solutions mat\u00e9rielles de qualit\u00e9 sup\u00e9rieure. Nous disposons d&rsquo;un service apr\u00e8s-vente complet pour garantir une exp\u00e9rience d&rsquo;achat fluide. Choisissez-nous, vous pouvez nous faire confiance en toute s\u00e9r\u00e9nit\u00e9.<\/p>\n","protected":false},"excerpt":{"rendered":"<p>Granul\u00e9s de zinc m\u00e9tallique Pr\u00e9sentation Les granul\u00e9s de zinc m\u00e9tallique sont une poudre de zinc m\u00e9tallique de haute puret\u00e9 largement utilis\u00e9e dans les industries \u00e9lectronique, chimique et des batteries. En raison de leur excellente conductivit\u00e9 \u00e9lectrique et de leur r\u00e9sistance \u00e0 la corrosion, les particules de Zn sont largement utilis\u00e9es dans la fabrication d&rsquo;alliages, de [&hellip;]<\/p>\n","protected":false},"featured_media":5396,"template":"","meta":{"_acf_changed":false},"product_brand":[132],"product_cat":[296],"product_tag":[3467],"class_list":{"0":"post-33769","1":"product","2":"type-product","3":"status-publish","4":"has-post-thumbnail","6":"product_brand-ulpmat","7":"product_cat-materiaux-devaporation","8":"product_tag-pastilles-de-zinc-metal","10":"first","11":"instock","12":"shipping-taxable","13":"product-type-variable"},"acf":[],"_links":{"self":[{"href":"https:\/\/ulpmat.com\/fr\/wp-json\/wp\/v2\/product\/33769","targetHints":{"allow":["GET"]}}],"collection":[{"href":"https:\/\/ulpmat.com\/fr\/wp-json\/wp\/v2\/product"}],"about":[{"href":"https:\/\/ulpmat.com\/fr\/wp-json\/wp\/v2\/types\/product"}],"wp:featuredmedia":[{"embeddable":true,"href":"https:\/\/ulpmat.com\/fr\/wp-json\/wp\/v2\/media\/5396"}],"wp:attachment":[{"href":"https:\/\/ulpmat.com\/fr\/wp-json\/wp\/v2\/media?parent=33769"}],"wp:term":[{"taxonomy":"product_brand","embeddable":true,"href":"https:\/\/ulpmat.com\/fr\/wp-json\/wp\/v2\/product_brand?post=33769"},{"taxonomy":"product_cat","embeddable":true,"href":"https:\/\/ulpmat.com\/fr\/wp-json\/wp\/v2\/product_cat?post=33769"},{"taxonomy":"product_tag","embeddable":true,"href":"https:\/\/ulpmat.com\/fr\/wp-json\/wp\/v2\/product_tag?post=33769"}],"curies":[{"name":"wp","href":"https:\/\/api.w.org\/{rel}","templated":true}]}}