{"id":33727,"date":"2025-12-12T13:25:51","date_gmt":"2025-12-12T05:25:51","guid":{"rendered":"https:\/\/ulpmat.com\/product\/zinc-metal-4\/"},"modified":"2025-12-12T13:25:51","modified_gmt":"2025-12-12T05:25:51","slug":"zinc-metal-4","status":"publish","type":"product","link":"https:\/\/ulpmat.com\/fr\/produit\/zinc-metal-4\/","title":{"rendered":"Zinc m\u00e9tal"},"content":{"rendered":"<h2><span style=\"font-size: 14pt;\">Pr\u00e9sentation de la feuille m\u00e9tallique de zinc<\/span><\/h2>\n<p>La feuille<br \/>\n<span style=\"color: #0000ff;\"><a style=\"color: #0000ff;\" href=\"https:\/\/ulpmat.com\/fr\/recherche\/?type=name&#038;keyword=Zinc+metal\">m\u00e9tallique de zinc<\/a><\/span><br \/>\nest un mat\u00e9riau m\u00e9tallique dot\u00e9 d&rsquo;une excellente ductilit\u00e9 et d&rsquo;une excellente r\u00e9sistance \u00e0 la corrosion, largement utilis\u00e9 dans diverses industries telles que l&rsquo;\u00e9lectronique, les batteries et le traitement de surface. En raison de sa grande puret\u00e9 et de sa stabilit\u00e9, la feuille m\u00e9tallique de zinc est devenue un mat\u00e9riau indispensable dans de nombreuses applications techniques.<\/p>\n<p>Nous proposons une feuille m\u00e9tallique de zinc de haute qualit\u00e9, dont la puret\u00e9 et la stabilit\u00e9 r\u00e9pondent aux besoins de diverses applications industrielles. Que vous achetiez en gros ou que vous personnalisiez de petits lots, nous vous offrons un choix de produits flexible et un excellent service. N&rsquo;h\u00e9sitez pas \u00e0 <span style=\"color: #0000ff;\"><a style=\"color: #0000ff;\" href=\"https:\/\/ulpmat.com\/fr\/contactez-nous\/\">nous contacter<\/a><\/span><br \/>\npour plus de d\u00e9tails.<\/p>\n<h2><span style=\"font-size: 14pt;\">Points forts du produit<\/span><\/h2>\n<p>Feuille de zinc m\u00e9tallique de haute puret\u00e9<br \/>\nExcellente ductilit\u00e9 et aptitude au traitement<br \/>\nForte r\u00e9sistance \u00e0 la corrosion<br \/>\nContr\u00f4le pr\u00e9cis de l&rsquo;\u00e9paisseur<br \/>\nSurface lisse et sans d\u00e9faut de haute qualit\u00e9<br \/>\nLargement utilis\u00e9 dans les industries des batteries et de l&rsquo;\u00e9lectronique<br \/>\nRespectueux de l&rsquo;environnement et conforme aux normes industrielles<\/p>\n<h2><span style=\"font-size: 14pt;\">Applications de la feuille de zinc m\u00e9tallique<\/span><\/h2>\n<p>Industrie \u00e9lectronique : la feuille de zinc m\u00e9tallique peut \u00eatre utilis\u00e9e pour fabriquer des composants de batteries, en particulier des \u00e9lectrodes pour les batteries zinc-air, qui pr\u00e9sentent des performances \u00e9lectrochimiques efficaces, am\u00e9liorant la dur\u00e9e de vie et la densit\u00e9 \u00e9nerg\u00e9tique des batteries.<br \/>\nTechnologie des batteries : composant essentiel des batteries zinc-air, la feuille de zinc m\u00e9tallique contribue \u00e0 am\u00e9liorer la densit\u00e9 \u00e9nerg\u00e9tique et la stabilit\u00e9 des batteries, ce qui en fait un choix id\u00e9al pour les technologies d&rsquo;\u00e9nergie verte.<br \/>\nTraitement de surface : la feuille de zinc est largement utilis\u00e9e dans la galvanoplastie et le rev\u00eatement de surface, offrant une protection suppl\u00e9mentaire contre la corrosion des m\u00e9taux et am\u00e9liorant la durabilit\u00e9 et l&rsquo;apparence des produits.<br \/>\nR\u00e9actions catalytiques : la feuille de zinc joue un r\u00f4le crucial en tant que support catalytique dans les r\u00e9actions catalytiques, en particulier dans les industries chimique et pharmaceutique.<\/p>\n<h2><span style=\"color: #0000ff;\"><a style=\"color: #0000ff;\" href=\"https:\/\/ulpmat.com\/fr\/societe\/faq\/\"><span style=\"font-size: 14pt;\">FAQ<\/span><\/a><\/span><\/h2>\n<p>Q1 : Quelle est la puret\u00e9 de notre feuille de zinc ?<br \/>\nA1 : Notre feuille de zinc affiche une puret\u00e9 pouvant atteindre 99,99 %, garantissant des performances \u00e9lev\u00e9es dans des applications telles que l&rsquo;\u00e9lectronique, les batteries et le traitement de surface.<\/p>\n<p>Q2 : Quelles sont les applications courantes de la feuille de zinc ?<br \/>\nA2 : La feuille de zinc est largement utilis\u00e9e dans les batteries \u00e9lectroniques, les rev\u00eatements de surface, les anodes de batterie, les supports de catalyseurs et de nombreux autres domaines.<\/p>\n<p>Q3 : L&rsquo;\u00e9paisseur de notre feuille de zinc peut-elle \u00eatre personnalis\u00e9e ?<br \/>\nA3 : Oui, nous pouvons personnaliser l&rsquo;\u00e9paisseur et la taille de notre feuille de zinc en fonction des besoins des clients, afin de garantir qu&rsquo;elle r\u00e9ponde aux exigences d&rsquo;applications sp\u00e9cifiques.<\/p>\n<p>Q4 : Comment devons-nous stocker la feuille de zinc ?<br \/>\nA4 : La feuille de zinc doit \u00eatre stock\u00e9e dans un environnement sec et frais, en \u00e9vitant toute exposition \u00e0 l&rsquo;humidit\u00e9 et \u00e0 des temp\u00e9ratures \u00e9lev\u00e9es afin de maintenir la stabilit\u00e9 de ses performances.<\/p>\n<h2><span style=\"font-size: 14pt;\">Rapports<\/span><\/h2>\n<p>Chaque lot est fourni avec :<br \/>\n<span style=\"color: #0000ff;\"><a style=\"color: #0000ff;\" href=\"https:\/\/ulpmat.com\/fr\/documents\/certificat-danalyse\/\"><u>Certificat d&rsquo;analyse (COA)<\/u><\/a><\/span><\/p>\n<p><span style=\"color: #0000ff;\"><a style=\"color: #0000ff;\" href=\"https:\/\/ulpmat.com\/fr\/documents\/fiche-technique\/\"><u>Fiche technique (TDS)<\/u><\/a><\/span><\/p>\n<p><span style=\"color: #0000ff;\"><a style=\"color: #0000ff;\" href=\"https:\/\/ulpmat.com\/fr\/documents\/fiche-de-donnees-de-securite\/\"><u>Fiche de donn\u00e9es de s\u00e9curit\u00e9 (MSDS)<\/u><\/a><\/span><br \/>\nRapports d&rsquo;essais effectu\u00e9s par des tiers disponibles sur demande<\/p>\n<h2><span style=\"font-size: 14pt;\">Pourquoi nous choisir ?<\/span><\/h2>\n<p>Nous nous engageons \u00e0 fournir \u00e0 nos clients des feuilles de zinc personnalis\u00e9es de haute qualit\u00e9 afin de r\u00e9pondre aux exigences strictes de diverses industries. Gr\u00e2ce \u00e0 notre technologie de pointe, \u00e0 la fiabilit\u00e9 de nos produits et \u00e0 notre service client complet, nous avons gagn\u00e9 la confiance de nos clients.<\/p>\n","protected":false},"excerpt":{"rendered":"<p>Pr\u00e9sentation de la feuille m\u00e9tallique de zinc La feuille m\u00e9tallique de zinc est un mat\u00e9riau m\u00e9tallique dot\u00e9 d&rsquo;une excellente ductilit\u00e9 et d&rsquo;une excellente r\u00e9sistance \u00e0 la corrosion, largement utilis\u00e9 dans diverses industries telles que l&rsquo;\u00e9lectronique, les batteries et le traitement de surface. En raison de sa grande puret\u00e9 et de sa stabilit\u00e9, la feuille m\u00e9tallique [&hellip;]<\/p>\n","protected":false},"featured_media":33728,"template":"","meta":{"_acf_changed":false},"product_brand":[132],"product_cat":[394],"product_tag":[3461],"class_list":{"0":"post-33727","1":"product","2":"type-product","3":"status-publish","4":"has-post-thumbnail","6":"product_brand-ulpmat","7":"product_cat-autres-materiaux","8":"product_tag-feuille-de-metal-de-zinc","10":"first","11":"instock","12":"shipping-taxable","13":"product-type-variable"},"acf":[],"_links":{"self":[{"href":"https:\/\/ulpmat.com\/fr\/wp-json\/wp\/v2\/product\/33727","targetHints":{"allow":["GET"]}}],"collection":[{"href":"https:\/\/ulpmat.com\/fr\/wp-json\/wp\/v2\/product"}],"about":[{"href":"https:\/\/ulpmat.com\/fr\/wp-json\/wp\/v2\/types\/product"}],"wp:featuredmedia":[{"embeddable":true,"href":"https:\/\/ulpmat.com\/fr\/wp-json\/wp\/v2\/media\/33728"}],"wp:attachment":[{"href":"https:\/\/ulpmat.com\/fr\/wp-json\/wp\/v2\/media?parent=33727"}],"wp:term":[{"taxonomy":"product_brand","embeddable":true,"href":"https:\/\/ulpmat.com\/fr\/wp-json\/wp\/v2\/product_brand?post=33727"},{"taxonomy":"product_cat","embeddable":true,"href":"https:\/\/ulpmat.com\/fr\/wp-json\/wp\/v2\/product_cat?post=33727"},{"taxonomy":"product_tag","embeddable":true,"href":"https:\/\/ulpmat.com\/fr\/wp-json\/wp\/v2\/product_tag?post=33727"}],"curies":[{"name":"wp","href":"https:\/\/api.w.org\/{rel}","templated":true}]}}