{"id":33535,"date":"2025-12-12T13:25:56","date_gmt":"2025-12-12T05:25:56","guid":{"rendered":"https:\/\/ulpmat.com\/product\/phosphate-de-zinc-hydrate\/"},"modified":"2025-12-12T13:25:56","modified_gmt":"2025-12-12T05:25:56","slug":"phosphate-de-zinc-hydrate","status":"publish","type":"product","link":"https:\/\/ulpmat.com\/fr\/produit\/phosphate-de-zinc-hydrate\/","title":{"rendered":"Phosphate de zinc hydrat\u00e9"},"content":{"rendered":"<h2><span style=\"font-size: 14pt;\">Pr\u00e9sentation de la poudre de phosphate de zinc hydrat\u00e9<\/span><\/h2>\n<p>La poudre<br \/>\n<span style=\"color: #0000ff;\"><a style=\"color: #0000ff;\" href=\"https:\/\/ulpmat.com\/fr\/recherche\/?type=name&#038;keyword=Zinc+Phosphate+Hydrate\">de phosphate de zinc hydrat\u00e9<\/a><\/span><br \/>\nest un compos\u00e9 de phosphate de zinc de haute puret\u00e9 largement utilis\u00e9 dans les mat\u00e9riaux \u00e9lectroniques, les batteries, les catalyseurs et le traitement de l&rsquo;eau.<\/p>\n<p>Nous proposons une poudre de phosphate de zinc hydrat\u00e9 de haute qualit\u00e9 qui r\u00e9pond aux normes industrielles et convient \u00e0 divers besoins industriels et de recherche. Veuillez <span style=\"color: #0000ff;\"><a style=\"color: #0000ff;\" href=\"https:\/\/ulpmat.com\/fr\/contactez-nous\/\">nous contacter<\/a><\/span><br \/>\npour obtenir plus d&rsquo;informations sur les produits ou des services personnalis\u00e9s.<\/p>\n<h2><span style=\"font-size: 14pt;\">Points forts du produit<\/span><\/h2>\n<p>Phosphate de zinc de haute puret\u00e9<br \/>\nExcellente solubilit\u00e9 et stabilit\u00e9 chimique<br \/>\nConvient \u00e0 de multiples applications<br \/>\nActivit\u00e9 catalytique tr\u00e8s efficace<br \/>\nNon toxique et respectueux de l&rsquo;environnement<br \/>\nContr\u00f4le pr\u00e9cis des particules<br \/>\nExcellentes performances des batteries<\/p>\n<h2><span style=\"font-size: 14pt;\">Applications de la poudre de phosphate de zinc hydrat\u00e9<\/span><\/h2>\n<p>Mat\u00e9riaux \u00e9lectroniques : peut \u00eatre utilis\u00e9 pour fabriquer des mat\u00e9riaux \u00e9lectroniques haute performance, en particulier dans les batteries et les supercondensateurs, am\u00e9liorant consid\u00e9rablement les performances de stockage d&rsquo;\u00e9nergie.<br \/>\nCatalyseurs : pr\u00e9sente une excellente activit\u00e9 catalytique dans les r\u00e9actions catalytiques, convient \u00e0 divers processus industriels tels que la p\u00e9trochimie et le traitement des gaz.<br \/>\nTraitement de l&rsquo;eau : peut \u00eatre utilis\u00e9 dans les processus de traitement de l&rsquo;eau pour \u00e9liminer efficacement les ions nocifs de l&rsquo;eau et am\u00e9liorer la qualit\u00e9 de l&rsquo;eau.<br \/>\nRev\u00eatements et traitements de surface : cette poudre peut \u00e9galement \u00eatre utilis\u00e9e dans les rev\u00eatements et les traitements de surface, offrant une protection efficace contre la corrosion et prolongeant la dur\u00e9e de vie des mat\u00e9riaux.<\/p>\n<h2><span style=\"color: #0000ff;\"><a style=\"color: #0000ff;\" href=\"https:\/\/ulpmat.com\/fr\/societe\/faq\/\"><span style=\"font-size: 14pt;\">FAQ<\/span><\/a><\/span><\/h2>\n<p>Q1 : Quelle est la stabilit\u00e9 chimique de la poudre de Zn3(PO4)2-2H2O ?<br \/>\nR1 : Elle pr\u00e9sente une excellente stabilit\u00e9 chimique, restant stable dans diverses conditions de r\u00e9action, et est largement utilis\u00e9e dans la catalyse et le traitement de l&rsquo;eau.<\/p>\n<p>Q2 : \u00c0 quelles industries ce produit est-il adapt\u00e9 ?<br \/>\nR2 : Il est largement utilis\u00e9 dans les industries de l&rsquo;\u00e9lectronique, des catalyseurs, du traitement de l&rsquo;eau, des rev\u00eatements et des traitements de surface, d\u00e9montrant une bonne adaptabilit\u00e9.<\/p>\n<p>Q3 : Comment la poudre de Zn3(PO4)2-2H2O doit-elle \u00eatre stock\u00e9e ?<br \/>\nR3 : Il est recommand\u00e9 de la stocker dans un endroit frais et sec, en \u00e9vitant les temp\u00e9ratures \u00e9lev\u00e9es et les environnements humides afin de pr\u00e9server sa stabilit\u00e9 et son activit\u00e9.<\/p>\n<p>Q4 : Quelle est la puret\u00e9 de la poudre Zn3(PO4)2-2H2O ?<br \/>\nR4 : La poudre que nous fournissons a une puret\u00e9 de 99 %, ce qui garantit une efficacit\u00e9 et une stabilit\u00e9 \u00e9lev\u00e9es dans diverses applications.<\/p>\n<h2><span style=\"font-size: 14pt;\">Rapports<\/span><\/h2>\n<p>Chaque lot est fourni avec :<br \/>\n<span style=\"color: #0000ff;\"><a style=\"color: #0000ff;\" href=\"https:\/\/ulpmat.com\/fr\/documents\/certificat-danalyse\/\"><u>Certificat d&rsquo;analyse (COA)<\/u><\/a><\/span><\/p>\n<p><span style=\"color: #0000ff;\"><a style=\"color: #0000ff;\" href=\"https:\/\/ulpmat.com\/fr\/documents\/fiche-technique\/\"><u>Fiche technique (TDS)<\/u><\/a><\/span><\/p>\n<p><span style=\"color: #0000ff;\"><a style=\"color: #0000ff;\" href=\"https:\/\/ulpmat.com\/fr\/documents\/fiche-de-donnees-de-securite\/\"><u>Fiche de donn\u00e9es de s\u00e9curit\u00e9 (MSDS)<\/u><\/a><\/span><br \/>\nRapports d&rsquo;essais effectu\u00e9s par des tiers disponibles sur demande<\/p>\n<h2><span style=\"font-size: 14pt;\">Pourquoi nous choisir ?<\/span><\/h2>\n<p>En choisissant notre poudre Zn3(PO4)2-2H2O, vous obtiendrez des produits chimiques de haute puret\u00e9 qui r\u00e9pondent aux normes industrielles et b\u00e9n\u00e9ficierez de services personnalis\u00e9s et d&rsquo;une assistance technique compl\u00e8te, garantissant le bon d\u00e9roulement de vos recherches et applications industrielles.<\/p>\n","protected":false},"excerpt":{"rendered":"<p>Pr\u00e9sentation de la poudre de phosphate de zinc hydrat\u00e9 La poudre de phosphate de zinc hydrat\u00e9 est un compos\u00e9 de phosphate de zinc de haute puret\u00e9 largement utilis\u00e9 dans les mat\u00e9riaux \u00e9lectroniques, les batteries, les catalyseurs et le traitement de l&rsquo;eau. Nous proposons une poudre de phosphate de zinc hydrat\u00e9 de haute qualit\u00e9 qui r\u00e9pond [&hellip;]<\/p>\n","protected":false},"featured_media":33536,"template":"","meta":{"_acf_changed":false},"product_brand":[132],"product_cat":[1184],"product_tag":[3431],"class_list":{"0":"post-33535","1":"product","2":"type-product","3":"status-publish","4":"has-post-thumbnail","6":"product_brand-ulpmat","7":"product_cat-autres-acides","8":"product_tag-hydrate-de-phosphate-de-zinc-en-poudre","10":"first","11":"instock","12":"shipping-taxable","13":"product-type-variable"},"acf":[],"_links":{"self":[{"href":"https:\/\/ulpmat.com\/fr\/wp-json\/wp\/v2\/product\/33535","targetHints":{"allow":["GET"]}}],"collection":[{"href":"https:\/\/ulpmat.com\/fr\/wp-json\/wp\/v2\/product"}],"about":[{"href":"https:\/\/ulpmat.com\/fr\/wp-json\/wp\/v2\/types\/product"}],"wp:featuredmedia":[{"embeddable":true,"href":"https:\/\/ulpmat.com\/fr\/wp-json\/wp\/v2\/media\/33536"}],"wp:attachment":[{"href":"https:\/\/ulpmat.com\/fr\/wp-json\/wp\/v2\/media?parent=33535"}],"wp:term":[{"taxonomy":"product_brand","embeddable":true,"href":"https:\/\/ulpmat.com\/fr\/wp-json\/wp\/v2\/product_brand?post=33535"},{"taxonomy":"product_cat","embeddable":true,"href":"https:\/\/ulpmat.com\/fr\/wp-json\/wp\/v2\/product_cat?post=33535"},{"taxonomy":"product_tag","embeddable":true,"href":"https:\/\/ulpmat.com\/fr\/wp-json\/wp\/v2\/product_tag?post=33535"}],"curies":[{"name":"wp","href":"https:\/\/api.w.org\/{rel}","templated":true}]}}