{"id":33301,"date":"2025-12-12T13:25:59","date_gmt":"2025-12-12T05:25:59","guid":{"rendered":"https:\/\/ulpmat.com\/product\/bromure-de-zinc\/"},"modified":"2025-12-12T13:25:59","modified_gmt":"2025-12-12T05:25:59","slug":"bromure-de-zinc","status":"publish","type":"product","link":"https:\/\/ulpmat.com\/fr\/produit\/bromure-de-zinc\/","title":{"rendered":"Bromure de zinc"},"content":{"rendered":"<h2><span style=\"font-size: 14pt;\">Pr\u00e9sentation de la poudre de bromure de zinc<\/span><\/h2>\n<p>La poudre<br \/>\n<span style=\"color: #0000ff;\"><a style=\"color: #0000ff;\" href=\"https:\/\/ulpmat.com\/fr\/recherche\/?type=name&#038;keyword=Zinc+Bromide\">de bromure de zinc<\/a><\/span><br \/>\nest une substance chimique inorganique de haute puret\u00e9 largement utilis\u00e9e dans l&rsquo;analyse chimique, les dispositifs opto\u00e9lectroniques, les mat\u00e9riaux \u00e9lectroniques et la production de catalyseurs.<\/p>\n<p>Nous proposons une poudre de ZnBr2 de haute qualit\u00e9, dot\u00e9e d&rsquo;une excellente solubilit\u00e9 et stabilit\u00e9 chimique, adapt\u00e9e \u00e0 un large \u00e9ventail d&rsquo;applications dans la chimie industrielle et l&rsquo;\u00e9lectronique. <span style=\"color: #0000ff;\"><a style=\"color: #0000ff;\" href=\"https:\/\/ulpmat.com\/fr\/contactez-nous\/\">Contactez-nous<\/a><\/span><br \/>\npour plus de d\u00e9tails et des services personnalis\u00e9s.<\/p>\n<h2><span style=\"font-size: 14pt;\">Points forts du produit<\/span><\/h2>\n<p>Haute puret\u00e9 garantissant une application pr\u00e9cise<br \/>\nExcellente solubilit\u00e9<br \/>\nForte stabilit\u00e9 chimique<br \/>\nLargement utilis\u00e9 dans les catalyseurs et l&rsquo;\u00e9lectronique<br \/>\nDistribution pr\u00e9cise de la taille des particules<br \/>\nServices personnalis\u00e9s r\u00e9pondant aux besoins individuels<br \/>\nConforme aux normes internationales<br \/>\nProcessus de contr\u00f4le qualit\u00e9 stricts<\/p>\n<h2><span style=\"font-size: 14pt;\">Applications de la poudre de bromure de zinc<\/span><\/h2>\n<p>Analyse chimique : pr\u00e9sente une excellente solubilit\u00e9 dans les analyses chimiques, souvent utilis\u00e9e pour pr\u00e9parer des solutions standard ou comme milieu de r\u00e9action. Dispositifs<br \/>\n<span style=\"color: #0000ff;\"><a style=\"color: #0000ff;\" href=\"https:\/\/ulpmat.com\/fr\/candidature\/materiaux-optiques\/\">opto\u00e9lectroniques<\/a><\/span><br \/>\n: fr\u00e9quemment utilis\u00e9 dans le processus de fabrication de dispositifs opto\u00e9lectroniques pour synth\u00e9tiser des films minces haute performance, am\u00e9liorant ainsi la stabilit\u00e9 et la dur\u00e9e de vie des dispositifs.<br \/>\nMat\u00e9riaux \u00e9lectroniques : largement utilis\u00e9 dans la synth\u00e8se et la fabrication de mat\u00e9riaux \u00e9lectroniques, en particulier dans la production de mat\u00e9riaux semi-conducteurs.<br \/>\nCatalyseurs : peut \u00eatre utilis\u00e9 comme catalyseur ou support de catalyseur dans les r\u00e9actions chimiques et les processus catalytiques industriels.<\/p>\n<h2><span style=\"color: #0000ff;\"><a style=\"color: #0000ff;\" href=\"https:\/\/ulpmat.com\/fr\/societe\/faq\/\"><span style=\"font-size: 14pt;\">FAQ<\/span><\/a><\/span><\/h2>\n<p>Q1 : Quelle est la puret\u00e9 de la poudre de ZnBr2 ?<br \/>\nR1 : Notre poudre a une puret\u00e9 de 99,999 %, ce qui r\u00e9pond aux exigences de la plupart des applications de haute pr\u00e9cision.<\/p>\n<p>Q2 : Y a-t-il des exigences particuli\u00e8res pour le stockage de la poudre de ZnBr2 ?<br \/>\nR2 : Elle doit \u00eatre stock\u00e9e dans un environnement sec et frais, \u00e0 l&rsquo;abri de l&rsquo;humidit\u00e9 et des temp\u00e9ratures \u00e9lev\u00e9es, afin d&rsquo;\u00e9viter l&rsquo;absorption d&rsquo;humidit\u00e9 et la d\u00e9composition.<\/p>\n<p>Q3 : Quelles sont les principales utilisations de la poudre de ZnBr2 ?<br \/>\nR3 : Elle est largement utilis\u00e9e dans l&rsquo;analyse chimique, la synth\u00e8se de mat\u00e9riaux \u00e9lectroniques, les catalyseurs et la production de dispositifs opto\u00e9lectroniques, principalement pour am\u00e9liorer les performances de r\u00e9action et la qualit\u00e9 des mat\u00e9riaux.<\/p>\n<p>Q4 : Quelle est la solubilit\u00e9 de la poudre de ZnBr2 ?<br \/>\nR4 : Elle pr\u00e9sente une excellente solubilit\u00e9, se dissolvant rapidement dans l&rsquo;eau et les solvants organiques, ce qui la rend adapt\u00e9e \u00e0 diverses r\u00e9actions chimiques.<\/p>\n<h2><span style=\"font-size: 14pt;\">Rapports<\/span><\/h2>\n<p>Chaque lot est fourni avec :<br \/>\n<span style=\"color: #0000ff;\"><a style=\"color: #0000ff;\" href=\"https:\/\/ulpmat.com\/fr\/documents\/certificat-danalyse\/\"><u>Certificat d&rsquo;analyse (COA)<\/u><\/a><\/span><\/p>\n<p><span style=\"color: #0000ff;\"><a style=\"color: #0000ff;\" href=\"https:\/\/ulpmat.com\/fr\/documents\/fiche-technique\/\"><u>Fiche technique (TDS)<\/u><\/a><\/span><\/p>\n<p><span style=\"color: #0000ff;\"><a style=\"color: #0000ff;\" href=\"https:\/\/ulpmat.com\/fr\/documents\/fiche-de-donnees-de-securite\/\"><u>Fiche de donn\u00e9es de s\u00e9curit\u00e9 (MSDS)<\/u><\/a><\/span><br \/>\nRapports d&rsquo;essais par des tiers disponibles sur demande<\/p>\n<h2><span style=\"font-size: 14pt;\">Pourquoi nous choisir ?<\/span><\/h2>\n<p>Gr\u00e2ce \u00e0 des processus de production avanc\u00e9s, un contr\u00f4le qualit\u00e9 rigoureux et une vaste exp\u00e9rience dans le secteur, nous fournissons de la poudre de ZnBr2 de haute puret\u00e9 pour aider nos clients \u00e0 obtenir des r\u00e9actions chimiques et des applications \u00e9lectroniques plus efficaces et plus pr\u00e9cises, r\u00e9pondant ainsi aux besoins de diverses industries.<\/p>\n","protected":false},"excerpt":{"rendered":"<p>Pr\u00e9sentation de la poudre de bromure de zinc La poudre de bromure de zinc est une substance chimique inorganique de haute puret\u00e9 largement utilis\u00e9e dans l&rsquo;analyse chimique, les dispositifs opto\u00e9lectroniques, les mat\u00e9riaux \u00e9lectroniques et la production de catalyseurs. Nous proposons une poudre de ZnBr2 de haute qualit\u00e9, dot\u00e9e d&rsquo;une excellente solubilit\u00e9 et stabilit\u00e9 chimique, adapt\u00e9e [&hellip;]<\/p>\n","protected":false},"featured_media":33302,"template":"","meta":{"_acf_changed":false},"product_brand":[132],"product_cat":[313],"product_tag":[3383],"class_list":{"0":"post-33301","1":"product","2":"type-product","3":"status-publish","4":"has-post-thumbnail","6":"product_brand-ulpmat","7":"product_cat-materiaux-halogenes","8":"product_tag-bromure-de-zinc-en-poudre","10":"first","11":"instock","12":"shipping-taxable","13":"product-type-variable"},"acf":[],"_links":{"self":[{"href":"https:\/\/ulpmat.com\/fr\/wp-json\/wp\/v2\/product\/33301","targetHints":{"allow":["GET"]}}],"collection":[{"href":"https:\/\/ulpmat.com\/fr\/wp-json\/wp\/v2\/product"}],"about":[{"href":"https:\/\/ulpmat.com\/fr\/wp-json\/wp\/v2\/types\/product"}],"wp:featuredmedia":[{"embeddable":true,"href":"https:\/\/ulpmat.com\/fr\/wp-json\/wp\/v2\/media\/33302"}],"wp:attachment":[{"href":"https:\/\/ulpmat.com\/fr\/wp-json\/wp\/v2\/media?parent=33301"}],"wp:term":[{"taxonomy":"product_brand","embeddable":true,"href":"https:\/\/ulpmat.com\/fr\/wp-json\/wp\/v2\/product_brand?post=33301"},{"taxonomy":"product_cat","embeddable":true,"href":"https:\/\/ulpmat.com\/fr\/wp-json\/wp\/v2\/product_cat?post=33301"},{"taxonomy":"product_tag","embeddable":true,"href":"https:\/\/ulpmat.com\/fr\/wp-json\/wp\/v2\/product_tag?post=33301"}],"curies":[{"name":"wp","href":"https:\/\/api.w.org\/{rel}","templated":true}]}}