{"id":33253,"date":"2025-12-12T13:26:01","date_gmt":"2025-12-12T05:26:01","guid":{"rendered":"https:\/\/ulpmat.com\/product\/fluorure-de-zinc-2\/"},"modified":"2025-12-12T13:26:01","modified_gmt":"2025-12-12T05:26:01","slug":"fluorure-de-zinc-2","status":"publish","type":"product","link":"https:\/\/ulpmat.com\/fr\/produit\/fluorure-de-zinc-2\/","title":{"rendered":"Fluorure de zinc"},"content":{"rendered":"<h2><span style=\"font-size: 14pt;\">Pr\u00e9sentation de la poudre de fluorure de zinc<\/span><\/h2>\n<p>La poudre<br \/>\n<span style=\"color: #0000ff;\"><a style=\"color: #0000ff;\" href=\"https:\/\/ulpmat.com\/fr\/recherche\/?type=name&#038;keyword=Zinc+Fluoride\">de fluorure de zinc<\/a><\/span><br \/>\nest une poudre de fluorure de zinc de haute puret\u00e9 largement utilis\u00e9e dans l&rsquo;\u00e9lectronique, <span style=\"color: #0000ff;\"><a style=\"color: #0000ff;\" href=\"https:\/\/ulpmat.com\/fr\/candidature\/materiaux-optiques\/\">l&rsquo;optique<\/a>,<\/span><br \/>\nl&rsquo;analyse chimique et d&rsquo;autres domaines. Elle pr\u00e9sente une excellente stabilit\u00e9 et r\u00e9activit\u00e9 chimique.<\/p>\n<p>Notre poudre de ZnF2 est de haute puret\u00e9 et pr\u00e9sente une taille de particules uniforme, ce qui la rend adapt\u00e9e \u00e0 diverses r\u00e9actions chimiques fines. Veuillez <span style=\"color: #0000ff;\"><a style=\"color: #0000ff;\" href=\"https:\/\/ulpmat.com\/fr\/contactez-nous\/\">nous contacter<\/a><\/span><br \/>\npour plus d&rsquo;informations sur nos services et produits personnalis\u00e9s.<\/p>\n<h2><span style=\"font-size: 14pt;\">Points forts du produit<\/span><\/h2>\n<p>Haute puret\u00e9 garantissant une application pr\u00e9cise<br \/>\nTaille de particules uniforme pour une dissolution facile<br \/>\nGrande stabilit\u00e9 et r\u00e9sistance aux temp\u00e9ratures \u00e9lev\u00e9es<br \/>\nBonne solubilit\u00e9, adapt\u00e9e \u00e0 divers solvants<br \/>\nActivit\u00e9 chimique \u00e9lev\u00e9e pour de nombreuses applications<br \/>\nContr\u00f4les qualit\u00e9 stricts pour une assurance fiable<br \/>\nSp\u00e9cifications personnalis\u00e9es disponibles pour r\u00e9pondre \u00e0 diff\u00e9rents besoins<br \/>\nService apr\u00e8s-vente complet pour une r\u00e9ponse rapide<\/p>\n<h2><span style=\"font-size: 14pt;\">Applications de la poudre de fluorure de zinc<\/span><\/h2>\n<p>Industrie \u00e9lectronique : largement utilis\u00e9e dans l&rsquo;industrie \u00e9lectronique pour la fabrication de circuits imprim\u00e9s, de batteries et d&rsquo;autres composants afin d&rsquo;am\u00e9liorer les performances des produits.<br \/>\n<span style=\"color: #0000ff;\"><a style=\"color: #0000ff;\" href=\"https:\/\/ulpmat.com\/fr\/candidature\/materiaux-optiques\/\">Optique<\/a><\/span><br \/>\n: largement utilis\u00e9 dans les films optiques minces, les rev\u00eatements optiques et les dispositifs laser pour am\u00e9liorer les performances optiques.<br \/>\nAnalyse chimique : la poudre de ZnF2 est utilis\u00e9e comme catalyseur ou r\u00e9actif dans l&rsquo;analyse chimique, souvent dans la synth\u00e8se et les r\u00e9actions pour am\u00e9liorer l&rsquo;efficacit\u00e9 des r\u00e9actions.<br \/>\nIndustrie m\u00e9tallurgique : utilis\u00e9 dans la fonte des m\u00e9taux comme d\u00e9soxydant et r\u00e9actif chimique pour optimiser les processus m\u00e9tallurgiques.<\/p>\n<h2><span style=\"color: #0000ff;\"><a style=\"color: #0000ff;\" href=\"https:\/\/ulpmat.com\/fr\/societe\/faq\/\"><span style=\"font-size: 14pt;\">FAQ<\/span><\/a><\/span><\/h2>\n<p>Q1 : Quelles sont les propri\u00e9t\u00e9s chimiques de la poudre de ZnF2 ?<br \/>\nR1 : Elle pr\u00e9sente une forte stabilit\u00e9 chimique, r\u00e9siste aux acides et aux alcalis et offre une bonne r\u00e9sistance aux temp\u00e9ratures \u00e9lev\u00e9es.<\/p>\n<p>Q2 : Quelle est la solubilit\u00e9 de la poudre de ZnF2 ?<br \/>\nR2 : Elle pr\u00e9sente une bonne solubilit\u00e9, se dissout rapidement dans l&rsquo;eau et certains solvants, et convient \u00e0 diverses applications industrielles et exp\u00e9rimentales.<\/p>\n<p>Q3 : Combien de temps la poudre de ZnF2 peut-elle \u00eatre stock\u00e9e ?<br \/>\nR3 : La poudre a une dur\u00e9e de conservation de 2 ans, mais doit \u00eatre stock\u00e9e dans un endroit sec et frais, \u00e0 l&rsquo;abri de l&rsquo;humidit\u00e9 ou de l&rsquo;exposition directe \u00e0 des environnements humides.<\/p>\n<p>Q4 : Quelles sont les applications courantes de la poudre de ZnF2 ?<br \/>\nR4 : Elle est couramment utilis\u00e9e dans les composants \u00e9lectroniques, les rev\u00eatements optiques, les catalyseurs de r\u00e9actions chimiques et les processus m\u00e9tallurgiques, et est largement appliqu\u00e9e dans divers domaines de haute technologie.<\/p>\n<h2><span style=\"font-size: 14pt;\">Rapports<\/span><\/h2>\n<p>Chaque lot est fourni avec :<br \/>\n<span style=\"color: #0000ff;\"><a style=\"color: #0000ff;\" href=\"https:\/\/ulpmat.com\/fr\/documents\/certificat-danalyse\/\"><u>Certificat d&rsquo;analyse (COA)<\/u><\/a><\/span><\/p>\n<p><span style=\"color: #0000ff;\"><a style=\"color: #0000ff;\" href=\"https:\/\/ulpmat.com\/fr\/documents\/fiche-technique\/\"><u>Fiche technique (TDS)<\/u><\/a><\/span><\/p>\n<p><span style=\"color: #0000ff;\"><a style=\"color: #0000ff;\" href=\"https:\/\/ulpmat.com\/fr\/documents\/fiche-de-donnees-de-securite\/\"><u>Fiche de donn\u00e9es de s\u00e9curit\u00e9 (MSDS)<\/u><\/a><\/span><br \/>\nRapports d&rsquo;essais effectu\u00e9s par des tiers disponibles sur demande<\/p>\n<h2><span style=\"font-size: 14pt;\">Pourquoi nous choisir ?<\/span><\/h2>\n<p>Nous fournissons de la poudre de fluorure de zinc de haute puret\u00e9 et, gr\u00e2ce \u00e0 un contr\u00f4le qualit\u00e9 rigoureux, nous garantissons que chaque lot r\u00e9pond aux normes internationales, aidant ainsi nos clients \u00e0 am\u00e9liorer la qualit\u00e9 de leurs produits et les performances de leurs applications.<\/p>\n","protected":false},"excerpt":{"rendered":"<p>Pr\u00e9sentation de la poudre de fluorure de zinc La poudre de fluorure de zinc est une poudre de fluorure de zinc de haute puret\u00e9 largement utilis\u00e9e dans l&rsquo;\u00e9lectronique, l&rsquo;optique, l&rsquo;analyse chimique et d&rsquo;autres domaines. Elle pr\u00e9sente une excellente stabilit\u00e9 et r\u00e9activit\u00e9 chimique. Notre poudre de ZnF2 est de haute puret\u00e9 et pr\u00e9sente une taille de [&hellip;]<\/p>\n","protected":false},"featured_media":33254,"template":"","meta":{"_acf_changed":false},"product_brand":[132],"product_cat":[313],"product_tag":[3371],"class_list":{"0":"post-33253","1":"product","2":"type-product","3":"status-publish","4":"has-post-thumbnail","6":"product_brand-ulpmat","7":"product_cat-materiaux-halogenes","8":"product_tag-poudre-de-fluorure-de-zinc","10":"first","11":"instock","12":"shipping-taxable","13":"product-type-variable"},"acf":[],"_links":{"self":[{"href":"https:\/\/ulpmat.com\/fr\/wp-json\/wp\/v2\/product\/33253","targetHints":{"allow":["GET"]}}],"collection":[{"href":"https:\/\/ulpmat.com\/fr\/wp-json\/wp\/v2\/product"}],"about":[{"href":"https:\/\/ulpmat.com\/fr\/wp-json\/wp\/v2\/types\/product"}],"wp:featuredmedia":[{"embeddable":true,"href":"https:\/\/ulpmat.com\/fr\/wp-json\/wp\/v2\/media\/33254"}],"wp:attachment":[{"href":"https:\/\/ulpmat.com\/fr\/wp-json\/wp\/v2\/media?parent=33253"}],"wp:term":[{"taxonomy":"product_brand","embeddable":true,"href":"https:\/\/ulpmat.com\/fr\/wp-json\/wp\/v2\/product_brand?post=33253"},{"taxonomy":"product_cat","embeddable":true,"href":"https:\/\/ulpmat.com\/fr\/wp-json\/wp\/v2\/product_cat?post=33253"},{"taxonomy":"product_tag","embeddable":true,"href":"https:\/\/ulpmat.com\/fr\/wp-json\/wp\/v2\/product_tag?post=33253"}],"curies":[{"name":"wp","href":"https:\/\/api.w.org\/{rel}","templated":true}]}}