{"id":33235,"date":"2025-12-12T13:26:01","date_gmt":"2025-12-12T05:26:01","guid":{"rendered":"https:\/\/ulpmat.com\/product\/fluorure-de-zinc\/"},"modified":"2025-12-12T13:26:01","modified_gmt":"2025-12-12T05:26:01","slug":"fluorure-de-zinc","status":"publish","type":"product","link":"https:\/\/ulpmat.com\/fr\/produit\/fluorure-de-zinc\/","title":{"rendered":"Fluorure de zinc"},"content":{"rendered":"<h2><span style=\"font-size: 14pt;\">Cible de pulv\u00e9risation en fluorure de zinc Pr\u00e9sentation<\/span><\/h2>\n<p>Les cibles de pulv\u00e9risation<br \/>\n<span style=\"color: #0000ff;\"><a style=\"color: #0000ff;\" href=\"https:\/\/ulpmat.com\/fr\/recherche\/?type=name&#038;keyword=Zinc+Fluoride\">en fluorure de zinc<\/a><\/span><br \/>\nposs\u00e8dent une grande puret\u00e9 et d&rsquo;excellentes performances de pulv\u00e9risation. Elles sont largement utilis\u00e9es dans le d\u00e9p\u00f4t de couches minces, les rev\u00eatements optiques et la production de composants \u00e9lectroniques afin de garantir un fonctionnement efficace et stable.<\/p>\n<p>Nos cibles de pulv\u00e9risation ZnF2 sont fabriqu\u00e9es \u00e0 l&rsquo;aide de processus de pr\u00e9cision, garantissant une grande puret\u00e9 et une bonne stabilit\u00e9, adapt\u00e9es \u00e0 diverses exigences technologiques en mati\u00e8re de couches minces. Veuillez <span style=\"color: #0000ff;\"><a style=\"color: #0000ff;\" href=\"https:\/\/ulpmat.com\/fr\/contactez-nous\/\"><span style=\"color: #0000ff;\">nou<\/span><\/a>s <a style=\"color: #0000ff;\" href=\"https:\/\/ulpmat.com\/fr\/contactez-nous\/\">contacter<\/a><\/span><br \/>\npour obtenir plus d&rsquo;informations sur les produits et <span style=\"color: #0000ff;\"><a style=\"color: #0000ff;\" href=\"https:\/\/ulpmat.com\/fr\/service\/support-technique\/\">une assistance technique.<\/a><\/span><\/p>\n<h2><span style=\"font-size: 14pt;\">Points forts du produit<\/span><\/h2>\n<p>Grande puret\u00e9, am\u00e9liorant la qualit\u00e9 du film<br \/>\nGrande stabilit\u00e9, prolongeant la dur\u00e9e de vie<br \/>\nExcellentes performances de pulv\u00e9risation, am\u00e9liorant l&rsquo;efficacit\u00e9<br \/>\nConforme aux normes industrielles, largement applicable<br \/>\nParticules uniformes, excellent effet de pulv\u00e9risation<br \/>\nServices personnalis\u00e9s pour r\u00e9pondre \u00e0 des besoins sp\u00e9cifiques<br \/>\nContr\u00f4le qualit\u00e9 strict garantissant un approvisionnement stable<br \/>\nHaute performance, adaptable \u00e0 des environnements de travail complexes<\/p>\n<h2><span style=\"font-size: 14pt;\">Applications des cibles de pulv\u00e9risation en fluorure de zinc<\/span><\/h2>\n<p>Rev\u00eatement<br \/>\n<span style=\"color: #0000ff;\"><a style=\"color: #0000ff;\" href=\"https:\/\/ulpmat.com\/fr\/candidature\/materiaux-optiques\/\">optique<\/a><\/span><br \/>\n: utilis\u00e9 dans le domaine de l&rsquo;optique pour rev\u00eatir le verre optique et les lentilles, am\u00e9liorant la transmission de la lumi\u00e8re et les propri\u00e9t\u00e9s antireflets.<br \/>\nComposants \u00e9lectroniques : utilis\u00e9 dans l&rsquo;industrie \u00e9lectronique pour la fabrication de dispositifs \u00e0 semi-conducteurs, optimisant les performances des couches minces.<br \/>\nD\u00e9p\u00f4t de couches minces : utilis\u00e9es dans diverses technologies de couches minces, les cibles ZnF2 jouent un r\u00f4le stabilisateur dans les processus de d\u00e9p\u00f4t de couches minces \u00e0 haut rendement.<br \/>\nDispositifs laser : adapt\u00e9es \u00e0 la fabrication de dispositifs laser, elles am\u00e9liorent les performances et la stabilit\u00e9 des \u00e9quipements.<\/p>\n<h2><span style=\"color: #0000ff;\"><a style=\"color: #0000ff;\" href=\"https:\/\/ulpmat.com\/fr\/societe\/faq\/\"><span style=\"font-size: 14pt;\">FAQ<\/span><\/a><\/span><\/h2>\n<p>Q1 : Quelle est la puret\u00e9 de nos cibles de pulv\u00e9risation ZnF2 ?<br \/>\nA1 : Nos cibles ont une puret\u00e9 de 99,99 %, r\u00e9pondant aux exigences des applications de d\u00e9p\u00f4t de couches minces les plus exigeantes.<\/p>\n<p>Q2 : \u00c0 quelles techniques de d\u00e9p\u00f4t de couches minces nos cibles de pulv\u00e9risation ZnF2 peuvent-elles \u00eatre utilis\u00e9es ?<br \/>\nR2 : Elles conviennent \u00e0 diverses techniques de d\u00e9p\u00f4t de couches minces telles que la pulv\u00e9risation magn\u00e9tron et la pulv\u00e9risation r\u00e9active, largement utilis\u00e9es en optique, en \u00e9lectronique et en science des mat\u00e9riaux.<\/p>\n<p>Q3 : Quelle est l&rsquo;efficacit\u00e9 de pulv\u00e9risation de nos cibles de pulv\u00e9risation ZnF2 ?<br \/>\nA3 : Excellente efficacit\u00e9 de pulv\u00e9risation, offrant un d\u00e9p\u00f4t de couche mince uniforme et de haute qualit\u00e9 et garantissant la stabilit\u00e9 du processus.<\/p>\n<p>Q4 : Quelle est la dur\u00e9e de vie de nos cibles de pulv\u00e9risation ZnF2 ?<br \/>\nA4 : Dans des conditions de fonctionnement normales, elles ont une longue dur\u00e9e de vie. Un contr\u00f4le qualit\u00e9 strict garantit des performances stables.<\/p>\n<h2><span style=\"font-size: 14pt;\">Rapports<\/span><\/h2>\n<p>Chaque lot est fourni avec :<br \/>\n<span style=\"color: #0000ff;\"><a style=\"color: #0000ff;\" href=\"https:\/\/ulpmat.com\/fr\/documents\/certificat-danalyse\/\"><u>Certificat d&rsquo;analyse (COA)<\/u><\/a><\/span><\/p>\n<p><span style=\"color: #0000ff;\"><a style=\"color: #0000ff;\" href=\"https:\/\/ulpmat.com\/fr\/documents\/fiche-technique\/\"><u>Fiche technique (TDS)<\/u><\/a><\/span><\/p>\n<p><span style=\"color: #0000ff;\"><a style=\"color: #0000ff;\" href=\"https:\/\/ulpmat.com\/fr\/documents\/fiche-de-donnees-de-securite\/\"><u>Fiche de donn\u00e9es de s\u00e9curit\u00e9 (MSDS)<\/u><\/a><\/span><br \/>\nRapports d&rsquo;essais effectu\u00e9s par des tiers disponibles sur demande<\/p>\n<h2><span style=\"font-size: 14pt;\">Pourquoi nous choisir ?<\/span><\/h2>\n<p>Nous nous concentrons sur la R&amp;D et la production de cibles de pulv\u00e9risation haute performance, fournissant des cibles de pulv\u00e9risation ZnF2 de haute qualit\u00e9 pour r\u00e9pondre aux divers besoins des clients dans les processus de d\u00e9p\u00f4t de couches minces. Nous offrons un soutien technique professionnel pour garantir la stabilit\u00e9 de la qualit\u00e9 et des performances des produits.<\/p>\n","protected":false},"excerpt":{"rendered":"<p>Cible de pulv\u00e9risation en fluorure de zinc Pr\u00e9sentation Les cibles de pulv\u00e9risation en fluorure de zinc poss\u00e8dent une grande puret\u00e9 et d&rsquo;excellentes performances de pulv\u00e9risation. Elles sont largement utilis\u00e9es dans le d\u00e9p\u00f4t de couches minces, les rev\u00eatements optiques et la production de composants \u00e9lectroniques afin de garantir un fonctionnement efficace et stable. Nos cibles de [&hellip;]<\/p>\n","protected":false},"featured_media":33236,"template":"","meta":{"_acf_changed":false},"product_brand":[132],"product_cat":[449],"product_tag":[3365],"class_list":{"0":"post-33235","1":"product","2":"type-product","3":"status-publish","4":"has-post-thumbnail","6":"product_brand-ulpmat","7":"product_cat-cible-de-pulverisation-ceramique","8":"product_tag-cible-de-pulverisation-de-fluorure-de-zinc","10":"first","11":"instock","12":"shipping-taxable","13":"product-type-variable"},"acf":[],"_links":{"self":[{"href":"https:\/\/ulpmat.com\/fr\/wp-json\/wp\/v2\/product\/33235","targetHints":{"allow":["GET"]}}],"collection":[{"href":"https:\/\/ulpmat.com\/fr\/wp-json\/wp\/v2\/product"}],"about":[{"href":"https:\/\/ulpmat.com\/fr\/wp-json\/wp\/v2\/types\/product"}],"wp:featuredmedia":[{"embeddable":true,"href":"https:\/\/ulpmat.com\/fr\/wp-json\/wp\/v2\/media\/33236"}],"wp:attachment":[{"href":"https:\/\/ulpmat.com\/fr\/wp-json\/wp\/v2\/media?parent=33235"}],"wp:term":[{"taxonomy":"product_brand","embeddable":true,"href":"https:\/\/ulpmat.com\/fr\/wp-json\/wp\/v2\/product_brand?post=33235"},{"taxonomy":"product_cat","embeddable":true,"href":"https:\/\/ulpmat.com\/fr\/wp-json\/wp\/v2\/product_cat?post=33235"},{"taxonomy":"product_tag","embeddable":true,"href":"https:\/\/ulpmat.com\/fr\/wp-json\/wp\/v2\/product_tag?post=33235"}],"curies":[{"name":"wp","href":"https:\/\/api.w.org\/{rel}","templated":true}]}}