{"id":33025,"date":"2025-12-12T13:26:07","date_gmt":"2025-12-12T05:26:07","guid":{"rendered":"https:\/\/ulpmat.com\/product\/oxyde-de-zinc\/"},"modified":"2025-12-12T13:26:07","modified_gmt":"2025-12-12T05:26:07","slug":"oxyde-de-zinc","status":"publish","type":"product","link":"https:\/\/ulpmat.com\/fr\/produit\/oxyde-de-zinc\/","title":{"rendered":"Oxyde de zinc"},"content":{"rendered":"<h2><span style=\"font-size: 14pt;\">Pr\u00e9sentation des cibles de pulv\u00e9risation en oxyde de zinc<\/span><\/h2>\n<p>Les cibles de pulv\u00e9risation<br \/>\n<span style=\"color: #0000ff;\"><a style=\"color: #0000ff;\" href=\"https:\/\/ulpmat.com\/fr\/recherche\/?type=name&#038;keyword=Zinc+Oxide\">en oxyde de zinc<\/a><\/span><br \/>\nsont largement utilis\u00e9es dans les domaines de haute technologie tels que les dispositifs opto\u00e9lectroniques, les films conducteurs transparents et les cellules solaires, o\u00f9 elles pr\u00e9sentent d&rsquo;excellentes propri\u00e9t\u00e9s \u00e9lectriques et optiques.<\/p>\n<p>Nous proposons des cibles de pulv\u00e9risation en ZnO de haute puret\u00e9 adapt\u00e9es \u00e0 diverses applications de d\u00e9p\u00f4t de couches minces, vous aidant ainsi \u00e0 am\u00e9liorer les performances et la stabilit\u00e9 de vos produits.<span style=\"color: #0000ff;\"><a style=\"color: #0000ff;\" href=\"https:\/\/ulpmat.com\/fr\/contactez-nous\/\"> Contactez-nous<\/a><\/span><br \/>\npour b\u00e9n\u00e9ficier <span style=\"color: #0000ff;\"><a style=\"color: #0000ff;\" href=\"https:\/\/ulpmat.com\/fr\/service\/support-technique\/\">d&rsquo;une assistance technique<\/a><\/span><br \/>\net de services personnalis\u00e9s.<\/p>\n<h2><span style=\"font-size: 14pt;\">Caract\u00e9ristiques du produit<\/span><\/h2>\n<p>Haute puret\u00e9<br \/>\nExcellentes propri\u00e9t\u00e9s \u00e9lectriques<br \/>\nPropri\u00e9t\u00e9s optiques sup\u00e9rieures<br \/>\nBonne transparence et conductivit\u00e9<br \/>\nEffet de d\u00e9p\u00f4t par pulv\u00e9risation stable<br \/>\nCroissance de couches minces \u00e0 haut rendement<br \/>\nTailles et formes personnalisables<br \/>\n<span style=\"color: #0000ff;\"><a style=\"color: #0000ff;\" href=\"https:\/\/ulpmat.com\/fr\/service\/collage-des-cibles\/\">Liaison<\/a><\/span><br \/>\net fonds de panier personnalisables<\/p>\n<h2><span style=\"font-size: 14pt;\">Applications des cibles de pulv\u00e9risation \u00e0 l&rsquo;oxyde de zinc<\/span><\/h2>\n<p><span style=\"color: #0000ff;\"><a style=\"color: #0000ff;\" href=\"https:\/\/ulpmat.com\/fr\/candidature\/materiaux-optiques\/\">Opto\u00e9lectronique<\/a><\/span><br \/>\n: utilis\u00e9es dans les dispositifs opto\u00e9lectroniques pour pr\u00e9parer des films conducteurs transparents, largement utilis\u00e9s dans les \u00e9crans tactiles et les dispositifs opto\u00e9lectroniques. Cellules<br \/>\n<span style=\"color: #0000ff;\"><a style=\"color: #0000ff;\" href=\"https:\/\/ulpmat.com\/fr\/candidature\/solaire-photovoltaique\/\">solaires<\/a><\/span><br \/>\n: utilis\u00e9es comme couche conductrice transparente dans les cellules solaires, elles contribuent \u00e0 am\u00e9liorer l&rsquo;efficacit\u00e9 et la stabilit\u00e9 des cellules.<br \/>\n\u00c9crans : jouent un r\u00f4le crucial dans la fabrication des \u00e9crans, en particulier dans les technologies LCD et OLED.<br \/>\nCapteurs : utilis\u00e9s dans les capteurs de gaz et les capteurs photosensibles, ils am\u00e9liorent leur vitesse de r\u00e9ponse et leur sensibilit\u00e9.<\/p>\n<h2><span style=\"color: #0000ff;\"><a style=\"color: #0000ff;\" href=\"https:\/\/ulpmat.com\/fr\/societe\/faq\/\"><span style=\"font-size: 14pt;\">FAQ<\/span><\/a><\/span><\/h2>\n<p>Q1 : Quelles industries utilisent les cibles de pulv\u00e9risation d&rsquo;oxyde de zinc ?<br \/>\nA1 : Largement utilis\u00e9es dans l&rsquo;opto\u00e9lectronique, l&rsquo;\u00e9nergie solaire, les \u00e9crans et les capteurs, en particulier dans les films conducteurs transparents et les cellules solaires.<\/p>\n<p>Q2 : Quelles sont les exigences de puret\u00e9 pour les cibles de pulv\u00e9risation d&rsquo;oxyde de zinc ?<br \/>\nA2 : Nous proposons des cibles d&rsquo;une puret\u00e9 de 99,95 %, r\u00e9pondant aux exigences des dispositifs \u00e9lectroniques et opto\u00e9lectroniques haut de gamme.<\/p>\n<p>Q3 : La taille et la forme des cibles en oxyde de zinc peuvent-elles \u00eatre personnalis\u00e9es ?<br \/>\nR3 : Oui, nous pouvons personnaliser la taille et la forme des cibles en fonction des besoins des clients afin de nous adapter aux exigences des diff\u00e9rents \u00e9quipements.<\/p>\n<p>Q4 : Les cibles en oxyde de zinc conviennent-elles au d\u00e9p\u00f4t \u00e0 basse temp\u00e9rature ?<br \/>\nR4 : Oui, elles conviennent aux processus de d\u00e9p\u00f4t \u00e0 basse temp\u00e9rature, en particulier au d\u00e9p\u00f4t de films minces \u00e0 basse temp\u00e9rature, garantissant la qualit\u00e9 et la stabilit\u00e9 du film.<\/p>\n<h2><span style=\"font-size: 14pt;\">Rapports<\/span><\/h2>\n<p>Chaque lot est fourni avec :<br \/>\n<span style=\"color: #0000ff;\"><a style=\"color: #0000ff;\" href=\"https:\/\/ulpmat.com\/fr\/documents\/certificat-danalyse\/\"><u>Certificat d&rsquo;analyse (COA)<\/u><\/a><\/span><\/p>\n<p><span style=\"color: #0000ff;\"><a style=\"color: #0000ff;\" href=\"https:\/\/ulpmat.com\/fr\/documents\/fiche-technique\/\"><u>Fiche technique (TDS)<\/u><\/a><\/span><\/p>\n<p><span style=\"color: #0000ff;\"><a style=\"color: #0000ff;\" href=\"https:\/\/ulpmat.com\/fr\/documents\/fiche-de-donnees-de-securite\/\"><u>Fiche de donn\u00e9es de s\u00e9curit\u00e9 (MSDS)<\/u><\/a><\/span><br \/>\nRapports d&rsquo;essais effectu\u00e9s par des tiers disponibles sur demande<\/p>\n<h2><span style=\"font-size: 14pt;\">Pourquoi nous choisir ?<\/span><\/h2>\n<p>Nous proposons des cibles de pulv\u00e9risation ZnO personnalis\u00e9es de haute puret\u00e9, ainsi qu&rsquo;une assistance technique compl\u00e8te et des rapports pour vous aider \u00e0 mener \u00e0 bien vos projets.<\/p>\n","protected":false},"excerpt":{"rendered":"<p>Pr\u00e9sentation des cibles de pulv\u00e9risation en oxyde de zinc Les cibles de pulv\u00e9risation en oxyde de zinc sont largement utilis\u00e9es dans les domaines de haute technologie tels que les dispositifs opto\u00e9lectroniques, les films conducteurs transparents et les cellules solaires, o\u00f9 elles pr\u00e9sentent d&rsquo;excellentes propri\u00e9t\u00e9s \u00e9lectriques et optiques. Nous proposons des cibles de pulv\u00e9risation en ZnO [&hellip;]<\/p>\n","protected":false},"featured_media":33026,"template":"","meta":{"_acf_changed":false},"product_brand":[132],"product_cat":[449,1197],"product_tag":[3329],"class_list":{"0":"post-33025","1":"product","2":"type-product","3":"status-publish","4":"has-post-thumbnail","6":"product_brand-ulpmat","7":"product_cat-cible-de-pulverisation-ceramique","8":"product_cat-oxydes-conducteurs-transparents-tcos","9":"product_tag-cible-de-pulverisation-doxyde-de-zinc","11":"first","12":"instock","13":"shipping-taxable","14":"product-type-variable"},"acf":[],"_links":{"self":[{"href":"https:\/\/ulpmat.com\/fr\/wp-json\/wp\/v2\/product\/33025","targetHints":{"allow":["GET"]}}],"collection":[{"href":"https:\/\/ulpmat.com\/fr\/wp-json\/wp\/v2\/product"}],"about":[{"href":"https:\/\/ulpmat.com\/fr\/wp-json\/wp\/v2\/types\/product"}],"wp:featuredmedia":[{"embeddable":true,"href":"https:\/\/ulpmat.com\/fr\/wp-json\/wp\/v2\/media\/33026"}],"wp:attachment":[{"href":"https:\/\/ulpmat.com\/fr\/wp-json\/wp\/v2\/media?parent=33025"}],"wp:term":[{"taxonomy":"product_brand","embeddable":true,"href":"https:\/\/ulpmat.com\/fr\/wp-json\/wp\/v2\/product_brand?post=33025"},{"taxonomy":"product_cat","embeddable":true,"href":"https:\/\/ulpmat.com\/fr\/wp-json\/wp\/v2\/product_cat?post=33025"},{"taxonomy":"product_tag","embeddable":true,"href":"https:\/\/ulpmat.com\/fr\/wp-json\/wp\/v2\/product_tag?post=33025"}],"curies":[{"name":"wp","href":"https:\/\/api.w.org\/{rel}","templated":true}]}}