{"id":33001,"date":"2025-12-12T13:26:08","date_gmt":"2025-12-12T05:26:08","guid":{"rendered":"https:\/\/ulpmat.com\/product\/oxyde-de-zinc-dope-au-ga-2\/"},"modified":"2025-12-12T13:26:08","modified_gmt":"2025-12-12T05:26:08","slug":"oxyde-de-zinc-dope-au-ga-2","status":"publish","type":"product","link":"https:\/\/ulpmat.com\/fr\/produit\/oxyde-de-zinc-dope-au-ga-2\/","title":{"rendered":"Oxyde de zinc (dop\u00e9 au Ga)"},"content":{"rendered":"<h2><span style=\"font-size: 14pt;\">Granules d&rsquo;oxyde de zinc (dop\u00e9 au Ga) Pr\u00e9sentation<\/span><\/h2>\n<p>Les granules<br \/>\n<span style=\"color: #0000ff;\"><a style=\"color: #0000ff;\" href=\"https:\/\/ulpmat.com\/fr\/recherche\/?type=name&#038;keyword=Zinc+Oxide+%28Ga+doped%29\">d&rsquo;oxyde de zinc (dop\u00e9 au Ga)<\/a><\/span><br \/>\nsont une mati\u00e8re premi\u00e8re fondamentale pour la pr\u00e9paration et le moulage secondaire d&rsquo;oxydes fonctionnels, couramment utilis\u00e9s dans le frittage de cibles de pulv\u00e9risation, la recherche sur les mat\u00e9riaux en couches minces et le d\u00e9veloppement de syst\u00e8mes d&rsquo;oxydes conducteurs.<\/p>\n<p>Nous proposons des options d&rsquo;approvisionnement stables avec diff\u00e9rentes tailles de particules, diff\u00e9rents taux de dopage et diff\u00e9rentes tailles de lots. Veuillez <span style=\"color: #0000ff;\"><a style=\"color: #0000ff;\" href=\"https:\/\/ulpmat.com\/fr\/contactez-nous\/\">nous contacter<\/a><\/span><br \/>\npour obtenir des \u00e9chantillons et des informations techniques.<\/p>\n<h2><span style=\"font-size: 14pt;\">Points forts du produit<\/span><\/h2>\n<p>R\u00e9partition uniforme du dopage<br \/>\nMorphologie r\u00e9guli\u00e8re des particules et bonne fluidit\u00e9<br \/>\nConvient aux processus de pressage et de frittage<br \/>\nPuret\u00e9 chimique stable<br \/>\nGrande coh\u00e9rence des lots<br \/>\nConvient \u00e0 la recherche et au pr\u00e9traitement industriel<\/p>\n<h2><span style=\"font-size: 14pt;\">Applications des granul\u00e9s d&rsquo;oxyde de zinc (dop\u00e9 au Ga)<\/span><\/h2>\n<p>Mati\u00e8re premi\u00e8re pour la pr\u00e9paration de cibles de pulv\u00e9risation : ces granul\u00e9s sont souvent utilis\u00e9s comme mat\u00e9riaux pr\u00e9curseurs pour les cibles d&rsquo;oxyde, fritt\u00e9s apr\u00e8s pressage \u00e0 chaud ou pressage isostatique \u00e0 froid, offrant une bonne base pour la densit\u00e9 et la conductivit\u00e9.<br \/>\nRecherche sur les mat\u00e9riaux conducteurs transparents : dans la recherche sur les syst\u00e8mes d&rsquo;oxydes conducteurs transparents, ils peuvent \u00eatre utilis\u00e9s comme mati\u00e8re premi\u00e8re de formulation pour participer au contr\u00f4le de la composition, optimisant les propri\u00e9t\u00e9s \u00e9lectriques et optiques des films minces.<br \/>\nD\u00e9veloppement de mat\u00e9riaux c\u00e9ramiques fonctionnels : convient \u00e0 la phase exp\u00e9rimentale de dosage des c\u00e9ramiques \u00e9lectroniques et des mat\u00e9riaux oxydes fonctionnels, facilitant l&rsquo;ajustement de la composition et l&rsquo;amplification \u00e0 petite \u00e9chelle.<br \/>\nValidation des processus en laboratoire et \u00e0 l&rsquo;\u00e9chelle pilote : couramment utilis\u00e9 pour v\u00e9rifier les nouvelles voies de processus, \u00e9valuer l&rsquo;impact des taux de dopage sur les performances et effectuer des tests comparatifs sur les mat\u00e9riaux.<\/p>\n<h2><span style=\"color: #0000ff;\"><a style=\"color: #0000ff;\" href=\"https:\/\/ulpmat.com\/fr\/societe\/faq\/\"><span style=\"font-size: 14pt;\">FAQ<\/span><\/a><\/span><\/h2>\n<p>Q1 : Les particules peuvent-elles \u00eatre utilis\u00e9es directement pour la pulv\u00e9risation ?<br \/>\nA1 : Cette forme est principalement utilis\u00e9e dans les \u00e9tapes de pr\u00e9paration des cibles ou de recherche sur les mat\u00e9riaux, et n\u00e9cessite g\u00e9n\u00e9ralement un pressage et un frittage suppl\u00e9mentaires avant utilisation.<\/p>\n<p>Q2 : Le rapport de dopage au gallium est-il fixe ?<br \/>\nR2 : Le rapport de dopage peut \u00eatre ajust\u00e9 en fonction des exigences de l&rsquo;application, souvent utilis\u00e9 pour \u00e9quilibrer la conductivit\u00e9 et la stabilit\u00e9 du mat\u00e9riau.<\/p>\n<p>Q3 : La taille des particules a-t-elle une incidence sur les r\u00e9sultats de frittage ult\u00e9rieurs ?<br \/>\nR3 : La distribution granulom\u00e9trique influe sur la densit\u00e9 de compression et l&rsquo;uniformit\u00e9 du frittage, et peut \u00eatre adapt\u00e9e en fonction des exigences du processus.<\/p>\n<p>Q4 : Le mat\u00e9riau est-il sensible \u00e0 l&rsquo;humidit\u00e9 pendant le stockage ?<br \/>\nR4 : Il est recommand\u00e9 de le stocker dans un environnement sec et herm\u00e9tique afin de pr\u00e9server la fluidit\u00e9 des particules et la stabilit\u00e9 chimique.<\/p>\n<h2><span style=\"font-size: 14pt;\">Rapport<\/span><\/h2>\n<p>Chaque lot est fourni avec :<br \/>\n<span style=\"color: #0000ff;\"><a style=\"color: #0000ff;\" href=\"https:\/\/ulpmat.com\/fr\/documents\/certificat-danalyse\/\"><u>Certificat d&rsquo;analyse (COA)<\/u><\/a><\/span><\/p>\n<p><span style=\"color: #0000ff;\"><a style=\"color: #0000ff;\" href=\"https:\/\/ulpmat.com\/fr\/documents\/fiche-technique\/\"><u>Fiche technique (TDS)<\/u><\/a><\/span><\/p>\n<p><span style=\"color: #0000ff;\"><a style=\"color: #0000ff;\" href=\"https:\/\/ulpmat.com\/fr\/documents\/fiche-de-donnees-de-securite\/\"><u>Fiche de donn\u00e9es de s\u00e9curit\u00e9 (MSDS)<\/u><\/a><\/span><br \/>\nRapports d&rsquo;essais effectu\u00e9s par des tiers disponibles sur demande<\/p>\n<h2><span style=\"font-size: 14pt;\">Pourquoi nous choisir ?<\/span><\/h2>\n<p>Nous nous concentrons depuis longtemps sur la pr\u00e9paration stable et l&rsquo;adaptation des applications des mati\u00e8res premi\u00e8res des mat\u00e9riaux fonctionnels inorganiques, en mettant l&rsquo;accent sur le contr\u00f4le de la morphologie des particules, la coh\u00e9rence de la composition et l&rsquo;adaptation aux processus des clients, fournissant ainsi un soutien fiable pour la recherche et le d\u00e9veloppement de mat\u00e9riaux et la transformation industrielle.<\/p>\n","protected":false},"excerpt":{"rendered":"<p>Granules d&rsquo;oxyde de zinc (dop\u00e9 au Ga) Pr\u00e9sentation Les granules d&rsquo;oxyde de zinc (dop\u00e9 au Ga) sont une mati\u00e8re premi\u00e8re fondamentale pour la pr\u00e9paration et le moulage secondaire d&rsquo;oxydes fonctionnels, couramment utilis\u00e9s dans le frittage de cibles de pulv\u00e9risation, la recherche sur les mat\u00e9riaux en couches minces et le d\u00e9veloppement de syst\u00e8mes d&rsquo;oxydes conducteurs. Nous [&hellip;]<\/p>\n","protected":false},"featured_media":33003,"template":"","meta":{"_acf_changed":false},"product_brand":[132],"product_cat":[296,1197],"product_tag":[3323],"class_list":{"0":"post-33001","1":"product","2":"type-product","3":"status-publish","4":"has-post-thumbnail","6":"product_brand-ulpmat","7":"product_cat-materiaux-devaporation","8":"product_cat-oxydes-conducteurs-transparents-tcos","9":"product_tag-oxyde-de-zinc-dope-au-ga-granules","11":"first","12":"instock","13":"shipping-taxable","14":"product-type-variable"},"acf":[],"_links":{"self":[{"href":"https:\/\/ulpmat.com\/fr\/wp-json\/wp\/v2\/product\/33001","targetHints":{"allow":["GET"]}}],"collection":[{"href":"https:\/\/ulpmat.com\/fr\/wp-json\/wp\/v2\/product"}],"about":[{"href":"https:\/\/ulpmat.com\/fr\/wp-json\/wp\/v2\/types\/product"}],"wp:featuredmedia":[{"embeddable":true,"href":"https:\/\/ulpmat.com\/fr\/wp-json\/wp\/v2\/media\/33003"}],"wp:attachment":[{"href":"https:\/\/ulpmat.com\/fr\/wp-json\/wp\/v2\/media?parent=33001"}],"wp:term":[{"taxonomy":"product_brand","embeddable":true,"href":"https:\/\/ulpmat.com\/fr\/wp-json\/wp\/v2\/product_brand?post=33001"},{"taxonomy":"product_cat","embeddable":true,"href":"https:\/\/ulpmat.com\/fr\/wp-json\/wp\/v2\/product_cat?post=33001"},{"taxonomy":"product_tag","embeddable":true,"href":"https:\/\/ulpmat.com\/fr\/wp-json\/wp\/v2\/product_tag?post=33001"}],"curies":[{"name":"wp","href":"https:\/\/api.w.org\/{rel}","templated":true}]}}