{"id":32953,"date":"2025-12-12T13:26:09","date_gmt":"2025-12-12T05:26:09","guid":{"rendered":"https:\/\/ulpmat.com\/product\/oxyde-de-zinc-dope-a-lalumine-azo-3\/"},"modified":"2025-12-12T13:26:09","modified_gmt":"2025-12-12T05:26:09","slug":"oxyde-de-zinc-dope-a-lalumine-azo-3","status":"publish","type":"product","link":"https:\/\/ulpmat.com\/fr\/produit\/oxyde-de-zinc-dope-a-lalumine-azo-3\/","title":{"rendered":"Oxyde de zinc dop\u00e9 \u00e0 l&rsquo;alumine (AZO)"},"content":{"rendered":"<h2><span style=\"font-size: 14pt;\">Granul\u00e9s d&rsquo;oxyde de zinc dop\u00e9s \u00e0 l&rsquo;alumine Pr\u00e9sentation<\/span><\/h2>\n<p>Les granul\u00e9s<br \/>\n<span style=\"color: #0000ff;\"><a style=\"color: #0000ff;\" href=\"https:\/\/ulpmat.com\/fr\/recherche\/?type=name&#038;keyword=Alumina-doped+Zinc+Oxide\">d&rsquo;oxyde de zinc dop\u00e9s \u00e0 l&rsquo;alumine<\/a><\/span><br \/>\nsont des mat\u00e9riaux fonctionnels utilis\u00e9s dans la formulation et le pr\u00e9traitement des syst\u00e8mes d&rsquo;oxydes conducteurs transparents, couramment utilis\u00e9s dans le frittage de cibles, la recherche sur les mat\u00e9riaux en couches minces et les \u00e9tapes de v\u00e9rification des processus.<\/p>\n<p>Nous pouvons fournir de mani\u00e8re fiable des produits sous forme de particules de diff\u00e9rentes tailles et concentrations de dopage, et proposer des suggestions d&rsquo;applications adapt\u00e9es. Veuillez <span style=\"color: #0000ff;\"><a style=\"color: #0000ff;\" href=\"https:\/\/ulpmat.com\/fr\/contactez-nous\/\">nous contacter<\/a><\/span><br \/>\npour obtenir des \u00e9chantillons et des informations <span style=\"color: #0000ff;\"><a style=\"color: #0000ff;\" href=\"https:\/\/ulpmat.com\/fr\/service\/support-technique\/\">techniques<\/a><\/span><br \/>\n.<\/p>\n<h2><span style=\"font-size: 14pt;\">Points forts du produit<\/span><\/h2>\n<p>Composition de dopage uniforme et contr\u00f4lable<br \/>\nDistribution stable des particules et bonne fluidit\u00e9<br \/>\nConvient aux processus de pressage et de frittage<br \/>\nPuret\u00e9 chimique stable<br \/>\nFaible variation entre les lots<br \/>\nFacile \u00e0 mettre \u00e0 l&rsquo;\u00e9chelle pour les exp\u00e9riences et \u00e0 v\u00e9rifier la r\u00e9p\u00e9tabilit\u00e9<\/p>\n<h2><span style=\"font-size: 14pt;\">Applications des granul\u00e9s d&rsquo;oxyde de zinc dop\u00e9s \u00e0 l&rsquo;aluminium<\/span><\/h2>\n<p>Pr\u00e9paration de cibles en \u00e9ponge Mati\u00e8re premi\u00e8re : en tant que mati\u00e8re premi\u00e8re de base pour les cibles en oxyde conducteur transparent, convient \u00e0 la formulation de poudre et au frittage avant le pressage \u00e0 chaud ou le pressage isostatique \u00e0 froid.<br \/>\nRecherche sur les syst\u00e8mes de mat\u00e9riaux conducteurs transparents : dans la recherche sur la formulation d&rsquo;oxydes conducteurs, il peut \u00eatre utilis\u00e9 pour contr\u00f4ler la r\u00e9sistivit\u00e9 et les propri\u00e9t\u00e9s optiques des mat\u00e9riaux, facilitant ainsi l&rsquo;optimisation des ratios de dopage.<br \/>\nD\u00e9veloppement de c\u00e9ramiques fonctionnelles et de mat\u00e9riaux \u00e9lectroniques : convient aux \u00e9tapes exp\u00e9rimentales et pilotes des c\u00e9ramiques \u00e9lectroniques et des mat\u00e9riaux oxydes fonctionnels, aidant \u00e0 v\u00e9rifier les performances des mat\u00e9riaux et la stabilit\u00e9 des processus.<br \/>\nApplications en laboratoire et validation des processus : couramment utilis\u00e9 pour la validation de nouvelles voies de traitement, les tests de comparaison des mat\u00e9riaux et les \u00e9tudes de corr\u00e9lation des performances des couches minces.<\/p>\n<h2><span style=\"color: #0000ff;\"><a style=\"color: #0000ff;\" href=\"https:\/\/ulpmat.com\/fr\/societe\/faq\/\"><span style=\"font-size: 14pt;\">FAQ<\/span><\/a><\/span><\/h2>\n<p>Q1 : Ces particules peuvent-elles \u00eatre utilis\u00e9es directement pour le d\u00e9p\u00f4t de couches minces ?<br \/>\nA1 : Elles sont g\u00e9n\u00e9ralement utilis\u00e9es comme mat\u00e9riaux pr\u00e9curseurs et n\u00e9cessitent un fa\u00e7onnage suppl\u00e9mentaire ou une pr\u00e9paration de la cible avant d&rsquo;\u00eatre utilis\u00e9es dans le processus de d\u00e9p\u00f4t.<\/p>\n<p>Q2 : La taille des particules a-t-elle une incidence sur le traitement ult\u00e9rieur ?<br \/>\nA2 : La distribution granulom\u00e9trique influe sur la densit\u00e9 de pressage et l&rsquo;effet de frittage. Des sp\u00e9cifications appropri\u00e9es peuvent \u00eatre s\u00e9lectionn\u00e9es en fonction des exigences sp\u00e9cifiques du processus.<\/p>\n<p>Q3 : La teneur en dopage d&rsquo;aluminium peut-elle \u00eatre ajust\u00e9e ?<br \/>\nA3 : Diff\u00e9rents sch\u00e9mas de dopage peuvent \u00eatre fournis en fonction des objectifs de l&rsquo;application afin d&rsquo;\u00e9quilibrer la conductivit\u00e9 et la stabilit\u00e9 du mat\u00e9riau.<\/p>\n<p>Q4 : Quelles pr\u00e9cautions doivent \u00eatre prises lors du stockage du produit ?<br \/>\nA4 : Il est recommand\u00e9 de stocker le produit dans un environnement sec et herm\u00e9tique afin d&rsquo;\u00e9viter que l&rsquo;humidit\u00e9 n&rsquo;affecte la fluidit\u00e9 des particules.<\/p>\n<h2><span style=\"font-size: 14pt;\">Rapports<\/span><\/h2>\n<p>Chaque lot est fourni avec :<br \/>\n<span style=\"color: #0000ff;\"><a style=\"color: #0000ff;\" href=\"https:\/\/ulpmat.com\/fr\/documents\/certificat-danalyse\/\"><u>Certificat d&rsquo;analyse (COA)<\/u><\/a><\/span><\/p>\n<p><span style=\"color: #0000ff;\"><a style=\"color: #0000ff;\" href=\"https:\/\/ulpmat.com\/fr\/documents\/fiche-technique\/\"><u>Fiche technique (TDS)<\/u><\/a><\/span><\/p>\n<p><span style=\"color: #0000ff;\"><a style=\"color: #0000ff;\" href=\"https:\/\/ulpmat.com\/fr\/documents\/fiche-de-donnees-de-securite\/\"><u>Fiche de donn\u00e9es de s\u00e9curit\u00e9 (MSDS)<\/u><\/a><\/span><br \/>\nRapports d&rsquo;essais effectu\u00e9s par des tiers disponibles sur demande<\/p>\n<h2><span style=\"font-size: 14pt;\">Pourquoi nous choisir ?<\/span><\/h2>\n<p>Nous nous concentrons sur la pr\u00e9paration stable et l&rsquo;ad\u00e9quation des applications des mati\u00e8res premi\u00e8res oxyd\u00e9es fonctionnelles, en mettant l&rsquo;accent sur le contr\u00f4le de la morphologie des particules, la coh\u00e9rence de la composition et l&rsquo;adaptabilit\u00e9 des processus, et pouvons fournir un soutien mat\u00e9riel fiable \u00e0 long terme pour la recherche scientifique et les clients industriels.<\/p>\n","protected":false},"excerpt":{"rendered":"<p>Granul\u00e9s d&rsquo;oxyde de zinc dop\u00e9s \u00e0 l&rsquo;alumine Pr\u00e9sentation Les granul\u00e9s d&rsquo;oxyde de zinc dop\u00e9s \u00e0 l&rsquo;alumine sont des mat\u00e9riaux fonctionnels utilis\u00e9s dans la formulation et le pr\u00e9traitement des syst\u00e8mes d&rsquo;oxydes conducteurs transparents, couramment utilis\u00e9s dans le frittage de cibles, la recherche sur les mat\u00e9riaux en couches minces et les \u00e9tapes de v\u00e9rification des processus. Nous [&hellip;]<\/p>\n","protected":false},"featured_media":32954,"template":"","meta":{"_acf_changed":false},"product_brand":[132],"product_cat":[296,1197],"product_tag":[3311],"class_list":{"0":"post-32953","1":"product","2":"type-product","3":"status-publish","4":"has-post-thumbnail","6":"product_brand-ulpmat","7":"product_cat-materiaux-devaporation","8":"product_cat-oxydes-conducteurs-transparents-tcos","9":"product_tag-granules-doxyde-de-zinc-dope-a-lalumine-azo","11":"first","12":"instock","13":"shipping-taxable","14":"product-type-variable"},"acf":[],"_links":{"self":[{"href":"https:\/\/ulpmat.com\/fr\/wp-json\/wp\/v2\/product\/32953","targetHints":{"allow":["GET"]}}],"collection":[{"href":"https:\/\/ulpmat.com\/fr\/wp-json\/wp\/v2\/product"}],"about":[{"href":"https:\/\/ulpmat.com\/fr\/wp-json\/wp\/v2\/types\/product"}],"wp:featuredmedia":[{"embeddable":true,"href":"https:\/\/ulpmat.com\/fr\/wp-json\/wp\/v2\/media\/32954"}],"wp:attachment":[{"href":"https:\/\/ulpmat.com\/fr\/wp-json\/wp\/v2\/media?parent=32953"}],"wp:term":[{"taxonomy":"product_brand","embeddable":true,"href":"https:\/\/ulpmat.com\/fr\/wp-json\/wp\/v2\/product_brand?post=32953"},{"taxonomy":"product_cat","embeddable":true,"href":"https:\/\/ulpmat.com\/fr\/wp-json\/wp\/v2\/product_cat?post=32953"},{"taxonomy":"product_tag","embeddable":true,"href":"https:\/\/ulpmat.com\/fr\/wp-json\/wp\/v2\/product_tag?post=32953"}],"curies":[{"name":"wp","href":"https:\/\/api.w.org\/{rel}","templated":true}]}}