{"id":32845,"date":"2025-12-12T13:26:10","date_gmt":"2025-12-12T05:26:10","guid":{"rendered":"https:\/\/ulpmat.com\/product\/oxyde-de-zinc-dope-a-lalumine-azo\/"},"modified":"2025-12-12T13:26:10","modified_gmt":"2025-12-12T05:26:10","slug":"oxyde-de-zinc-dope-a-lalumine-azo","status":"publish","type":"product","link":"https:\/\/ulpmat.com\/fr\/produit\/oxyde-de-zinc-dope-a-lalumine-azo\/","title":{"rendered":"Oxyde de zinc dop\u00e9 \u00e0 l&rsquo;alumine (AZO)"},"content":{"rendered":"<h2><span style=\"font-size: 14pt;\">Cibles rotatives en oxyde de zinc dop\u00e9 \u00e0 l&rsquo;alumine Pr\u00e9sentation<\/span><\/h2>\n<p>Les cibles rotatives<br \/>\n<span style=\"color: #0000ff;\"><a style=\"color: #0000ff;\" href=\"https:\/\/ulpmat.com\/fr\/recherche\/?type=name&#038;keyword=Alumina-doped+zinc+oxide\">en oxyde de zinc dop\u00e9 \u00e0 l&rsquo;alumine<\/a><\/span><br \/>\nsont des cibles en oxyde conducteur transparent con\u00e7ues pour les processus de d\u00e9p\u00f4t continu sur de grandes surfaces, principalement utilis\u00e9es dans les lignes de production \u00e0 haut rendement et \u00e0 cycle long pour le d\u00e9p\u00f4t de couches minces.<\/p>\n<p>Nous proposons des solutions compl\u00e8tes de cibles rotatives de diff\u00e9rentes longueurs, diam\u00e8tres et taux de dopage, et fournissons des services techniques adapt\u00e9s \u00e0 votre \u00e9quipement. Veuillez <span style=\"color: #0000ff;\"><a style=\"color: #0000ff;\" href=\"https:\/\/ulpmat.com\/fr\/contactez-nous\/\">nous contacter<\/a><\/span><br \/>\npour obtenir des informations d\u00e9taill\u00e9es.<\/p>\n<h2><span style=\"font-size: 14pt;\">Points forts du produit<\/span><\/h2>\n<p>Utilisation optimale de la cible<br \/>\nProc\u00e9d\u00e9 de d\u00e9p\u00f4t stable et continu<br \/>\nR\u00e9partition uniforme de la composition<br \/>\nAdapt\u00e9 \u00e0 un fonctionnement \u00e0 long terme<br \/>\nBonne coh\u00e9rence du film<br \/>\nAdapt\u00e9 aux lignes de production automatis\u00e9es<\/p>\n<h2><span style=\"font-size: 14pt;\">Applications des cibles rotatives en oxyde de zinc dop\u00e9 \u00e0 l&rsquo;alumine<\/span><\/h2>\n<p>Production de films minces conducteurs transparents de grande surface : convient aux lignes de d\u00e9p\u00f4t en continu, maintenant les propri\u00e9t\u00e9s \u00e9lectriques et optiques stables du film pendant un fonctionnement \u00e0 long terme.<br \/>\nFabrication d&rsquo;\u00e9crans d&rsquo;affichage et de verres tactiles : utilis\u00e9 pour le d\u00e9p\u00f4t d&rsquo;\u00e9lectrodes dans les \u00e9crans et les panneaux tactiles de grande taille, applications n\u00e9cessitant une grande uniformit\u00e9 et une grande r\u00e9p\u00e9tabilit\u00e9 du film.<br \/>\nModules <span style=\"color: #0000ff;\"><a style=\"color: #0000ff;\" href=\"https:\/\/ulpmat.com\/fr\/candidature\/solaire-photovoltaique\/\">solaires<\/a><\/span><br \/>\n\u00e0 couche mince : en tant que mat\u00e9riau de d\u00e9p\u00f4t de couche conductrice, il contribue \u00e0 am\u00e9liorer la coh\u00e9rence des modules et l&rsquo;efficacit\u00e9 de la production.<br \/>\nD\u00e9p\u00f4t de films minces fonctionnels industriels : convient aux besoins de fabrication de films minces de qualit\u00e9 industrielle n\u00e9cessitant un d\u00e9bit \u00e9lev\u00e9 et des fen\u00eatres de processus stables.<\/p>\n<h2><span style=\"color: #0000ff;\"><a style=\"color: #0000ff;\" href=\"https:\/\/ulpmat.com\/fr\/societe\/faq\/\"><span style=\"font-size: 14pt;\">FAQ<\/span><\/a><\/span><\/h2>\n<p>Q1 : Quels sont les principaux avantages des cibles rotatives par rapport aux cibles planes ?<br \/>\nA1 : Les cibles rotatives am\u00e9liorent consid\u00e9rablement l&rsquo;utilisation des cibles et permettent des op\u00e9rations de rev\u00eatement continu plus longues.<\/p>\n<p>Q2 : Cette cible rotative n\u00e9cessite-t-elle un \u00e9quipement sp\u00e9cial ?<br \/>\nA2 : Elle doit \u00eatre utilis\u00e9e avec un \u00e9quipement de pulv\u00e9risation magn\u00e9tron \u00e0 cible rotative correspondant. Des interfaces sp\u00e9cifiques peuvent \u00eatre personnalis\u00e9es en fonction de l&rsquo;\u00e9quipement.<\/p>\n<p>Q3 : Le rapport de dopage affecte-t-il la stabilit\u00e9 de la production continue ?<br \/>\nR3 : Une conception de dopage raisonnable permet de maintenir la stabilit\u00e9 de la d\u00e9charge et la coh\u00e9rence des performances du film.<\/p>\n<p>Q4 : Comment la dur\u00e9e de vie de la cible rotative est-elle \u00e9valu\u00e9e ?<br \/>\nR4 : Elle est g\u00e9n\u00e9ralement \u00e9valu\u00e9e de mani\u00e8re globale en fonction du taux de consommation de la cible, du temps de fonctionnement et de la stabilit\u00e9 des performances du film.<\/p>\n<h2><span style=\"font-size: 14pt;\">Rapports<\/span><\/h2>\n<p>Chaque lot est fourni avec :<br \/>\n<span style=\"color: #0000ff;\"><a style=\"color: #0000ff;\" href=\"https:\/\/ulpmat.com\/fr\/documents\/certificat-danalyse\/\"><u>Certificat d&rsquo;analyse (COA)<\/u><\/a><\/span><\/p>\n<p><span style=\"color: #0000ff;\"><a style=\"color: #0000ff;\" href=\"https:\/\/ulpmat.com\/fr\/documents\/fiche-technique\/\"><u>Fiche technique (TDS)<\/u><\/a><\/span><\/p>\n<p><span style=\"color: #0000ff;\"><a style=\"color: #0000ff;\" href=\"https:\/\/ulpmat.com\/fr\/documents\/fiche-de-donnees-de-securite\/\"><u>Fiche de donn\u00e9es de s\u00e9curit\u00e9 (MSDS)<\/u><\/a><\/span><br \/>\nRapports d&rsquo;essais effectu\u00e9s par des tiers disponibles sur demande<\/p>\n<h2><span style=\"font-size: 14pt;\">Pourquoi nous choisir ?<\/span><\/h2>\n<p>Nous avons accumul\u00e9 une exp\u00e9rience m\u00fbre dans la pr\u00e9paration et l&rsquo;application de cibles rotatives en oxyde conducteur transparent, en mettant l&rsquo;accent sur la fiabilit\u00e9 structurelle, la coh\u00e9rence de la composition et l&rsquo;adaptabilit\u00e9 des \u00e9quipements, offrant ainsi un soutien stable \u00e0 la production continue de nos clients.<\/p>\n","protected":false},"excerpt":{"rendered":"<p>Cibles rotatives en oxyde de zinc dop\u00e9 \u00e0 l&rsquo;alumine Pr\u00e9sentation Les cibles rotatives en oxyde de zinc dop\u00e9 \u00e0 l&rsquo;alumine sont des cibles en oxyde conducteur transparent con\u00e7ues pour les processus de d\u00e9p\u00f4t continu sur de grandes surfaces, principalement utilis\u00e9es dans les lignes de production \u00e0 haut rendement et \u00e0 cycle long pour le d\u00e9p\u00f4t [&hellip;]<\/p>\n","protected":false},"featured_media":32846,"template":"","meta":{"_acf_changed":false},"product_brand":[132],"product_cat":[449,464,1197],"product_tag":[3299],"class_list":{"0":"post-32845","1":"product","2":"type-product","3":"status-publish","4":"has-post-thumbnail","6":"product_brand-ulpmat","7":"product_cat-cible-de-pulverisation-ceramique","8":"product_cat-cibles-rotatives","9":"product_cat-oxydes-conducteurs-transparents-tcos","10":"product_tag-cible-rotative-en-oxyde-de-zinc-dope-a-lalumine-azo","12":"first","13":"instock","14":"shipping-taxable","15":"product-type-variable"},"acf":[],"_links":{"self":[{"href":"https:\/\/ulpmat.com\/fr\/wp-json\/wp\/v2\/product\/32845","targetHints":{"allow":["GET"]}}],"collection":[{"href":"https:\/\/ulpmat.com\/fr\/wp-json\/wp\/v2\/product"}],"about":[{"href":"https:\/\/ulpmat.com\/fr\/wp-json\/wp\/v2\/types\/product"}],"wp:featuredmedia":[{"embeddable":true,"href":"https:\/\/ulpmat.com\/fr\/wp-json\/wp\/v2\/media\/32846"}],"wp:attachment":[{"href":"https:\/\/ulpmat.com\/fr\/wp-json\/wp\/v2\/media?parent=32845"}],"wp:term":[{"taxonomy":"product_brand","embeddable":true,"href":"https:\/\/ulpmat.com\/fr\/wp-json\/wp\/v2\/product_brand?post=32845"},{"taxonomy":"product_cat","embeddable":true,"href":"https:\/\/ulpmat.com\/fr\/wp-json\/wp\/v2\/product_cat?post=32845"},{"taxonomy":"product_tag","embeddable":true,"href":"https:\/\/ulpmat.com\/fr\/wp-json\/wp\/v2\/product_tag?post=32845"}],"curies":[{"name":"wp","href":"https:\/\/api.w.org\/{rel}","templated":true}]}}