{"id":32239,"date":"2025-12-18T17:49:47","date_gmt":"2025-12-18T09:49:47","guid":{"rendered":"https:\/\/ulpmat.com\/product\/metal-cuivre-5\/"},"modified":"2025-12-18T17:49:47","modified_gmt":"2025-12-18T09:49:47","slug":"metal-cuivre-5","status":"publish","type":"product","link":"https:\/\/ulpmat.com\/fr\/produit\/metal-cuivre-5\/","title":{"rendered":"M\u00e9tal cuivr\u00e9"},"content":{"rendered":"<h2><span style=\"font-size: 14pt;\">Pr\u00e9sentation des granul\u00e9s de cuivre<\/span><\/h2>\n<p>Les<br \/>\n<span style=\"color: #0000ff;\"><\/span><br \/>\ngranul\u00e9s<br \/>\n<span style=\"color: #0000ff;\"><a style=\"color: #0000ff;\" href=\"https:\/\/ulpmat.com\/fr\/recherche\/?type=name&#038;keyword=Copper+Metal\">de cuivre<\/a><\/span><br \/>\nsont des granules de cuivre de forme r\u00e9guli\u00e8re et de composition stable, principalement utilis\u00e9s dans la fusion, la pr\u00e9paration d&rsquo;alliages et la recherche et le d\u00e9veloppement de mat\u00e9riaux.<\/p>\n<p>Nous pouvons fournir des solutions personnalis\u00e9es en fonction de la taille des particules, de la puret\u00e9 et des exigences d&#8217;emballage. Veuillez <span style=\"color: #0000ff;\"><a style=\"color: #0000ff;\" href=\"https:\/\/ulpmat.com\/fr\/contactez-nous\/\">nous contacter<\/a><\/span><br \/>\npour confirmer les sp\u00e9cifications et les d\u00e9lais de livraison.<\/p>\n<h2><span style=\"font-size: 14pt;\">Points forts du produit<\/span><\/h2>\n<p>Puret\u00e9 stable<br \/>\nForme uniforme des particules<br \/>\nBonne fluidit\u00e9<br \/>\nDosage et alimentation faciles<br \/>\nConvient aux processus de fusion Emballage<br \/>\n<span style=\"color: #0000ff;\"><a style=\"color: #0000ff;\" href=\"https:\/\/ulpmat.com\/fr\/service\/personnalisation\/\">personnalisable<\/a><\/span><\/p>\n<h2><span style=\"font-size: 14pt;\">Applications des granul\u00e9s de cuivre m\u00e9tallique<\/span><\/h2>\n<p>Fusion des m\u00e9taux et pr\u00e9paration d&rsquo;alliages : utilis\u00e9s comme mati\u00e8re premi\u00e8re de base, ils facilitent le contr\u00f4le pr\u00e9cis des proportions et am\u00e9liorent l&rsquo;efficacit\u00e9 de la fusion et la coh\u00e9rence de la composition.<br \/>\nRecherche sur les mat\u00e9riaux et \u00e9tudes en laboratoire : conviennent aux tests de performance, au d\u00e9veloppement de nouveaux mat\u00e9riaux et \u00e0 la v\u00e9rification des processus dans les instituts de recherche.<br \/>\nM\u00e9tallurgie des poudres et pr\u00e9paration de pr\u00e9curseurs : peuvent \u00eatre utilis\u00e9s comme mati\u00e8re premi\u00e8re interm\u00e9diaire dans les processus de transformation ou de conversion ult\u00e9rieurs.<br \/>\nProduction pilote industrielle et production en petites s\u00e9ries : utilis\u00e9s dans la phase de production pilote pour \u00e9valuer la stabilit\u00e9 du processus et la compatibilit\u00e9 des mat\u00e9riaux.<\/p>\n<h2><span style=\"color: #0000ff;\"><a style=\"color: #0000ff;\" href=\"https:\/\/ulpmat.com\/fr\/societe\/faq\/\"><span style=\"font-size: 14pt;\">FAQ<\/span><\/a><\/span><\/h2>\n<p>Q1 : La taille des particules est-elle uniforme ?<br \/>\nA1 : La distribution granulom\u00e9trique est contr\u00f4lable ; une gamme de tailles de particules appropri\u00e9e peut \u00eatre s\u00e9lectionn\u00e9e en fonction des exigences de l&rsquo;application.<\/p>\n<p>Q2 : Est-il adapt\u00e9 \u00e0 la fusion directe ?<br \/>\nR2 : Oui, la forme des particules facilite un chauffage uniforme et une fusion rapide.<\/p>\n<p>Q3 : Le produit s&rsquo;oxyde-t-il pendant le transport ?<br \/>\nR3 : Avec un emballage scell\u00e9, le risque d&rsquo;oxydation est contr\u00f4lable dans des conditions normales de stockage et de transport.<\/p>\n<p>Q4 : Acceptez-vous les achats en petites quantit\u00e9s ?<br \/>\nA4 : Oui, ce produit convient aux phases de R&amp;D et de test.<\/p>\n<h2><span style=\"font-size: 14pt;\">Rapports<\/span><\/h2>\n<p>Chaque lot est accompagn\u00e9 des documents suivants :<br \/>\n<span style=\"color: #0000ff;\"><a style=\"color: #0000ff;\" href=\"https:\/\/ulpmat.com\/fr\/documents\/certificat-danalyse\/\"><u>Certificat d&rsquo;analyse (COA)<\/u><\/a><\/span><\/p>\n<p><span style=\"color: #0000ff;\"><a style=\"color: #0000ff;\" href=\"https:\/\/ulpmat.com\/fr\/documents\/fiche-technique\/\"><u>Fiche technique (TDS)<\/u><\/a><\/span><\/p>\n<p><span style=\"color: #0000ff;\"><a style=\"color: #0000ff;\" href=\"https:\/\/ulpmat.com\/fr\/documents\/fiche-de-donnees-de-securite\/\"><u>Fiche de donn\u00e9es de s\u00e9curit\u00e9 (MSDS)<\/u><\/a><\/span><br \/>\nRapports de tests effectu\u00e9s par des tiers disponibles sur demande<\/p>\n<h2><span style=\"font-size: 14pt;\">Pourquoi nous choisir ?<\/span><\/h2>\n<p>Nous mettons l&rsquo;accent sur le contr\u00f4le des mati\u00e8res premi\u00e8res et la coh\u00e9rence de la production, et pouvons fournir de mani\u00e8re fiable des granul\u00e9s de cuivre adapt\u00e9s \u00e0 diverses applications.<\/p>\n","protected":false},"excerpt":{"rendered":"<p>Pr\u00e9sentation des granul\u00e9s de cuivre Les granul\u00e9s de cuivre sont des granules de cuivre de forme r\u00e9guli\u00e8re et de composition stable, principalement utilis\u00e9s dans la fusion, la pr\u00e9paration d&rsquo;alliages et la recherche et le d\u00e9veloppement de mat\u00e9riaux. Nous pouvons fournir des solutions personnalis\u00e9es en fonction de la taille des particules, de la puret\u00e9 et des [&hellip;]<\/p>\n","protected":false},"featured_media":32240,"template":"","meta":{"_acf_changed":false},"product_brand":[132],"product_cat":[296],"product_tag":[3179],"class_list":{"0":"post-32239","1":"product","2":"type-product","3":"status-publish","4":"has-post-thumbnail","6":"product_brand-ulpmat","7":"product_cat-materiaux-devaporation","8":"product_tag-boulettes-de-cuivre-metal","10":"first","11":"instock","12":"shipping-taxable","13":"product-type-variable"},"acf":[],"_links":{"self":[{"href":"https:\/\/ulpmat.com\/fr\/wp-json\/wp\/v2\/product\/32239","targetHints":{"allow":["GET"]}}],"collection":[{"href":"https:\/\/ulpmat.com\/fr\/wp-json\/wp\/v2\/product"}],"about":[{"href":"https:\/\/ulpmat.com\/fr\/wp-json\/wp\/v2\/types\/product"}],"wp:featuredmedia":[{"embeddable":true,"href":"https:\/\/ulpmat.com\/fr\/wp-json\/wp\/v2\/media\/32240"}],"wp:attachment":[{"href":"https:\/\/ulpmat.com\/fr\/wp-json\/wp\/v2\/media?parent=32239"}],"wp:term":[{"taxonomy":"product_brand","embeddable":true,"href":"https:\/\/ulpmat.com\/fr\/wp-json\/wp\/v2\/product_brand?post=32239"},{"taxonomy":"product_cat","embeddable":true,"href":"https:\/\/ulpmat.com\/fr\/wp-json\/wp\/v2\/product_cat?post=32239"},{"taxonomy":"product_tag","embeddable":true,"href":"https:\/\/ulpmat.com\/fr\/wp-json\/wp\/v2\/product_tag?post=32239"}],"curies":[{"name":"wp","href":"https:\/\/api.w.org\/{rel}","templated":true}]}}