{"id":31789,"date":"2025-12-18T17:49:52","date_gmt":"2025-12-18T09:49:52","guid":{"rendered":"https:\/\/ulpmat.com\/product\/tellurure-de-cuivre-4\/"},"modified":"2025-12-18T17:49:52","modified_gmt":"2025-12-18T09:49:52","slug":"tellurure-de-cuivre-4","status":"publish","type":"product","link":"https:\/\/ulpmat.com\/fr\/produit\/tellurure-de-cuivre-4\/","title":{"rendered":"Tellurure de cuivre"},"content":{"rendered":"<h2><span style=\"font-size: 14pt;\">Pr\u00e9sentation de la poudre de tellurure de cuivre<\/span><\/h2>\n<p>La poudre<br \/>\n<span style=\"color: #0000ff;\"><a style=\"color: #0000ff;\" href=\"https:\/\/ulpmat.com\/fr\/recherche\/?type=name&#038;keyword=Copper+telluride\">de tellurure de cuivre<\/a><\/span><br \/>\nest un compos\u00e9 de cuivre de haute puret\u00e9 largement utilis\u00e9 dans les dispositifs opto\u00e9lectroniques, les mat\u00e9riaux semi-conducteurs et les rev\u00eatements fonctionnels.<\/p>\n<p>Nous proposons de la poudre de tellurure de cuivre dans diff\u00e9rentes tailles de particules, puret\u00e9s et sp\u00e9cifications d&#8217;emballage. Veuillez <span style=\"color: #0000ff;\"><a style=\"color: #0000ff;\" href=\"https:\/\/ulpmat.com\/fr\/contactez-nous\/\">nous contacter<\/a><\/span><br \/>\npour obtenir des \u00e9chantillons ou <span style=\"color: #0000ff;\"><a style=\"color: #0000ff;\" href=\"https:\/\/ulpmat.com\/fr\/service\/support-technique\/\">une assistance technique<\/a><\/span><br \/>\npersonnalis\u00e9e<span style=\"color: #0000ff;\"><a style=\"color: #0000ff;\" href=\"https:\/\/ulpmat.com\/fr\/service\/support-technique\/\">.<\/a><\/span><\/p>\n<h2><span style=\"font-size: 14pt;\">Points forts du produit<\/span><\/h2>\n<p>Haute puret\u00e9<br \/>\nDistribution uniforme de la taille des particules<br \/>\nChimiquement stable<br \/>\nFaible teneur en impuret\u00e9s<br \/>\nFacile \u00e0 traiter et \u00e0 pr\u00e9parer en couches minces<br \/>\nGrande coh\u00e9rence entre les lots<br \/>\nPetites quantit\u00e9s command\u00e9es, emballage personnalisable<br \/>\nConvient pour la recherche et les applications industrielles<\/p>\n<h2><span style=\"font-size: 14pt;\">Applications de la poudre de tellurure de cuivre<\/span><\/h2>\n<p>Mat\u00e9riaux photovolta\u00efques et <span style=\"color: #0000ff;\"><a style=\"color: #0000ff;\" href=\"https:\/\/ulpmat.com\/fr\/candidature\/materiaux-optiques\/\">opto\u00e9lectroniques<\/a><\/span><br \/>\n: utilis\u00e9 dans la pr\u00e9paration de cellules solaires et de films minces photoconducteurs pour am\u00e9liorer l&rsquo;efficacit\u00e9 de la conversion photo\u00e9lectrique et la stabilit\u00e9 des mat\u00e9riaux. D\u00e9veloppement de dispositifs<br \/>\n<span style=\"color: #0000ff;\"><a style=\"color: #0000ff;\" href=\"https:\/\/ulpmat.com\/fr\/candidature\/materiaux-semi-conducteurs\/\">semi-conducteurs<\/a><\/span><br \/>\n: en tant que poudre de mat\u00e9riau semi-conducteur fonctionnel, il peut \u00eatre utilis\u00e9 pour d\u00e9velopper de nouveaux dispositifs \u00e9lectroniques et syst\u00e8mes de mat\u00e9riaux, garantissant des performances fiables.<br \/>\nRev\u00eatements fonctionnels et mat\u00e9riaux industriels : utilis\u00e9 dans la pr\u00e9paration de rev\u00eatements conducteurs, r\u00e9sistants \u00e0 la corrosion ou autres rev\u00eatements fonctionnels sp\u00e9ciaux pour augmenter la valeur ajout\u00e9e et la dur\u00e9e de vie des mat\u00e9riaux industriels.<br \/>\nRecherche et \u00e9tudes en laboratoire : convient au d\u00e9veloppement de mat\u00e9riaux et aux exp\u00e9riences sur les films minces, garantissant des donn\u00e9es exp\u00e9rimentales reproductibles et des propri\u00e9t\u00e9s de film contr\u00f4lables.<\/p>\n<h2><span style=\"font-size: 14pt;\">FAQ<\/span><\/h2>\n<p>Q1 : La poudre de tellurure de cuivre s&rsquo;oxyde-t-elle facilement ?<br \/>\nA1 : La poudre est relativement stable \u00e0 l&rsquo;air, mais il est recommand\u00e9 de la stocker dans un environnement herm\u00e9tique, sec et \u00e0 l&rsquo;abri de la lumi\u00e8re afin de maintenir sa stabilit\u00e9 \u00e0 long terme.<\/p>\n<p>Q2 : La taille des particules de poudre a-t-elle une incidence sur les propri\u00e9t\u00e9s du mat\u00e9riau ?<br \/>\nR2 : La taille des particules a une incidence sur la vitesse de r\u00e9action, l&rsquo;uniformit\u00e9 du film et les propri\u00e9t\u00e9s photo\u00e9lectriques. Une taille de particules appropri\u00e9e doit \u00eatre s\u00e9lectionn\u00e9e en fonction du processus sp\u00e9cifique.<\/p>\n<p>Q3 : Peut-elle \u00eatre utilis\u00e9e pour des exp\u00e9riences de recherche en petites quantit\u00e9s ?<br \/>\nR3 : Oui, nous pouvons fournir des sp\u00e9cifications en petites quantit\u00e9s ou personnalis\u00e9es pour r\u00e9pondre aux besoins des laboratoires et de la R&amp;D.<\/p>\n<p>Q4 : La poudre de tellurure de cuivre peut-elle \u00eatre m\u00e9lang\u00e9e \u00e0 d&rsquo;autres mat\u00e9riaux ?<br \/>\nA4 : Oui, mais il est recommand\u00e9 de r\u00e9aliser d&rsquo;abord des tests \u00e0 petite \u00e9chelle afin de garantir la stabilit\u00e9 du syst\u00e8me composite.<\/p>\n<h2><span style=\"font-size: 14pt;\">Rapports<\/span><\/h2>\n<p>Chaque lot est fourni avec :<br \/>\n<span style=\"color: #0000ff;\"><a style=\"color: #0000ff;\" href=\"https:\/\/ulpmat.com\/fr\/documents\/certificat-danalyse\/\"><u>Certificat d&rsquo;analyse (COA)<\/u><\/a><\/span><\/p>\n<p><span style=\"color: #0000ff;\"><a style=\"color: #0000ff;\" href=\"https:\/\/ulpmat.com\/fr\/documents\/fiche-technique\/\"><u>Fiche technique (TDS)<\/u><\/a><\/span><\/p>\n<p><span style=\"color: #0000ff;\"><a style=\"color: #0000ff;\" href=\"https:\/\/ulpmat.com\/fr\/documents\/fiche-de-donnees-de-securite\/\"><u>Fiche de donn\u00e9es de s\u00e9curit\u00e9 (MSDS)<\/u><\/a><\/span><br \/>\nRapports d&rsquo;essais effectu\u00e9s par des tiers disponibles sur demande<\/p>\n<h2><span style=\"font-size: 14pt;\">Pourquoi nous choisir ?<\/span><\/h2>\n<p>Nous nous concentrons sur la recherche et le d\u00e9veloppement ainsi que sur la fourniture de poudres fonctionnelles inorganiques de haute puret\u00e9, en contr\u00f4lant strictement la qualit\u00e9 des mati\u00e8res premi\u00e8res, du traitement et des lots afin de garantir la stabilit\u00e9 et la fiabilit\u00e9 de la poudre de tellurure de cuivre dans la recherche scientifique, les applications industrielles et opto\u00e9lectroniques, et de fournir \u00e0 nos clients des solutions mat\u00e9rielles tra\u00e7ables et de haute qualit\u00e9.<\/p>\n","protected":false},"excerpt":{"rendered":"<p>Pr\u00e9sentation de la poudre de tellurure de cuivre La poudre de tellurure de cuivre est un compos\u00e9 de cuivre de haute puret\u00e9 largement utilis\u00e9 dans les dispositifs opto\u00e9lectroniques, les mat\u00e9riaux semi-conducteurs et les rev\u00eatements fonctionnels. Nous proposons de la poudre de tellurure de cuivre dans diff\u00e9rentes tailles de particules, puret\u00e9s et sp\u00e9cifications d&#8217;emballage. Veuillez nous [&hellip;]<\/p>\n","protected":false},"featured_media":31790,"template":"","meta":{"_acf_changed":false},"product_brand":[132],"product_cat":[668,1087],"product_tag":[2895],"class_list":{"0":"post-31789","1":"product","2":"type-product","3":"status-publish","4":"has-post-thumbnail","6":"product_brand-ulpmat","7":"product_cat-materiaux-de-chalcogenure","8":"product_cat-materiaux-de-chalcogenure-fr","9":"product_tag-poudre-de-tellurure-de-cuivre","11":"first","12":"instock","13":"shipping-taxable","14":"product-type-variable"},"acf":[],"_links":{"self":[{"href":"https:\/\/ulpmat.com\/fr\/wp-json\/wp\/v2\/product\/31789","targetHints":{"allow":["GET"]}}],"collection":[{"href":"https:\/\/ulpmat.com\/fr\/wp-json\/wp\/v2\/product"}],"about":[{"href":"https:\/\/ulpmat.com\/fr\/wp-json\/wp\/v2\/types\/product"}],"wp:featuredmedia":[{"embeddable":true,"href":"https:\/\/ulpmat.com\/fr\/wp-json\/wp\/v2\/media\/31790"}],"wp:attachment":[{"href":"https:\/\/ulpmat.com\/fr\/wp-json\/wp\/v2\/media?parent=31789"}],"wp:term":[{"taxonomy":"product_brand","embeddable":true,"href":"https:\/\/ulpmat.com\/fr\/wp-json\/wp\/v2\/product_brand?post=31789"},{"taxonomy":"product_cat","embeddable":true,"href":"https:\/\/ulpmat.com\/fr\/wp-json\/wp\/v2\/product_cat?post=31789"},{"taxonomy":"product_tag","embeddable":true,"href":"https:\/\/ulpmat.com\/fr\/wp-json\/wp\/v2\/product_tag?post=31789"}],"curies":[{"name":"wp","href":"https:\/\/api.w.org\/{rel}","templated":true}]}}