{"id":31741,"date":"2025-12-18T17:49:52","date_gmt":"2025-12-18T09:49:52","guid":{"rendered":"https:\/\/ulpmat.com\/product\/sulfure-de-cuivre-de-zinc-et-detain-czts-2\/"},"modified":"2025-12-18T17:49:52","modified_gmt":"2025-12-18T09:49:52","slug":"sulfure-de-cuivre-de-zinc-et-detain-czts-2","status":"publish","type":"product","link":"https:\/\/ulpmat.com\/fr\/produit\/sulfure-de-cuivre-de-zinc-et-detain-czts-2\/","title":{"rendered":"Sulfure de cuivre, de zinc et d&rsquo;\u00e9tain (CZTS)"},"content":{"rendered":"<h2><span style=\"font-size: 14pt;\">Pr\u00e9sentation de la poudre de sulfure de cuivre, zinc et \u00e9tain<\/span><\/h2>\n<p><span style=\"color: #0000ff;\"><a style=\"color: #0000ff;\" href=\"https:\/\/ulpmat.com\/fr\/recherche\/?type=name&#038;keyword=Copper+Zinc+Tin+Sulfide\">La poudre de sulfure<\/a><\/span><br \/>\nde<br \/>\n<span style=\"color: #0000ff;\"><a style=\"color: #0000ff;\" href=\"https:\/\/ulpmat.com\/fr\/recherche\/?type=name&#038;keyword=Copper+Zinc+Tin+Sulfide\">cuivre,<\/a><\/span><br \/>\nzinc et \u00e9tain est un mat\u00e9riau de haute puret\u00e9 largement utilis\u00e9 dans la pr\u00e9paration de mat\u00e9riaux photovolta\u00efques, semi-conducteurs et fonctionnels.<\/p>\n<p>Nous proposons de la poudre de sulfure de cuivre, zinc et \u00e9tain dans diff\u00e9rentes tailles de particules, puret\u00e9s et sp\u00e9cifications d&#8217;emballage. Veuillez <span style=\"color: #0000ff;\"><a style=\"color: #0000ff;\" href=\"https:\/\/ulpmat.com\/fr\/contactez-nous\/\">nous contacter<\/a><\/span><br \/>\npour obtenir des \u00e9chantillons ou des solutions <span style=\"color: #0000ff;\"><a style=\"color: #0000ff;\" href=\"https:\/\/ulpmat.com\/fr\/service\/support-technique\/\">techniques<\/a><\/span><br \/>\npersonnalis\u00e9es.<\/p>\n<h2><span style=\"font-size: 14pt;\">Points forts du produit<\/span><\/h2>\n<p>Haute puret\u00e9<br \/>\nTaille des particules uniforme et distribution contr\u00f4lable<br \/>\nChimiquement stable<br \/>\nFaible teneur en impuret\u00e9s<br \/>\nFacile \u00e0 traiter et \u00e0 pr\u00e9parer en couches minces<br \/>\nGrande coh\u00e9rence entre les lots<br \/>\nPetites quantit\u00e9s et conditionnement flexible<br \/>\nConvient aux applications industrielles et \u00e0 la recherche<\/p>\n<h2><span style=\"font-size: 14pt;\">Applications de la poudre de sulfure de cuivre, de zinc et d&rsquo;\u00e9tain<\/span><\/h2>\n<p>Pr\u00e9paration de mat\u00e9riaux photovolta\u00efques : utilis\u00e9e dans la pr\u00e9paration de couches absorbantes CZTS pour les cellules solaires \u00e0 couche mince, am\u00e9liorant l&rsquo;efficacit\u00e9 et la stabilit\u00e9 de la conversion photo\u00e9lectrique. D\u00e9veloppement de dispositifs<br \/>\n<span style=\"color: #0000ff;\"><a style=\"color: #0000ff;\" href=\"https:\/\/ulpmat.com\/fr\/candidature\/materiaux-semi-conducteurs\/\">semi-conducteurs<\/a><\/span><br \/>\n: en tant que poudre de mat\u00e9riau semi-conducteur de type p, utilis\u00e9e dans le d\u00e9veloppement et la recherche de nouveaux dispositifs \u00e9lectroniques et opto\u00e9lectroniques.<br \/>\nRev\u00eatements fonctionnels et mat\u00e9riaux industriels : peut \u00eatre utilis\u00e9 dans la pr\u00e9paration de rev\u00eatements fonctionnels conducteurs, r\u00e9sistants \u00e0 la corrosion et optiques, offrant une base fiable pour les mat\u00e9riaux industriels.<\/p>\n<h2><span style=\"color: #0000ff;\"><a style=\"color: #0000ff;\" href=\"https:\/\/ulpmat.com\/fr\/societe\/faq\/\"><span style=\"font-size: 14pt;\">FAQ<\/span><\/a><\/span><\/h2>\n<p>Q1 : La poudre CZTS se d\u00e9compose-t-elle ou s&rsquo;oxyde-t-elle facilement ?<br \/>\nA1 : La poudre est relativement stable \u00e0 l&rsquo;air, mais une l\u00e9g\u00e8re oxydation peut se produire \u00e0 haute temp\u00e9rature ou sous une lumi\u00e8re intense. Il est recommand\u00e9 de la stocker \u00e0 l&rsquo;abri de la lumi\u00e8re dans un r\u00e9cipient herm\u00e9tique.<\/p>\n<p>Q2 : Comment la taille des particules affecte-t-elle les performances du film ?<br \/>\nA2 : La taille des particules affecte l&rsquo;uniformit\u00e9 du film, les performances de la couche absorbante et l&rsquo;efficacit\u00e9 de la conversion photo\u00e9lectrique. La taille appropri\u00e9e des particules doit \u00eatre s\u00e9lectionn\u00e9e en fonction du processus.<\/p>\n<p>Q3 : Peut-elle \u00eatre utilis\u00e9e pour des exp\u00e9riences de recherche scientifique en petites quantit\u00e9s ?<br \/>\nA3 : Oui, nous pouvons fournir des sp\u00e9cifications de poudre en petites quantit\u00e9s ou personnalis\u00e9es pour r\u00e9pondre aux besoins de la R&amp;D et des laboratoires.<\/p>\n<p>Q4 : La poudre CZTS peut-elle \u00eatre m\u00e9lang\u00e9e \u00e0 d&rsquo;autres mat\u00e9riaux ?<br \/>\nA4 : Oui, mais il est recommand\u00e9 de proc\u00e9der d&rsquo;abord \u00e0 des essais \u00e0 petite \u00e9chelle afin de garantir la stabilit\u00e9 du syst\u00e8me composite.<\/p>\n<h2><span style=\"font-size: 14pt;\">Rapports<\/span><\/h2>\n<p>Chaque lot est fourni avec :<br \/>\n<span style=\"color: #0000ff;\"><a style=\"color: #0000ff;\" href=\"https:\/\/ulpmat.com\/fr\/documents\/certificat-danalyse\/\"><u>Certificat d&rsquo;analyse (COA)<\/u><\/a><\/span><\/p>\n<p><span style=\"color: #0000ff;\"><a style=\"color: #0000ff;\" href=\"https:\/\/ulpmat.com\/fr\/documents\/fiche-technique\/\"><u>Fiche technique (TDS)<\/u><\/a><\/span><\/p>\n<p><span style=\"color: #0000ff;\"><a style=\"color: #0000ff;\" href=\"https:\/\/ulpmat.com\/fr\/documents\/fiche-de-donnees-de-securite\/\"><u>Fiche de donn\u00e9es de s\u00e9curit\u00e9 (MSDS)<\/u><\/a><\/span><br \/>\nRapports d&rsquo;essais effectu\u00e9s par des tiers disponibles sur demande<\/p>\n<h2><span style=\"font-size: 14pt;\">Pourquoi nous choisir ?<\/span><\/h2>\n<p>Nous sommes sp\u00e9cialis\u00e9s dans la production et la fourniture de poudres de mat\u00e9riaux fonctionnels de haute puret\u00e9. Nous contr\u00f4lons rigoureusement les mati\u00e8res premi\u00e8res, le traitement et la qualit\u00e9 des lots afin de garantir les performances stables et fiables de la poudre CZTS dans les applications scientifiques, photovolta\u00efques et semi-conductrices. Nous fournissons \u00e0 nos clients des solutions mat\u00e9rielles tra\u00e7ables et de haute qualit\u00e9.<\/p>\n","protected":false},"excerpt":{"rendered":"<p>Pr\u00e9sentation de la poudre de sulfure de cuivre, zinc et \u00e9tain La poudre de sulfure de cuivre, zinc et \u00e9tain est un mat\u00e9riau de haute puret\u00e9 largement utilis\u00e9 dans la pr\u00e9paration de mat\u00e9riaux photovolta\u00efques, semi-conducteurs et fonctionnels. Nous proposons de la poudre de sulfure de cuivre, zinc et \u00e9tain dans diff\u00e9rentes tailles de particules, puret\u00e9s [&hellip;]<\/p>\n","protected":false},"featured_media":31742,"template":"","meta":{"_acf_changed":false},"product_brand":[132],"product_cat":[668,1087],"product_tag":[3131],"class_list":{"0":"post-31741","1":"product","2":"type-product","3":"status-publish","4":"has-post-thumbnail","6":"product_brand-ulpmat","7":"product_cat-materiaux-de-chalcogenure","8":"product_cat-materiaux-de-chalcogenure-fr","9":"product_tag-sulfure-de-cuivre-zinc-et-etain-czts-en-poudre","11":"first","12":"instock","13":"shipping-taxable","14":"product-type-variable"},"acf":[],"_links":{"self":[{"href":"https:\/\/ulpmat.com\/fr\/wp-json\/wp\/v2\/product\/31741","targetHints":{"allow":["GET"]}}],"collection":[{"href":"https:\/\/ulpmat.com\/fr\/wp-json\/wp\/v2\/product"}],"about":[{"href":"https:\/\/ulpmat.com\/fr\/wp-json\/wp\/v2\/types\/product"}],"wp:featuredmedia":[{"embeddable":true,"href":"https:\/\/ulpmat.com\/fr\/wp-json\/wp\/v2\/media\/31742"}],"wp:attachment":[{"href":"https:\/\/ulpmat.com\/fr\/wp-json\/wp\/v2\/media?parent=31741"}],"wp:term":[{"taxonomy":"product_brand","embeddable":true,"href":"https:\/\/ulpmat.com\/fr\/wp-json\/wp\/v2\/product_brand?post=31741"},{"taxonomy":"product_cat","embeddable":true,"href":"https:\/\/ulpmat.com\/fr\/wp-json\/wp\/v2\/product_cat?post=31741"},{"taxonomy":"product_tag","embeddable":true,"href":"https:\/\/ulpmat.com\/fr\/wp-json\/wp\/v2\/product_tag?post=31741"}],"curies":[{"name":"wp","href":"https:\/\/api.w.org\/{rel}","templated":true}]}}