{"id":31639,"date":"2025-12-18T17:49:53","date_gmt":"2025-12-18T09:49:53","guid":{"rendered":"https:\/\/ulpmat.com\/product\/alliage-cuivre-aluminium-2\/"},"modified":"2025-12-18T17:49:53","modified_gmt":"2025-12-18T09:49:53","slug":"alliage-cuivre-aluminium-2","status":"publish","type":"product","link":"https:\/\/ulpmat.com\/fr\/produit\/alliage-cuivre-aluminium-2\/","title":{"rendered":"Alliage cuivre-aluminium"},"content":{"rendered":"<h2><span style=\"font-size: 14pt;\">Pr\u00e9sentation de la poudre d&rsquo;alliage cuivre-aluminium<\/span><\/h2>\n<p>La poudre d&rsquo;alliage<br \/>\n<span style=\"color: #0000ff;\"><a style=\"color: #0000ff;\" href=\"https:\/\/ulpmat.com\/fr\/recherche\/?type=name&#038;keyword=Copper+aluminum\">cuivre-aluminium<\/a><\/span><br \/>\ncombine une excellente conductivit\u00e9 \u00e9lectrique et des propri\u00e9t\u00e9s de l\u00e9g\u00e8ret\u00e9, ce qui en fait une mati\u00e8re premi\u00e8re essentielle dans la fabrication additive, la m\u00e9tallurgie des poudres et la projection thermique.<\/p>\n<p>Nous pouvons fournir de la poudre d&rsquo;alliage cuivre-aluminium avec une composition, une taille de particules et une morphologie personnalisables en fonction de vos exigences techniques. Veuillez <span style=\"color: #0000ff;\"><a style=\"color: #0000ff;\" href=\"https:\/\/ulpmat.com\/fr\/contactez-nous\/\">nous contacter<\/a><\/span><br \/>\npour une solution <span style=\"color: #0000ff;\"><a style=\"color: #0000ff;\" href=\"https:\/\/ulpmat.com\/fr\/service\/personnalisation\/\">personnalis\u00e9e<\/a><\/span><br \/>\n.<\/p>\n<h2><span style=\"font-size: 14pt;\">Points forts du produit<\/span><\/h2>\n<p>Proportions pr\u00e9cises et contr\u00f4lables<br \/>\nExcellente morphologie des particules<br \/>\nContr\u00f4le strict de la teneur en oxyg\u00e8ne<br \/>\nGrande stabilit\u00e9 des lots<\/p>\n<h2><span style=\"font-size: 14pt;\">Applications de la poudre d&rsquo;alliage cuivre-aluminium<\/span><\/h2>\n<p>Fabrication additive (<span style=\"color: #0000ff;\"><a style=\"color: #0000ff;\" href=\"https:\/\/ulpmat.com\/fr\/candidature\/impression-3d\/\">impression 3D)<\/a><\/span><br \/>\n: peut \u00eatre utilis\u00e9e pour fabriquer des pi\u00e8ces fonctionnelles l\u00e9g\u00e8res avec des structures complexes, telles que des \u00e9l\u00e9ments thermoconducteurs et des composants structurels l\u00e9gers.<br \/>\nM\u00e9tallurgie des poudres : utilis\u00e9e comme mati\u00e8re premi\u00e8re pour pr\u00e9parer des pi\u00e8ces conductrices, r\u00e9sistantes \u00e0 l&rsquo;usure, haute performance et haute densit\u00e9. Rev\u00eatement<br \/>\n<span style=\"color: #0000ff;\"><a style=\"color: #0000ff;\" href=\"https:\/\/ulpmat.com\/fr\/candidature\/pulverisation-thermique\/\">par projection thermique<\/a><\/span><br \/>\n: utilis\u00e9 pour pr\u00e9parer des rev\u00eatements protecteurs r\u00e9sistants \u00e0 la corrosion et \u00e0 l&rsquo;usure, am\u00e9liorant les propri\u00e9t\u00e9s de surface des substrats.<br \/>\nFil de soudage et alliage de brasage : utilis\u00e9 comme additif pour am\u00e9liorer les performances globales des soudures ou des joints bras\u00e9s.<\/p>\n<h2><span style=\"color: #0000ff;\"><a style=\"color: #0000ff;\" href=\"https:\/\/ulpmat.com\/fr\/societe\/faq\/\"><span style=\"font-size: 14pt;\">FAQ<\/span><\/a><\/span><\/h2>\n<p>Q1 : Quelle est la gamme des proportions des principaux composants dans la poudre d&rsquo;alliage de cuivre et d&rsquo;aluminium ?<br \/>\nR1 : La teneur en aluminium est g\u00e9n\u00e9ralement comprise entre 5 % et 30 %, et le rapport sp\u00e9cifique peut \u00eatre personnalis\u00e9 pour r\u00e9pondre \u00e0 vos exigences de performance.<\/p>\n<p>Q2 : Quelle est la fluidit\u00e9 de votre poudre ?<br \/>\nR2 : Nous garantissons une bonne sph\u00e9ricit\u00e9 et une bonne fluidit\u00e9 de la poudre gr\u00e2ce \u00e0 des processus de production optimis\u00e9s afin de r\u00e9pondre aux exigences de stabilit\u00e9 d&rsquo;alimentation en poudre de la fabrication additive et d&rsquo;autres processus.<\/p>\n<p>Q3 : Quelle est la distribution granulom\u00e9trique typique de cette poudre ?<br \/>\nR3 : Nous pouvons fournir diff\u00e9rentes sp\u00e9cifications granulom\u00e9triques allant de 15 microns \u00e0 150 microns, les plages courantes \u00e9tant de 15 \u00e0 53 microns (fine) et de 53 \u00e0 150 microns (g\u00e9n\u00e9rale). Le tamisage personnalis\u00e9 est pris en charge.<\/p>\n<p>Q4 : Comment ce type de poudre m\u00e9tallique doit-il \u00eatre stock\u00e9 ?<br \/>\nA4 : Il est recommand\u00e9 de la stocker dans un r\u00e9cipient herm\u00e9tique, dans un endroit frais et sec, en \u00e9vitant de la stocker avec des oxydants ou des produits chimiques corrosifs. Pour un stockage \u00e0 long terme, une protection par gaz inerte est recommand\u00e9e.<\/p>\n<h2><span style=\"font-size: 14pt;\">Rapport<\/span><\/h2>\n<p>Chaque lot est fourni avec :<br \/>\n<span style=\"color: #0000ff;\"><a style=\"color: #0000ff;\" href=\"https:\/\/ulpmat.com\/fr\/documents\/certificat-danalyse\/\"><u>Certificat d&rsquo;analyse (COA)<\/u><\/a><\/span><\/p>\n<p><span style=\"color: #0000ff;\"><a style=\"color: #0000ff;\" href=\"https:\/\/ulpmat.com\/fr\/documents\/fiche-technique\/\"><u>Fiche technique (TDS)<\/u><\/a><\/span><\/p>\n<p><a href=\"https:\/\/ulpmat.com\/fr\/documents\/fiche-de-donnees-de-securite\/\"><u><span style=\"color: #0000ff;\">Fiche de donn\u00e9es de s\u00e9curit\u00e9 (MSDS<\/span>)<\/u><\/a><br \/>\nRapports d&rsquo;essais effectu\u00e9s par des tiers disponibles sur demande<\/p>\n<h2><span style=\"font-size: 14pt;\">Pourquoi nous choisir ?<\/span><\/h2>\n<p>Nous sommes sp\u00e9cialis\u00e9s dans le d\u00e9veloppement et la production sur mesure de poudres m\u00e9talliques haute performance et disposons d&rsquo;un syst\u00e8me de contr\u00f4le qualit\u00e9 rigoureux. Gr\u00e2ce \u00e0 une collaboration technique approfondie, nous veillons \u00e0 ce que chaque lot de produits que nous fournissons corresponde pr\u00e9cis\u00e9ment \u00e0 vos exigences de processus, contribuant ainsi \u00e0 la r\u00e9ussite de vos projets.<\/p>\n","protected":false},"excerpt":{"rendered":"<p>Pr\u00e9sentation de la poudre d&rsquo;alliage cuivre-aluminium La poudre d&rsquo;alliage cuivre-aluminium combine une excellente conductivit\u00e9 \u00e9lectrique et des propri\u00e9t\u00e9s de l\u00e9g\u00e8ret\u00e9, ce qui en fait une mati\u00e8re premi\u00e8re essentielle dans la fabrication additive, la m\u00e9tallurgie des poudres et la projection thermique. Nous pouvons fournir de la poudre d&rsquo;alliage cuivre-aluminium avec une composition, une taille de particules [&hellip;]<\/p>\n","protected":false},"featured_media":31640,"template":"","meta":{"_acf_changed":false},"product_brand":[132],"product_cat":[276],"product_tag":[3107],"class_list":{"0":"post-31639","1":"product","2":"type-product","3":"status-publish","4":"has-post-thumbnail","6":"product_brand-ulpmat","7":"product_cat-metaux-purs-et-alliages","8":"product_tag-poudre-dalliage-cuivre-aluminium","10":"first","11":"instock","12":"shipping-taxable","13":"product-type-variable"},"acf":[],"_links":{"self":[{"href":"https:\/\/ulpmat.com\/fr\/wp-json\/wp\/v2\/product\/31639","targetHints":{"allow":["GET"]}}],"collection":[{"href":"https:\/\/ulpmat.com\/fr\/wp-json\/wp\/v2\/product"}],"about":[{"href":"https:\/\/ulpmat.com\/fr\/wp-json\/wp\/v2\/types\/product"}],"wp:featuredmedia":[{"embeddable":true,"href":"https:\/\/ulpmat.com\/fr\/wp-json\/wp\/v2\/media\/31640"}],"wp:attachment":[{"href":"https:\/\/ulpmat.com\/fr\/wp-json\/wp\/v2\/media?parent=31639"}],"wp:term":[{"taxonomy":"product_brand","embeddable":true,"href":"https:\/\/ulpmat.com\/fr\/wp-json\/wp\/v2\/product_brand?post=31639"},{"taxonomy":"product_cat","embeddable":true,"href":"https:\/\/ulpmat.com\/fr\/wp-json\/wp\/v2\/product_cat?post=31639"},{"taxonomy":"product_tag","embeddable":true,"href":"https:\/\/ulpmat.com\/fr\/wp-json\/wp\/v2\/product_tag?post=31639"}],"curies":[{"name":"wp","href":"https:\/\/api.w.org\/{rel}","templated":true}]}}