{"id":31597,"date":"2025-12-18T17:49:54","date_gmt":"2025-12-18T09:49:54","guid":{"rendered":"https:\/\/ulpmat.com\/product\/aluminate-de-cuivre-oxyde-de-cuivre-et-daluminium-2\/"},"modified":"2025-12-18T17:49:54","modified_gmt":"2025-12-18T09:49:54","slug":"aluminate-de-cuivre-oxyde-de-cuivre-et-daluminium-2","status":"publish","type":"product","link":"https:\/\/ulpmat.com\/fr\/produit\/aluminate-de-cuivre-oxyde-de-cuivre-et-daluminium-2\/","title":{"rendered":"Aluminate de cuivre (oxyde de cuivre et d&rsquo;aluminium)"},"content":{"rendered":"<h2><span style=\"font-size: 14pt;\">Pr\u00e9sentation de la poudre d&rsquo;aluminate de cuivre<\/span><\/h2>\n<p>La poudre<br \/>\n<span style=\"color: #0000ff;\"><a style=\"color: #0000ff;\" href=\"https:\/\/ulpmat.com\/fr\/recherche\/?type=name&#038;keyword=Copper+aluminate\">d&rsquo;aluminate de cuivre<\/a><\/span><br \/>\nest une poudre c\u00e9ramique fonctionnelle de type spinelle. En raison de son excellente stabilit\u00e9 thermique et de son activit\u00e9 catalytique, elle est largement utilis\u00e9e dans la catalyse, les r\u00e9fractaires et les c\u00e9ramiques avanc\u00e9es.<\/p>\n<p>Nous proposons des poudres d&rsquo;aluminate de cuivre dont la puret\u00e9, la taille des particules et la morphologie peuvent \u00eatre contr\u00f4l\u00e9es avec pr\u00e9cision. N&rsquo;h\u00e9sitez pas \u00e0 <span style=\"color: #0000ff;\"><a style=\"color: #0000ff;\" href=\"https:\/\/ulpmat.com\/fr\/contactez-nous\/\">nous contacter<\/a><\/span><br \/>\npour obtenir des \u00e9chantillons personnalis\u00e9s ou des param\u00e8tres <span style=\"color: #0000ff;\"><a style=\"color: #0000ff;\" href=\"https:\/\/ulpmat.com\/fr\/service\/support-technique\/\">techniques<\/a><\/span><br \/>\n.<\/p>\n<h2><span style=\"font-size: 14pt;\">Caract\u00e9ristiques du produit<\/span><\/h2>\n<p>Phase pure et uniforme<br \/>\nDistribution granulom\u00e9trique concentr\u00e9e<br \/>\nChimiquement stable<br \/>\nSurface sp\u00e9cifique ajustable<\/p>\n<h2><span style=\"font-size: 14pt;\">Applications de la poudre d&rsquo;aluminate de cuivre<\/span><\/h2>\n<p>Catalyse : en tant que catalyseur ou support de catalyseur hautement efficace, elle est couramment utilis\u00e9e dans la catalyse environnementale et les r\u00e9actions de synth\u00e8se chimique.<br \/>\nMat\u00e9riaux r\u00e9fractaires : en tant que phase de renforcement ajout\u00e9e aux matrices r\u00e9fractaires, elle peut am\u00e9liorer efficacement la r\u00e9sistance \u00e0 la corrosion \u00e0 haute temp\u00e9rature et les propri\u00e9t\u00e9s m\u00e9caniques du mat\u00e9riau.<br \/>\nRev\u00eatements c\u00e9ramiques : utilis\u00e9 pour pr\u00e9parer des rev\u00eatements c\u00e9ramiques fonctionnels avec des fonctions sp\u00e9cifiques de rayonnement thermique ou de protection.<br \/>\nC\u00e9ramiques \u00e9lectroniques : peut \u00eatre utilis\u00e9 comme charge fonctionnelle pour moduler les propri\u00e9t\u00e9s di\u00e9lectriques ou protectrices des composants c\u00e9ramiques \u00e9lectroniques associ\u00e9s.<\/p>\n<h2><span style=\"color: #0000ff;\"><a style=\"color: #0000ff;\" href=\"https:\/\/ulpmat.com\/fr\/societe\/faq\/\"><span style=\"font-size: 14pt;\">FAQ<\/span><\/a><\/span><\/h2>\n<p>Q1 : Quel est le principal m\u00e9canisme d&rsquo;action de cette poudre dans les r\u00e9actions catalytiques ?<br \/>\nR1 : Sa structure spinelle unique fournit des sites actifs et une structure stable, adsorbant et catalysant efficacement les mol\u00e9cules r\u00e9actionnelles dans les r\u00e9actions d&rsquo;oxydor\u00e9duction.<\/p>\n<p>Q2 : Quelle est la stabilit\u00e9 thermique sp\u00e9cifique de ce mat\u00e9riau ?<br \/>\nR2 : Ce produit pr\u00e9sente une bonne stabilit\u00e9 de phase \u00e0 haute temp\u00e9rature ; sa structure ne se d\u00e9compose pas facilement \u00e0 des temp\u00e9ratures de fonctionnement normales, ce qui le rend adapt\u00e9 \u00e0 la catalyse \u00e0 haute temp\u00e9rature ou aux environnements r\u00e9fractaires.<\/p>\n<p>Q3 : L&rsquo;aluminate de cuivre est-il toxique et comment doit-il \u00eatre manipul\u00e9 en toute s\u00e9curit\u00e9 ?<br \/>\nA3 : En tant que poudre solide, l&rsquo;inhalation et le contact prolong\u00e9 avec la peau doivent \u00eatre \u00e9vit\u00e9s. Il est recommand\u00e9 de porter un masque anti-poussi\u00e8re et des gants pendant l&rsquo;utilisation et d&rsquo;assurer une bonne ventilation dans l&rsquo;environnement de travail.<\/p>\n<p>Q4 : Quelle est la diff\u00e9rence entre ce produit et les catalyseurs cuivre-aluminium ?<br \/>\nR4 : Les catalyseurs \u00e0 base de cuivre-aluminium sont g\u00e9n\u00e9ralement des m\u00e9langes de m\u00e9taux ou d&rsquo;oxydes, et les composants actifs se perdent facilement ; tandis que l&rsquo;aluminate de cuivre est un oxyde composite structurellement stable avec une meilleure dur\u00e9e de vie et une meilleure stabilit\u00e9.<\/p>\n<h2><span style=\"font-size: 14pt;\">Rapport<\/span><\/h2>\n<p>Chaque lot est fourni avec :<br \/>\n<span style=\"color: #0000ff;\"><a style=\"color: #0000ff;\" href=\"https:\/\/ulpmat.com\/fr\/documents\/certificat-danalyse\/\"><u>Certificat d&rsquo;analyse (COA)<\/u><\/a><\/span><\/p>\n<p><span style=\"color: #0000ff;\"><a style=\"color: #0000ff;\" href=\"https:\/\/ulpmat.com\/fr\/documents\/fiche-technique\/\"><u>Fiche technique (TDS)<\/u><\/a><\/span><\/p>\n<p><span style=\"color: #0000ff;\"><a style=\"color: #0000ff;\" href=\"https:\/\/ulpmat.com\/fr\/documents\/fiche-de-donnees-de-securite\/\"><u>Fiche de donn\u00e9es de s\u00e9curit\u00e9 (MSDS)<\/u><\/a><\/span><br \/>\nRapports d&rsquo;essais effectu\u00e9s par des tiers disponibles sur demande<\/p>\n<h2><span style=\"font-size: 14pt;\">Pourquoi nous choisir ?<\/span><\/h2>\n<p>Nous sommes sp\u00e9cialis\u00e9s dans la recherche et la production sur mesure de poudres c\u00e9ramiques avanc\u00e9es, et disposons de processus de synth\u00e8se et de contr\u00f4le \u00e9prouv\u00e9s. Forts de notre connaissance approfondie de la structure et des propri\u00e9t\u00e9s des mat\u00e9riaux, nous nous engageons \u00e0 fournir \u00e0 nos clients des poudres stables et hautement compatibles avec leurs processus, afin de devenir votre partenaire fiable en mati\u00e8re de R&amp;D et de production.<\/p>\n","protected":false},"excerpt":{"rendered":"<p>Pr\u00e9sentation de la poudre d&rsquo;aluminate de cuivre La poudre d&rsquo;aluminate de cuivre est une poudre c\u00e9ramique fonctionnelle de type spinelle. En raison de son excellente stabilit\u00e9 thermique et de son activit\u00e9 catalytique, elle est largement utilis\u00e9e dans la catalyse, les r\u00e9fractaires et les c\u00e9ramiques avanc\u00e9es. Nous proposons des poudres d&rsquo;aluminate de cuivre dont la puret\u00e9, [&hellip;]<\/p>\n","protected":false},"featured_media":31598,"template":"","meta":{"_acf_changed":false},"product_brand":[132],"product_cat":[1184],"product_tag":[3095],"class_list":{"0":"post-31597","1":"product","2":"type-product","3":"status-publish","4":"has-post-thumbnail","6":"product_brand-ulpmat","7":"product_cat-autres-acides","8":"product_tag-poudre-daluminate-de-cuivre-oxyde-de-cuivre-et-daluminium","10":"first","11":"instock","12":"shipping-taxable","13":"product-type-variable"},"acf":[],"_links":{"self":[{"href":"https:\/\/ulpmat.com\/fr\/wp-json\/wp\/v2\/product\/31597","targetHints":{"allow":["GET"]}}],"collection":[{"href":"https:\/\/ulpmat.com\/fr\/wp-json\/wp\/v2\/product"}],"about":[{"href":"https:\/\/ulpmat.com\/fr\/wp-json\/wp\/v2\/types\/product"}],"wp:featuredmedia":[{"embeddable":true,"href":"https:\/\/ulpmat.com\/fr\/wp-json\/wp\/v2\/media\/31598"}],"wp:attachment":[{"href":"https:\/\/ulpmat.com\/fr\/wp-json\/wp\/v2\/media?parent=31597"}],"wp:term":[{"taxonomy":"product_brand","embeddable":true,"href":"https:\/\/ulpmat.com\/fr\/wp-json\/wp\/v2\/product_brand?post=31597"},{"taxonomy":"product_cat","embeddable":true,"href":"https:\/\/ulpmat.com\/fr\/wp-json\/wp\/v2\/product_cat?post=31597"},{"taxonomy":"product_tag","embeddable":true,"href":"https:\/\/ulpmat.com\/fr\/wp-json\/wp\/v2\/product_tag?post=31597"}],"curies":[{"name":"wp","href":"https:\/\/api.w.org\/{rel}","templated":true}]}}