{"id":30770,"date":"2025-12-19T16:46:52","date_gmt":"2025-12-19T08:46:52","guid":{"rendered":"https:\/\/ulpmat.com\/product\/alliage-de-cuivre-et-detain-2\/"},"modified":"2025-12-19T16:46:52","modified_gmt":"2025-12-19T08:46:52","slug":"alliage-de-cuivre-et-detain-2","status":"publish","type":"product","link":"https:\/\/ulpmat.com\/fr\/produit\/alliage-de-cuivre-et-detain-2\/","title":{"rendered":"Alliage de cuivre et d&rsquo;\u00e9tain"},"content":{"rendered":"<h2><span style=\"font-size: 14pt;\">Cibles de pulv\u00e9risation en alliage cuivre-\u00e9tain Pr\u00e9sentation<\/span><\/h2>\n<p>Les cibles de pulv\u00e9risation en<br \/>\n<span style=\"color: #0000ff;\"><\/span><br \/>\nalliage<br \/>\n<span style=\"color: #0000ff;\"><a style=\"color: #0000ff;\" href=\"https:\/\/ulpmat.com\/fr\/recherche\/?type=name&#038;keyword=Copper+tin\">cuivre-\u00e9tain<\/a><\/span><br \/>\nsont des mat\u00e9riaux de d\u00e9p\u00f4t en couche mince haute performance, principalement utilis\u00e9s dans la fabrication de dispositifs \u00e9lectroniques, de films minces conducteurs et de mat\u00e9riaux destin\u00e9s \u00e0 la recherche scientifique.<\/p>\n<p>Nous proposons des cibles de pulv\u00e9risation en alliage cuivre-\u00e9tain de composition uniforme et de haute densit\u00e9, personnalisables en diff\u00e9rentes tailles et structures. Veuillez <span style=\"color: #0000ff;\"><a style=\"color: #0000ff;\" href=\"https:\/\/ulpmat.com\/fr\/contactez-nous\/\">nous contacter<\/a><\/span><br \/>\npour obtenir des donn\u00e9es <span style=\"color: #0000ff;\"><a style=\"color: #0000ff;\" href=\"https:\/\/ulpmat.com\/fr\/service\/support-technique\/\">techniques<\/a><\/span><br \/>\net des informations sur les \u00e9chantillons.<\/p>\n<h2><span style=\"font-size: 14pt;\">Caract\u00e9ristiques du produit<\/span><\/h2>\n<p>Composition stable de l&rsquo;alliage<br \/>\nMat\u00e9riau cible dense et uniforme<br \/>\nPerformances de pulv\u00e9risation stables<br \/>\nComposition du film homog\u00e8ne<br \/>\nFinition de surface fine<br \/>\nOptions de liaison et de fond de panier en option<br \/>\nCompatible avec divers \u00e9quipements de pulv\u00e9risation<\/p>\n<h2><span style=\"font-size: 14pt;\">Applications des cibles de pulv\u00e9risation en alliage cuivre-\u00e9tain<\/span><\/h2>\n<p>Pr\u00e9paration de films minces pour dispositifs \u00e9lectroniques : cette cible peut \u00eatre utilis\u00e9e pour d\u00e9poser des films minces conducteurs uniformes et stables, fournissant une base mat\u00e9rielle fiable pour les dispositifs \u00e9lectroniques. Films minces<br \/>\n<span style=\"color: #0000ff;\"><a style=\"color: #0000ff;\" href=\"https:\/\/ulpmat.com\/fr\/candidature\/materiaux-optiques\/\">opto\u00e9lectroniques<\/a><\/span><br \/>\net fonctionnels : forme des films minces avec une forte adh\u00e9rence et des performances stables gr\u00e2ce \u00e0 des processus de pulv\u00e9risation pour une utilisation dans des dispositifs fonctionnels opto\u00e9lectroniques.<br \/>\nIng\u00e9nierie de surface et recherche sur les rev\u00eatements : peut g\u00e9n\u00e9rer des rev\u00eatements uniformes et \u00e0 haute densit\u00e9, am\u00e9liorant la r\u00e9sistance \u00e0 la corrosion et la conductivit\u00e9 des surfaces des mat\u00e9riaux.<br \/>\nRecherche scientifique et exploration des processus : largement utilis\u00e9 dans les instituts de recherche pour \u00e9tudier la relation entre les conditions de formation des films, leur structure et leurs propri\u00e9t\u00e9s.<\/p>\n<h2><span style=\"color: #0000ff;\"><a style=\"color: #0000ff;\" href=\"https:\/\/ulpmat.com\/fr\/societe\/faq\/\"><span style=\"font-size: 14pt;\">FAQ<\/span><\/a><\/span><\/h2>\n<p>Q1 : Quelles m\u00e9thodes de pulv\u00e9risation sont adapt\u00e9es aux cibles en alliage cuivre-\u00e9tain ?<br \/>\nA1 : Elles peuvent \u00eatre utilis\u00e9es pour la pulv\u00e9risation DC et RF. La m\u00e9thode sp\u00e9cifique doit \u00eatre choisie en fonction des conditions de l&rsquo;\u00e9quipement.<\/p>\n<p>Q2 : La densit\u00e9 de la cible a-t-elle une incidence sur l&rsquo;uniformit\u00e9 du film ?<br \/>\nA2 : Des cibles denses et uniformes contribuent \u00e0 am\u00e9liorer la stabilit\u00e9 de la pulv\u00e9risation et la coh\u00e9rence de la composition du film.<\/p>\n<p>Q3 : Est-il possible de personnaliser des cibles de diff\u00e9rentes tailles ou \u00e9paisseurs ?<br \/>\nR3 : Des cibles personnalis\u00e9es de diff\u00e9rentes tailles, \u00e9paisseurs et formes peuvent \u00eatre fournies en fonction des exigences de l&rsquo;\u00e9quipement et du processus.<\/p>\n<p>Q4 : Quelles pr\u00e9cautions faut-il prendre lors du stockage et du transport des cibles ?<br \/>\nR4 : Il est recommand\u00e9 de stocker les cibles dans un conteneur scell\u00e9 afin d&rsquo;\u00e9viter l&rsquo;humidit\u00e9 et la contamination, afin de pr\u00e9server l&rsquo;\u00e9tat de la surface et les performances de la cible.<\/p>\n<h2><span style=\"font-size: 14pt;\">Rapport<\/span><\/h2>\n<p>Chaque lot est fourni avec :<br \/>\n<span style=\"color: #0000ff;\"><a style=\"color: #0000ff;\" href=\"https:\/\/ulpmat.com\/fr\/documents\/certificat-danalyse\/\"><u>Certificat d&rsquo;analyse (COA)<\/u><\/a><\/span><\/p>\n<p><span style=\"color: #0000ff;\"><a style=\"color: #0000ff;\" href=\"https:\/\/ulpmat.com\/fr\/documents\/fiche-technique\/\"><u>Fiche technique (TDS)<\/u><\/a><\/span><\/p>\n<p><span style=\"color: #0000ff;\"><a style=\"color: #0000ff;\" href=\"https:\/\/ulpmat.com\/fr\/documents\/fiche-de-donnees-de-securite\/\"><u>Fiche de donn\u00e9es de s\u00e9curit\u00e9 (MSDS)<\/u><\/a><\/span><br \/>\nRapports d&rsquo;essais effectu\u00e9s par des tiers disponibles sur demande<\/p>\n<h2><span style=\"font-size: 14pt;\">Pourquoi nous choisir ?<\/span><\/h2>\n<p>Nous sommes sp\u00e9cialis\u00e9s dans la fabrication et la gestion de la qualit\u00e9 des cibles de pulv\u00e9risation en alliage \u00e0 base de cuivre, en mettant l&rsquo;accent sur l&rsquo;uniformit\u00e9 des mat\u00e9riaux, la pr\u00e9cision du traitement et la stabilit\u00e9 de la livraison. Nous fournissons des solutions fiables et hautement \u00e9valuables en mati\u00e8re de mat\u00e9riaux de d\u00e9p\u00f4t de couches minces pour les clients du secteur de la recherche et de l&rsquo;industrie.<\/p>\n","protected":false},"excerpt":{"rendered":"<p>Cibles de pulv\u00e9risation en alliage cuivre-\u00e9tain Pr\u00e9sentation Les cibles de pulv\u00e9risation en alliage cuivre-\u00e9tain sont des mat\u00e9riaux de d\u00e9p\u00f4t en couche mince haute performance, principalement utilis\u00e9s dans la fabrication de dispositifs \u00e9lectroniques, de films minces conducteurs et de mat\u00e9riaux destin\u00e9s \u00e0 la recherche scientifique. Nous proposons des cibles de pulv\u00e9risation en alliage cuivre-\u00e9tain de composition [&hellip;]<\/p>\n","protected":false},"featured_media":30773,"template":"","meta":{"_acf_changed":false},"product_brand":[132],"product_cat":[560],"product_tag":[2908],"class_list":{"0":"post-30770","1":"product","2":"type-product","3":"status-publish","4":"has-post-thumbnail","6":"product_brand-ulpmat","7":"product_cat-cible-de-pulverisation-dalliage","8":"product_tag-cible-de-pulverisation-cathodique-en-alliage-cuivre-etain","10":"first","11":"instock","12":"shipping-taxable","13":"product-type-variable"},"acf":[],"_links":{"self":[{"href":"https:\/\/ulpmat.com\/fr\/wp-json\/wp\/v2\/product\/30770","targetHints":{"allow":["GET"]}}],"collection":[{"href":"https:\/\/ulpmat.com\/fr\/wp-json\/wp\/v2\/product"}],"about":[{"href":"https:\/\/ulpmat.com\/fr\/wp-json\/wp\/v2\/types\/product"}],"wp:featuredmedia":[{"embeddable":true,"href":"https:\/\/ulpmat.com\/fr\/wp-json\/wp\/v2\/media\/30773"}],"wp:attachment":[{"href":"https:\/\/ulpmat.com\/fr\/wp-json\/wp\/v2\/media?parent=30770"}],"wp:term":[{"taxonomy":"product_brand","embeddable":true,"href":"https:\/\/ulpmat.com\/fr\/wp-json\/wp\/v2\/product_brand?post=30770"},{"taxonomy":"product_cat","embeddable":true,"href":"https:\/\/ulpmat.com\/fr\/wp-json\/wp\/v2\/product_cat?post=30770"},{"taxonomy":"product_tag","embeddable":true,"href":"https:\/\/ulpmat.com\/fr\/wp-json\/wp\/v2\/product_tag?post=30770"}],"curies":[{"name":"wp","href":"https:\/\/api.w.org\/{rel}","templated":true}]}}