{"id":30754,"date":"2025-12-19T16:46:52","date_gmt":"2025-12-19T08:46:52","guid":{"rendered":"https:\/\/ulpmat.com\/product\/alliage-de-cuivre-et-detain\/"},"modified":"2025-12-19T16:46:52","modified_gmt":"2025-12-19T08:46:52","slug":"alliage-de-cuivre-et-detain","status":"publish","type":"product","link":"https:\/\/ulpmat.com\/fr\/produit\/alliage-de-cuivre-et-detain\/","title":{"rendered":"Alliage de cuivre et d&rsquo;\u00e9tain"},"content":{"rendered":"<h2><span style=\"font-size: 14pt;\">Cible rotative en alliage cuivre-\u00e9tain Pr\u00e9sentation<\/span><\/h2>\n<p>La cible rotative en<br \/>\n<span style=\"color: #0000ff;\"><\/span><br \/>\nalliage<br \/>\n<span style=\"color: #0000ff;\"><a style=\"color: #0000ff;\" href=\"https:\/\/ulpmat.com\/fr\/recherche\/?type=name&#038;keyword=Copper+tin\">cuivre-\u00e9tain<\/a><\/span><br \/>\nest un mat\u00e9riau de d\u00e9p\u00f4t de couche mince haute performance, principalement utilis\u00e9 dans la fabrication de couches minces conductrices de grande surface et de dispositifs \u00e9lectroniques.<\/p>\n<p>Nous proposons des cibles de pulv\u00e9risation en alliage cuivre-\u00e9tain \u00e0 haute densit\u00e9 et de composition uniforme, disponibles en diff\u00e9rentes tailles et dans des conceptions personnalis\u00e9es. Veuillez <span style=\"color: #0000ff;\"><a style=\"color: #0000ff;\" href=\"https:\/\/ulpmat.com\/fr\/contactez-nous\/\">nous contacter<\/a><\/span><br \/>\npour obtenir des informations <span style=\"color: #0000ff;\"><a style=\"color: #0000ff;\" href=\"https:\/\/ulpmat.com\/fr\/service\/support-technique\/\">techniques<\/a><\/span><br \/>\net des solutions <span style=\"color: #0000ff;\"><a style=\"color: #0000ff;\" href=\"https:\/\/ulpmat.com\/fr\/service\/personnalisation\/\">personnalis\u00e9es<\/a><\/span><br \/>\n.<\/p>\n<h2><span style=\"font-size: 14pt;\">Caract\u00e9ristiques du produit<\/span><\/h2>\n<p>Composition stable de l&rsquo;alliage<br \/>\nPerformances de pulv\u00e9risation denses et uniformes<br \/>\n\u00c9paisseur de couche uniforme<br \/>\nFinition de surface fine<br \/>\nServices de collage disponibles<br \/>\nHaute fiabilit\u00e9 et r\u00e9p\u00e9tabilit\u00e9<\/p>\n<h2><span style=\"font-size: 14pt;\">Applications des cibles de pulv\u00e9risation en alliage cuivre-\u00e9tain<\/span><\/h2>\n<p>Pr\u00e9paration de films minces \u00e9lectroniques de grande surface : cette cible rotative convient au d\u00e9p\u00f4t de films minces conducteurs de grande surface, garantissant l&rsquo;uniformit\u00e9 du film et la stabilit\u00e9 des performances. Dispositifs<br \/>\n<span style=\"color: #0000ff;\"><a style=\"color: #0000ff;\" href=\"https:\/\/ulpmat.com\/fr\/candidature\/materiaux-optiques\/\">opto\u00e9lectroniques<\/a><\/span><br \/>\net rev\u00eatements fonctionnels : des films minces \u00e0 haute densit\u00e9 sont form\u00e9s par pulv\u00e9risation par cible rotative pour la pr\u00e9paration de dispositifs opto\u00e9lectroniques et de rev\u00eatements fonctionnels.<br \/>\nIng\u00e9nierie des surfaces et rev\u00eatements industriels : elle peut \u00eatre utilis\u00e9e pour g\u00e9n\u00e9rer des rev\u00eatements industriels avec une bonne adh\u00e9rence et des performances uniformes, am\u00e9liorant ainsi les propri\u00e9t\u00e9s de surface des mat\u00e9riaux.<br \/>\nRecherche scientifique et d\u00e9veloppement de processus : largement utilis\u00e9e dans les instituts de recherche et les d\u00e9partements de R&amp;D des entreprises pour \u00e9tudier la relation entre les conditions de formation du film, sa structure et ses propri\u00e9t\u00e9s.<\/p>\n<h2><span style=\"color: #0000ff;\"><a style=\"color: #0000ff;\" href=\"https:\/\/ulpmat.com\/fr\/societe\/faq\/\"><span style=\"font-size: 14pt;\">FAQ<\/span><\/a><\/span><\/h2>\n<p>Q1 : Quelles m\u00e9thodes de pulv\u00e9risation sont adapt\u00e9es aux cibles rotatives en alliage cuivre-\u00e9tain ?<br \/>\nR1 : Elles conviennent aux syst\u00e8mes de pulv\u00e9risation cathodique \u00e0 courant continu, \u00e0 haute fr\u00e9quence et \u00e0 cible tournante ; le choix sp\u00e9cifique d\u00e9pend des conditions de l&rsquo;\u00e9quipement.<\/p>\n<p>Q2 : La densit\u00e9 de la cible affecte-t-elle la qualit\u00e9 du film ?<br \/>\nR2 : Une cible dense et uniforme contribue \u00e0 am\u00e9liorer la stabilit\u00e9 de la pulv\u00e9risation et l&rsquo;uniformit\u00e9 de l&rsquo;\u00e9paisseur du film.<\/p>\n<p>Q3 : Les cibles tournantes de diff\u00e9rents diam\u00e8tres ou \u00e9paisseurs peuvent-elles \u00eatre personnalis\u00e9es ?<br \/>\nR3 : Diff\u00e9rentes tailles et conceptions personnalis\u00e9es sont disponibles en fonction des exigences de l&rsquo;\u00e9quipement et du processus.<\/p>\n<p>Q4 : Quelles pr\u00e9cautions faut-il prendre lors du stockage et du transport des mat\u00e9riaux cibles ?<br \/>\nA4 : Il est recommand\u00e9 de les stocker dans un conteneur herm\u00e9tique afin d&rsquo;\u00e9viter l&rsquo;humidit\u00e9 et la contamination, afin de pr\u00e9server l&rsquo;\u00e9tat de surface et les performances du mat\u00e9riau cible.<\/p>\n<h2><span style=\"font-size: 14pt;\">Rapport<\/span><\/h2>\n<p>Chaque lot est fourni avec :<br \/>\n<span style=\"color: #0000ff;\"><a style=\"color: #0000ff;\" href=\"https:\/\/ulpmat.com\/fr\/documents\/certificat-danalyse\/\"><u>Certificat d&rsquo;analyse (COA)<\/u><\/a><\/span><\/p>\n<p><span style=\"color: #0000ff;\"><a style=\"color: #0000ff;\" href=\"https:\/\/ulpmat.com\/fr\/documents\/fiche-technique\/\"><u>Fiche technique (TDS)<\/u><\/a><\/span><\/p>\n<p><span style=\"color: #0000ff;\"><a style=\"color: #0000ff;\" href=\"https:\/\/ulpmat.com\/fr\/documents\/fiche-de-donnees-de-securite\/\"><u>Fiche de donn\u00e9es de s\u00e9curit\u00e9 (MSDS)<\/u><\/a><\/span><br \/>\nRapports d&rsquo;essais effectu\u00e9s par des tiers disponibles sur demande<\/p>\n<h2><span style=\"font-size: 14pt;\">Pourquoi nous choisir ?<\/span><\/h2>\n<p>Nous sommes sp\u00e9cialis\u00e9s dans la production et la gestion de la qualit\u00e9 des cibles rotatives en alliage cuivre-\u00e9tain, en mettant l&rsquo;accent sur l&rsquo;uniformit\u00e9 des mat\u00e9riaux, la pr\u00e9cision du traitement et la stabilit\u00e9 de la livraison, fournissant des solutions de d\u00e9p\u00f4t de couches minces fiables et hautement \u00e9valuables pour les clients de la recherche et de l&rsquo;industrie.<\/p>\n","protected":false},"excerpt":{"rendered":"<p>Cible rotative en alliage cuivre-\u00e9tain Pr\u00e9sentation La cible rotative en alliage cuivre-\u00e9tain est un mat\u00e9riau de d\u00e9p\u00f4t de couche mince haute performance, principalement utilis\u00e9 dans la fabrication de couches minces conductrices de grande surface et de dispositifs \u00e9lectroniques. Nous proposons des cibles de pulv\u00e9risation en alliage cuivre-\u00e9tain \u00e0 haute densit\u00e9 et de composition uniforme, disponibles [&hellip;]<\/p>\n","protected":false},"featured_media":30755,"template":"","meta":{"_acf_changed":false},"product_brand":[132],"product_cat":[560,464],"product_tag":[2902],"class_list":{"0":"post-30754","1":"product","2":"type-product","3":"status-publish","4":"has-post-thumbnail","6":"product_brand-ulpmat","7":"product_cat-cible-de-pulverisation-dalliage","8":"product_cat-cibles-rotatives","9":"product_tag-cible-rotative-en-alliage-de-cuivre-et-detain","11":"first","12":"instock","13":"shipping-taxable","14":"product-type-variable"},"acf":[],"_links":{"self":[{"href":"https:\/\/ulpmat.com\/fr\/wp-json\/wp\/v2\/product\/30754","targetHints":{"allow":["GET"]}}],"collection":[{"href":"https:\/\/ulpmat.com\/fr\/wp-json\/wp\/v2\/product"}],"about":[{"href":"https:\/\/ulpmat.com\/fr\/wp-json\/wp\/v2\/types\/product"}],"wp:featuredmedia":[{"embeddable":true,"href":"https:\/\/ulpmat.com\/fr\/wp-json\/wp\/v2\/media\/30755"}],"wp:attachment":[{"href":"https:\/\/ulpmat.com\/fr\/wp-json\/wp\/v2\/media?parent=30754"}],"wp:term":[{"taxonomy":"product_brand","embeddable":true,"href":"https:\/\/ulpmat.com\/fr\/wp-json\/wp\/v2\/product_brand?post=30754"},{"taxonomy":"product_cat","embeddable":true,"href":"https:\/\/ulpmat.com\/fr\/wp-json\/wp\/v2\/product_cat?post=30754"},{"taxonomy":"product_tag","embeddable":true,"href":"https:\/\/ulpmat.com\/fr\/wp-json\/wp\/v2\/product_tag?post=30754"}],"curies":[{"name":"wp","href":"https:\/\/api.w.org\/{rel}","templated":true}]}}