{"id":30166,"date":"2025-12-25T09:33:51","date_gmt":"2025-12-25T01:33:51","guid":{"rendered":"https:\/\/ulpmat.com\/product\/alliage-daluminium-et-de-nickel-3\/"},"modified":"2025-12-25T09:33:51","modified_gmt":"2025-12-25T01:33:51","slug":"alliage-daluminium-et-de-nickel-3","status":"publish","type":"product","link":"https:\/\/ulpmat.com\/fr\/produit\/alliage-daluminium-et-de-nickel-3\/","title":{"rendered":"Alliage d&rsquo;aluminium et de nickel"},"content":{"rendered":"<h2><span style=\"font-size: 14pt;\">Pr\u00e9sentation de la poudre d&rsquo;alliage nickel-aluminium<\/span><\/h2>\n<p>La poudre d&rsquo;alliage<br \/>\n<span style=\"color: #0000ff;\"><a style=\"color: #0000ff;\" href=\"https:\/\/ulpmat.com\/fr\/recherche\/?type=name&#038;keyword=Nickel+aluminum\">nickel-aluminium<\/a><\/span><br \/>\nest une poudre d&rsquo;alliage nickel-aluminium haute performance couramment utilis\u00e9e dans la recherche et le d\u00e9veloppement de mat\u00e9riaux structurels \u00e0 haute temp\u00e9rature, de rev\u00eatements r\u00e9sistants \u00e0 l&rsquo;usure et d&rsquo;alliages fonctionnels.<\/p>\n<p>Nous pouvons fournir des poudres NiAl de diff\u00e9rentes tailles de particules, puret\u00e9s et rapports d&rsquo;alliage, et prendre en charge l&rsquo;adaptation des processus et le traitement personnalis\u00e9. Veuillez <span style=\"color: #0000ff;\"><a style=\"color: #0000ff;\" href=\"https:\/\/ulpmat.com\/fr\/contactez-nous\/\">nous contacter<\/a><\/span><br \/>\npour obtenir des informations <span style=\"color: #0000ff;\"><a style=\"color: #0000ff;\" href=\"https:\/\/ulpmat.com\/fr\/service\/support-technique\/\">techniques<\/a><\/span><br \/>\net des devis.<\/p>\n<h2><span style=\"font-size: 14pt;\">Points forts du produit<\/span><\/h2>\n<p>Excellente r\u00e9sistance \u00e0 haute temp\u00e9rature<br \/>\nBonne r\u00e9sistance \u00e0 l&rsquo;oxydation<br \/>\nParticules de poudre uniformes<br \/>\nGrande adaptabilit\u00e9 au traitement<br \/>\nHaute stabilit\u00e9 des lots<br \/>\nStabilit\u00e9 thermique fiable<br \/>\nPetit conditionnement, quantit\u00e9 minimale de commande faible<\/p>\n<h2><span style=\"font-size: 14pt;\">Applications de la poudre d&rsquo;alliage nickel-aluminium<\/span><\/h2>\n<p>Mat\u00e9riaux structurels haute temp\u00e9rature : la poudre NiAl est utilis\u00e9e dans la pr\u00e9paration d&rsquo;alliages r\u00e9sistants aux hautes temp\u00e9ratures, r\u00e9pondant aux exigences d&rsquo;application des composants structurels cl\u00e9s dans l&rsquo;a\u00e9rospatiale, les \u00e9quipements \u00e9nerg\u00e9tiques, etc.<br \/>\nRev\u00eatements r\u00e9sistants \u00e0 l&rsquo;usure et protecteurs : la poudre peut \u00eatre utilis\u00e9e pour le renforcement des surfaces et la pr\u00e9paration de rev\u00eatements r\u00e9sistants \u00e0 l&rsquo;usure, am\u00e9liorant ainsi la duret\u00e9 et la dur\u00e9e de vie des pi\u00e8ces.<br \/>\nM\u00e9tallurgie des poudres et alliages fonctionnels : dans les processus de m\u00e9tallurgie des poudres, le NiAl peut \u00eatre utilis\u00e9 comme mati\u00e8re premi\u00e8re d&rsquo;alliage pour pr\u00e9parer des mat\u00e9riaux composites et des composants haute performance.<br \/>\nRecherche scientifique et d\u00e9veloppement de mat\u00e9riaux : la poudre convient \u00e0 l&rsquo;exploration en laboratoire de nouveaux mat\u00e9riaux, aux tests de performance et \u00e0 la v\u00e9rification des processus, facilitant la recherche et le d\u00e9veloppement de syst\u00e8mes d&rsquo;alliages r\u00e9sistants aux temp\u00e9ratures \u00e9lev\u00e9es et \u00e0 l&rsquo;usure.<\/p>\n<h2><span style=\"font-size: 14pt;\">FAQ<\/span><\/h2>\n<p>Q1 : Quelles sont les principales applications de la poudre de NiAl ?<br \/>\nA1 : Elle est couramment utilis\u00e9e dans les mat\u00e9riaux structurels \u00e0 haute temp\u00e9rature, les rev\u00eatements r\u00e9sistants \u00e0 l&rsquo;usure, la m\u00e9tallurgie des poudres et la recherche scientifique.<\/p>\n<p>Q2 : Quels sont les avantages du NiAl par rapport \u00e0 la poudre de nickel ordinaire ?<br \/>\nA2 : Le NiAl est un compos\u00e9 interm\u00e9tallique qui poss\u00e8de une r\u00e9sistance \u00e0 haute temp\u00e9rature, une r\u00e9sistance \u00e0 l&rsquo;oxydation et une duret\u00e9 sup\u00e9rieures.<\/p>\n<p>Q3 : La poudre n\u00e9cessite-t-elle un pr\u00e9traitement avant utilisation ?<br \/>\nA3 : Elle peut g\u00e9n\u00e9ralement \u00eatre utilis\u00e9e directement. Un s\u00e9chage ou un tamisage peut \u00eatre effectu\u00e9 en fonction des exigences du processus.<\/p>\n<p>Q4 : Comment la poudre de NiAl doit-elle \u00eatre stock\u00e9e pour conserver ses performances ?<br \/>\nA4 : Il est recommand\u00e9 de la stocker dans un r\u00e9cipient herm\u00e9tique dans un environnement sec, en \u00e9vitant l&rsquo;humidit\u00e9 et une exposition prolong\u00e9e \u00e0 l&rsquo;air.<\/p>\n<h2><span style=\"font-size: 14pt;\">Rapport<\/span><\/h2>\n<p>Chaque lot est fourni avec :<br \/>\n<span style=\"color: #0000ff;\"><a style=\"color: #0000ff;\" href=\"https:\/\/ulpmat.com\/fr\/documents\/certificat-danalyse\/\"><u>Certificat d&rsquo;analyse (COA)<\/u><\/a><\/span><\/p>\n<p><span style=\"color: #0000ff;\"><a style=\"color: #0000ff;\" href=\"https:\/\/ulpmat.com\/fr\/documents\/fiche-technique\/\"><u>Fiche technique (TDS)<\/u><\/a><\/span><\/p>\n<p><span style=\"color: #0000ff;\"><a style=\"color: #0000ff;\" href=\"https:\/\/ulpmat.com\/fr\/documents\/fiche-de-donnees-de-securite\/\"><u>Fiche de donn\u00e9es de s\u00e9curit\u00e9 (MSDS)<\/u><\/a><\/span><br \/>\nRapport d&rsquo;inspection des dimensions<br \/>\nRapports d&rsquo;essais effectu\u00e9s par des tiers disponibles sur demande<\/p>\n<h2><span style=\"font-size: 14pt;\">Pourquoi nous choisir ?<\/span><\/h2>\n<p>Nous avons une grande exp\u00e9rience dans la fourniture de mat\u00e9riaux en poudre haute performance, offrant une qualit\u00e9 stable de poudre NiAl et <span style=\"color: #0000ff;\"><a style=\"color: #0000ff;\" href=\"https:\/\/ulpmat.com\/fr\/service\/support-technique\/\">un soutien technique<\/a><\/span><br \/>\ncomplet pour aider nos clients \u00e0 r\u00e9duire les risques et \u00e0 am\u00e9liorer l&rsquo;efficacit\u00e9 dans les applications \u00e0 haute temp\u00e9rature, r\u00e9sistantes \u00e0 l&rsquo;usure et de recherche scientifique.<\/p>\n","protected":false},"excerpt":{"rendered":"<p>Pr\u00e9sentation de la poudre d&rsquo;alliage nickel-aluminium La poudre d&rsquo;alliage nickel-aluminium est une poudre d&rsquo;alliage nickel-aluminium haute performance couramment utilis\u00e9e dans la recherche et le d\u00e9veloppement de mat\u00e9riaux structurels \u00e0 haute temp\u00e9rature, de rev\u00eatements r\u00e9sistants \u00e0 l&rsquo;usure et d&rsquo;alliages fonctionnels. Nous pouvons fournir des poudres NiAl de diff\u00e9rentes tailles de particules, puret\u00e9s et rapports d&rsquo;alliage, et [&hellip;]<\/p>\n","protected":false},"featured_media":30167,"template":"","meta":{"_acf_changed":false},"product_brand":[132],"product_cat":[276],"product_tag":[2801],"class_list":{"0":"post-30166","1":"product","2":"type-product","3":"status-publish","4":"has-post-thumbnail","6":"product_brand-ulpmat","7":"product_cat-metaux-purs-et-alliages","8":"product_tag-poudre-dalliage-daluminium-et-de-nickel","10":"first","11":"instock","12":"shipping-taxable","13":"product-type-variable"},"acf":[],"_links":{"self":[{"href":"https:\/\/ulpmat.com\/fr\/wp-json\/wp\/v2\/product\/30166","targetHints":{"allow":["GET"]}}],"collection":[{"href":"https:\/\/ulpmat.com\/fr\/wp-json\/wp\/v2\/product"}],"about":[{"href":"https:\/\/ulpmat.com\/fr\/wp-json\/wp\/v2\/types\/product"}],"wp:featuredmedia":[{"embeddable":true,"href":"https:\/\/ulpmat.com\/fr\/wp-json\/wp\/v2\/media\/30167"}],"wp:attachment":[{"href":"https:\/\/ulpmat.com\/fr\/wp-json\/wp\/v2\/media?parent=30166"}],"wp:term":[{"taxonomy":"product_brand","embeddable":true,"href":"https:\/\/ulpmat.com\/fr\/wp-json\/wp\/v2\/product_brand?post=30166"},{"taxonomy":"product_cat","embeddable":true,"href":"https:\/\/ulpmat.com\/fr\/wp-json\/wp\/v2\/product_cat?post=30166"},{"taxonomy":"product_tag","embeddable":true,"href":"https:\/\/ulpmat.com\/fr\/wp-json\/wp\/v2\/product_tag?post=30166"}],"curies":[{"name":"wp","href":"https:\/\/api.w.org\/{rel}","templated":true}]}}